{"id":5537,"date":"2025-07-22T14:44:49","date_gmt":"2025-07-22T12:44:49","guid":{"rendered":"http:\/\/serwer372429.lh.pl\/autoinstalator\/serwer372429.lh.pl\/wordpress128121\/?page_id=5537"},"modified":"2025-08-07T15:38:37","modified_gmt":"2025-08-07T13:38:37","slug":"kontakt","status":"publish","type":"page","link":"https:\/\/scandiso.pl\/index.php\/kontakt\/","title":{"rendered":"Kontakt"},"content":{"rendered":"\t\t<div data-elementor-type=\"wp-page\" data-elementor-id=\"5537\" class=\"elementor elementor-5537\">\n\t\t\t\t\t\t<div class=\"elementor-section elementor-top-section elementor-element elementor-element-21cf0e0 elementor-section-boxed elementor-section-height-default elementor-section-height-default\" data-id=\"21cf0e0\" data-element_type=\"section\" data-settings=\"{&quot;background_background&quot;:&quot;classic&quot;}\">\r\n\t\t\r\n\t\t\t\t\t\t\t<div class=\"elementor-container elementor-column-gap-no\">\r\n\t\t\t\t\t\t\t\t\t\t\t<div class=\"elementor-column elementor-col-50 elementor-top-column elementor-element elementor-element-bb4fff2 contact-info\" data-id=\"bb4fff2\" data-element_type=\"column\">\r\n\t\t\t\t\t<div class=\"elementor-widget-wrap elementor-element-populated\">\r\n\t\t\t\t\t\t\t\t<section class=\"elementor-section elementor-inner-section elementor-element elementor-element-3e18913 py-5 my-5 elementor-section-boxed elementor-section-height-default elementor-section-height-default\" data-id=\"3e18913\" data-element_type=\"section\">\r\n\t\t\r\n\t\t\t\t\t\t\t<div class=\"elementor-container elementor-column-gap-default\">\r\n\t\t\t\t\t\t\t\t\t\t\t<div class=\"elementor-column elementor-col-50 elementor-inner-column elementor-element elementor-element-9264010\" data-id=\"9264010\" data-element_type=\"column\">\r\n\t\t\t\t\t<div class=\"elementor-widget-wrap elementor-element-populated\">\r\n\t\t\t\t\t\t\t\t<div class=\"elementor-element elementor-element-31e72cd mb-3 elementor-widget elementor-widget-heading\" data-id=\"31e72cd\" data-element_type=\"widget\" data-widget_type=\"heading.default\">\n\t\t\t\t<div class=\"elementor-widget-container\">\n\t\t\t\t\t<h2 class=\"elementor-heading-title elementor-size-default\">B\u0105d\u017amy w kontakcie<\/h2>\t\t\t\t<\/div>\n\t\t\t\t<\/div>\n\t\t\t\t<div class=\"elementor-element elementor-element-bfae65c mb-0 elementor-widget elementor-widget-porto_ultimate_heading\" data-id=\"bfae65c\" data-element_type=\"widget\" data-widget_type=\"porto_ultimate_heading.default\">\n\t\t\t\t<div class=\"elementor-widget-container\">\n\t\t\t\t\t<div class=\"porto-u-heading  porto-u-ad87e2eaf3f9c495180fe0156ddf3eb0\"><div class=\"porto-u-main-heading\"><h3   >Dzia\u0142 Sprzeda\u017cy<\/h3><\/div><div class=\"porto-u-sub-heading\" style=\"margin-bottom:24px;\"><p>+48 883-550-108<\/p><\/div><style>.porto-u-ad87e2eaf3f9c495180fe0156ddf3eb0.porto-u-heading{text-align:left}<\/style><\/div>\t\t\t\t<\/div>\n\t\t\t\t<\/div>\n\t\t\t\t<div class=\"elementor-element elementor-element-90fa8b4 mb-0 elementor-widget elementor-widget-porto_ultimate_heading\" data-id=\"90fa8b4\" data-element_type=\"widget\" data-widget_type=\"porto_ultimate_heading.default\">\n\t\t\t\t<div class=\"elementor-widget-container\">\n\t\t\t\t\t<div class=\"porto-u-heading  porto-u-ad87e2eaf3f9c495180fe0156ddf3eb0\"><div class=\"porto-u-main-heading\"><h3   >Dzia\u0142 Reklamacji<\/h3><\/div><div class=\"porto-u-sub-heading\" style=\"margin-bottom:24px;\"><p>reklamacje@scandiso.pl<\/p><\/div><style>.porto-u-ad87e2eaf3f9c495180fe0156ddf3eb0.porto-u-heading{text-align:left}<\/style><\/div>\t\t\t\t<\/div>\n\t\t\t\t<\/div>\n\t\t\t\t<div class=\"elementor-element elementor-element-4b1971e mb-0 elementor-widget elementor-widget-porto_ultimate_heading\" data-id=\"4b1971e\" data-element_type=\"widget\" data-widget_type=\"porto_ultimate_heading.default\">\n\t\t\t\t<div class=\"elementor-widget-container\">\n\t\t\t\t\t<div class=\"porto-u-heading  porto-u-ad87e2eaf3f9c495180fe0156ddf3eb0\"><div class=\"porto-u-main-heading\"><h3   >Adres e-mail<\/h3><\/div><div class=\"porto-u-sub-heading\" style=\"margin-bottom:24px;\"><p><a class=\"text-decoration-underline\" href=\"mailto:sklep@scandiso.pl\">sklep@scandiso.pl<\/a><\/p><\/div><style>.porto-u-ad87e2eaf3f9c495180fe0156ddf3eb0.porto-u-heading{text-align:left}<\/style><\/div>\t\t\t\t<\/div>\n\t\t\t\t<\/div>\n\t\t\t\t\t<\/div>\r\n\t\t\t\t<\/div>\r\n\t\t\t\t<div class=\"elementor-column elementor-col-50 elementor-inner-column elementor-element elementor-element-01d41a8\" data-id=\"01d41a8\" data-element_type=\"column\">\r\n\t\t\t\t\t<div class=\"elementor-widget-wrap elementor-element-populated\">\r\n\t\t\t\t\t\t\t\t<div class=\"elementor-element elementor-element-2320a22 mb-3 elementor-widget elementor-widget-heading\" data-id=\"2320a22\" data-element_type=\"widget\" data-widget_type=\"heading.default\">\n\t\t\t\t<div class=\"elementor-widget-container\">\n\t\t\t\t\t<h2 class=\"elementor-heading-title elementor-size-default\">Scandiso nale\u017cy do:<\/h2>\t\t\t\t<\/div>\n\t\t\t\t<\/div>\n\t\t\t\t<div class=\"elementor-element elementor-element-9efe257 mb-0 elementor-widget elementor-widget-porto_ultimate_heading\" data-id=\"9efe257\" data-element_type=\"widget\" data-widget_type=\"porto_ultimate_heading.default\">\n\t\t\t\t<div class=\"elementor-widget-container\">\n\t\t\t\t\t<div class=\"porto-u-heading  porto-u-ad87e2eaf3f9c495180fe0156ddf3eb0\"><div class=\"porto-u-main-heading\"><h3   >Auto Trader sp. z o.o.<\/h3><\/div><div class=\"porto-u-sub-heading\" style=\"margin-bottom:24px;\"><p>ul. Ko\u015bciuszki 141<br \/>42-300 Myszk\u00f3w<\/p><p>NIP: 5772001953<br \/>Regon: 529229865<br \/>KRS: 0001118259<\/p><p><strong>mBank:<\/strong> <br \/>02 1140 2004 0000 3102 8508 1241<\/p><\/div><style>.porto-u-ad87e2eaf3f9c495180fe0156ddf3eb0.porto-u-heading{text-align:left}<\/style><\/div>\t\t\t\t<\/div>\n\t\t\t\t<\/div>\n\t\t\t\t\t<\/div>\r\n\t\t\t\t<\/div>\r\n\t\t\t\t\t<\/div>\r\n\t\t\t\t<\/section>\r\n\t\t\t\t\t<\/div>\r\n\t\t\t\t<\/div>\r\n\t\t\t\t<div class=\"elementor-column elementor-col-50 elementor-top-column elementor-element elementor-element-d136257 fluid-col-lg-5\" data-id=\"d136257\" data-element_type=\"column\">\r\n\t\t\t\t\t<div class=\"elementor-widget-wrap elementor-element-populated\">\r\n\t\t\t\t\t\t\t\t<div class=\"elementor-element elementor-element-d6c073c elementor-widget elementor-widget-spacer\" data-id=\"d6c073c\" data-element_type=\"widget\" data-widget_type=\"spacer.default\">\n\t\t\t\t<div class=\"elementor-widget-container\">\n\t\t\t\t\t\t\t<div class=\"elementor-spacer\">\n\t\t\t<div class=\"elementor-spacer-inner\"><\/div>\n\t\t<\/div>\n\t\t\t\t\t\t<\/div>\n\t\t\t\t<\/div>\n\t\t\t\t<div class=\"elementor-element elementor-element-82ed68e elementor-widget elementor-widget-image\" data-id=\"82ed68e\" data-element_type=\"widget\" data-widget_type=\"image.default\">\n\t\t\t\t<div class=\"elementor-widget-container\">\n\t\t\t\t\t\t\t\t\t\t\t\t\t\t\t<img fetchpriority=\"high\" decoding=\"async\" width=\"1024\" height=\"224\" src=\"https:\/\/scandiso.pl\/wp-content\/uploads\/2025\/07\/logo-1024x224.png\" class=\"attachment-large size-large wp-image-5487\" alt=\"\" srcset=\"https:\/\/scandiso.pl\/wp-content\/uploads\/2025\/07\/logo-1024x224.png 1024w, https:\/\/scandiso.pl\/wp-content\/uploads\/2025\/07\/logo-scaled-600x131.png 600w, https:\/\/scandiso.pl\/wp-content\/uploads\/2025\/07\/logo-768x168.png 768w, https:\/\/scandiso.pl\/wp-content\/uploads\/2025\/07\/logo-640x140.png 640w, https:\/\/scandiso.pl\/wp-content\/uploads\/2025\/07\/logo-400x87.png 400w\" sizes=\"(max-width: 1024px) 100vw, 1024px\" \/>\t\t\t\t\t\t\t\t\t\t\t\t\t\t\t<\/div>\n\t\t\t\t<\/div>\n\t\t\t\t\t<\/div>\r\n\t\t\t\t<\/div>\r\n\t\t\t\t\t<\/div>\r\n\t\t\t\t<\/div>\r\n\t\t\t\t<div class=\"elementor-section elementor-top-section elementor-element elementor-element-e370797 py-5 mt-5 elementor-section-boxed elementor-section-height-default elementor-section-height-default\" data-id=\"e370797\" data-element_type=\"section\">\r\n\t\t\r\n\t\t\t\t\t\t\t<div class=\"elementor-container elementor-column-gap-no\">\r\n\t\t\t\t\t\t\t\t\t\t\t<div class=\"elementor-column elementor-col-100 elementor-top-column elementor-element elementor-element-fe7cf68\" data-id=\"fe7cf68\" data-element_type=\"column\">\r\n\t\t\t\t\t<div class=\"elementor-widget-wrap elementor-element-populated\">\r\n\t\t\t\t\t\t\t\t<section class=\"elementor-section elementor-inner-section elementor-element elementor-element-eb4fff9 elementor-section-content-middle elementor-section-boxed elementor-section-height-default elementor-section-height-default\" data-id=\"eb4fff9\" data-element_type=\"section\">\r\n\t\t\r\n\t\t\t\t\t\t\t<div class=\"elementor-container elementor-column-gap-no\">\r\n\t\t\t\t\t\t\t\t\t\t\t<div class=\"elementor-column elementor-col-100 elementor-inner-column elementor-element elementor-element-f31f227\" data-id=\"f31f227\" data-element_type=\"column\">\r\n\t\t\t\t\t<div class=\"elementor-widget-wrap elementor-element-populated\">\r\n\t\t\t\t\t\t\t\t<div class=\"elementor-element elementor-element-a13c9b7 custom-border customLineAnimation me-3 mb-3 elementor-widget__width-auto elementor-widget-divider--view-line elementor-invisible elementor-widget elementor-widget-divider\" data-id=\"a13c9b7\" data-element_type=\"widget\" data-settings=\"{&quot;_animation&quot;:&quot;slideInLeft&quot;}\" data-widget_type=\"divider.default\">\n\t\t\t\t<div class=\"elementor-widget-container\">\n\t\t\t\t\t\t\t<div class=\"elementor-divider\">\n\t\t\t<span class=\"elementor-divider-separator\">\n\t\t\t\t\t\t<\/span>\n\t\t<\/div>\n\t\t\t\t\t\t<\/div>\n\t\t\t\t<\/div>\n\t\t\t\t<div class=\"elementor-element elementor-element-15894c8 mb-3 d-inline-block elementor-widget__width-auto elementor-invisible elementor-widget elementor-widget-heading\" data-id=\"15894c8\" data-element_type=\"widget\" data-settings=\"{&quot;_animation&quot;:&quot;fadeInUp&quot;,&quot;_animation_delay&quot;:1000}\" data-widget_type=\"heading.default\">\n\t\t\t\t<div class=\"elementor-widget-container\">\n\t\t\t\t\t<h4 class=\"elementor-heading-title elementor-size-default\">Napisz do nas<\/h4>\t\t\t\t<\/div>\n\t\t\t\t<\/div>\n\t\t\t\t<div class=\"elementor-element elementor-element-f6f85a8 pb-2 mb-4 elementor-invisible elementor-widget elementor-widget-heading\" data-id=\"f6f85a8\" data-element_type=\"widget\" data-settings=\"{&quot;_animation&quot;:&quot;fadeInUp&quot;,&quot;_animation_delay&quot;:1200}\" data-widget_type=\"heading.default\">\n\t\t\t\t<div class=\"elementor-widget-container\">\n\t\t\t\t\t<h3 class=\"elementor-heading-title elementor-size-default\">Skorzystaj z formularza kontaktowego<\/h3>\t\t\t\t<\/div>\n\t\t\t\t<\/div>\n\t\t\t\t<div class=\"elementor-element elementor-element-46b1076 contact-section mb-0 pb-5 elementor-widget elementor-widget-shortcode\" data-id=\"46b1076\" data-element_type=\"widget\" data-widget_type=\"shortcode.default\">\n\t\t\t\t<div class=\"elementor-widget-container\">\n\t\t\t\t\t\t\t<div class=\"elementor-shortcode\">\n<div class=\"wpcf7 no-js\" id=\"wpcf7-f5540-o1\" lang=\"en-US\" dir=\"ltr\" data-wpcf7-id=\"5540\">\n<div class=\"screen-reader-response\"><p role=\"status\" aria-live=\"polite\" aria-atomic=\"true\"><\/p> <ul><\/ul><\/div>\n<form action=\"\/index.php\/wp-json\/wp\/v2\/pages\/5537#wpcf7-f5540-o1\" method=\"post\" class=\"wpcf7-form init\" aria-label=\"Contact form\" novalidate=\"novalidate\" data-status=\"init\">\n<fieldset class=\"hidden-fields-container\"><input type=\"hidden\" name=\"_wpcf7\" value=\"5540\" \/><input type=\"hidden\" name=\"_wpcf7_version\" value=\"6.1\" \/><input type=\"hidden\" name=\"_wpcf7_locale\" value=\"en_US\" \/><input type=\"hidden\" name=\"_wpcf7_unit_tag\" value=\"wpcf7-f5540-o1\" \/><input type=\"hidden\" name=\"_wpcf7_container_post\" value=\"0\" \/><input type=\"hidden\" name=\"_wpcf7_posted_data_hash\" value=\"\" \/>\n<\/fieldset>\n<div class=\"form-row row-gutter-sm row\">\n<div class=\"form-group col-lg-6 mb-4\"><span class=\"wpcf7-form-control-wrap\" data-name=\"username\"><input size=\"40\" maxlength=\"400\" class=\"wpcf7-form-control wpcf7-text wpcf7-validates-as-required form-control\" aria-required=\"true\" aria-invalid=\"false\" placeholder=\"Imi\u0119\" value=\"\" type=\"text\" name=\"username\" \/><\/span><\/div>\n<div class=\"form-group col-lg-6 mb-4\"><span class=\"wpcf7-form-control-wrap\" data-name=\"phonenumber\"><input size=\"40\" maxlength=\"400\" class=\"wpcf7-form-control wpcf7-text wpcf7-validates-as-required form-control\" aria-required=\"true\" aria-invalid=\"false\" placeholder=\"Numer telefonu\" value=\"\" type=\"text\" name=\"phonenumber\" \/><\/span><\/div>\n<\/div>\n<div class=\"form-row row-gutter-sm\">\n<div class=\"form-group col-lg-6 mb-4\"><span class=\"wpcf7-form-control-wrap\" data-name=\"e-mail\"><input size=\"40\" maxlength=\"400\" class=\"wpcf7-form-control wpcf7-email wpcf7-validates-as-required wpcf7-text wpcf7-validates-as-email form-control\" aria-required=\"true\" aria-invalid=\"false\" placeholder=\"Adres e-mail\" value=\"\" type=\"email\" name=\"e-mail\" \/><\/span><\/div>\n<div class=\"form-group col-lg-6 mb-4\"><span class=\"wpcf7-form-control-wrap\" data-name=\"subject\"><input size=\"40\" maxlength=\"400\" class=\"wpcf7-form-control wpcf7-text wpcf7-validates-as-required form-control\" aria-required=\"true\" aria-invalid=\"false\" placeholder=\"Tytu\u0142 wiadomo\u015bci\" value=\"\" type=\"text\" name=\"subject\" \/><\/span><\/div>\n<\/div>\n<div class=\"form-row\">\n<div class=\"form-group col mb-4\"><span class=\"wpcf7-form-control-wrap\" data-name=\"message\"><textarea cols=\"40\" rows=\"10\" maxlength=\"2000\" class=\"wpcf7-form-control wpcf7-textarea wpcf7-validates-as-required form-control\" aria-required=\"true\" aria-invalid=\"false\" placeholder=\"Tre\u015b\u0107 wiadomo\u015bci\" name=\"message\"><\/textarea><\/span><\/div>\n<\/div>\n<div class=\"form-row\">\n<div class=\"form-group col mb-0\"><input class=\"wpcf7-form-control wpcf7-submit has-spinner btn btn-primary btn-modern font-weight-bold text-3 px-5 py-3\" type=\"submit\" value=\"Wy\u015blij wiadomo\u015b\u0107\" \/><\/div>\n<\/div><div class=\"wpcf7-response-output\" aria-hidden=\"true\"><\/div>\n<\/form>\n<\/div>\n<\/div>\n\t\t\t\t\t\t<\/div>\n\t\t\t\t<\/div>\n\t\t\t\t\t<\/div>\r\n\t\t\t\t<\/div>\r\n\t\t\t\t\t<\/div>\r\n\t\t\t\t<\/section>\r\n\t\t\t\t\t<\/div>\r\n\t\t\t\t<\/div>\r\n\t\t\t\t\t<\/div>\r\n\t\t\t\t<\/div>\r\n\t\t<div class=\"elementor-element elementor-element-d2614d4 e-flex e-con-boxed e-con e-parent\" data-id=\"d2614d4\" data-element_type=\"container\">\r\n\t\t\t\t\t<div class=\"e-con-inner\">\r\n\t\t<div class=\"elementor-element elementor-element-1ad5cac e-con-full e-flex e-con e-child\" data-id=\"1ad5cac\" data-element_type=\"container\">\r\n\t\t\t\t<div class=\"elementor-element elementor-element-7669ddb elementor-widget elementor-widget-text-editor\" data-id=\"7669ddb\" data-element_type=\"widget\" data-widget_type=\"text-editor.default\">\n\t\t\t\t<div class=\"elementor-widget-container\">\n\t\t\t\t\t\t\t\t\t<p class=\"p1\"><b>Informacja o przetwarzaniu danych osobowych<\/b><b><\/b><\/p><p class=\"p3\">Administratorem Twoich danych osobowych jest <span class=\"s1\"><b>Auto Trader sp. z o.o.<\/b><\/span> z siedzib\u0105 przy ul. Ko\u015bciuszki 141, 42-300 Myszk\u00f3w, wpisana do rejestru przedsi\u0119biorc\u00f3w KRS pod numerem 0001118259, NIP: 5772001953, REGON: 529229865. Twoje dane osobowe b\u0119d\u0105 przetwarzane wy\u0142\u0105cznie w celu udzielenia odpowiedzi na wiadomo\u015b\u0107 przes\u0142an\u0105 za po\u015brednictwem formularza kontaktowego, na podstawie art. 6 ust. 1 lit. f RODO (prawnie uzasadniony interes administratora). Podanie danych jest dobrowolne, ale niezb\u0119dne do przetworzenia zapytania i udzielenia odpowiedzi. Masz prawo dost\u0119pu do tre\u015bci swoich danych, ich sprostowania, usuni\u0119cia, ograniczenia przetwarzania oraz wniesienia sprzeciwu wobec przetwarzania, a tak\u017ce prawo wniesienia skargi do Prezesa UODO.<\/p>\t\t\t\t\t\t\t\t<\/div>\n\t\t\t\t<\/div>\n\t\t\t\t<\/div>\n\t\t<div class=\"elementor-element elementor-element-0cc6c22 e-con-full e-flex e-con e-child\" data-id=\"0cc6c22\" data-element_type=\"container\">\r\n\t\t\t\t<\/div>\n\t\t\t\t\t<\/div>\n\t\t\t\t<\/div>\n\t\t\t\t<\/div>\n\t\t","protected":false},"excerpt":{"rendered":"<p>B\u0105d\u017amy w kontakcie Dzia\u0142 Sprzeda\u017cy +48 883-550-108 Dzia\u0142 Reklamacji reklamacje@scandiso.pl Adres e-mail sklep@scandiso.pl Scandiso nale\u017cy do: Auto Trader sp. z o.o. ul. Ko\u015bciuszki 14142-300 Myszk\u00f3w NIP: 5772001953Regon: 529229865KRS: 0001118259 mBank: 02 1140 2004 0000 3102 8508 1241 Napisz do nas Skorzystaj z formularza kontaktowego Informacja o przetwarzaniu danych osobowych Administratorem Twoich danych osobowych jest Auto [&hellip;]<\/p>\n","protected":false},"author":2,"featured_media":0,"parent":0,"menu_order":0,"comment_status":"closed","ping_status":"closed","template":"","meta":{"footnotes":""},"class_list":["post-5537","page","type-page","status-publish","hentry"],"_links":{"self":[{"href":"https:\/\/scandiso.pl\/index.php\/wp-json\/wp\/v2\/pages\/5537","targetHints":{"allow":["GET"]}}],"collection":[{"href":"https:\/\/scandiso.pl\/index.php\/wp-json\/wp\/v2\/pages"}],"about":[{"href":"https:\/\/scandiso.pl\/index.php\/wp-json\/wp\/v2\/types\/page"}],"author":[{"embeddable":true,"href":"https:\/\/scandiso.pl\/index.php\/wp-json\/wp\/v2\/users\/2"}],"replies":[{"embeddable":true,"href":"https:\/\/scandiso.pl\/index.php\/wp-json\/wp\/v2\/comments?post=5537"}],"version-history":[{"count":11,"href":"https:\/\/scandiso.pl\/index.php\/wp-json\/wp\/v2\/pages\/5537\/revisions"}],"predecessor-version":[{"id":5773,"href":"https:\/\/scandiso.pl\/index.php\/wp-json\/wp\/v2\/pages\/5537\/revisions\/5773"}],"wp:attachment":[{"href":"https:\/\/scandiso.pl\/index.php\/wp-json\/wp\/v2\/media?parent=5537"}],"curies":[{"name":"wp","href":"https:\/\/api.w.org\/{rel}","templated":true}]}}