{"id":5628,"date":"2025-08-04T11:28:57","date_gmt":"2025-08-04T09:28:57","guid":{"rendered":"https:\/\/scandiso.pl\/?page_id=5628"},"modified":"2025-08-04T11:29:19","modified_gmt":"2025-08-04T09:29:19","slug":"rodo","status":"publish","type":"page","link":"https:\/\/scandiso.pl\/index.php\/rodo\/","title":{"rendered":"RODO"},"content":{"rendered":"\t\t<div data-elementor-type=\"wp-page\" data-elementor-id=\"5628\" class=\"elementor elementor-5628\">\n\t\t\t\t<div class=\"elementor-element elementor-element-601e240f e-flex e-con-boxed e-con e-parent\" data-id=\"601e240f\" data-element_type=\"container\">\r\n\t\t\t\t\t<div class=\"e-con-inner\">\r\n\t\t\t\t<div class=\"elementor-element elementor-element-73265e81 elementor-widget elementor-widget-text-editor\" data-id=\"73265e81\" data-element_type=\"widget\" data-widget_type=\"text-editor.default\">\n\t\t\t\t<div class=\"elementor-widget-container\">\n\t\t\t\t\t\t\t\t\t\n<p class=\"p1\">Zgodnie z art. 13 ust. 1 i 2 rozporz\u0105dzenia Parlamentu Europejskiego i Rady (UE) 2016\/679 z dnia 27 kwietnia 2016 r. (RODO), informujemy, \u017ce:<\/p>\n<p class=\"p3\"><b>1. Administrator danych osobowych<\/b><b><\/b><\/p>\n<p class=\"p1\">Administratorem Twoich danych osobowych jest:<\/p>\n<p class=\"p1\">Auto Trader sp.z o.o.<br \/>Ko\u015bciuszki 141<br \/>42-300 Myszk\u00f3w, Polska<br \/>NIP 5772001953<\/p>\n<p class=\"p3\"><b>2. Kontakt z administratorem<\/b><b><\/b><\/p>\n<p class=\"p1\">W sprawach zwi\u0105zanych z ochron\u0105 danych osobowych mo\u017cesz si\u0119 skontaktowa\u0107 pod adresem e-mail: <span class=\"s1\"><b>iod@scandiso.pl<\/b><\/span>.<\/p>\n<p class=\"p3\"><b>3. Cele i podstawy przetwarzania danych<\/b><b><\/b><\/p>\n<p class=\"p1\">Twoje dane osobowe przetwarzamy w nast\u0119puj\u0105cych celach:<\/p>\n<p class=\"p4\">\u2022 realizacja zam\u00f3wie\u0144 i um\u00f3w sprzeda\u017cy (podstawa: art. 6 ust. 1 lit. b RODO),<\/p>\n<p class=\"p4\">\u2022 obs\u0142uga reklamacji i zwrot\u00f3w (podstawa: art. 6 ust. 1 lit. c RODO),<\/p>\n<p class=\"p4\">\u2022 prowadzenie konta klienta w sklepie internetowym (podstawa: art. 6 ust. 1 lit. b RODO),<\/p>\n<p class=\"p4\">\u2022 marketing bezpo\u015bredni produkt\u00f3w i us\u0142ug w\u0142asnych (np. newsletter), je\u015bli wyrazi\u0142e\u015b(-a\u015b) zgod\u0119 (podstawa: art. 6 ust. 1 lit. a RODO),<\/p>\n<p class=\"p4\">\u2022 obowi\u0105zki wynikaj\u0105ce z przepis\u00f3w prawa, np. ksi\u0119gowo\u015b\u0107 i podatki (podstawa: art. 6 ust. 1 lit. c RODO).<\/p>\n<p class=\"p3\"><b>4. Odbiorcy danych<\/b><b><\/b><\/p>\n<p class=\"p1\">Twoje dane osobowe mog\u0105 by\u0107 przekazywane:<\/p>\n<p class=\"p4\">\u2022 firmom kurierskim i operatorom logistycznym,<\/p>\n<p class=\"p4\">\u2022 operatorom p\u0142atno\u015bci elektronicznych,<\/p>\n<p class=\"p4\">\u2022 firmie ksi\u0119gowej i dostawcom us\u0142ug prawnych,<\/p>\n<p class=\"p4\">\u2022 dostawcom us\u0142ug informatycznych wspieraj\u0105cych dzia\u0142anie sklepu.<\/p>\n<p class=\"p3\"><b>5. Czas przechowywania danych<\/b><b><\/b><\/p>\n<p class=\"p1\">Dane osobowe b\u0119d\u0105 przechowywane:<\/p>\n<p class=\"p4\">\u2022 przez okres niezb\u0119dny do realizacji zam\u00f3wienia i obs\u0142ugi klienta,<\/p>\n<p class=\"p4\">\u2022 do momentu przedawnienia roszcze\u0144 z tytu\u0142u zawartej umowy,<\/p>\n<p class=\"p4\">\u2022 w przypadku danych przetwarzanych na podstawie zgody \u2013 do momentu jej cofni\u0119cia.<\/p>\n<p class=\"p3\"><b>6. Twoje prawa<\/b><b><\/b><\/p>\n<p class=\"p1\">Masz prawo do:<\/p>\n<p class=\"p4\">\u2022 dost\u0119pu do swoich danych oraz otrzymania ich kopii,<\/p>\n<p class=\"p4\">\u2022 sprostowania (poprawiania) danych,<\/p>\n<p class=\"p4\">\u2022 usuni\u0119cia danych (\u201eprawo do bycia zapomnianym\u201d),<\/p>\n<p class=\"p4\">\u2022 ograniczenia przetwarzania danych,<\/p>\n<p class=\"p4\">\u2022 wniesienia sprzeciwu wobec przetwarzania,<\/p>\n<p class=\"p4\">\u2022 przenoszenia danych do innego administratora,<\/p>\n<p class=\"p4\">\u2022 wniesienia skargi do Prezesa Urz\u0119du Ochrony Danych Osobowych (PUODO).<\/p>\n<p class=\"p3\"><b>7. Dobrowolno\u015b\u0107 podania danych<\/b><b><\/b><\/p>\n<p class=\"p1\">Podanie danych jest dobrowolne, ale niezb\u0119dne do realizacji zam\u00f3wienia, obs\u0142ugi klienta lub zapisania si\u0119 do newslettera.<\/p>\n<p class=\"p3\"><b>8. Zautomatyzowane podejmowanie decyzji<\/b><b><\/b><\/p>\n<p class=\"p1\">Twoje dane nie s\u0105 przetwarzane w spos\u00f3b zautomatyzowany, w tym r\u00f3wnie\u017c nie s\u0105 profilowane<\/p>\t\t\t\t\t\t\t\t<\/div>\n\t\t\t\t<\/div>\n\t\t\t\t\t<\/div>\n\t\t\t\t<\/div>\n\t\t\t\t<\/div>\n\t\t","protected":false},"excerpt":{"rendered":"<p>Zgodnie z art. 13 ust. 1 i 2 rozporz\u0105dzenia Parlamentu Europejskiego i Rady (UE) 2016\/679 z dnia 27 kwietnia 2016 r. (RODO), informujemy, \u017ce: 1. Administrator danych osobowych Administratorem Twoich danych osobowych jest: Auto Trader sp.z o.o.Ko\u015bciuszki 14142-300 Myszk\u00f3w, PolskaNIP 5772001953 2. Kontakt z administratorem W sprawach zwi\u0105zanych z ochron\u0105 danych osobowych mo\u017cesz si\u0119 skontaktowa\u0107 [&hellip;]<\/p>\n","protected":false},"author":2,"featured_media":0,"parent":0,"menu_order":0,"comment_status":"closed","ping_status":"closed","template":"","meta":{"footnotes":""},"class_list":["post-5628","page","type-page","status-publish","hentry"],"_links":{"self":[{"href":"https:\/\/scandiso.pl\/index.php\/wp-json\/wp\/v2\/pages\/5628","targetHints":{"allow":["GET"]}}],"collection":[{"href":"https:\/\/scandiso.pl\/index.php\/wp-json\/wp\/v2\/pages"}],"about":[{"href":"https:\/\/scandiso.pl\/index.php\/wp-json\/wp\/v2\/types\/page"}],"author":[{"embeddable":true,"href":"https:\/\/scandiso.pl\/index.php\/wp-json\/wp\/v2\/users\/2"}],"replies":[{"embeddable":true,"href":"https:\/\/scandiso.pl\/index.php\/wp-json\/wp\/v2\/comments?post=5628"}],"version-history":[{"count":4,"href":"https:\/\/scandiso.pl\/index.php\/wp-json\/wp\/v2\/pages\/5628\/revisions"}],"predecessor-version":[{"id":5632,"href":"https:\/\/scandiso.pl\/index.php\/wp-json\/wp\/v2\/pages\/5628\/revisions\/5632"}],"wp:attachment":[{"href":"https:\/\/scandiso.pl\/index.php\/wp-json\/wp\/v2\/media?parent=5628"}],"curies":[{"name":"wp","href":"https:\/\/api.w.org\/{rel}","templated":true}]}}