{"id":10078,"date":"2025-11-15T00:53:19","date_gmt":"2025-11-14T23:53:19","guid":{"rendered":"https:\/\/scandiso.pl\/index.php\/product\/zestaw-turystyczny-roi-stol-2-lawki-szary\/"},"modified":"2026-04-11T20:31:48","modified_gmt":"2026-04-11T18:31:48","slug":"zestaw-turystyczny-roi-stol-2-lawki-szary","status":"publish","type":"product","link":"https:\/\/scandiso.pl\/index.php\/product\/zestaw-turystyczny-roi-stol-2-lawki-szary\/","title":{"rendered":"Zestaw turystyczny ROI st\u00f3\u0142 + 2 \u0142awki Szary"},"content":{"rendered":"<p>St\u00f3\u0142 kempingowy ROI zosta\u0142 zaprojektowany z my\u015bl\u0105 o komforcie i funkcjonalno\u015bci podczas spotka\u0144 na wolnym powietrzu. Wykonany z wysokiej jako\u015bci aluminium i MDF, zapewnia solidno\u015b\u0107 i niezawodno\u015b\u0107, niezale\u017cnie od warunk\u00f3w atmosferycznych. Dzi\u0119ki swojej lekko\u015bci oraz mo\u017cliwo\u015bci z\u0142o\u017cenia, idealnie sprawdza si\u0119 podczas piknik\u00f3w, grillowania w ogrodzie czy wypraw kempingowych. Zar\u00f3wno st\u00f3\u0142, jak i dwie \u0142awki, posiadaj\u0105 wystarczaj\u0105c\u0105 przestrze\u0144, by wygodnie pomie\u015bci\u0107 4 osoby. Certyfikat zgodno\u015bci z norm\u0105 EN 581 gwarantuje wysok\u0105 jako\u015b\u0107 i bezpiecze\u0144stwo u\u017cytkowania na zewn\u0105trz. Pozw\u00f3l sobie na relaks i wygod\u0119 na \u015bwie\u017cym powietrzu z funkcjonalnym zestawem turystycznym ROI w eleganckim kolorze szarym.<\/p>\n<p><em>*Wymiary mog\u0105 si\u0119 r\u00f3\u017cni\u0107 +\/- 2 cm.<\/em><\/p>\n<p><em>*Prezentowany na zdj\u0119ciach kolor mo\u017ce w niewielkim stopniu r\u00f3\u017cni\u0107 si\u0119 od rzeczywistego, co jest wynikiem okre\u015blonych ustawie\u0144 i parametr\u00f3w wy\u015bwietlacza.<\/em><\/p>\n","protected":false},"excerpt":{"rendered":"<p>Zestaw turystyczny ROI szary<\/p>\n","protected":false},"featured_media":10052,"template":"","meta":[],"product_brand":[57],"product_cat":[61],"product_tag":[],"class_list":{"0":"post-10078","1":"product","2":"type-product","3":"status-publish","4":"has-post-thumbnail","6":"product_brand-akord-furniture-factory","7":"product_cat-turystyczne","9":"first","10":"instock","11":"taxable","12":"shipping-taxable","13":"purchasable","14":"product-type-simple"},"_links":{"self":[{"href":"https:\/\/scandiso.pl\/index.php\/wp-json\/wp\/v2\/product\/10078","targetHints":{"allow":["GET"]}}],"collection":[{"href":"https:\/\/scandiso.pl\/index.php\/wp-json\/wp\/v2\/product"}],"about":[{"href":"https:\/\/scandiso.pl\/index.php\/wp-json\/wp\/v2\/types\/product"}],"wp:featuredmedia":[{"embeddable":true,"href":"https:\/\/scandiso.pl\/index.php\/wp-json\/wp\/v2\/media\/10052"}],"wp:attachment":[{"href":"https:\/\/scandiso.pl\/index.php\/wp-json\/wp\/v2\/media?parent=10078"}],"wp:term":[{"taxonomy":"product_brand","embeddable":true,"href":"https:\/\/scandiso.pl\/index.php\/wp-json\/wp\/v2\/product_brand?post=10078"},{"taxonomy":"product_cat","embeddable":true,"href":"https:\/\/scandiso.pl\/index.php\/wp-json\/wp\/v2\/product_cat?post=10078"},{"taxonomy":"product_tag","embeddable":true,"href":"https:\/\/scandiso.pl\/index.php\/wp-json\/wp\/v2\/product_tag?post=10078"}],"curies":[{"name":"wp","href":"https:\/\/api.w.org\/{rel}","templated":true}]}}