{"id":10105,"date":"2025-11-15T00:53:29","date_gmt":"2025-11-14T23:53:29","guid":{"rendered":"https:\/\/scandiso.pl\/index.php\/product\/stolik-turystyczny-ares-skladany-70x50-cm-drewno\/"},"modified":"2026-04-03T09:33:11","modified_gmt":"2026-04-03T07:33:11","slug":"stolik-turystyczny-ares-skladany-70x50-cm-drewno","status":"publish","type":"product","link":"https:\/\/scandiso.pl\/index.php\/product\/stolik-turystyczny-ares-skladany-70x50-cm-drewno\/","title":{"rendered":"Stolik turystyczny ARES sk\u0142adany 70&#215;50 cm Drewno"},"content":{"rendered":"<p>Sk\u0142adany stolik kempingowy ARES z aluminium o wygl\u0105dzie drewna to praktyczne rozwi\u0105zanie dla wszystkich mi\u0142o\u015bnik\u00f3w outdoorowych aktywno\u015bci. Dzi\u0119ki kompaktowym wymiarom oraz niskiej wadze, idealnie sprawdzi si\u0119 podczas letnich wypad\u00f3w, kempingu czy piknik\u00f3w.\u00a0Ten solidny stolik oferuje spory blat, na kt\u00f3ry bez problemu pomieszcz\u0105 si\u0119 napoje, jedzenie czy inne drobiazgi niezb\u0119dne na \u015bwie\u017cym powietrzu. Wykonany z wysokiej jako\u015bci aluminium i MDF, cechuje si\u0119 odporno\u015bci\u0105 na warunki atmosferyczne oraz du\u017c\u0105 no\u015bno\u015bci\u0105. Dzi\u0119ki prostemu mechanizmowi sk\u0142adania, mo\u017cesz \u0142atwo z\u0142o\u017cy\u0107 stolik do niewielkich rozmiar\u00f3w, co u\u0142atwia jego transport oraz przechowywanie. Stolik turystyczny ARES to nie tylko praktyczny mebel, ale tak\u017ce wyraziste po\u0142\u0105czenie funkcjonalno\u015bci z estetyk\u0105 dzi\u0119ki imitacji drewna.<\/p>\n<p><em>*Wymiary mog\u0105 si\u0119 r\u00f3\u017cni\u0107 +\/- 2 cm.<\/em><\/p>\n<p><em>*Prezentowany na zdj\u0119ciach kolor mo\u017ce w niewielkim stopniu r\u00f3\u017cni\u0107 si\u0119 od rzeczywistego, co jest wynikiem okre\u015blonych ustawie\u0144 i parametr\u00f3w wy\u015bwietlacza.<\/em><\/p>\n","protected":false},"excerpt":{"rendered":"<p>Stolik turystyczny ARES drewno<\/p>\n","protected":false},"featured_media":10082,"template":"","meta":[],"product_brand":[57],"product_cat":[61],"product_tag":[],"class_list":{"0":"post-10105","1":"product","2":"type-product","3":"status-publish","4":"has-post-thumbnail","6":"product_brand-akord-furniture-factory","7":"product_cat-turystyczne","9":"first","10":"instock","11":"taxable","12":"shipping-taxable","13":"purchasable","14":"product-type-simple"},"_links":{"self":[{"href":"https:\/\/scandiso.pl\/index.php\/wp-json\/wp\/v2\/product\/10105","targetHints":{"allow":["GET"]}}],"collection":[{"href":"https:\/\/scandiso.pl\/index.php\/wp-json\/wp\/v2\/product"}],"about":[{"href":"https:\/\/scandiso.pl\/index.php\/wp-json\/wp\/v2\/types\/product"}],"wp:featuredmedia":[{"embeddable":true,"href":"https:\/\/scandiso.pl\/index.php\/wp-json\/wp\/v2\/media\/10082"}],"wp:attachment":[{"href":"https:\/\/scandiso.pl\/index.php\/wp-json\/wp\/v2\/media?parent=10105"}],"wp:term":[{"taxonomy":"product_brand","embeddable":true,"href":"https:\/\/scandiso.pl\/index.php\/wp-json\/wp\/v2\/product_brand?post=10105"},{"taxonomy":"product_cat","embeddable":true,"href":"https:\/\/scandiso.pl\/index.php\/wp-json\/wp\/v2\/product_cat?post=10105"},{"taxonomy":"product_tag","embeddable":true,"href":"https:\/\/scandiso.pl\/index.php\/wp-json\/wp\/v2\/product_tag?post=10105"}],"curies":[{"name":"wp","href":"https:\/\/api.w.org\/{rel}","templated":true}]}}