{"id":10132,"date":"2025-11-15T00:53:40","date_gmt":"2025-11-14T23:53:40","guid":{"rendered":"https:\/\/scandiso.pl\/index.php\/product\/stolik-turystyczny-ares-skladany-70x50-cm-szary\/"},"modified":"2026-04-15T14:37:13","modified_gmt":"2026-04-15T12:37:13","slug":"stolik-turystyczny-ares-skladany-70x50-cm-szary","status":"publish","type":"product","link":"https:\/\/scandiso.pl\/index.php\/product\/stolik-turystyczny-ares-skladany-70x50-cm-szary\/","title":{"rendered":"Stolik turystyczny ARES sk\u0142adany 70&#215;50 cm Szary"},"content":{"rendered":"<p>Stolik turystyczny ARES sk\u0142adany 70&#215;50 cm Szary to niezast\u0105piony element letniego wyposa\u017cenia. Sk\u0142adana konstrukcja z aluminium umo\u017cliwia \u0142atwe przenoszenie i oszcz\u0119dno\u015b\u0107 miejsca w baga\u017cu. Idealny na wypad za miasto, kemping czy piknik. Solidny blat MDF z aluminiowymi wzmocnieniami gwarantuje trwa\u0142o\u015b\u0107 i odporno\u015b\u0107 na warunki atmosferyczne.\u00a0Maksymalne obci\u0105\u017cenie: 30 kg. Wymiary: 70x50x60 cm. Prosty monta\u017c. Certyfikat zgodno\u015bci z norm\u0105 EN 581. Doskona\u0142y wyb\u00f3r dla mi\u0142o\u015bnik\u00f3w aktywnego wypoczynku na \u015bwie\u017cym powietrzu.<\/p>\n<p><em>*Wymiary mog\u0105 si\u0119 r\u00f3\u017cni\u0107 +\/- 2 cm.<\/em><\/p>\n<p><em>*Prezentowany na zdj\u0119ciach kolor mo\u017ce w niewielkim stopniu r\u00f3\u017cni\u0107 si\u0119 od rzeczywistego, co jest wynikiem okre\u015blonych ustawie\u0144 i parametr\u00f3w wy\u015bwietlacza.<\/em><\/p>\n","protected":false},"excerpt":{"rendered":"<p>Stolik turystyczny ARES szary<\/p>\n","protected":false},"featured_media":10113,"template":"","meta":[],"product_brand":[57],"product_cat":[61],"product_tag":[],"class_list":{"0":"post-10132","1":"product","2":"type-product","3":"status-publish","4":"has-post-thumbnail","6":"product_brand-akord-furniture-factory","7":"product_cat-turystyczne","9":"first","10":"instock","11":"taxable","12":"shipping-taxable","13":"purchasable","14":"product-type-simple"},"_links":{"self":[{"href":"https:\/\/scandiso.pl\/index.php\/wp-json\/wp\/v2\/product\/10132","targetHints":{"allow":["GET"]}}],"collection":[{"href":"https:\/\/scandiso.pl\/index.php\/wp-json\/wp\/v2\/product"}],"about":[{"href":"https:\/\/scandiso.pl\/index.php\/wp-json\/wp\/v2\/types\/product"}],"wp:featuredmedia":[{"embeddable":true,"href":"https:\/\/scandiso.pl\/index.php\/wp-json\/wp\/v2\/media\/10113"}],"wp:attachment":[{"href":"https:\/\/scandiso.pl\/index.php\/wp-json\/wp\/v2\/media?parent=10132"}],"wp:term":[{"taxonomy":"product_brand","embeddable":true,"href":"https:\/\/scandiso.pl\/index.php\/wp-json\/wp\/v2\/product_brand?post=10132"},{"taxonomy":"product_cat","embeddable":true,"href":"https:\/\/scandiso.pl\/index.php\/wp-json\/wp\/v2\/product_cat?post=10132"},{"taxonomy":"product_tag","embeddable":true,"href":"https:\/\/scandiso.pl\/index.php\/wp-json\/wp\/v2\/product_tag?post=10132"}],"curies":[{"name":"wp","href":"https:\/\/api.w.org\/{rel}","templated":true}]}}