{"id":10165,"date":"2025-11-15T00:53:53","date_gmt":"2025-11-14T23:53:53","guid":{"rendered":"https:\/\/scandiso.pl\/index.php\/product\/krzeslo-turystyczne-anter-skladane-szare\/"},"modified":"2026-03-04T11:11:36","modified_gmt":"2026-03-04T10:11:36","slug":"krzeslo-turystyczne-anter-skladane-szare","status":"publish","type":"product","link":"https:\/\/scandiso.pl\/index.php\/product\/krzeslo-turystyczne-anter-skladane-szare\/","title":{"rendered":"Krzes\u0142o turystyczne ANTER sk\u0142adane Szare"},"content":{"rendered":"<p>Kompaktowe i praktyczne krzes\u0142o turystyczne ANTER sk\u0142adane w kolorze szarym to idealna propozycja dla os\u00f3b ceni\u0105cych sobie wygod\u0119 i funkcjonalno\u015b\u0107 podczas wypoczynku na \u015bwie\u017cym powietrzu. Dzi\u0119ki metalowo-tekstylinej konstrukcji o niskiej wadze, krzes\u0142o jest \u0142atwe do transportu i przechowania. Posiada tak\u017ce dodatkowe udogodnienia, takie jak podstawka na napoje, co podnosi komfort u\u017cytkowania. Zastosowany materia\u0142 Oxford Fabric zapewnia wysok\u0105 odporno\u015b\u0107 na warunki atmosferyczne, a certyfikat EN-581 potwierdza zgodno\u015b\u0107 z normami bezpiecze\u0144stwa. No\u015bno\u015b\u0107 do 110 kg sprawia, \u017ce krzes\u0142o ANTER jest solidne i stabilne. Dzi\u0119ki prostemu monta\u017cowi, krzes\u0142o ANTER jest gotowe do u\u017cytku zaraz po rozpakowaniu. Zachwycaj\u0105cy minimalizm designu sprawia, \u017ce krzes\u0142o doskonale komponuje si\u0119 z nowoczesnymi aran\u017cacjami przestrzeni zar\u00f3wno na tarasie, balkonie jak i podczas piknik\u00f3w na \u0142onie natury.<\/p>\n<p><em>*Wymiary mog\u0105 si\u0119 r\u00f3\u017cni\u0107 +\/- 2 cm.<\/em><\/p>\n<p><em>*Prezentowany na zdj\u0119ciach kolor mo\u017ce w niewielkim stopniu r\u00f3\u017cni\u0107 si\u0119 od rzeczywistego, co jest wynikiem okre\u015blonych ustawie\u0144 i parametr\u00f3w wy\u015bwietlacza.<\/em><\/p>\n","protected":false},"excerpt":{"rendered":"<p>Krzes\u0142o turystyczne ANTER szare<\/p>\n","protected":false},"featured_media":10140,"template":"","meta":[],"product_brand":[57],"product_cat":[61],"product_tag":[],"class_list":{"0":"post-10165","1":"product","2":"type-product","3":"status-publish","4":"has-post-thumbnail","6":"product_brand-akord-furniture-factory","7":"product_cat-turystyczne","9":"first","10":"instock","11":"taxable","12":"shipping-taxable","13":"purchasable","14":"product-type-simple"},"_links":{"self":[{"href":"https:\/\/scandiso.pl\/index.php\/wp-json\/wp\/v2\/product\/10165","targetHints":{"allow":["GET"]}}],"collection":[{"href":"https:\/\/scandiso.pl\/index.php\/wp-json\/wp\/v2\/product"}],"about":[{"href":"https:\/\/scandiso.pl\/index.php\/wp-json\/wp\/v2\/types\/product"}],"wp:featuredmedia":[{"embeddable":true,"href":"https:\/\/scandiso.pl\/index.php\/wp-json\/wp\/v2\/media\/10140"}],"wp:attachment":[{"href":"https:\/\/scandiso.pl\/index.php\/wp-json\/wp\/v2\/media?parent=10165"}],"wp:term":[{"taxonomy":"product_brand","embeddable":true,"href":"https:\/\/scandiso.pl\/index.php\/wp-json\/wp\/v2\/product_brand?post=10165"},{"taxonomy":"product_cat","embeddable":true,"href":"https:\/\/scandiso.pl\/index.php\/wp-json\/wp\/v2\/product_cat?post=10165"},{"taxonomy":"product_tag","embeddable":true,"href":"https:\/\/scandiso.pl\/index.php\/wp-json\/wp\/v2\/product_tag?post=10165"}],"curies":[{"name":"wp","href":"https:\/\/api.w.org\/{rel}","templated":true}]}}