{"id":10203,"date":"2025-11-15T00:54:07","date_gmt":"2025-11-14T23:54:07","guid":{"rendered":"https:\/\/scandiso.pl\/index.php\/product\/krzeslo-turystyczne-anter-skladane-zielone\/"},"modified":"2026-04-09T01:01:27","modified_gmt":"2026-04-08T23:01:27","slug":"krzeslo-turystyczne-anter-skladane-zielone","status":"publish","type":"product","link":"https:\/\/scandiso.pl\/index.php\/product\/krzeslo-turystyczne-anter-skladane-zielone\/","title":{"rendered":"Krzes\u0142o turystyczne ANTER sk\u0142adane Zielone"},"content":{"rendered":"<p>Krzes\u0142o turystyczne ANTER to idealna propozycja dla wszystkich mi\u0142o\u015bnik\u00f3w aktywnego wypoczynku na \u015bwie\u017cym powietrzu. Sk\u0142adane krzes\u0142o w kolorze zielonym, wykonane z metalu i tkaniny OXFORD, zachwyca nie tylko funkcjonalno\u015bci\u0105, ale tak\u017ce kompaktowym designem. Dzi\u0119ki mo\u017cliwo\u015bci z\u0142o\u017cenia, produkt jest niezwykle \u0142atwy do przenoszenia i przechowywania, sprawiaj\u0105c, \u017ce towarzyszy Ci wsz\u0119dzie tam, gdzie chcesz cieszy\u0107 si\u0119 chwil\u0105 relaksu na \u015bwie\u017cym powietrzu. ANTER cechuje si\u0119 solidn\u0105 konstrukcj\u0105 oraz nisk\u0105 wag\u0105, co sprawia, \u017ce jest wyj\u0105tkowo praktyczna i \u0142atwa w transporcie. Odporno\u015b\u0107 na wod\u0119 i promieniowanie UV sprawiaj\u0105, \u017ce produkt doskonale sprawdzi si\u0119 nawet w trudnych warunkach pogodowych. Dzi\u0119ki wymiarom zapewniaj\u0105cym optymalny komfort siedzenia, krzes\u0142o jest doskona\u0142ym towarzyszem podczas biwakowania, pla\u017cowania czy piknikowania w parku.<\/p>\n<p><em>*Wymiary mog\u0105 si\u0119 r\u00f3\u017cni\u0107 +\/- 2 cm.<\/em><\/p>\n<p><em>*Prezentowany na zdj\u0119ciach kolor mo\u017ce w niewielkim stopniu r\u00f3\u017cni\u0107 si\u0119 od rzeczywistego, co jest wynikiem okre\u015blonych ustawie\u0144 i parametr\u00f3w wy\u015bwietlacza.<\/em><\/p>\n","protected":false},"excerpt":{"rendered":"<p>Krzes\u0142o turystyczne ANTER zielone<\/p>\n","protected":false},"featured_media":10177,"template":"","meta":[],"product_brand":[57],"product_cat":[61],"product_tag":[],"class_list":{"0":"post-10203","1":"product","2":"type-product","3":"status-publish","4":"has-post-thumbnail","6":"product_brand-akord-furniture-factory","7":"product_cat-turystyczne","9":"first","10":"instock","11":"taxable","12":"shipping-taxable","13":"purchasable","14":"product-type-simple"},"_links":{"self":[{"href":"https:\/\/scandiso.pl\/index.php\/wp-json\/wp\/v2\/product\/10203","targetHints":{"allow":["GET"]}}],"collection":[{"href":"https:\/\/scandiso.pl\/index.php\/wp-json\/wp\/v2\/product"}],"about":[{"href":"https:\/\/scandiso.pl\/index.php\/wp-json\/wp\/v2\/types\/product"}],"wp:featuredmedia":[{"embeddable":true,"href":"https:\/\/scandiso.pl\/index.php\/wp-json\/wp\/v2\/media\/10177"}],"wp:attachment":[{"href":"https:\/\/scandiso.pl\/index.php\/wp-json\/wp\/v2\/media?parent=10203"}],"wp:term":[{"taxonomy":"product_brand","embeddable":true,"href":"https:\/\/scandiso.pl\/index.php\/wp-json\/wp\/v2\/product_brand?post=10203"},{"taxonomy":"product_cat","embeddable":true,"href":"https:\/\/scandiso.pl\/index.php\/wp-json\/wp\/v2\/product_cat?post=10203"},{"taxonomy":"product_tag","embeddable":true,"href":"https:\/\/scandiso.pl\/index.php\/wp-json\/wp\/v2\/product_tag?post=10203"}],"curies":[{"name":"wp","href":"https:\/\/api.w.org\/{rel}","templated":true}]}}