{"id":1058,"date":"2025-10-01T15:39:41","date_gmt":"2025-10-01T13:39:41","guid":{"rendered":"http:\/\/serwer372429.lh.pl\/autoinstalator\/serwer372429.lh.pl\/wordpress128121\/index.php\/product\/fotel-remus-remus-szary\/"},"modified":"2026-04-17T16:51:47","modified_gmt":"2026-04-17T14:51:47","slug":"fotel-remus-remus-szary","status":"publish","type":"product","link":"https:\/\/scandiso.pl\/index.php\/product\/fotel-remus-remus-szary\/","title":{"rendered":"Fotel Remus REMUS SZARY"},"content":{"rendered":"<p><strong>FOTEL OBROTOWY GAMINGOWY<\/strong><\/p>\n<p>\t<strong>MODEL: REMUS<\/strong><\/p>\n<p>\t<strong>KOLOR: SZARY<\/strong><\/p>\n<p>\tPracujesz, grasz, a mo\u017ce godzinami uczysz si\u0119 przy biurku?<\/p>\n<p>\tKa\u017cde z tych zada\u0144 wymaga odpowiedniego komfortu. Twoje oczekiwania spe\u0142ni nasz ergonomiczny fotel gamingowy REMUS.<\/p>\n<p>\tZamawiaj\u0105c fotel otrzymasz dwie poduszki, jedn\u0105 pod szyj\u0119, a drug\u0105 pod odcinek l\u0119d\u017awiowy. Ustawisz je tak, aby idealnie dopasowa\u0142y si\u0119 idealnie do Ciebie.<\/p>\n<ul>\n<li>\n\t\tSolidne wykonanie, prosty monta\u017c<\/li>\n<li>\n\t\tZaprojektowany z my\u015bl\u0105 o zapewnieniu poprawnej pozycji cia\u0142a oraz wygody podczas d\u0142ugich godzin pracy czy rozrywki przy komputerze<\/li>\n<li>\n\t\tDwie poduszki z mo\u017cliwo\u015bci\u0105 dostosowania pozycji do utrzymania poprawnej postawy podczas u\u017cytkowania<\/li>\n<li>\n\t\tWysokiej klasy podno\u015bnik gazowy, regulacja d&oacute;\u0142 \/ g&oacute;ra<\/li>\n<li>\n\t\tOparcie fotela rozk\u0142ada si\u0119 do pozycji prawie 180&deg;<\/li>\n<li>\n\t\tWytrzyma\u0142a chromowana podstawa z wytrzyma\u0142ymi k&oacute;\u0142kami<\/li>\n<li>\n\t\tWygodne pod\u0142okietniki zapewniaj\u0105 odpowiednie podparcie r\u0105k<\/li>\n<li>\n\t\tPlastikowe k&oacute;\u0142ka<\/li>\n<\/ul>\n<p><strong>Wymiary:<\/strong><\/p>\n<p>\twysoko\u015b\u0107 ca\u0142kowita: 115 &#8211; 125 cm<\/p>\n<p>\tszeroko\u015b\u0107 ca\u0142kowita: 66 cm<\/p>\n<p>\tg\u0142\u0119boko\u015b\u0107 ca\u0142kowita: 62 cm<\/p>\n<p>\t<strong>Wysoko\u015b\u0107 siedziska:<\/strong><\/p>\n<p>\tminimalna: 44 cm<\/p>\n<p>\tmaksymalna: 54 cm<\/p>\n<p>\t<strong>Wymiary siedziska:<\/strong><\/p>\n<p>\tszeroko\u015b\u0107: 40 cm<\/p>\n<p>\tg\u0142\u0119boko\u015b\u0107: 50 cm<\/p>\n<p>\t<strong>U\u017cytkowanie:<\/strong><\/p>\n<p>\tPowierzchni\u0119 mebla czy\u015bci\u0107 przy pomocy mi\u0119kkiej szmatki. Unika\u0107 stosowania silnie dzia\u0142aj\u0105cych \u015brodk&oacute;w chemicznych.<\/p>\n<p>\t<strong>W opakowaniu:<\/strong><\/p>\n<p>\tInstrukcja monta\u017cu wraz ze wszystkimi potrzebnymi akcesoriami monta\u017cowymi.<\/p>\n<p>\tMeble s\u0105 fabrycznie zapakowane do samodzielnego monta\u017cu.<\/p>\n<p>\n\t\t<em><strong data-end=\"82\" data-start=\"67\">Informacja:<\/strong><\/em><\/p>\n<p>\n\t\t<em>Dok\u0142adamy wszelkich stara\u0144, aby kolory mebli prezentowane na zdj\u0119ciach by\u0142y odwzorowane mo\u017cliwie jak najdok\u0142adniej. Nale\u017cy jednak pami\u0119ta\u0107, \u017ce ich odbi&oacute;r mo\u017ce si\u0119 r&oacute;\u017cni\u0107 w zale\u017cno\u015bci od indywidualnych ustawie\u0144 monitora lub ekranu (takich jak jasno\u015b\u0107, kontrast, temperatura barwowa czy technologia wy\u015bwietlania). Rzeczywisty odcie\u0144 produktu mo\u017ce si\u0119 tak\u017ce r&oacute;\u017cni\u0107 w zale\u017cno\u015bci od warunk&oacute;w o\u015bwietleniowych.<br data-end=\"491\" data-is-only-node=\"\" data-start=\"488\" \/><br \/>\n\t\tEwentualne r&oacute;\u017cnice kolorystyczne nie wynikaj\u0105 z wady produktu.<\/em><\/p><\/p>\n","protected":false},"excerpt":{"rendered":"<p><strong>Wymiary:<\/strong><\/p>\n<p>\twysoko\u015b\u0107 ca\u0142kowita: 115 &#8211; 125 cm<\/p>\n<p>\tszeroko\u015b\u0107 ca\u0142kowita: 66 cm<\/p>\n<p>\tg\u0142\u0119boko\u015b\u0107 ca\u0142kowita: 62 cm<\/p>\n<p>\t<strong>Wysoko\u015b\u0107 siedziska:<\/strong><\/p>\n<p>\tminimalna: 44 cm<\/p>\n<p>\tmaksymalna: 54 cm<\/p>\n<p>\t<strong>Wymiary siedziska:<\/strong><\/p>\n<p>\tszeroko\u015b\u0107: 40 cm<\/p>\n<p>\tg\u0142\u0119boko\u015b\u0107: 50 cm<\/p>\n<p>\t<strong>U\u017cytkowanie:<\/strong><\/p>\n<p>\tPowierzchni\u0119 mebla czy\u015bci\u0107 przy pomocy mi\u0119kkiej szmatki. Unika\u0107 stosowania silnie dzia\u0142aj\u0105cych \u015brodk&oacute;w chemicznych.<\/p>\n<p>\t<strong>W opakowaniu:<\/strong><\/p>\n<p>\tInstrukcja monta\u017cu wraz ze wszystkimi potrzebnymi akcesoriami monta\u017cowymi.<\/p>\n<p>\tMeble s\u0105 fabrycznie zapakowane do samodzielnego monta\u017cu.<\/p>\n<p>\n\t\t<em><strong data-end=\"82\" data-start=\"67\">Informacja:<\/strong><\/em><\/p>\n<p>\n\t\t<em>Dok\u0142adamy wszelkich stara\u0144, aby kolory mebli prezentowane na zdj\u0119ciach by\u0142y odwzorowane mo\u017cliwie jak najdok\u0142adniej. Nale\u017cy jednak pami\u0119ta\u0107, \u017ce ich odbi&oacute;r mo\u017ce si\u0119 r&oacute;\u017cni\u0107 w zale\u017cno\u015bci od indywidualnych ustawie\u0144 monitora lub ekranu (takich jak jasno\u015b\u0107, kontrast, temperatura barwowa czy technologia wy\u015bwietlania). Rzeczywisty odcie\u0144 produktu mo\u017ce si\u0119 tak\u017ce r&oacute;\u017cni\u0107 w zale\u017cno\u015bci od warunk&oacute;w o\u015bwietleniowych.<br data-end=\"491\" data-is-only-node=\"\" data-start=\"488\" \/><br \/>\n\t\tEwentualne r&oacute;\u017cnice kolorystyczne nie wynikaj\u0105 z wady produktu.<\/em><\/p><\/p>\n","protected":false},"featured_media":1059,"template":"","meta":[],"product_brand":[64],"product_cat":[35],"product_tag":[],"class_list":{"0":"post-1058","1":"product","2":"type-product","3":"status-publish","4":"has-post-thumbnail","6":"product_brand-topeshop","7":"product_cat-krzesla-i-fotele","9":"first","10":"instock","11":"taxable","12":"shipping-taxable","13":"purchasable","14":"product-type-simple"},"_links":{"self":[{"href":"https:\/\/scandiso.pl\/index.php\/wp-json\/wp\/v2\/product\/1058","targetHints":{"allow":["GET"]}}],"collection":[{"href":"https:\/\/scandiso.pl\/index.php\/wp-json\/wp\/v2\/product"}],"about":[{"href":"https:\/\/scandiso.pl\/index.php\/wp-json\/wp\/v2\/types\/product"}],"wp:featuredmedia":[{"embeddable":true,"href":"https:\/\/scandiso.pl\/index.php\/wp-json\/wp\/v2\/media\/1059"}],"wp:attachment":[{"href":"https:\/\/scandiso.pl\/index.php\/wp-json\/wp\/v2\/media?parent=1058"}],"wp:term":[{"taxonomy":"product_brand","embeddable":true,"href":"https:\/\/scandiso.pl\/index.php\/wp-json\/wp\/v2\/product_brand?post=1058"},{"taxonomy":"product_cat","embeddable":true,"href":"https:\/\/scandiso.pl\/index.php\/wp-json\/wp\/v2\/product_cat?post=1058"},{"taxonomy":"product_tag","embeddable":true,"href":"https:\/\/scandiso.pl\/index.php\/wp-json\/wp\/v2\/product_tag?post=1058"}],"curies":[{"name":"wp","href":"https:\/\/api.w.org\/{rel}","templated":true}]}}