{"id":1136,"date":"2025-10-07T10:03:58","date_gmt":"2025-10-07T08:03:58","guid":{"rendered":"http:\/\/serwer372429.lh.pl\/autoinstalator\/serwer372429.lh.pl\/wordpress128121\/index.php\/product\/garderoba-haga-iv-2sz2w-kaszmir-bez-2x-szafa-2x-wieszak\/"},"modified":"2026-04-17T16:56:33","modified_gmt":"2026-04-17T14:56:33","slug":"garderoba-haga-iv-2sz2w-kaszmir-bez-2x-szafa-2x-wieszak","status":"publish","type":"product","link":"https:\/\/scandiso.pl\/index.php\/product\/garderoba-haga-iv-2sz2w-kaszmir-bez-2x-szafa-2x-wieszak\/","title":{"rendered":"Garderoba HAGA IV 2Sz2W KASZMIR BE\u017b 2x Szafa + 2x Wieszak"},"content":{"rendered":"<p><strong>GARDEROBA DO PRZEDPOKOJU &#8211; 2x SZAFA + 2x WIESZAK Z SIEDZISKIEM<\/strong><\/p>\n<p>\t<strong>SERIA: HAGA<\/strong><\/p>\n<p>\t<strong>MODEL: HAGA IV 2Sz2W<\/strong><\/p>\n<p>\t<strong>KOLOR: KASZMIR<br \/>\n\t(ELEGANCKI I STYLOWY ODCIE\u0143 BE\u017bU)<\/strong><\/p>\n<p>\n\t\t\t\tZestaw <b>HAGA IV 2SZ2W<\/b> to propozycja dla tych, kt&oacute;rzy potrzebuj\u0105 wi\u0119cej przestrzeni do przechowywania, nie rezygnuj\u0105c z nowoczesnego wygl\u0105du. To gotowe, kompletne rozwi\u0105zanie do przedpokoju, \u0142\u0105cz\u0105ce <b>2 modu\u0142y pojemne szafy z dr\u0105\u017ckiem i p&oacute;\u0142kami<\/b> oraz <strong>2 <\/strong><b>modu\u0142y z wieszakiem, tapicerowanym siedziskiem i szafkami<\/b>.<\/p>\n<p>\n\t\t\t\tDzi\u0119ki przemy\u015blanej, <b>modu\u0142owej konstrukcji<\/b>, ka\u017cdy z element&oacute;w mo\u017cna swobodnie zestawia\u0107, a ca\u0142o\u015b\u0107 tworzy eleganck\u0105 i praktyczn\u0105 przestrze\u0144 wej\u015bciow\u0105 &ndash; idealn\u0105 zar&oacute;wno do mieszka\u0144, jak i dom&oacute;w jednorodzinnych.<\/p>\n<p>\n\t\t\t\t<b>Co zawiera zestaw HAGA IV 2SZ2W?<\/b><\/p>\n<p>\n\t\t\t\t<b>2 x Szafa HAGA 1SZ<\/b><\/p>\n<ul>\n<li>\n\t\t\t\t\t<b>Szafka g&oacute;rna<\/b> z p&oacute;\u0142k\u0105 dziel\u0105c\u0105 przestrze\u0144 na dwie strefy: G&oacute;rna: 20,3 cm, Dolna: 16,8 cm &ndash; idealna na czapki, szaliki, torby lub pude\u0142ka<\/li>\n<li>\n\t\t\t\t\t<b>G\u0142&oacute;wna komora <\/b>z dr\u0105\u017ckiem (129 cm wysoko\u015bci) i p&oacute;\u0142k\u0105 (20 cm wysoko\u015bci) &ndash; na p\u0142aszcze, kurtki, marynarki<\/li>\n<li>\n\t\t\t\t\t<b>Dolna szafka <\/b>z wewn\u0119trzn\u0105 p&oacute;\u0142k\u0105 &ndash; do przechowywania but&oacute;w lub wi\u0119kszych akcesori&oacute;w<\/li>\n<li>\n\t\t\t\t\t<b>Fronty<\/b> otwierane systemem <b>TIP-ON<\/b> &ndash; bezuchwytowe, minimalistyczne<\/li>\n<\/ul>\n<p>\n\t\t\t\t<b>2 x Wieszak HAGA 1W<\/b><\/p>\n<ul>\n<li>\n\t\t\t\t\t<b>Szafka g&oacute;rna<\/b> z p&oacute;\u0142k\u0105 dziel\u0105c\u0105 przestrze\u0144 na dwie strefy: G&oacute;rna: 20,3 cm, Dolna: 16,8 cm &ndash; idealna na czapki, szaliki, torby lub pude\u0142ka<\/li>\n<li>\n\t\t\t\t\t<b>Tapicerowane siedzisko<\/b> &ndash; wygodne miejsce do zak\u0142adania obuwia<\/li>\n<li>\n\t\t\t\t\t<b>Szafka dolna<\/b> z p&oacute;\u0142k\u0105 &ndash; idealna na buty lub przedmioty codziennego u\u017cytku<\/li>\n<li>\n\t\t\t\t\t<b>3 czarne haczyki<\/b> na kurtki, torby i dodatki<\/li>\n<li>\n\t\t\t\t\t<b>Tapicerowany panel oparcia<\/b><\/li>\n<li>\n\t\t\t\t\t<b>Fronty<\/b> otwierane systemem <b>TIP-ON<\/b> &ndash; bezuchwytowe, minimalistyczne<\/li>\n<\/ul>\n<p>\n\t\t\t\tSeria mebli modu\u0142owych HAGA zosta\u0142a zaprojektowana tak, by umo\u017cliwi\u0107 dowolne zestawianie element&oacute;w &#8211;<b> w \u0142atwy spos&oacute;b mo\u017cna rozbudowa\u0107 lub modyfikowa\u0107 zestaw<\/b> o dodatkowe \/ inne modu\u0142y. Dzi\u0119ki temu mo\u017cna stworzy\u0107 w\u0142asny uk\u0142ad garderoby dostosowany do przestrzeni i potrzeb. <b>Zaprojektuj sw&oacute;j idealny przedpok&oacute;j.<\/b><\/p>\n<p>\n\t\t\t\t<b>W ofercie dost\u0119pne s\u0105 tak\u017ce mniejsze lub wi\u0119ksze warianty zestaw&oacute;w.<\/b><\/p>\n<p>\n\t\t\t\tStonowany <b>kolor kaszmir<\/b> wpisuje si\u0119 w najnowsze trendy wn\u0119trzarskie, wprowadzaj\u0105c do pomieszczenia ciep\u0142o i elegancj\u0119. Idealnie komponuje si\u0119 z jasnymi \u015bcianami, naturalnym drewnem czy loftowymi dodatkami.<\/p>\n<\/p>\n<p><strong>WYMIARY:<\/strong><\/p>\n<ul>\n<li>\n\t\t\tWysoko\u015b\u0107: 238 cm<\/li>\n<li>\n\t\t\tSzeroko\u015b\u0107: 200 cm (2szafy po 50 cm + 2 wieszaki 50 cm)<\/li>\n<li>\n\t\t\tG\u0142\u0119boko\u015b\u0107: 35 cm<\/li>\n<\/ul>\n<p>\t<strong>MATERIA\u0141:<\/strong><\/p>\n<ul>\n<li>\n\t\t\t<strong>Korpus<\/strong>: Laminowana p\u0142yta wi&oacute;rowa o grubo\u015bci 16 mm<\/li>\n<li>\n\t\t\t<strong>Fronty<\/strong>: G\u0142adkie, bezuchwytowe z systemem TIP-ON<\/li>\n<li>\n\t\t\t<strong>Haczyki:<\/strong> Plastikowe, w kolorze czarnym<\/li>\n<li>\n\t\t\t<b>Siedzicko i panel oparcia:<\/b> Tapicerowane, w kolorze be\u017cowym<\/li>\n<\/ul>\n<p>\t<strong>Monta\u017c i piel\u0119gnacja:<\/strong><\/p>\n<ul>\n<li>\n\t\tProdukt dostarczany w paczkach do samodzielnego monta\u017cu<\/li>\n<li>\n\t\tZestaw zawiera instrukcj\u0119 i akcesoria monta\u017cowe<\/li>\n<li>\n\t\tCzyszczenie: wilgotna \u015bciereczka, bez silnych detergent&oacute;w<\/li>\n<\/ul>\n<p>\n\t<em><strong data-end=\"82\" data-start=\"67\">Informacja:<\/strong><br data-end=\"85\" data-start=\"82\" \/><br \/>\n\tDok\u0142adamy wszelkich stara\u0144, aby kolory mebli prezentowane na zdj\u0119ciach by\u0142y odwzorowane mo\u017cliwie jak najdok\u0142adniej. Nale\u017cy jednak pami\u0119ta\u0107, \u017ce ich odbi&oacute;r mo\u017ce si\u0119 r&oacute;\u017cni\u0107 w zale\u017cno\u015bci od indywidualnych ustawie\u0144 monitora lub ekranu (takich jak jasno\u015b\u0107, kontrast, temperatura barwowa czy technologia wy\u015bwietlania). Rzeczywisty odcie\u0144 produktu mo\u017ce si\u0119 tak\u017ce r&oacute;\u017cni\u0107 w zale\u017cno\u015bci od warunk&oacute;w o\u015bwietleniowych.<br data-end=\"491\" data-is-only-node=\"\" data-start=\"488\" \/><br \/>\n\tEwentualne r&oacute;\u017cnice kolorystyczne nie wynikaj\u0105 z wady produktu.<\/em><\/p>\n","protected":false},"excerpt":{"rendered":"<p><strong>WYMIARY:<\/strong><\/p>\n<ul>\n<li>\n\t\t\tWysoko\u015b\u0107: 238 cm<\/li>\n<li>\n\t\t\tSzeroko\u015b\u0107: 200 cm (2szafy po 50 cm + 2 wieszaki 50 cm)<\/li>\n<li>\n\t\t\tG\u0142\u0119boko\u015b\u0107: 35 cm<\/li>\n<\/ul>\n<p>\t<strong>MATERIA\u0141:<\/strong><\/p>\n<ul>\n<li>\n\t\t\t<strong>Korpus<\/strong>: Laminowana p\u0142yta wi&oacute;rowa o grubo\u015bci 16 mm<\/li>\n<li>\n\t\t\t<strong>Fronty<\/strong>: G\u0142adkie, bezuchwytowe z systemem TIP-ON<\/li>\n<li>\n\t\t\t<strong>Haczyki:<\/strong> Plastikowe, w kolorze czarnym<\/li>\n<li>\n\t\t\t<b>Siedzicko i panel oparcia:<\/b> Tapicerowane, w kolorze be\u017cowym<\/li>\n<\/ul>\n<p>\t<strong>Monta\u017c i piel\u0119gnacja:<\/strong><\/p>\n<ul>\n<li>\n\t\tProdukt dostarczany w paczkach do samodzielnego monta\u017cu<\/li>\n<li>\n\t\tZestaw zawiera instrukcj\u0119 i akcesoria monta\u017cowe<\/li>\n<li>\n\t\tCzyszczenie: wilgotna \u015bciereczka, bez silnych detergent&oacute;w<\/li>\n<\/ul>\n<p>\n\t<em><strong data-end=\"82\" data-start=\"67\">Informacja:<\/strong><br data-end=\"85\" data-start=\"82\" \/><br \/>\n\tDok\u0142adamy wszelkich stara\u0144, aby kolory mebli prezentowane na zdj\u0119ciach by\u0142y odwzorowane mo\u017cliwie jak najdok\u0142adniej. Nale\u017cy jednak pami\u0119ta\u0107, \u017ce ich odbi&oacute;r mo\u017ce si\u0119 r&oacute;\u017cni\u0107 w zale\u017cno\u015bci od indywidualnych ustawie\u0144 monitora lub ekranu (takich jak jasno\u015b\u0107, kontrast, temperatura barwowa czy technologia wy\u015bwietlania). Rzeczywisty odcie\u0144 produktu mo\u017ce si\u0119 tak\u017ce r&oacute;\u017cni\u0107 w zale\u017cno\u015bci od warunk&oacute;w o\u015bwietleniowych.<br data-end=\"491\" data-is-only-node=\"\" data-start=\"488\" \/><br \/>\n\tEwentualne r&oacute;\u017cnice kolorystyczne nie wynikaj\u0105 z wady produktu.<\/em><\/p>\n","protected":false},"featured_media":1137,"template":"","meta":[],"product_brand":[64],"product_cat":[38],"product_tag":[],"class_list":{"0":"post-1136","1":"product","2":"type-product","3":"status-publish","4":"has-post-thumbnail","6":"product_brand-topeshop","7":"product_cat-garderoby","9":"first","10":"instock","11":"taxable","12":"shipping-taxable","13":"purchasable","14":"product-type-simple"},"_links":{"self":[{"href":"https:\/\/scandiso.pl\/index.php\/wp-json\/wp\/v2\/product\/1136","targetHints":{"allow":["GET"]}}],"collection":[{"href":"https:\/\/scandiso.pl\/index.php\/wp-json\/wp\/v2\/product"}],"about":[{"href":"https:\/\/scandiso.pl\/index.php\/wp-json\/wp\/v2\/types\/product"}],"wp:featuredmedia":[{"embeddable":true,"href":"https:\/\/scandiso.pl\/index.php\/wp-json\/wp\/v2\/media\/1137"}],"wp:attachment":[{"href":"https:\/\/scandiso.pl\/index.php\/wp-json\/wp\/v2\/media?parent=1136"}],"wp:term":[{"taxonomy":"product_brand","embeddable":true,"href":"https:\/\/scandiso.pl\/index.php\/wp-json\/wp\/v2\/product_brand?post=1136"},{"taxonomy":"product_cat","embeddable":true,"href":"https:\/\/scandiso.pl\/index.php\/wp-json\/wp\/v2\/product_cat?post=1136"},{"taxonomy":"product_tag","embeddable":true,"href":"https:\/\/scandiso.pl\/index.php\/wp-json\/wp\/v2\/product_tag?post=1136"}],"curies":[{"name":"wp","href":"https:\/\/api.w.org\/{rel}","templated":true}]}}