{"id":1160,"date":"2025-10-07T10:04:00","date_gmt":"2025-10-07T08:04:00","guid":{"rendered":"http:\/\/serwer372429.lh.pl\/autoinstalator\/serwer372429.lh.pl\/wordpress128121\/index.php\/product\/garderoba-opal-opal-bialy\/"},"modified":"2026-04-17T21:41:35","modified_gmt":"2026-04-17T19:41:35","slug":"garderoba-opal-opal-bialy","status":"publish","type":"product","link":"https:\/\/scandiso.pl\/index.php\/product\/garderoba-opal-opal-bialy\/","title":{"rendered":"Garderoba Opal OPAL BIA\u0141Y"},"content":{"rendered":"<p><strong>PRAKTYCZNY ZESTAW DO PRZEDPOKOJU WIESZAK Z LUSTREM + SZAFKA NA OBUWIE + SIEDZISKO<\/strong><\/p>\n<p>\t<strong>GARDEROBA OPAL<\/strong><\/p>\n<p>\t<strong>KOLOR: BIA\u0141Y MAT<\/strong><\/p>\n<p>\tNasza garderoba do przedpokoju sprawi, \u017ce przedpok&oacute;j b\u0119dzie funkcjonalny i wygodny.<\/p>\n<ul>\n<li>\n\t\t6 wieszak&oacute;w na odzie\u017c<\/li>\n<li>\n\t\tpraktyczna p&oacute;\u0142ka<\/li>\n<li>\n\t\tdu\u017ce lustro<\/li>\n<li>\n\t\twysoko\u015b\u0107 wieszaka reguluj\u0105 Pa\u0144stwo wedle w\u0142asnego uznania<\/li>\n<li>\n\t\twygodne uchwyty do otwierana drzwiczek<\/li>\n<li>\n\t\tszafka na buty, 8-9 par<\/li>\n<li>\n\t\twygodne siedzisko<\/li>\n<li>\n\t\tstaranna jako\u015b\u0107 wykonania<\/li>\n<li>\n\t\tpolski producent<\/li>\n<\/ul>\n<p><strong>Wymiary szafki:<\/strong><\/p>\n<p>\tSzeroko\u015b\u0107: 85 cm<\/p>\n<p>\tWysoko\u015b\u0107: 45 cm<\/p>\n<p>\tG\u0142\u0119boko\u015b\u0107: 35 cm<\/p>\n<p>\t<strong>Wymiary wieszaka:<\/strong><\/p>\n<p>\tSzeroko\u015b\u0107: 85 cm<\/p>\n<p>\tWysoko\u015b\u0107: 82 cm<\/p>\n<p>\tG\u0142\u0119boko\u015b\u0107: 15 cm<\/p>\n<p>\t<strong>MATERIA\u0141:<\/strong><\/p>\n<p>\tKorpus i fronty&ndash; p\u0142yta wi&oacute;rowa laminowana<\/p>\n<p>\tUchwyt i haczyki &#8211; plastikowe w kolorze srebrnym<\/p>\n<p>\t<strong>U\u017cytkowanie:<\/strong><\/p>\n<p>\tPowierzchni\u0119 mebla czy\u015bci\u0107 przy pomocy mi\u0119kkiej szmatki. Unika\u0107 stosowania silnie dzia\u0142aj\u0105cych \u015brodk&oacute;w chemicznych.<\/p>\n<p>\t<strong>W opakowaniu:<\/strong><\/p>\n<p>\tInstrukcja monta\u017cu wraz ze wszystkimi potrzebnymi akcesoriami monta\u017cowymi.<\/p>\n<p>\tMeble s\u0105 fabrycznie zapakowane do samodzielnego monta\u017cu.<\/p>\n<p>\n\t\t<em><strong data-end=\"82\" data-start=\"67\">Informacja:<\/strong><\/em><\/p>\n<p>\n\t\t<em>Dok\u0142adamy wszelkich stara\u0144, aby kolory mebli prezentowane na zdj\u0119ciach by\u0142y odwzorowane mo\u017cliwie jak najdok\u0142adniej. Nale\u017cy jednak pami\u0119ta\u0107, \u017ce ich odbi&oacute;r mo\u017ce si\u0119 r&oacute;\u017cni\u0107 w zale\u017cno\u015bci od indywidualnych ustawie\u0144 monitora lub ekranu (takich jak jasno\u015b\u0107, kontrast, temperatura barwowa czy technologia wy\u015bwietlania). Rzeczywisty odcie\u0144 produktu mo\u017ce si\u0119 tak\u017ce r&oacute;\u017cni\u0107 w zale\u017cno\u015bci od warunk&oacute;w o\u015bwietleniowych.<br data-end=\"491\" data-is-only-node=\"\" data-start=\"488\" \/><br \/>\n\t\tEwentualne r&oacute;\u017cnice kolorystyczne nie wynikaj\u0105 z wady produktu.<\/em><\/p><\/p>\n","protected":false},"excerpt":{"rendered":"<p><strong>Wymiary szafki:<\/strong><\/p>\n<p>\tSzeroko\u015b\u0107: 85 cm<\/p>\n<p>\tWysoko\u015b\u0107: 45 cm<\/p>\n<p>\tG\u0142\u0119boko\u015b\u0107: 35 cm<\/p>\n<p>\t<strong>Wymiary wieszaka:<\/strong><\/p>\n<p>\tSzeroko\u015b\u0107: 85 cm<\/p>\n<p>\tWysoko\u015b\u0107: 82 cm<\/p>\n<p>\tG\u0142\u0119boko\u015b\u0107: 15 cm<\/p>\n<p>\t<strong>MATERIA\u0141:<\/strong><\/p>\n<p>\tKorpus i fronty&ndash; p\u0142yta wi&oacute;rowa laminowana<\/p>\n<p>\tUchwyt i haczyki &#8211; plastikowe w kolorze srebrnym<\/p>\n<p>\t<strong>U\u017cytkowanie:<\/strong><\/p>\n<p>\tPowierzchni\u0119 mebla czy\u015bci\u0107 przy pomocy mi\u0119kkiej szmatki. Unika\u0107 stosowania silnie dzia\u0142aj\u0105cych \u015brodk&oacute;w chemicznych.<\/p>\n<p>\t<strong>W opakowaniu:<\/strong><\/p>\n<p>\tInstrukcja monta\u017cu wraz ze wszystkimi potrzebnymi akcesoriami monta\u017cowymi.<\/p>\n<p>\tMeble s\u0105 fabrycznie zapakowane do samodzielnego monta\u017cu.<\/p>\n<p>\n\t\t<em><strong data-end=\"82\" data-start=\"67\">Informacja:<\/strong><\/em><\/p>\n<p>\n\t\t<em>Dok\u0142adamy wszelkich stara\u0144, aby kolory mebli prezentowane na zdj\u0119ciach by\u0142y odwzorowane mo\u017cliwie jak najdok\u0142adniej. Nale\u017cy jednak pami\u0119ta\u0107, \u017ce ich odbi&oacute;r mo\u017ce si\u0119 r&oacute;\u017cni\u0107 w zale\u017cno\u015bci od indywidualnych ustawie\u0144 monitora lub ekranu (takich jak jasno\u015b\u0107, kontrast, temperatura barwowa czy technologia wy\u015bwietlania). Rzeczywisty odcie\u0144 produktu mo\u017ce si\u0119 tak\u017ce r&oacute;\u017cni\u0107 w zale\u017cno\u015bci od warunk&oacute;w o\u015bwietleniowych.<br data-end=\"491\" data-is-only-node=\"\" data-start=\"488\" \/><br \/>\n\t\tEwentualne r&oacute;\u017cnice kolorystyczne nie wynikaj\u0105 z wady produktu.<\/em><\/p><\/p>\n","protected":false},"featured_media":1161,"template":"","meta":[],"product_brand":[64],"product_cat":[38],"product_tag":[],"class_list":{"0":"post-1160","1":"product","2":"type-product","3":"status-publish","4":"has-post-thumbnail","6":"product_brand-topeshop","7":"product_cat-garderoby","9":"first","10":"instock","11":"taxable","12":"shipping-taxable","13":"purchasable","14":"product-type-simple"},"_links":{"self":[{"href":"https:\/\/scandiso.pl\/index.php\/wp-json\/wp\/v2\/product\/1160","targetHints":{"allow":["GET"]}}],"collection":[{"href":"https:\/\/scandiso.pl\/index.php\/wp-json\/wp\/v2\/product"}],"about":[{"href":"https:\/\/scandiso.pl\/index.php\/wp-json\/wp\/v2\/types\/product"}],"wp:featuredmedia":[{"embeddable":true,"href":"https:\/\/scandiso.pl\/index.php\/wp-json\/wp\/v2\/media\/1161"}],"wp:attachment":[{"href":"https:\/\/scandiso.pl\/index.php\/wp-json\/wp\/v2\/media?parent=1160"}],"wp:term":[{"taxonomy":"product_brand","embeddable":true,"href":"https:\/\/scandiso.pl\/index.php\/wp-json\/wp\/v2\/product_brand?post=1160"},{"taxonomy":"product_cat","embeddable":true,"href":"https:\/\/scandiso.pl\/index.php\/wp-json\/wp\/v2\/product_cat?post=1160"},{"taxonomy":"product_tag","embeddable":true,"href":"https:\/\/scandiso.pl\/index.php\/wp-json\/wp\/v2\/product_tag?post=1160"}],"curies":[{"name":"wp","href":"https:\/\/api.w.org\/{rel}","templated":true}]}}