{"id":1216,"date":"2025-10-01T15:39:47","date_gmt":"2025-10-01T13:39:47","guid":{"rendered":"http:\/\/serwer372429.lh.pl\/autoinstalator\/serwer372429.lh.pl\/wordpress128121\/index.php\/product\/garderoba-szafa-wieszak-haga-ii-1sz1w-kaszmir-bez\/"},"modified":"2026-04-19T11:41:46","modified_gmt":"2026-04-19T09:41:46","slug":"garderoba-szafa-wieszak-haga-ii-1sz1w-kaszmir-bez","status":"publish","type":"product","link":"https:\/\/scandiso.pl\/index.php\/product\/garderoba-szafa-wieszak-haga-ii-1sz1w-kaszmir-bez\/","title":{"rendered":"Garderoba Szafa + Wieszak HAGA II 1Sz1W KASZMIR BE\u017b"},"content":{"rendered":"<p><strong>GARDEROBA DO PRZEDPOKOJU &#8211; SZAFA + WIESZAK + SIEDZISKO<\/strong><\/p>\n<p>\t<strong>SERIA: HAGA<\/strong><\/p>\n<p>\t<strong>MODEL: HAGA II 1SZ1W<\/strong><\/p>\n<p>\t<strong>KOLOR: KASZMIR<br \/>\n\t(ELEGANCKI I STYLOWY ODCIE\u0143 BE\u017bU)<\/strong><\/p>\n<p>\t<strong>Nowoczesna garderoba 2w1 &ndash; kompaktowa i funkcjonalna<\/strong><\/p>\n<p data-end=\"829\" data-start=\"485\">\n\t\t\t\tZestaw HAGA II 1SZ1W to po\u0142\u0105czenie dw&oacute;ch niezale\u017cnych, uzupe\u0142niaj\u0105cych si\u0119 modu\u0142&oacute;w: <strong data-end=\"603\" data-start=\"569\">pe\u0142nowymiarowej szafy HAGA 1SZ<\/strong> oraz <strong data-end=\"654\" data-start=\"609\">wieszaka z siedziskiem i szafkami HAGA 1W<\/strong>. Ten funkcjonalny uk\u0142ad zosta\u0142 zaprojektowany z my\u015bl\u0105 o wygodnym przechowywaniu ubra\u0144, obuwia oraz codziennych akcesori&oacute;w &ndash; idealny zar&oacute;wno do przedpokoju, jak i korytarza.<\/p>\n<p data-end=\"879\" data-start=\"831\">\n\t\t\t\tDzi\u0119ki przemy\u015blanej konstrukcji mebel oferuje:<\/p>\n<ul>\n<li data-end=\"879\" data-start=\"831\">\n\t\t\t\t\tzamykan\u0105 <strong data-end=\"911\" data-start=\"891\">szaf\u0119 z dr\u0105\u017ckiem<\/strong> na odzie\u017c wierzchni\u0105,<\/li>\n<li data-end=\"879\" data-start=\"831\">\n\t\t\t\t\t<strong data-end=\"981\" data-start=\"938\">tapicerowane siedzisko z szafk\u0105 na buty<\/strong>,<\/li>\n<li data-end=\"879\" data-start=\"831\">\n\t\t\t\t\t<strong data-end=\"1008\" data-start=\"987\">panel z haczykami<\/strong> na kurtki i torby,<\/li>\n<li data-end=\"879\" data-start=\"831\">\n\t\t\t\t\toraz <strong data-end=\"1066\" data-start=\"1037\">dwie pojemne szafki g&oacute;rne<\/strong> na sezonowe rzeczy.<\/li>\n<\/ul>\n<p data-end=\"1023\" data-start=\"728\">\n\t\t\t\tSeria mebli modu\u0142owych HAGA zosta\u0142a zaprojektowana tak, by umo\u017cliwi\u0107 dowolne zestawianie element&oacute;w &#8211;<strong> w \u0142atwy spos&oacute;b mo\u017cna rozbudowa\u0107 zestaw<\/strong> o dodatkowe modu\u0142y: Szaf\u0119 lub wieszak i stworzy\u0107 w\u0142asny uk\u0142ad garderoby dostosowany do przestrzeni i potrzeb.<\/p>\n<p>\t\t\tStonowany <strong>kolor kaszmir<\/strong> wpisuje si\u0119 w najnowsze trendy wn\u0119trzarskie, wprowadzaj\u0105c do pomieszczenia ciep\u0142o i elegancj\u0119. Idealnie komponuje si\u0119 z jasnymi \u015bcianami, naturalnym drewnem czy loftowymi dodatkami.<\/p>\n<p>\t\t\t<strong>Seria HAGA &#8211; Zaprojekuj sw&oacute;j idealny przedpok&oacute;j<\/strong><\/p>\n<p data-end=\"2598\" data-start=\"2414\">\n\t\t\t\tZestaw HAGA II 1SZ1W to tylko jedno z mo\u017cliwych po\u0142\u0105cze\u0144 w ramach kolekcji HAGA. Dzi\u0119ki modu\u0142owej konstrukcji meble mo\u017cna dowolnie \u0142\u0105czy\u0107, dopasowuj\u0105c uk\u0142ad do przestrzeni i potrzeb.<\/p>\n<p data-end=\"2770\" data-start=\"2600\">\n\t\t\t\tMo\u017cna dodatkowo dokupi\u0107 kolejne wieszaki lub szafy &#8211; kt&oacute;re pozwol\u0105 stworzy\u0107 w pe\u0142ni funkcjonaln\u0105 i sp&oacute;jn\u0105 <strong data-end=\"2767\" data-start=\"2739\">garderob\u0119 do przedpokoju <\/strong><strong data-end=\"2767\" data-start=\"2739\">dopasowan\u0105 do ka\u017cdego wn\u0119trza.<\/strong><\/p>\n<\/p>\n<p><strong>WYMIARY:<\/strong><\/p>\n<ul>\n<li data-end=\"1155\" data-start=\"1133\">\n\t\t\t<strong data-end=\"1146\" data-start=\"1133\">Wysoko\u015b\u0107:<\/strong> 238 cm<\/li>\n<li data-end=\"1155\" data-start=\"1133\">\n\t\t\t<strong data-end=\"1172\" data-start=\"1158\">Szeroko\u015b\u0107:<\/strong> 100 cm (2 x 50 cm)<\/li>\n<li data-end=\"1155\" data-start=\"1133\">\n\t\t\t<strong data-end=\"1210\" data-start=\"1196\">G\u0142\u0119boko\u015b\u0107:<\/strong> 35 cm<\/li>\n<\/ul>\n<p>\t\t\t<strong>Zawarto\u015b\u0107 zestawu HAGA II 1SZ1W:<\/strong><\/p>\n<p>\t\t\t<strong>Modu\u0142 szafy HAGA 1SZ:<\/strong><\/p>\n<ul>\n<li>\n\t\t\t\tG&oacute;rna szafka z wewn\u0119trzn\u0105 p&oacute;\u0142k\u0105:<\/p>\n<ol>\n<li>\n\t\t\t\t\t\tG&oacute;rna przestrze\u0144: 20,3 cm<\/li>\n<li>\n\t\t\t\t\t\tDolna przestrze\u0144: 16,8 cm<\/li>\n<\/ol>\n<\/li>\n<li>\n\t\t\t\tG\u0142&oacute;wna komora z dr\u0105\u017ckiem (129 cm) &ndash; na p\u0142aszcze, kurtki, koszule<\/li>\n<li>\n\t\t\t\tDolna szafka z p&oacute;\u0142k\u0105 &ndash; do przechowywania obuwia i akcesori&oacute;w<\/li>\n<li>\n\t\t\t\tFronty bez uchwyt&oacute;w, z systemem TIP-ON<\/li>\n<\/ul>\n<p>\t\t\t<strong>Modu\u0142 wieszaka HAGA 1W:<\/strong><\/p>\n<ul>\n<li>\n\t\t\t\tTapicerowane siedzisko z zamykan\u0105 doln\u0105 szafk\u0105 na buty<\/li>\n<li>\n\t\t\t\t3 czarne haczyki na odzie\u017c i torby<\/li>\n<li>\n\t\t\t\tTapicerowany panel tylni z mi\u0119kkim oparciem<\/li>\n<li>\n\t\t\t\tG&oacute;rna szafka z wewn\u0119trzn\u0105 p&oacute;\u0142k\u0105:<\/p>\n<ol>\n<li>\n\t\t\t\t\t\tG&oacute;rna przestrze\u0144: 20,3 cm<\/li>\n<li>\n\t\t\t\t\t\tDolna przestrze\u0144: 16,8 cm<\/li>\n<\/ol>\n<\/li>\n<li>\n\t\t\t\tFronty otwierane systemem TIP-ON &ndash; bez uchwyt&oacute;w<\/li>\n<\/ul>\n<p>\t<strong>MATERIA\u0141:<\/strong><\/p>\n<ul>\n<li>\n\t\t\t<strong>Korpus<\/strong>: Laminowana p\u0142yta wi&oacute;rowa o grubo\u015bci 16 mm<\/li>\n<li>\n\t\t\t<strong>Fronty<\/strong>: G\u0142adkie, bezuchwytowe z systemem TIP-ON<\/li>\n<li>\n\t\t\t<b>Siedzicko i panel oparcia:<\/b> Tapicerowane, w kolorze be\u017cowym<\/li>\n<li>\n\t\t\t<strong>Haczyki:<\/strong> Plastikowe, w kolorze czarnym<\/li>\n<\/ul>\n<p>\t<strong>Monta\u017c i piel\u0119gnacja:<\/strong><\/p>\n<ul>\n<li>\n\t\tProdukt dostarczany w paczkach do samodzielnego monta\u017cu<\/li>\n<li>\n\t\tZestaw zawiera instrukcj\u0119 i akcesoria monta\u017cowe<\/li>\n<li>\n\t\tCzyszczenie: wilgotna \u015bciereczka, bez silnych detergent&oacute;w<\/li>\n<\/ul>\n<p>\n\t<em><strong data-end=\"82\" data-start=\"67\">Informacja:<\/strong><br data-end=\"85\" data-start=\"82\" \/><br \/>\n\tDok\u0142adamy wszelkich stara\u0144, aby kolory mebli prezentowane na zdj\u0119ciach by\u0142y odwzorowane mo\u017cliwie jak najdok\u0142adniej. Nale\u017cy jednak pami\u0119ta\u0107, \u017ce ich odbi&oacute;r mo\u017ce si\u0119 r&oacute;\u017cni\u0107 w zale\u017cno\u015bci od indywidualnych ustawie\u0144 monitora lub ekranu (takich jak jasno\u015b\u0107, kontrast, temperatura barwowa czy technologia wy\u015bwietlania). Rzeczywisty odcie\u0144 produktu mo\u017ce si\u0119 tak\u017ce r&oacute;\u017cni\u0107 w zale\u017cno\u015bci od warunk&oacute;w o\u015bwietleniowych.<br data-end=\"491\" data-is-only-node=\"\" data-start=\"488\" \/><br \/>\n\tEwentualne r&oacute;\u017cnice kolorystyczne nie wynikaj\u0105 z wady produktu.<\/em><\/p>\n","protected":false},"excerpt":{"rendered":"<p><strong>WYMIARY:<\/strong><\/p>\n<ul>\n<li data-end=\"1155\" data-start=\"1133\">\n\t\t\t<strong data-end=\"1146\" data-start=\"1133\">Wysoko\u015b\u0107:<\/strong> 238 cm<\/li>\n<li data-end=\"1155\" data-start=\"1133\">\n\t\t\t<strong data-end=\"1172\" data-start=\"1158\">Szeroko\u015b\u0107:<\/strong> 100 cm (2 x 50 cm)<\/li>\n<li data-end=\"1155\" data-start=\"1133\">\n\t\t\t<strong data-end=\"1210\" data-start=\"1196\">G\u0142\u0119boko\u015b\u0107:<\/strong> 35 cm<\/li>\n<\/ul>\n<p>\t\t\t<strong>Zawarto\u015b\u0107 zestawu HAGA II 1SZ1W:<\/strong><\/p>\n<p>\t\t\t<strong>Modu\u0142 szafy HAGA 1SZ:<\/strong><\/p>\n<ul>\n<li>\n\t\t\t\tG&oacute;rna szafka z wewn\u0119trzn\u0105 p&oacute;\u0142k\u0105:<\/p>\n<ol>\n<li>\n\t\t\t\t\t\tG&oacute;rna przestrze\u0144: 20,3 cm<\/li>\n<li>\n\t\t\t\t\t\tDolna przestrze\u0144: 16,8 cm<\/li>\n<\/ol>\n<\/li>\n<li>\n\t\t\t\tG\u0142&oacute;wna komora z dr\u0105\u017ckiem (129 cm) &ndash; na p\u0142aszcze, kurtki, koszule<\/li>\n<li>\n\t\t\t\tDolna szafka z p&oacute;\u0142k\u0105 &ndash; do przechowywania obuwia i akcesori&oacute;w<\/li>\n<li>\n\t\t\t\tFronty bez uchwyt&oacute;w, z systemem TIP-ON<\/li>\n<\/ul>\n<p>\t\t\t<strong>Modu\u0142 wieszaka HAGA 1W:<\/strong><\/p>\n<ul>\n<li>\n\t\t\t\tTapicerowane siedzisko z zamykan\u0105 doln\u0105 szafk\u0105 na buty<\/li>\n<li>\n\t\t\t\t3 czarne haczyki na odzie\u017c i torby<\/li>\n<li>\n\t\t\t\tTapicerowany panel tylni z mi\u0119kkim oparciem<\/li>\n<li>\n\t\t\t\tG&oacute;rna szafka z wewn\u0119trzn\u0105 p&oacute;\u0142k\u0105:<\/p>\n<ol>\n<li>\n\t\t\t\t\t\tG&oacute;rna przestrze\u0144: 20,3 cm<\/li>\n<li>\n\t\t\t\t\t\tDolna przestrze\u0144: 16,8 cm<\/li>\n<\/ol>\n<\/li>\n<li>\n\t\t\t\tFronty otwierane systemem TIP-ON &ndash; bez uchwyt&oacute;w<\/li>\n<\/ul>\n<p>\t<strong>MATERIA\u0141:<\/strong><\/p>\n<ul>\n<li>\n\t\t\t<strong>Korpus<\/strong>: Laminowana p\u0142yta wi&oacute;rowa o grubo\u015bci 16 mm<\/li>\n<li>\n\t\t\t<strong>Fronty<\/strong>: G\u0142adkie, bezuchwytowe z systemem TIP-ON<\/li>\n<li>\n\t\t\t<b>Siedzicko i panel oparcia:<\/b> Tapicerowane, w kolorze be\u017cowym<\/li>\n<li>\n\t\t\t<strong>Haczyki:<\/strong> Plastikowe, w kolorze czarnym<\/li>\n<\/ul>\n<p>\t<strong>Monta\u017c i piel\u0119gnacja:<\/strong><\/p>\n<ul>\n<li>\n\t\tProdukt dostarczany w paczkach do samodzielnego monta\u017cu<\/li>\n<li>\n\t\tZestaw zawiera instrukcj\u0119 i akcesoria monta\u017cowe<\/li>\n<li>\n\t\tCzyszczenie: wilgotna \u015bciereczka, bez silnych detergent&oacute;w<\/li>\n<\/ul>\n<p>\n\t<em><strong data-end=\"82\" data-start=\"67\">Informacja:<\/strong><br data-end=\"85\" data-start=\"82\" \/><br \/>\n\tDok\u0142adamy wszelkich stara\u0144, aby kolory mebli prezentowane na zdj\u0119ciach by\u0142y odwzorowane mo\u017cliwie jak najdok\u0142adniej. Nale\u017cy jednak pami\u0119ta\u0107, \u017ce ich odbi&oacute;r mo\u017ce si\u0119 r&oacute;\u017cni\u0107 w zale\u017cno\u015bci od indywidualnych ustawie\u0144 monitora lub ekranu (takich jak jasno\u015b\u0107, kontrast, temperatura barwowa czy technologia wy\u015bwietlania). Rzeczywisty odcie\u0144 produktu mo\u017ce si\u0119 tak\u017ce r&oacute;\u017cni\u0107 w zale\u017cno\u015bci od warunk&oacute;w o\u015bwietleniowych.<br data-end=\"491\" data-is-only-node=\"\" data-start=\"488\" \/><br \/>\n\tEwentualne r&oacute;\u017cnice kolorystyczne nie wynikaj\u0105 z wady produktu.<\/em><\/p>\n","protected":false},"featured_media":1217,"template":"","meta":[],"product_brand":[64],"product_cat":[38],"product_tag":[],"class_list":{"0":"post-1216","1":"product","2":"type-product","3":"status-publish","4":"has-post-thumbnail","6":"product_brand-topeshop","7":"product_cat-garderoby","9":"first","10":"instock","11":"taxable","12":"shipping-taxable","13":"purchasable","14":"product-type-simple"},"_links":{"self":[{"href":"https:\/\/scandiso.pl\/index.php\/wp-json\/wp\/v2\/product\/1216","targetHints":{"allow":["GET"]}}],"collection":[{"href":"https:\/\/scandiso.pl\/index.php\/wp-json\/wp\/v2\/product"}],"about":[{"href":"https:\/\/scandiso.pl\/index.php\/wp-json\/wp\/v2\/types\/product"}],"wp:featuredmedia":[{"embeddable":true,"href":"https:\/\/scandiso.pl\/index.php\/wp-json\/wp\/v2\/media\/1217"}],"wp:attachment":[{"href":"https:\/\/scandiso.pl\/index.php\/wp-json\/wp\/v2\/media?parent=1216"}],"wp:term":[{"taxonomy":"product_brand","embeddable":true,"href":"https:\/\/scandiso.pl\/index.php\/wp-json\/wp\/v2\/product_brand?post=1216"},{"taxonomy":"product_cat","embeddable":true,"href":"https:\/\/scandiso.pl\/index.php\/wp-json\/wp\/v2\/product_cat?post=1216"},{"taxonomy":"product_tag","embeddable":true,"href":"https:\/\/scandiso.pl\/index.php\/wp-json\/wp\/v2\/product_tag?post=1216"}],"curies":[{"name":"wp","href":"https:\/\/api.w.org\/{rel}","templated":true}]}}