{"id":1224,"date":"2025-10-07T10:04:02","date_gmt":"2025-10-07T08:04:02","guid":{"rendered":"http:\/\/serwer372429.lh.pl\/autoinstalator\/serwer372429.lh.pl\/wordpress128121\/index.php\/product\/garderoba-szafa-haga-1sz-kaszmir-bez\/"},"modified":"2026-04-17T18:46:28","modified_gmt":"2026-04-17T16:46:28","slug":"garderoba-szafa-haga-1sz-kaszmir-bez","status":"publish","type":"product","link":"https:\/\/scandiso.pl\/index.php\/product\/garderoba-szafa-haga-1sz-kaszmir-bez\/","title":{"rendered":"Garderoba Szafa HAGA 1SZ KASZMIR BE\u017b"},"content":{"rendered":"<p><strong>SZAFA DO PRZEDPOKOJU &#8211; STYL I FUNKCJONALNO\u015a\u0106 <\/strong><\/p>\n<p><strong>SERIA: HAGA<\/strong><\/p>\n<p><strong>MODEL: HAGA 1SZ<\/strong><\/p>\n<p><strong>KOLOR: KASZMIR<br \/>\n(ELEGANCKI I STYLOWY ODCIE\u0143 BE\u017bU)<\/strong><\/p>\n<p>Szafa HAGA 1SZ to praktyczne i estetyczne rozwi\u0105zanie stworzone z my\u015bl\u0105 o nowoczesnych przedpokojach. Dzi\u0119ki swojej kompaktowej formie i modu\u0142owej konstrukcji \u0142\u0105czy trzy funkcjonalne strefy w jednym, sp\u00f3jnym meblu:<\/p>\n<ul>\n<li><strong>pojemn\u0105 szafk\u0119 doln\u0105<\/strong><\/li>\n<li><strong>przestronn\u0105 szaf\u0119 g\u0142\u00f3wn\u0105 na odzie\u017c wierzchni\u0105,<\/strong><\/li>\n<li><strong>oraz szafk\u0119 g\u00f3rn\u0105 na dodatkowe akcesoria.<\/strong><\/li>\n<\/ul>\n<p>Seria mebli modu\u0142owych HAGA zosta\u0142a zaprojektowana tak, by umo\u017cliwi\u0107 dowolne zestawianie element\u00f3w &#8211;<strong> w \u0142atwy spos\u00f3b mo\u017cna rozbudowa\u0107 zestaw<\/strong> o dodatkowe modu\u0142y, np. wieszak, i stworzy\u0107 w\u0142asny uk\u0142ad garderoby dostosowany do przestrzeni i potrzeb.<\/p>\n<p>Stonowany <strong>kolor kaszmir<\/strong> wpisuje si\u0119 w najnowsze trendy wn\u0119trzarskie, wprowadzaj\u0105c do pomieszczenia ciep\u0142o i elegancj\u0119. Idealnie komponuje si\u0119 z jasnymi \u015bcianami, naturalnym drewnem czy loftowymi dodatkami.<\/p>\n<p><strong>Seria HAGA &#8211; Zaprojekuj sw\u00f3j idealny przedpok\u00f3j<\/strong><\/p>\n<p>Szafa HAGA 1SZ to tylko jeden z element\u00f3w serii mebli <strong>HAGA do przedpokoju<\/strong>. W ofercie dost\u0119pny jest r\u00f3wnie\u017c dopasowany wieszak.<\/p>\n<p>Zach\u0119camy do \u0142\u0105czenia mebli z serii HAGA wed\u0142ug w\u0142asnych potrzeb &#8211; stw\u00f3rz funkcjonaln\u0105 i sp\u00f3jn\u0105 przestrze\u0144 wej\u015bciow\u0105 idealnie dopasowan\u0105 do Twojego wn\u0119trza.<\/p>\n<p><strong>WYMIARY:<\/strong><\/p>\n<ul>\n<li>Wysoko\u015b\u0107 ca\u0142kowita: 238 cm<\/li>\n<li>Szeroko\u015b\u0107: 50 cm<\/li>\n<li>G\u0142\u0119boko\u015b\u0107: 35 cm<\/li>\n<\/ul>\n<p><strong>(Elementy wchodz\u0105ce w sk\u0142ad szafy HAGA 1SZ:)<\/strong><\/p>\n<ul>\n<li>Szafka dolna: 42 cm wysoko\u015bci<\/li>\n<li>Szafa g\u0142\u00f3wna: 154 cm wysoko\u015bci<\/li>\n<li>Szafka g\u00f3rna: 42 cm wysoko\u015bci<\/li>\n<\/ul>\n<p><strong>Szczeg\u00f3\u0142y techniczne i uk\u0142ad wn\u0119trza:<\/strong><\/p>\n<p><strong>Dolna cz\u0119\u015b\u0107 &#8211; szafka dolna<\/strong><\/p>\n<ul>\n<li>Przestrze\u0144 do przechowywania obuwia i akcesori\u00f3w<\/li>\n<li>Praktyczne p\u00f3\u0142ki<\/li>\n<li>G\u0142adki front z systemem TIP-ON<\/li>\n<\/ul>\n<p><strong>\u015arodkowa cz\u0119\u015b\u0107 \u2013 szafa g\u0142\u00f3wna<\/strong><\/p>\n<ul>\n<li>G\u00f3rna p\u00f3\u0142ka (20 cm) \u2013 na czapki, szaliki i dodatki<\/li>\n<li>G\u0142\u00f3wna komora (129 cm) \u2013 na kurtki, p\u0142aszcze i torby<\/li>\n<li>Bezuchwytowy front z systemem TIP-ON<\/li>\n<\/ul>\n<p><strong>G\u00f3rna cz\u0119\u015b\u0107 \u2013 szafka g\u00f3rna<\/strong><\/p>\n<ul>\n<li>Wewn\u0119trzna p\u00f3\u0142ka dzieli przestrze\u0144 na dwie strefy:<\/li>\n<\/ul>\n<ol>\n<li>G\u00f3rna: 20,3 cm<\/li>\n<li>Dolna: 16,8 cm<\/li>\n<\/ol>\n<ul>\n<li>Idealna na sezonowe lub rzadziej u\u017cywane przedmioty<\/li>\n<\/ul>\n<p><strong>MATERIA\u0141:<\/strong><\/p>\n<ul>\n<li><strong>Korpus<\/strong>: Laminowana p\u0142yta wi\u00f3rowa 16 mm<\/li>\n<li><strong>Fronty<\/strong>: G\u0142adkie, bezuchwytowe z systemem TIP-ON<\/li>\n<\/ul>\n<p><strong>Monta\u017c i piel\u0119gnacja:<\/strong><\/p>\n<ul>\n<li>Produkt dostarczany w paczkach do samodzielnego monta\u017cu<\/li>\n<li>Zestaw zawiera instrukcj\u0119 i akcesoria monta\u017cowe<\/li>\n<li>Czyszczenie: wilgotna \u015bciereczka, bez silnych detergent\u00f3w<\/li>\n<\/ul>\n<p><em><strong data-end=\"82\" data-start=\"67\">Informacja:<\/strong><\/em><\/p>\n<p><em>Dok\u0142adamy wszelkich stara\u0144, aby kolory mebli prezentowane na zdj\u0119ciach by\u0142y odwzorowane mo\u017cliwie jak najdok\u0142adniej. Nale\u017cy jednak pami\u0119ta\u0107, \u017ce ich odbi\u00f3r mo\u017ce si\u0119 r\u00f3\u017cni\u0107 w zale\u017cno\u015bci od indywidualnych ustawie\u0144 monitora lub ekranu (takich jak jasno\u015b\u0107, kontrast, temperatura barwowa czy technologia wy\u015bwietlania). Rzeczywisty odcie\u0144 produktu mo\u017ce si\u0119 tak\u017ce r\u00f3\u017cni\u0107 w zale\u017cno\u015bci od warunk\u00f3w o\u015bwietleniowych.<br data-end=\"491\" data-is-only-node=\"\" data-start=\"488\" \/>Ewentualne r\u00f3\u017cnice kolorystyczne nie wynikaj\u0105 z wady produktu.<\/em><\/p>\n","protected":false},"excerpt":{"rendered":"<p><strong>WYMIARY:<\/strong><\/p>\n<ul>\n<li>Wysoko\u015b\u0107 ca\u0142kowita: 238 cm<\/li>\n<li>Szeroko\u015b\u0107: 50 cm<\/li>\n<li>G\u0142\u0119boko\u015b\u0107: 35 cm<\/li>\n<\/ul>\n<p><strong>(Elementy wchodz\u0105ce w sk\u0142ad szafy HAGA 1SZ:)<\/strong><\/p>\n<ul>\n<li>Szafka dolna: 42 cm wysoko\u015bci<\/li>\n<li>Szafa g\u0142\u00f3wna: 154 cm wysoko\u015bci<\/li>\n<li>Szafka g\u00f3rna: 42 cm wysoko\u015bci<\/li>\n<\/ul>\n<p><strong>Szczeg\u00f3\u0142y techniczne i uk\u0142ad wn\u0119trza:<\/strong><\/p>\n<p><strong>Dolna cz\u0119\u015b\u0107 &#8211; szafka dolna<\/strong><\/p>\n<ul>\n<li>Przestrze\u0144 do przechowywania obuwia i akcesori\u00f3w<\/li>\n<li>Praktyczne p\u00f3\u0142ki<\/li>\n<li>G\u0142adki front z systemem TIP-ON<\/li>\n<\/ul>\n<p><strong>\u015arodkowa cz\u0119\u015b\u0107 \u2013 szafa g\u0142\u00f3wna<\/strong><\/p>\n<ul>\n<li>G\u00f3rna p\u00f3\u0142ka (20 cm) \u2013 na czapki, szaliki i dodatki<\/li>\n<li>G\u0142\u00f3wna komora (129 cm) \u2013 na kurtki, p\u0142aszcze i torby<\/li>\n<li>Bezuchwytowy front z systemem TIP-ON<\/li>\n<\/ul>\n<p><strong>G\u00f3rna cz\u0119\u015b\u0107 \u2013 szafka g\u00f3rna<\/strong><\/p>\n<ul>\n<li>Wewn\u0119trzna p\u00f3\u0142ka dzieli przestrze\u0144 na dwie strefy:<\/li>\n<\/ul>\n<ol>\n<li>G\u00f3rna: 20,3 cm<\/li>\n<li>Dolna: 16,8 cm<\/li>\n<\/ol>\n<ul>\n<li>Idealna na sezonowe lub rzadziej u\u017cywane przedmioty<\/li>\n<\/ul>\n<p><strong>MATERIA\u0141:<\/strong><\/p>\n<ul>\n<li><strong>Korpus<\/strong>: Laminowana p\u0142yta wi\u00f3rowa 16 mm<\/li>\n<li><strong>Fronty<\/strong>: G\u0142adkie, bezuchwytowe z systemem TIP-ON<\/li>\n<\/ul>\n<p><strong>Monta\u017c i piel\u0119gnacja:<\/strong><\/p>\n<ul>\n<li>Produkt dostarczany w paczkach do samodzielnego monta\u017cu<\/li>\n<li>Zestaw zawiera instrukcj\u0119 i akcesoria monta\u017cowe<\/li>\n<li>Czyszczenie: wilgotna \u015bciereczka, bez silnych detergent\u00f3w<\/li>\n<\/ul>\n<p><em><strong data-end=\"82\" data-start=\"67\">Informacja:<\/strong><\/em><\/p>\n<p><em>Dok\u0142adamy wszelkich stara\u0144, aby kolory mebli prezentowane na zdj\u0119ciach by\u0142y odwzorowane mo\u017cliwie jak najdok\u0142adniej. Nale\u017cy jednak pami\u0119ta\u0107, \u017ce ich odbi\u00f3r mo\u017ce si\u0119 r\u00f3\u017cni\u0107 w zale\u017cno\u015bci od indywidualnych ustawie\u0144 monitora lub ekranu (takich jak jasno\u015b\u0107, kontrast, temperatura barwowa czy technologia wy\u015bwietlania). Rzeczywisty odcie\u0144 produktu mo\u017ce si\u0119 tak\u017ce r\u00f3\u017cni\u0107 w zale\u017cno\u015bci od warunk\u00f3w o\u015bwietleniowych.<br data-end=\"491\" data-is-only-node=\"\" data-start=\"488\" \/>Ewentualne r\u00f3\u017cnice kolorystyczne nie wynikaj\u0105 z wady produktu.<\/em><\/p>\n","protected":false},"featured_media":1225,"template":"","meta":[],"product_brand":[64],"product_cat":[38],"product_tag":[],"class_list":{"0":"post-1224","1":"product","2":"type-product","3":"status-publish","4":"has-post-thumbnail","6":"product_brand-topeshop","7":"product_cat-garderoby","9":"first","10":"instock","11":"taxable","12":"shipping-taxable","13":"purchasable","14":"product-type-simple"},"_links":{"self":[{"href":"https:\/\/scandiso.pl\/index.php\/wp-json\/wp\/v2\/product\/1224","targetHints":{"allow":["GET"]}}],"collection":[{"href":"https:\/\/scandiso.pl\/index.php\/wp-json\/wp\/v2\/product"}],"about":[{"href":"https:\/\/scandiso.pl\/index.php\/wp-json\/wp\/v2\/types\/product"}],"wp:featuredmedia":[{"embeddable":true,"href":"https:\/\/scandiso.pl\/index.php\/wp-json\/wp\/v2\/media\/1225"}],"wp:attachment":[{"href":"https:\/\/scandiso.pl\/index.php\/wp-json\/wp\/v2\/media?parent=1224"}],"wp:term":[{"taxonomy":"product_brand","embeddable":true,"href":"https:\/\/scandiso.pl\/index.php\/wp-json\/wp\/v2\/product_brand?post=1224"},{"taxonomy":"product_cat","embeddable":true,"href":"https:\/\/scandiso.pl\/index.php\/wp-json\/wp\/v2\/product_cat?post=1224"},{"taxonomy":"product_tag","embeddable":true,"href":"https:\/\/scandiso.pl\/index.php\/wp-json\/wp\/v2\/product_tag?post=1224"}],"curies":[{"name":"wp","href":"https:\/\/api.w.org\/{rel}","templated":true}]}}