{"id":13199,"date":"2025-11-15T08:05:49","date_gmt":"2025-11-15T07:05:49","guid":{"rendered":"https:\/\/scandiso.pl\/index.php\/product\/toaletka-kosmetyczna-z-lustrem-t-6-sl-500x600-prawa-biala\/"},"modified":"2026-04-17T15:48:01","modified_gmt":"2026-04-17T13:48:01","slug":"toaletka-kosmetyczna-z-lustrem-t-6-sl-500x600-prawa-biala","status":"publish","type":"product","link":"https:\/\/scandiso.pl\/index.php\/product\/toaletka-kosmetyczna-z-lustrem-t-6-sl-500x600-prawa-biala\/","title":{"rendered":"TOALETKA KOSMETYCZNA Z LUSTREM T-6\/SL 500&#215;600 PRAWA BIA\u0141A"},"content":{"rendered":"<p style=\"margin-bottom:0cm;line-height:100%\">Toaletka to nowo\u015b\u0107 w naszej ofercie. Szukaj\u0105c kompletnych rozwi\u0105za\u0144 dla sypialni stworzyli\u015bmy now\u0105 gam\u0119 produkt\u00f3w przeznaczon\u0105 przede wszystkim dla Pa\u0144. Stoliki z lustrem to rozwi\u0105zanie dla os\u00f3b ceni\u0105cych sobie wygod\u0119 u\u017cytkowania przestrzeni w meblu oraz walory estetyczne. W modelu T-6\/SL z lustrem o wymiarach 500&#215;600, m\u0142oda kobieta zaczynaj\u0105ca swoj\u0105 przygod\u0119 z makija\u017cem bez problemu zrobi make up. Lustro jest na tyle du\u017ce, \u017ce obejmuje ca\u0142\u0105 sylwetk\u0119 osoby siedz\u0105cej. Bia\u0142a toaletka natomiast zapewni \u0142atwo\u015b\u0107 w dopasowaniu do ka\u017cdego koloru pomieszczenia.\u00a0<\/p>\n<p style=\"margin-bottom:0cm;line-height:100%\"><img fetchpriority=\"high\" decoding=\"async\" src=\"https:\/\/sklep.akord.net.pl\/img\/cms\/Toaletki\/T6\/Prawa\/500x600\/toaletka%20z%20lustrem%20T-6%20prawa%20500x600%20wymiary.jpg\" alt=\"\" width=\"4403\" height=\"3983\" \/><\/p>\n<p>Posiadanie toaletki to marzenie niejednej kobiety. Tymczasem stworzenie k\u0105cika dla urody posiada wi\u0119cej zalet, ni\u017c mog\u0142oby si\u0119 wydawa\u0107. Po pierwsze toaletka to spos\u00f3b na wysoce praktyczne wykorzystanie wolnej przestrzeni. Dodatkowo pozwala to na wyznaczenie okre\u015blonej strefy do piel\u0119gnacji i u\u0142atwia utrzymanie porz\u0105dku w domu. Toaletka znacznie u\u0142atwi czynno\u015bci piel\u0119gnacyjne nie tylko szcz\u0119\u015bliwej posiadaczce toaletki, ale r\u00f3wnie\u017c pozosta\u0142ym domownikom korzystaj\u0105cym w tym samym czasie z \u0142azienki. Idealna toaletka powinna by\u0107 jednocze\u015bnie praktyczna i estetyczna. Polecamy wyb\u00f3r toaletki z lustrem z naszej oferty. Bia\u0142y kolor sprawia, \u017ce mebel z \u0142atwo\u015bci\u0105 dopasuje si\u0119 do wielu aran\u017cacji. Toaletka mo\u017ce pe\u0142ni\u0107 podw\u00f3jn\u0105 funkcj\u0119 &#8211; w ci\u0105gu dnia z \u0142atwo\u015bci\u0105 mo\u017ce przeistoczy\u0107 si\u0119 w miejsce pracy lub nauki, co pozwala na dodatkowe zaoszcz\u0119dzenie cennej przestrzeni. Toaletka sprawdzi si\u0119 zar\u00f3wno w sypialni, jak i w pokoju ka\u017cdej nastolatki, jak i m\u0142odszej dziewczynki, kt\u00f3ra z pewno\u015bci\u0105 b\u0119dzie zachwycona z takiego elementu wystroju swojego pokoju.<\/p>\n","protected":false},"excerpt":{"rendered":"<p>Bia\u0142a toaletka z lustrem o oznaczeniu kodowym T-6\/SL z systemu CLP.<\/p>\n<p>Nowoczesne i praktyczne podej\u015bcie do tematu piel\u0119gnacji i makija\u017cu.<\/p>\n<p>Toaletka to biurko A-6 oraz dodatkowa szuflada wraz z panelem lustra.<\/p>\n","protected":false},"featured_media":13186,"template":"","meta":[],"product_brand":[57],"product_cat":[53],"product_tag":[],"class_list":{"0":"post-13199","1":"product","2":"type-product","3":"status-publish","4":"has-post-thumbnail","6":"product_brand-akord-furniture-factory","7":"product_cat-toaletki","9":"first","10":"instock","11":"taxable","12":"shipping-taxable","13":"purchasable","14":"product-type-simple"},"_links":{"self":[{"href":"https:\/\/scandiso.pl\/index.php\/wp-json\/wp\/v2\/product\/13199","targetHints":{"allow":["GET"]}}],"collection":[{"href":"https:\/\/scandiso.pl\/index.php\/wp-json\/wp\/v2\/product"}],"about":[{"href":"https:\/\/scandiso.pl\/index.php\/wp-json\/wp\/v2\/types\/product"}],"wp:featuredmedia":[{"embeddable":true,"href":"https:\/\/scandiso.pl\/index.php\/wp-json\/wp\/v2\/media\/13186"}],"wp:attachment":[{"href":"https:\/\/scandiso.pl\/index.php\/wp-json\/wp\/v2\/media?parent=13199"}],"wp:term":[{"taxonomy":"product_brand","embeddable":true,"href":"https:\/\/scandiso.pl\/index.php\/wp-json\/wp\/v2\/product_brand?post=13199"},{"taxonomy":"product_cat","embeddable":true,"href":"https:\/\/scandiso.pl\/index.php\/wp-json\/wp\/v2\/product_cat?post=13199"},{"taxonomy":"product_tag","embeddable":true,"href":"https:\/\/scandiso.pl\/index.php\/wp-json\/wp\/v2\/product_tag?post=13199"}],"curies":[{"name":"wp","href":"https:\/\/api.w.org\/{rel}","templated":true}]}}