{"id":13214,"date":"2025-11-15T08:05:58","date_gmt":"2025-11-15T07:05:58","guid":{"rendered":"https:\/\/scandiso.pl\/index.php\/product\/toaletka-kosmetyczna-z-lustrem-t-6-sl-900x600-prawa-pk-biala\/"},"modified":"2026-04-17T13:04:51","modified_gmt":"2026-04-17T11:04:51","slug":"toaletka-kosmetyczna-z-lustrem-t-6-sl-900x600-prawa-pk-biala","status":"publish","type":"product","link":"https:\/\/scandiso.pl\/index.php\/product\/toaletka-kosmetyczna-z-lustrem-t-6-sl-900x600-prawa-pk-biala\/","title":{"rendered":"TOALETKA KOSMETYCZNA Z LUSTREM T-6\/SL 900&#215;600 PRAWA PK BIA\u0141A"},"content":{"rendered":"<p>Po\u0142\u0105cz estetyk\u0119 i praktyczno\u015b\u0107 w jeden mebel! Toaletka to po\u0142\u0105czenie konsoli z szufladami oraz lustra o du\u017cym wymiarze. Bia\u0142a konsola posiadaj\u0105ca 4 szuflady to baza naszego produktu. Szuflady pomieszcz\u0105 du\u017ca ilo\u015b\u0107 potrzebnych w codziennym u\u017cytku p\u0119dzli, szminek, podk\u0142ad\u00f3w oraz innych rzeczy potrzebnych ka\u017cdej kobiecie. Jako producent oferujemy produkt w bezkonkurencyjnej cenie co czyni go niezwykle atrakcyjnym. Styl nowoczesny przypadnie do gustu zar\u00f3wno m\u0142odej dziewczynie jak i kobiecie w \u015brednim wieku.\u00a0<\/p>\n<p><img fetchpriority=\"high\" decoding=\"async\" src=\"https:\/\/sklep.akord.net.pl\/img\/cms\/Toaletki\/T6\/Prawa\/900x600\/toaletka%20z%20lustrem%20T-6%20prawa%20900x600%20wymiary.jpg\" alt=\"\" width=\"4664\" height=\"3983\" \/><\/p>\n<p>Toaletka kosmetyczna z lustrem to doskona\u0142y mebel do wykonywania makija\u017cu. Toaletka posiada funkcjonalny blat, na kt\u00f3rym mo\u017cna wy\u0142o\u017cy\u0107 najpotrzebniejsze rzeczy oraz cztery pojemne szuflady, kt\u00f3re pomieszcz\u0105 wszystkie drobiazgi. W zestawie z dopasowanym rozmiarem lustrem toaletka stwarza idealne warunki do wykonywania makija\u017cu, a codzienna kobieca rutyna od tej pory sprawi du\u017co wi\u0119cej przyjemno\u015bci. Odpowiednie wymiary toaletki (77 cm wysoko\u015bci, 90 cm szeroko\u015bci, 50 cm g\u0142\u0119boko\u015bci) zapewniaj\u0105 komfortowe przemieszczanie si\u0119 oraz korzystanie z toaletki. Obszerne lustro (60 cm na 90 cm) pozwoli na precyzyjne wykonanie nawet najbardziej skomplikowanych zabieg\u00f3w piel\u0119gnacyjnych. Zestaw ten sprawdzi si\u0119 nawet w niewielkiej przestrzeni. Toaletka wykonana zosta\u0142a z wytrzyma\u0142ej, odpornej na \u015bcieranie i uszkodzenia p\u0142yty laminowanej, a neutralny, modny bia\u0142y kolor sprawia, \u017ce dopasuje si\u0119 do ka\u017cdego wn\u0119trza. Idealny mebel do sypialni lub innego pomieszczenia, kt\u00f3ry ucieszy ka\u017cd\u0105 dbaj\u0105c\u0105 o urod\u0119 kobiet\u0119.<\/p>\n","protected":false},"excerpt":{"rendered":"<p>Toaletka bia\u0142a z lustrem do makija\u017cu o oznaczeniu kodowym T-6\/SL 900&#215;600 z systemu CLP.<\/p>\n<p>Make up i makija\u017c stan\u0105 si\u0119 du\u017co przyjemniejsze. Du\u017ce lustro zajmuj\u0105ce obszar r\u00f3wny z blatem konsoli to zdecydowany plus daj\u0105cy swobod\u0119 poruszania si\u0119 przy toaletce.<\/p>\n","protected":false},"featured_media":13203,"template":"","meta":[],"product_brand":[57],"product_cat":[53],"product_tag":[],"class_list":{"0":"post-13214","1":"product","2":"type-product","3":"status-publish","4":"has-post-thumbnail","6":"product_brand-akord-furniture-factory","7":"product_cat-toaletki","9":"first","10":"instock","11":"taxable","12":"shipping-taxable","13":"purchasable","14":"product-type-simple"},"_links":{"self":[{"href":"https:\/\/scandiso.pl\/index.php\/wp-json\/wp\/v2\/product\/13214","targetHints":{"allow":["GET"]}}],"collection":[{"href":"https:\/\/scandiso.pl\/index.php\/wp-json\/wp\/v2\/product"}],"about":[{"href":"https:\/\/scandiso.pl\/index.php\/wp-json\/wp\/v2\/types\/product"}],"wp:featuredmedia":[{"embeddable":true,"href":"https:\/\/scandiso.pl\/index.php\/wp-json\/wp\/v2\/media\/13203"}],"wp:attachment":[{"href":"https:\/\/scandiso.pl\/index.php\/wp-json\/wp\/v2\/media?parent=13214"}],"wp:term":[{"taxonomy":"product_brand","embeddable":true,"href":"https:\/\/scandiso.pl\/index.php\/wp-json\/wp\/v2\/product_brand?post=13214"},{"taxonomy":"product_cat","embeddable":true,"href":"https:\/\/scandiso.pl\/index.php\/wp-json\/wp\/v2\/product_cat?post=13214"},{"taxonomy":"product_tag","embeddable":true,"href":"https:\/\/scandiso.pl\/index.php\/wp-json\/wp\/v2\/product_tag?post=13214"}],"curies":[{"name":"wp","href":"https:\/\/api.w.org\/{rel}","templated":true}]}}