{"id":13231,"date":"2025-11-15T08:06:08","date_gmt":"2025-11-15T07:06:08","guid":{"rendered":"https:\/\/scandiso.pl\/index.php\/product\/toaletka-kosmetyczna-z-lustrem-t-6-sl-500x600-lewa-biala\/"},"modified":"2026-04-17T09:18:47","modified_gmt":"2026-04-17T07:18:47","slug":"toaletka-kosmetyczna-z-lustrem-t-6-sl-500x600-lewa-biala","status":"publish","type":"product","link":"https:\/\/scandiso.pl\/index.php\/product\/toaletka-kosmetyczna-z-lustrem-t-6-sl-500x600-lewa-biala\/","title":{"rendered":"TOALETKA KOSMETYCZNA Z LUSTREM T-6\/SL 500&#215;600 LEWA BIA\u0141A"},"content":{"rendered":"<p style=\"margin-bottom:0cm;line-height:100%\">Trend minimalizmu pokusi\u0142 nas na zaprojektowanie mebla zar\u00f3wno wysoce u\u017cytecznego oraz pi\u0119knego w swojej prostocie. Bia\u0142y kolor mebla pasuje do ka\u017cdego pomieszczenia a bezuchwytowe rozwi\u0105zanie otwierania szuflad pasuje do pozosta\u0142ych mebli z Systemu CLP. Toaletka jest dost\u0119pna w konfiguracji prawo i lewostronnej, dzi\u0119ki czemu \u0142atwiej ustawi\u0107 j\u0105 w pokoju.\u00a0<\/p>\n<p style=\"margin-bottom:0cm;line-height:100%\"><img fetchpriority=\"high\" decoding=\"async\" src=\"https:\/\/sklep.akord.net.pl\/img\/cms\/Toaletki\/T6\/Lewa\/500x600\/toaletka%20z%20lustrem%20T-6%20lewa%20500x600%20wymiary.jpg\" alt=\"\" width=\"3998\" height=\"3679\" \/><\/p>\n","protected":false},"excerpt":{"rendered":"<p>Biurko z lustrem to po\u0142\u0105czenie funkcjonalno\u015bci biurka stacjonarnego z lustrem, co tworzy pi\u0119kn\u0105 toaletk\u0119 z biurkiem i lustrem.<\/p>\n","protected":false},"featured_media":13218,"template":"","meta":[],"product_brand":[57],"product_cat":[53],"product_tag":[],"class_list":{"0":"post-13231","1":"product","2":"type-product","3":"status-publish","4":"has-post-thumbnail","6":"product_brand-akord-furniture-factory","7":"product_cat-toaletki","9":"first","10":"instock","11":"taxable","12":"shipping-taxable","13":"purchasable","14":"product-type-simple"},"_links":{"self":[{"href":"https:\/\/scandiso.pl\/index.php\/wp-json\/wp\/v2\/product\/13231","targetHints":{"allow":["GET"]}}],"collection":[{"href":"https:\/\/scandiso.pl\/index.php\/wp-json\/wp\/v2\/product"}],"about":[{"href":"https:\/\/scandiso.pl\/index.php\/wp-json\/wp\/v2\/types\/product"}],"wp:featuredmedia":[{"embeddable":true,"href":"https:\/\/scandiso.pl\/index.php\/wp-json\/wp\/v2\/media\/13218"}],"wp:attachment":[{"href":"https:\/\/scandiso.pl\/index.php\/wp-json\/wp\/v2\/media?parent=13231"}],"wp:term":[{"taxonomy":"product_brand","embeddable":true,"href":"https:\/\/scandiso.pl\/index.php\/wp-json\/wp\/v2\/product_brand?post=13231"},{"taxonomy":"product_cat","embeddable":true,"href":"https:\/\/scandiso.pl\/index.php\/wp-json\/wp\/v2\/product_cat?post=13231"},{"taxonomy":"product_tag","embeddable":true,"href":"https:\/\/scandiso.pl\/index.php\/wp-json\/wp\/v2\/product_tag?post=13231"}],"curies":[{"name":"wp","href":"https:\/\/api.w.org\/{rel}","templated":true}]}}