{"id":13264,"date":"2025-11-15T08:06:29","date_gmt":"2025-11-15T07:06:29","guid":{"rendered":"https:\/\/scandiso.pl\/index.php\/product\/toaletka-z-lustrem-clp-p-2-sl-900x600-lewe-pk-biala\/"},"modified":"2026-04-17T13:04:54","modified_gmt":"2026-04-17T11:04:54","slug":"toaletka-z-lustrem-clp-p-2-sl-900x600-lewe-pk-biala","status":"publish","type":"product","link":"https:\/\/scandiso.pl\/index.php\/product\/toaletka-z-lustrem-clp-p-2-sl-900x600-lewe-pk-biala\/","title":{"rendered":"Toaletka z lustrem CLP P-2\/SL 900&#215;600 LEWE PK BIA\u0141A"},"content":{"rendered":"<p>Toaletki kosmetyczne wcale nie musz\u0105 by\u0107 pass\u00e9. Najlepszym dowodem na to jest mebel z lustrem P-2\/SL z naszej oferty. To idealna propozycja dla Pa\u0144, kt\u00f3re marz\u0105 o miejscu, gdzie mog\u0105 przetrzymywa\u0107 swoje kosmetyki oraz wykonywa\u0107 makija\u017c i czesa\u0107 w\u0142osy. Bia\u0142a toaletka dedykowana jest do sypialni, cho\u0107 \u015bwietnie sprawdzi si\u0119 tak\u017ce w salonach kosmetycznych, gdzie du\u017ce lustro gwarantuje wygodne warunki pracy dla modelki oraz makija\u017cystki.\u00a0<span style=\"font-family:Verdana, sans-serif;font-size:8.5pt\">Wysoko\u015b\u0107 toaletki bez lustra 77 cm. Wysoko\u015b\u0107 toaletki z lustrem 142 cm.<\/span><\/p>\n<p class=\"MsoNormal\">\n<\/p>\n<p><img fetchpriority=\"high\" decoding=\"async\" src=\"https:\/\/sklep.akord.net.pl\/img\/cms\/Toaletki\/toaletka%20z%20lustrem%20P-2%20lewa%20900x600%20wymiary.jpg\" alt=\"\" width=\"4538\" height=\"3983\" \/><\/p>\n<p>Toaletka kosmetyczna P-2\/SL ma wiele zalet:<\/p>\n<p>&#8211; nowoczesny wygl\u0105d &#8211; bia\u0142y kolor oraz prostota formy, dzi\u0119ki czemu mebel wpisuje si\u0119 w bie\u017c\u0105ce trendy aran\u017cacyjne,<\/p>\n<p>&#8211; funkcjonalno\u015b\u0107 &#8211; mebel wraz z du\u017cym lustrem sprawia, \u017ce wykonywanie makija\u017cu jest du\u017co prostsze,<\/p>\n<p>&#8211; pojemno\u015b\u0107 &#8211; mebel zapewnia wiele przestrzeni do zagospodarowania tj. dwie szuflady oraz szafeczk\u0119,<\/p>\n<p>&#8211; trwa\u0142o\u015b\u0107 &#8211; toaletka zosta\u0142a wykonana z wysokogatunkowej p\u0142yty laminowanej, kt\u00f3ra jest odporna na \u015bcieranie,<\/p>\n<p>&#8211; odporno\u015b\u0107 &#8211; obrze\u017ca mebla zosta\u0142y zabezpieczone oklein\u0105 ABS,<\/p>\n<p>&#8211; komfort u\u017cytkowania &#8211; szuflady lekko poruszaj\u0105 si\u0119 na metalowych prowadnicach rolkowych,<\/p>\n<p>&#8211; atrakcyjna cena.<\/p>\n","protected":false},"excerpt":{"rendered":"<p>Toaletka z lustrem w bia\u0142ym odcieniu z szufladami i pojemnym miejscem za drzwiczkami.<\/p>\n","protected":false},"featured_media":13252,"template":"","meta":[],"product_brand":[57],"product_cat":[53],"product_tag":[],"class_list":{"0":"post-13264","1":"product","2":"type-product","3":"status-publish","4":"has-post-thumbnail","6":"product_brand-akord-furniture-factory","7":"product_cat-toaletki","9":"first","10":"instock","11":"taxable","12":"shipping-taxable","13":"purchasable","14":"product-type-simple"},"_links":{"self":[{"href":"https:\/\/scandiso.pl\/index.php\/wp-json\/wp\/v2\/product\/13264","targetHints":{"allow":["GET"]}}],"collection":[{"href":"https:\/\/scandiso.pl\/index.php\/wp-json\/wp\/v2\/product"}],"about":[{"href":"https:\/\/scandiso.pl\/index.php\/wp-json\/wp\/v2\/types\/product"}],"wp:featuredmedia":[{"embeddable":true,"href":"https:\/\/scandiso.pl\/index.php\/wp-json\/wp\/v2\/media\/13252"}],"wp:attachment":[{"href":"https:\/\/scandiso.pl\/index.php\/wp-json\/wp\/v2\/media?parent=13264"}],"wp:term":[{"taxonomy":"product_brand","embeddable":true,"href":"https:\/\/scandiso.pl\/index.php\/wp-json\/wp\/v2\/product_brand?post=13264"},{"taxonomy":"product_cat","embeddable":true,"href":"https:\/\/scandiso.pl\/index.php\/wp-json\/wp\/v2\/product_cat?post=13264"},{"taxonomy":"product_tag","embeddable":true,"href":"https:\/\/scandiso.pl\/index.php\/wp-json\/wp\/v2\/product_tag?post=13264"}],"curies":[{"name":"wp","href":"https:\/\/api.w.org\/{rel}","templated":true}]}}