{"id":13306,"date":"2025-11-15T08:06:50","date_gmt":"2025-11-15T07:06:50","guid":{"rendered":"https:\/\/scandiso.pl\/index.php\/product\/toaletka-z-lustrem-clp-p-2-sl-lewe-pk-dab-sonoma\/"},"modified":"2026-04-14T22:01:35","modified_gmt":"2026-04-14T20:01:35","slug":"toaletka-z-lustrem-clp-p-2-sl-lewe-pk-dab-sonoma","status":"publish","type":"product","link":"https:\/\/scandiso.pl\/index.php\/product\/toaletka-z-lustrem-clp-p-2-sl-lewe-pk-dab-sonoma\/","title":{"rendered":"Toaletka z lustrem CLP P-2\/SL LEWE PK D\u0104B SONOMA"},"content":{"rendered":"<p>Kompaktowa wersja toaletki dla kobiet chc\u0105cych mie\u0107 zawsze rano mo\u017cliwo\u015b\u0107 szybkiego makija\u017cu. Rozwi\u0105zanie dedykowane do sypialni i nie tylko. Rozmiary toaletki \u015bwietnie sprawdz\u0105 si\u0119 r\u00f3wnie\u017c w salonach kosmetycznych.\u00a0<\/p>\n<p><img fetchpriority=\"high\" decoding=\"async\" src=\"https:\/\/sklep.akord.net.pl\/img\/cms\/Toaletki\/toaletka%20z%20lustrem%20P-2%20lewa%20500x600%20wymiary.jpg\" alt=\"\" width=\"3982\" height=\"3983\" \/><\/p>\n","protected":false},"excerpt":{"rendered":"<p>Toaletka z lustrem w kolorze d\u0105b sonoma z szufladami i pojemnym miejscem za drzwiczkami. Konfiguracja lewostronna.<\/p>\n","protected":false},"featured_media":13285,"template":"","meta":[],"product_brand":[57],"product_cat":[53],"product_tag":[],"class_list":{"0":"post-13306","1":"product","2":"type-product","3":"status-publish","4":"has-post-thumbnail","6":"product_brand-akord-furniture-factory","7":"product_cat-toaletki","9":"first","10":"instock","11":"taxable","12":"shipping-taxable","13":"purchasable","14":"product-type-simple"},"_links":{"self":[{"href":"https:\/\/scandiso.pl\/index.php\/wp-json\/wp\/v2\/product\/13306","targetHints":{"allow":["GET"]}}],"collection":[{"href":"https:\/\/scandiso.pl\/index.php\/wp-json\/wp\/v2\/product"}],"about":[{"href":"https:\/\/scandiso.pl\/index.php\/wp-json\/wp\/v2\/types\/product"}],"wp:featuredmedia":[{"embeddable":true,"href":"https:\/\/scandiso.pl\/index.php\/wp-json\/wp\/v2\/media\/13285"}],"wp:attachment":[{"href":"https:\/\/scandiso.pl\/index.php\/wp-json\/wp\/v2\/media?parent=13306"}],"wp:term":[{"taxonomy":"product_brand","embeddable":true,"href":"https:\/\/scandiso.pl\/index.php\/wp-json\/wp\/v2\/product_brand?post=13306"},{"taxonomy":"product_cat","embeddable":true,"href":"https:\/\/scandiso.pl\/index.php\/wp-json\/wp\/v2\/product_cat?post=13306"},{"taxonomy":"product_tag","embeddable":true,"href":"https:\/\/scandiso.pl\/index.php\/wp-json\/wp\/v2\/product_tag?post=13306"}],"curies":[{"name":"wp","href":"https:\/\/api.w.org\/{rel}","templated":true}]}}