{"id":13347,"date":"2025-11-15T08:07:08","date_gmt":"2025-11-15T07:07:08","guid":{"rendered":"https:\/\/scandiso.pl\/index.php\/product\/toaletka-kosmetyczna-z-lustrem-p-2-sl-500x600-prawa-pk-dab-craft\/"},"modified":"2026-04-16T11:42:00","modified_gmt":"2026-04-16T09:42:00","slug":"toaletka-kosmetyczna-z-lustrem-p-2-sl-500x600-prawa-pk-dab-craft","status":"publish","type":"product","link":"https:\/\/scandiso.pl\/index.php\/product\/toaletka-kosmetyczna-z-lustrem-p-2-sl-500x600-prawa-pk-dab-craft\/","title":{"rendered":"TOALETKA KOSMETYCZNA Z LUSTREM P-2\/SL 500&#215;600 PRAWA PK D\u0104B CRAFT"},"content":{"rendered":"<p>Kompaktowa wersja toaletki dla kobiet chc\u0105cych mie\u0107 zawsze rano mo\u017cliwo\u015b\u0107 szybkiego makija\u017cu. Rozwi\u0105zanie dedykowane do sypialni i nie tylko. Rozmiary toaletki \u015bwietnie sprawdz\u0105 si\u0119 r\u00f3wnie\u017c w salonach kosmetycznych.\u00a0<\/p>\n<p><img fetchpriority=\"high\" decoding=\"async\" src=\"https:\/\/sklep.akord.net.pl\/img\/cms\/Toaletki\/P2%20prawa\/toaletka%20z%20lustrem%20P-2%20prawa%20500x600%20wymiary.jpg\" alt=\"\" width=\"3992\" height=\"3983\" \/><\/p>\n","protected":false},"excerpt":{"rendered":"<p>Toaletka z lustrem w kolorze d\u0105b craft z szufladami i pojemnym miejscem za drzwiczkami.<\/p>\n","protected":false},"featured_media":13332,"template":"","meta":[],"product_brand":[57],"product_cat":[53],"product_tag":[],"class_list":{"0":"post-13347","1":"product","2":"type-product","3":"status-publish","4":"has-post-thumbnail","6":"product_brand-akord-furniture-factory","7":"product_cat-toaletki","9":"first","10":"instock","11":"taxable","12":"shipping-taxable","13":"purchasable","14":"product-type-simple"},"_links":{"self":[{"href":"https:\/\/scandiso.pl\/index.php\/wp-json\/wp\/v2\/product\/13347","targetHints":{"allow":["GET"]}}],"collection":[{"href":"https:\/\/scandiso.pl\/index.php\/wp-json\/wp\/v2\/product"}],"about":[{"href":"https:\/\/scandiso.pl\/index.php\/wp-json\/wp\/v2\/types\/product"}],"wp:featuredmedia":[{"embeddable":true,"href":"https:\/\/scandiso.pl\/index.php\/wp-json\/wp\/v2\/media\/13332"}],"wp:attachment":[{"href":"https:\/\/scandiso.pl\/index.php\/wp-json\/wp\/v2\/media?parent=13347"}],"wp:term":[{"taxonomy":"product_brand","embeddable":true,"href":"https:\/\/scandiso.pl\/index.php\/wp-json\/wp\/v2\/product_brand?post=13347"},{"taxonomy":"product_cat","embeddable":true,"href":"https:\/\/scandiso.pl\/index.php\/wp-json\/wp\/v2\/product_cat?post=13347"},{"taxonomy":"product_tag","embeddable":true,"href":"https:\/\/scandiso.pl\/index.php\/wp-json\/wp\/v2\/product_tag?post=13347"}],"curies":[{"name":"wp","href":"https:\/\/api.w.org\/{rel}","templated":true}]}}