{"id":1433,"date":"2025-10-07T10:04:09","date_gmt":"2025-10-07T08:04:09","guid":{"rendered":"http:\/\/serwer372429.lh.pl\/autoinstalator\/serwer372429.lh.pl\/wordpress128121\/index.php\/product\/komoda-kamaro-2d-slim-gladki-kaszmir-lamele-front-ryflowany-klasyczny\/"},"modified":"2026-02-28T13:46:25","modified_gmt":"2026-02-28T12:46:25","slug":"komoda-kamaro-2d-slim-gladki-kaszmir-lamele-front-ryflowany-klasyczny","status":"publish","type":"product","link":"https:\/\/scandiso.pl\/index.php\/product\/komoda-kamaro-2d-slim-gladki-kaszmir-lamele-front-ryflowany-klasyczny\/","title":{"rendered":"Komoda KAMARO 2D SLIM\/G\u0141ADKI KASZMIR Lamele Front Ryflowany + Klasyczny"},"content":{"rendered":"<p><strong data-end=\"156\" data-start=\"112\">STYLOWA KOMODA Z 2 DRZWIAMI<\/strong><br \/>\n\t<strong data-end=\"156\" data-start=\"112\">SERIA: KAMARO<\/strong><br \/>\n\t<strong data-end=\"156\" data-start=\"112\">MODEL: KAMARO 2D SLIM\/G\u0141ADKI<\/strong><\/p>\n<p data-end=\"208\" data-start=\"159\">\n\t<strong data-end=\"206\" data-start=\"159\">Styl i funkcjonalno\u015b\u0107 w nowoczesnym wydaniu<\/strong><\/p>\n<p>\t<strong data-end=\"224\" data-start=\"214\">KOLOR:<\/strong><\/p>\n<ul data-end=\"319\" data-start=\"227\">\n<li data-end=\"254\" data-start=\"227\">\n\t\t<strong data-end=\"240\" data-start=\"229\">Korpus:<\/strong> Kaszmir<\/li>\n<li data-end=\"290\" data-start=\"255\">\n\t\t<strong data-end=\"267\" data-start=\"257\">Front:<\/strong> Kaszmir (G\u0142adki) \/ Kaszmir (Z Ryflowaniem)<\/li>\n<li data-end=\"319\" data-start=\"291\">\n\t\t<strong data-end=\"302\" data-start=\"293\">Nogi:<\/strong> Kaszmir<\/li>\n<\/ul>\n<p>\t<strong data-end=\"356\" data-start=\"329\">ELEGANCJA I PRAKTYCZNO\u015a\u0106 W JEDNYM<\/strong><\/p>\n<p data-end=\"799\" data-start=\"470\">\n\tKomoda <strong data-end=\"511\" data-start=\"477\">KAMARO 2D SLIM\/G\u0141ADKI KASZMIR<\/strong> to po\u0142\u0105czenie estetyki i funkcjonalno\u015bci, kt&oacute;re doskonale odnajdzie si\u0119 w salonie, pokoju go\u015bcinnym, sypialni czy gabinecie. Dzi\u0119ki po\u0142\u0105czeniu g\u0142adkiego frontu z ryflowanym (przypominaj\u0105cym lamele), mebel zyskuje nowoczesny i oryginalny wygl\u0105d, idealnie pasuj\u0105cy do wsp&oacute;\u0142czesnych wn\u0119trz.<\/p>\n<p data-end=\"1070\" data-start=\"801\">\n\tNowoczesny system <strong data-end=\"829\" data-start=\"819\">TIP-ON<\/strong> umo\u017cliwia wygodne u\u017cytkowanie bez uchwyt&oacute;w &mdash; wystarczy delikatnie nacisn\u0105\u0107 drzwi, aby otworzy\u0107 szafk\u0119. Komoda oferuje du\u017c\u0105 przestrze\u0144 do przechowywania, zachowuj\u0105c przy tym minimalistyczny i elegancki charakter, pasuj\u0105cy do wielu aran\u017cacji.<\/p>\n<p data-end=\"1326\" data-start=\"1072\">\n\tPo\u0142\u0105czenie modnego odcienia <strong data-end=\"1111\" data-start=\"1100\">Kaszmir<\/strong> (elegancki be\u017c) z nowoczesnym designem tworzy mebel, kt&oacute;ry nada Twojemu wn\u0119trzu subtelnej elegancji. Jego neutralna kolorystyka sprawia, \u017ce z \u0142atwo\u015bci\u0105 wpasuje si\u0119 w r&oacute;\u017cnorodne style, od loftowych po skandynawskie.<\/p>\n<p>\t<strong data-end=\"356\" data-start=\"329\">G\u0141&Oacute;WNE CECHY MEBLA:<\/strong><\/p>\n<ul>\n<li data-end=\"1014\" data-start=\"916\">\n<p data-end=\"921\" data-start=\"891\">\n\t\t\t<strong data-end=\"919\" data-start=\"893\">Dwa niezale\u017cne fronty d\u0142ugich drzwi u\u0142o\u017cone obok siebie:<\/strong><br \/>\n\t\t\t<strong data-end=\"919\" data-start=\"893\">&#8211; <\/strong><strong data-end=\"937\" data-start=\"927\">G\u0142adki<\/strong> &ndash; klasyczna elegancja<br \/>\n\t\t\t<strong>&#8211;<\/strong> <strong data-end=\"980\" data-start=\"967\">Ryflowany<\/strong> &ndash; ozdobny efekt przypominaj\u0105cy lamele, wykonany z p\u0142yty MDF o grubo\u015bci 18 mm<\/p>\n<\/li>\n<li data-end=\"1014\" data-start=\"916\">\n\t\t<strong data-end=\"1084\" data-start=\"1062\">Otwieranie TIP-ON:<\/strong> bezuchwytowy system otwierania na klik<\/li>\n<li data-end=\"1014\" data-start=\"916\">\n\t\t<strong data-end=\"1156\" data-start=\"1128\">Przemy\u015blana konstrukcja:<\/strong> 4 pojemne p&oacute;\u0142ki do przechowywania<\/li>\n<li data-end=\"1014\" data-start=\"916\">\n\t\t<strong data-end=\"1219\" data-start=\"1197\">Nowoczesny design:<\/strong> idealnie pasuje do wn\u0119trz <strong data-end=\"1292\" data-start=\"1246\">loftowych, skandynawskich i industrialnych<\/strong><\/li>\n<li data-end=\"1014\" data-start=\"916\">\n\t\t<strong data-end=\"1315\" data-start=\"1297\">Metalowe nogi:<\/strong> wysoko\u015b\u0107 <strong data-end=\"1336\" data-start=\"1325\">13,5 cm<\/strong> &ndash; stabilno\u015b\u0107 i lekko\u015b\u0107 konstrukcji<\/li>\n<li data-end=\"1014\" data-start=\"916\">\n\t\t<strong data-end=\"1393\" data-start=\"1376\">\u0141atwy monta\u017c:<\/strong> komplet akcesori&oacute;w i instrukcja krok po kroku<\/li>\n<\/ul>\n<p>\t<strong data-end=\"356\" data-start=\"329\">Kolekcja KAMARO &mdash; stw&oacute;rz sp&oacute;jn\u0105 aran\u017cacj\u0119<\/strong><\/p>\n<p>\n\tKomoda <strong data-end=\"1528\" data-start=\"1490\">KAMARO 2D SLIM\/G\u0141ADKI KASZMIR<\/strong> \u015bwietnie komponuje si\u0119 z innymi meblami z kolekcji KAMARO, takimi jak szafka RTV, witryny, czy pozosta\u0142e komody. Tw&oacute;rz harmonijne zestawy, dopasowane do Twoich potrzeb i stylu \u017cycia!<\/p>\n<p><strong data-end=\"1350\" data-start=\"1337\">MATERIA\u0141Y WYKONANIA:<\/strong><\/p>\n<ul data-end=\"1543\" data-start=\"1353\">\n<li data-end=\"1399\" data-start=\"1353\">\n\t\t<strong data-end=\"1366\" data-start=\"1355\">Korpus:<\/strong> P\u0142yta wi&oacute;rowa laminowana o grubo\u015bci 16 mm<\/li>\n<li data-end=\"1473\" data-start=\"1400\">\n\t\t<strong data-end=\"1413\" data-start=\"1402\">Front drzwi ryflowanych:<\/strong> P\u0142yta MDF melaminowana, frezowana i oklejona foli\u0105 o grubo\u015bci 18 mm<\/li>\n<li data-end=\"1399\" data-start=\"1353\">\n\t\t<strong data-end=\"1366\" data-start=\"1355\">Front drzwi g\u0142adkich:<\/strong> P\u0142yta wi&oacute;rowa laminowana o grubo\u015bci 16 mm<\/li>\n<li data-end=\"1543\" data-start=\"1474\">\n\t\t<strong data-end=\"1488\" data-start=\"1476\">Zawiasy:<\/strong> Metalowe\/stalowe z mo\u017cliwo\u015bci\u0105 precyzyjnej regulacji<\/li>\n<li data-end=\"1543\" data-start=\"1474\">\n\t\t<strong>Nogi<\/strong>: Metalowe\/stalowe o wysoko\u015bci 13,5 cm<\/li>\n<\/ul>\n<p>\t<strong data-end=\"1565\" data-start=\"1553\">WYMIARY:<\/strong><\/p>\n<ul data-end=\"1661\" data-start=\"1568\">\n<li data-end=\"1592\" data-start=\"1568\">\n\t\t<strong data-end=\"1584\" data-start=\"1570\">G\u0142\u0119boko\u015b\u0107:<\/strong> 40 cm<\/li>\n<li data-end=\"1618\" data-start=\"1593\">\n\t\t<strong data-end=\"1609\" data-start=\"1595\">Szeroko\u015b\u0107:<\/strong> 103,5 cm<\/li>\n<li data-end=\"1661\" data-start=\"1619\">\n\t\t<strong data-end=\"1634\" data-start=\"1621\">Wysoko\u015b\u0107:<\/strong> 82,5 cm (\u0142\u0105cznie z nogami)<\/li>\n<\/ul>\n<p>\t<strong data-end=\"1687\" data-start=\"1671\">PIEL\u0118GNACJA:<\/strong><\/p>\n<ul data-end=\"1810\" data-start=\"1690\">\n<li data-end=\"1743\" data-start=\"1690\">\n\t\tPowierzchni\u0119 mebla czy\u015bci\u0107 mi\u0119kk\u0105, such\u0105 szmatk\u0105.<\/li>\n<li data-end=\"1810\" data-start=\"1744\">\n\t\tUnika\u0107 stosowania agresywnych \u015brodk&oacute;w chemicznych i \u015bciernych.<\/li>\n<\/ul>\n<p>\t<strong data-end=\"1845\" data-start=\"1820\">ZAWARTO\u015a\u0106 OPAKOWANIA:<\/strong><\/p>\n<ul data-end=\"1977\" data-start=\"1848\">\n<li data-end=\"1884\" data-start=\"1848\">\n\t\tKomoda KAMARO 2D SLIM\/G\u0141ADKI KASZMIR w elementach do samodzielnego monta\u017cu<\/li>\n<li data-end=\"1884\" data-start=\"1848\">\n\t\tInstrukcja monta\u017cu krok po kroku<\/li>\n<li data-end=\"1919\" data-start=\"1885\">\n\t\tKomplet akcesori&oacute;w monta\u017cowych<\/li>\n<\/ul>\n<p>\n\tMebel dostarczany w paczkach do samodzielnego monta\u017cu.<\/p>\n<\/p>\n<p>\n\t<em><strong data-end=\"82\" data-start=\"67\">Informacja:<\/strong><\/em><\/p>\n<p>\n\t<em>Dok\u0142adamy wszelkich stara\u0144, aby kolory mebli prezentowane na zdj\u0119ciach by\u0142y odwzorowane mo\u017cliwie jak najdok\u0142adniej. Nale\u017cy jednak pami\u0119ta\u0107, \u017ce ich odbi&oacute;r mo\u017ce si\u0119 r&oacute;\u017cni\u0107 w zale\u017cno\u015bci od indywidualnych ustawie\u0144 monitora lub ekranu (takich jak jasno\u015b\u0107, kontrast, temperatura barwowa czy technologia wy\u015bwietlania). Rzeczywisty odcie\u0144 produktu mo\u017ce si\u0119 tak\u017ce r&oacute;\u017cni\u0107 w zale\u017cno\u015bci od warunk&oacute;w o\u015bwietleniowych.<br data-end=\"491\" data-is-only-node=\"\" data-start=\"488\" \/><br \/>\n\tEwentualne r&oacute;\u017cnice kolorystyczne nie wynikaj\u0105 z wady produktu.<\/em><\/p>\n","protected":false},"excerpt":{"rendered":"<p><strong data-end=\"1350\" data-start=\"1337\">MATERIA\u0141Y WYKONANIA:<\/strong><\/p>\n<ul data-end=\"1543\" data-start=\"1353\">\n<li data-end=\"1399\" data-start=\"1353\">\n\t\t<strong data-end=\"1366\" data-start=\"1355\">Korpus:<\/strong> P\u0142yta wi&oacute;rowa laminowana o grubo\u015bci 16 mm<\/li>\n<li data-end=\"1473\" data-start=\"1400\">\n\t\t<strong data-end=\"1413\" data-start=\"1402\">Front drzwi ryflowanych:<\/strong> P\u0142yta MDF melaminowana, frezowana i oklejona foli\u0105 o grubo\u015bci 18 mm<\/li>\n<li data-end=\"1399\" data-start=\"1353\">\n\t\t<strong data-end=\"1366\" data-start=\"1355\">Front drzwi g\u0142adkich:<\/strong> P\u0142yta wi&oacute;rowa laminowana o grubo\u015bci 16 mm<\/li>\n<li data-end=\"1543\" data-start=\"1474\">\n\t\t<strong data-end=\"1488\" data-start=\"1476\">Zawiasy:<\/strong> Metalowe\/stalowe z mo\u017cliwo\u015bci\u0105 precyzyjnej regulacji<\/li>\n<li data-end=\"1543\" data-start=\"1474\">\n\t\t<strong>Nogi<\/strong>: Metalowe\/stalowe o wysoko\u015bci 13,5 cm<\/li>\n<\/ul>\n<p>\t<strong data-end=\"1565\" data-start=\"1553\">WYMIARY:<\/strong><\/p>\n<ul data-end=\"1661\" data-start=\"1568\">\n<li data-end=\"1592\" data-start=\"1568\">\n\t\t<strong data-end=\"1584\" data-start=\"1570\">G\u0142\u0119boko\u015b\u0107:<\/strong> 40 cm<\/li>\n<li data-end=\"1618\" data-start=\"1593\">\n\t\t<strong data-end=\"1609\" data-start=\"1595\">Szeroko\u015b\u0107:<\/strong> 103,5 cm<\/li>\n<li data-end=\"1661\" data-start=\"1619\">\n\t\t<strong data-end=\"1634\" data-start=\"1621\">Wysoko\u015b\u0107:<\/strong> 82,5 cm (\u0142\u0105cznie z nogami)<\/li>\n<\/ul>\n<p>\t<strong data-end=\"1687\" data-start=\"1671\">PIEL\u0118GNACJA:<\/strong><\/p>\n<ul data-end=\"1810\" data-start=\"1690\">\n<li data-end=\"1743\" data-start=\"1690\">\n\t\tPowierzchni\u0119 mebla czy\u015bci\u0107 mi\u0119kk\u0105, such\u0105 szmatk\u0105.<\/li>\n<li data-end=\"1810\" data-start=\"1744\">\n\t\tUnika\u0107 stosowania agresywnych \u015brodk&oacute;w chemicznych i \u015bciernych.<\/li>\n<\/ul>\n<p>\t<strong data-end=\"1845\" data-start=\"1820\">ZAWARTO\u015a\u0106 OPAKOWANIA:<\/strong><\/p>\n<ul data-end=\"1977\" data-start=\"1848\">\n<li data-end=\"1884\" data-start=\"1848\">\n\t\tKomoda KAMARO 2D SLIM\/G\u0141ADKI KASZMIR w elementach do samodzielnego monta\u017cu<\/li>\n<li data-end=\"1884\" data-start=\"1848\">\n\t\tInstrukcja monta\u017cu krok po kroku<\/li>\n<li data-end=\"1919\" data-start=\"1885\">\n\t\tKomplet akcesori&oacute;w monta\u017cowych<\/li>\n<\/ul>\n<p>\n\tMebel dostarczany w paczkach do samodzielnego monta\u017cu.<\/p>\n<\/p>\n<p>\n\t<em><strong data-end=\"82\" data-start=\"67\">Informacja:<\/strong><\/em><\/p>\n<p>\n\t<em>Dok\u0142adamy wszelkich stara\u0144, aby kolory mebli prezentowane na zdj\u0119ciach by\u0142y odwzorowane mo\u017cliwie jak najdok\u0142adniej. Nale\u017cy jednak pami\u0119ta\u0107, \u017ce ich odbi&oacute;r mo\u017ce si\u0119 r&oacute;\u017cni\u0107 w zale\u017cno\u015bci od indywidualnych ustawie\u0144 monitora lub ekranu (takich jak jasno\u015b\u0107, kontrast, temperatura barwowa czy technologia wy\u015bwietlania). Rzeczywisty odcie\u0144 produktu mo\u017ce si\u0119 tak\u017ce r&oacute;\u017cni\u0107 w zale\u017cno\u015bci od warunk&oacute;w o\u015bwietleniowych.<br data-end=\"491\" data-is-only-node=\"\" data-start=\"488\" \/><br \/>\n\tEwentualne r&oacute;\u017cnice kolorystyczne nie wynikaj\u0105 z wady produktu.<\/em><\/p>\n","protected":false},"featured_media":1434,"template":"","meta":[],"product_brand":[64],"product_cat":[40],"product_tag":[],"class_list":{"0":"post-1433","1":"product","2":"type-product","3":"status-publish","4":"has-post-thumbnail","6":"product_brand-topeshop","7":"product_cat-komody","9":"first","10":"outofstock","11":"taxable","12":"shipping-taxable","13":"purchasable","14":"product-type-simple"},"_links":{"self":[{"href":"https:\/\/scandiso.pl\/index.php\/wp-json\/wp\/v2\/product\/1433","targetHints":{"allow":["GET"]}}],"collection":[{"href":"https:\/\/scandiso.pl\/index.php\/wp-json\/wp\/v2\/product"}],"about":[{"href":"https:\/\/scandiso.pl\/index.php\/wp-json\/wp\/v2\/types\/product"}],"wp:featuredmedia":[{"embeddable":true,"href":"https:\/\/scandiso.pl\/index.php\/wp-json\/wp\/v2\/media\/1434"}],"wp:attachment":[{"href":"https:\/\/scandiso.pl\/index.php\/wp-json\/wp\/v2\/media?parent=1433"}],"wp:term":[{"taxonomy":"product_brand","embeddable":true,"href":"https:\/\/scandiso.pl\/index.php\/wp-json\/wp\/v2\/product_brand?post=1433"},{"taxonomy":"product_cat","embeddable":true,"href":"https:\/\/scandiso.pl\/index.php\/wp-json\/wp\/v2\/product_cat?post=1433"},{"taxonomy":"product_tag","embeddable":true,"href":"https:\/\/scandiso.pl\/index.php\/wp-json\/wp\/v2\/product_tag?post=1433"}],"curies":[{"name":"wp","href":"https:\/\/api.w.org\/{rel}","templated":true}]}}