{"id":1569,"date":"2025-10-07T10:04:15","date_gmt":"2025-10-07T08:04:15","guid":{"rendered":"http:\/\/serwer372429.lh.pl\/autoinstalator\/serwer372429.lh.pl\/wordpress128121\/index.php\/product\/komoda-malwa-2d3s-dab-artisan-biel\/"},"modified":"2026-04-21T13:52:19","modified_gmt":"2026-04-21T11:52:19","slug":"komoda-malwa-2d3s-dab-artisan-biel","status":"publish","type":"product","link":"https:\/\/scandiso.pl\/index.php\/product\/komoda-malwa-2d3s-dab-artisan-biel\/","title":{"rendered":"Komoda Malwa 2D3S D\u0104B ARTISAN BIEL"},"content":{"rendered":"<p><strong>NOWOCZESNA KOMODA, 2 PARY DRZWI, 3 SZUFLADY<\/strong><\/p>\n<p>\t<strong>MODEL: 2D3S 120 CM<\/strong><\/p>\n<p>\t<strong>KOLOR: <\/strong><\/p>\n<p>\t<b>Korpus: D\u0105b Artisan<\/b><\/p>\n<p>\t<b>Front: Bia\u0142y<\/b><\/p>\n<p>\t\tKomoda 2D3S to doskona\u0142e po\u0142\u0105czenie nowoczesnego designu i funkcjonalno\u015bci. Nowoczesny, elegancki design, kt&oacute;ry <strong>\u0142\u0105czy ciep\u0142y odcie\u0144 d\u0119bu Artisan z klasycznym bia\u0142ym frontem<\/strong>, nadaje wn\u0119trzu wyj\u0105tkowego charakteru. Zestawienie tych dw&oacute;ch kolor&oacute;w sprawia, \u017ce komoda doskonale komponuje si\u0119 zar&oacute;wno w nowoczesnych, jak i bardziej tradycyjnych aran\u017cacjach.<\/p>\n<p>\t\tDzi\u0119ki dw&oacute;m parom drzwi i trzem przestronnym szufladom, komoda oferuje mn&oacute;stwo miejsca do przechowywania. Wbudowane p&oacute;\u0142ki pomagaj\u0105 w organizacji wi\u0119kszych przedmiot&oacute;w, natomiast pojemne szuflady s\u0105 idealnym rozwi\u0105zaniem na drobniejsze akcesoria.<\/p>\n<p>\t\t<b>G\u0141&Oacute;WNE CECHY MEBLA:<\/b><\/p>\n<ul>\n<li>\n\t\t\tNowoczesna i minimalistyczna konstrukcja &ndash; doskona\u0142a do r&oacute;\u017cnych aran\u017cacji wn\u0119trz.<\/li>\n<li>\n\t\t\tNowoczesne po\u0142\u0105czenie kolor&oacute;w &ndash; po\u0142\u0105czenie ciep\u0142ego odcienia d\u0119bu Artisan z bia\u0142ymi frontami nadaje komodzie elegancki i stylowy wygl\u0105d.<\/li>\n<li>\n\t\t\tFunkcjonalne wn\u0119trze &ndash; p&oacute;\u0142ki oraz 3 pojemne szuflady u\u0142atwiaj\u0105 organizacj\u0119.<\/li>\n<li>\n\t\t\tBezuchwytowe fronty &ndash; nowoczesny design i wygodne u\u017cytkowanie.<\/li>\n<li>\n\t\t\tSolidne wykonanie &ndash; trwa\u0142e materia\u0142y zapewniaj\u0105 d\u0142ug\u0105 \u017cywotno\u015b\u0107 mebla.<\/li>\n<li>\n\t\t\tPolski producent &ndash; gwarancja starannego wykonania i wysokiej jako\u015bci.<\/li>\n<\/ul>\n<p>\n\t<strong>MATERIA\u0141:<\/strong><\/p>\n<ul>\n<li>\n\t\t\tKorpus i fronty: p\u0142yta wi&oacute;rowa laminowana 16 mm, odporna na zarysowania i wilgo\u0107<\/li>\n<li>\n\t\t\tSzuflady: osadzone na prowadnicach rolkowych, co zapewnia p\u0142ynne i bezpieczne wysuwanie<\/li>\n<\/ul>\n<p>\t<strong>WYMIARY:<\/strong><\/p>\n<ul>\n<li>\n\t\tG\u0142\u0119boko\u015b\u0107: 40 cm<\/li>\n<li>\n\t\tSzeroko\u015b\u0107: 120 cm<\/li>\n<li>\n\t\tWysoko\u015b\u0107: 75 cm<\/li>\n<\/ul>\n<p>\t<strong>U\u017cytkowanie:<\/strong><\/p>\n<p>\tPowierzchni\u0119 mebla czy\u015bci\u0107 przy pomocy mi\u0119kkiej szmatki. Unika\u0107 stosowania silnie dzia\u0142aj\u0105cych \u015brodk&oacute;w chemicznych.<\/p>\n<p>\t<strong>W opakowaniu:<\/strong><\/p>\n<ul>\n<li>\n\t\t\tKomoda 2D3S 120 w elementach do samodzielnego monta\u017cu<\/li>\n<li>\n\t\t\tInstrukcja monta\u017cu krok po kroku<\/li>\n<li>\n\t\t\tKomplet akcesori&oacute;w monta\u017cowych<\/li>\n<\/ul>\n<p>\n\t\tMebel jest fabrycznie zapakowany i przeznaczony do samodzielnego monta\u017cu.<\/p>\n<p>\n\t\t<em><strong data-end=\"82\" data-start=\"67\">Informacja:<\/strong><\/em><\/p>\n<p>\n\t\t<em>Dok\u0142adamy wszelkich stara\u0144, aby kolory mebli prezentowane na zdj\u0119ciach by\u0142y odwzorowane mo\u017cliwie jak najdok\u0142adniej. Nale\u017cy jednak pami\u0119ta\u0107, \u017ce ich odbi&oacute;r mo\u017ce si\u0119 r&oacute;\u017cni\u0107 w zale\u017cno\u015bci od indywidualnych ustawie\u0144 monitora lub ekranu (takich jak jasno\u015b\u0107, kontrast, temperatura barwowa czy technologia wy\u015bwietlania). Rzeczywisty odcie\u0144 produktu mo\u017ce si\u0119 tak\u017ce r&oacute;\u017cni\u0107 w zale\u017cno\u015bci od warunk&oacute;w o\u015bwietleniowych.<br data-end=\"491\" data-is-only-node=\"\" data-start=\"488\" \/><br \/>\n\t\tEwentualne r&oacute;\u017cnice kolorystyczne nie wynikaj\u0105 z wady produktu.<\/em><\/p><\/p>\n","protected":false},"excerpt":{"rendered":"<p>\n\t<strong>MATERIA\u0141:<\/strong><\/p>\n<ul>\n<li>\n\t\t\tKorpus i fronty: p\u0142yta wi&oacute;rowa laminowana 16 mm, odporna na zarysowania i wilgo\u0107<\/li>\n<li>\n\t\t\tSzuflady: osadzone na prowadnicach rolkowych, co zapewnia p\u0142ynne i bezpieczne wysuwanie<\/li>\n<\/ul>\n<p>\t<strong>WYMIARY:<\/strong><\/p>\n<ul>\n<li>\n\t\tG\u0142\u0119boko\u015b\u0107: 40 cm<\/li>\n<li>\n\t\tSzeroko\u015b\u0107: 120 cm<\/li>\n<li>\n\t\tWysoko\u015b\u0107: 75 cm<\/li>\n<\/ul>\n<p>\t<strong>U\u017cytkowanie:<\/strong><\/p>\n<p>\tPowierzchni\u0119 mebla czy\u015bci\u0107 przy pomocy mi\u0119kkiej szmatki. Unika\u0107 stosowania silnie dzia\u0142aj\u0105cych \u015brodk&oacute;w chemicznych.<\/p>\n<p>\t<strong>W opakowaniu:<\/strong><\/p>\n<ul>\n<li>\n\t\t\tKomoda 2D3S 120 w elementach do samodzielnego monta\u017cu<\/li>\n<li>\n\t\t\tInstrukcja monta\u017cu krok po kroku<\/li>\n<li>\n\t\t\tKomplet akcesori&oacute;w monta\u017cowych<\/li>\n<\/ul>\n<p>\n\t\tMebel jest fabrycznie zapakowany i przeznaczony do samodzielnego monta\u017cu.<\/p>\n<p>\n\t\t<em><strong data-end=\"82\" data-start=\"67\">Informacja:<\/strong><\/em><\/p>\n<p>\n\t\t<em>Dok\u0142adamy wszelkich stara\u0144, aby kolory mebli prezentowane na zdj\u0119ciach by\u0142y odwzorowane mo\u017cliwie jak najdok\u0142adniej. Nale\u017cy jednak pami\u0119ta\u0107, \u017ce ich odbi&oacute;r mo\u017ce si\u0119 r&oacute;\u017cni\u0107 w zale\u017cno\u015bci od indywidualnych ustawie\u0144 monitora lub ekranu (takich jak jasno\u015b\u0107, kontrast, temperatura barwowa czy technologia wy\u015bwietlania). Rzeczywisty odcie\u0144 produktu mo\u017ce si\u0119 tak\u017ce r&oacute;\u017cni\u0107 w zale\u017cno\u015bci od warunk&oacute;w o\u015bwietleniowych.<br data-end=\"491\" data-is-only-node=\"\" data-start=\"488\" \/><br \/>\n\t\tEwentualne r&oacute;\u017cnice kolorystyczne nie wynikaj\u0105 z wady produktu.<\/em><\/p><\/p>\n","protected":false},"featured_media":1570,"template":"","meta":[],"product_brand":[64],"product_cat":[40],"product_tag":[],"class_list":{"0":"post-1569","1":"product","2":"type-product","3":"status-publish","4":"has-post-thumbnail","6":"product_brand-topeshop","7":"product_cat-komody","9":"first","10":"instock","11":"taxable","12":"shipping-taxable","13":"purchasable","14":"product-type-simple"},"_links":{"self":[{"href":"https:\/\/scandiso.pl\/index.php\/wp-json\/wp\/v2\/product\/1569","targetHints":{"allow":["GET"]}}],"collection":[{"href":"https:\/\/scandiso.pl\/index.php\/wp-json\/wp\/v2\/product"}],"about":[{"href":"https:\/\/scandiso.pl\/index.php\/wp-json\/wp\/v2\/types\/product"}],"wp:featuredmedia":[{"embeddable":true,"href":"https:\/\/scandiso.pl\/index.php\/wp-json\/wp\/v2\/media\/1570"}],"wp:attachment":[{"href":"https:\/\/scandiso.pl\/index.php\/wp-json\/wp\/v2\/media?parent=1569"}],"wp:term":[{"taxonomy":"product_brand","embeddable":true,"href":"https:\/\/scandiso.pl\/index.php\/wp-json\/wp\/v2\/product_brand?post=1569"},{"taxonomy":"product_cat","embeddable":true,"href":"https:\/\/scandiso.pl\/index.php\/wp-json\/wp\/v2\/product_cat?post=1569"},{"taxonomy":"product_tag","embeddable":true,"href":"https:\/\/scandiso.pl\/index.php\/wp-json\/wp\/v2\/product_tag?post=1569"}],"curies":[{"name":"wp","href":"https:\/\/api.w.org\/{rel}","templated":true}]}}