{"id":15797,"date":"2025-12-04T20:10:20","date_gmt":"2025-12-04T19:10:20","guid":{"rendered":"https:\/\/scandiso.pl\/index.php\/product\/fotel-core-black-green\/"},"modified":"2026-04-14T10:22:30","modified_gmt":"2026-04-14T08:22:30","slug":"fotel-core-black-green","status":"publish","type":"product","link":"https:\/\/scandiso.pl\/index.php\/product\/fotel-core-black-green\/","title":{"rendered":"Fotel Core Black\/Green"},"content":{"rendered":"<p><span style=\"margin: 0px;padding: 0px;border: 0px;background: transparent;font-weight: 700\"><span style=\"margin: 0px;padding: 0px;border: 0px;font-size: 18pt;background: transparent;font-family: verdana, geneva, sans-serif\">Fotel Gamingowy INFINI Core Green z tkaniny, podn\u00f3\u017cek w zestawie<\/span><\/span><\/p>\n<h1><span style=\"margin: 0px;padding: 0px;border: 0px;font-size: 12pt;background: transparent;font-family: verdana, geneva, sans-serif\">\u00a0<span style=\"margin: 0px;padding: 0px;border: 0px;background: transparent\">Fotel Gamingowy\u00a0INFINI Core z tkaniny &#8211; komfort i ergonomia w najlepszym wydaniu.<\/span><\/span><\/h1>\n<p><span style=\"margin: 0px;padding: 0px;border: 0px;font-size: 12pt;background: transparent;font-family: verdana, geneva, sans-serif\">Fotel gamingowy\u00a0<span data-start=\"335\" data-end=\"350\" style=\"margin: 0px;padding: 0px;border: 0px;background: transparent;font-weight: 700\">INFINI Core<\/span>\u00a0to idealne po\u0142\u0105czenie\u00a0<span data-start=\"373\" data-end=\"433\" style=\"margin: 0px;padding: 0px;border: 0px;background: transparent;font-weight: 700\">ergonomii, nowoczesnego designu i praktycznych rozwi\u0105za\u0144<\/span>, kt\u00f3re sprawiaj\u0105, \u017ce codzienne granie, praca czy nauka staj\u0105 si\u0119 znacznie wygodniejsze. Zaprojektowany z my\u015bl\u0105 o graczach i osobach sp\u0119dzaj\u0105cych wiele godzin przy biurku, oferuje pe\u0142ne wsparcie dla plec\u00f3w, karku i ramion, a dodatkowo wyposa\u017cony jest w\u00a0<span data-start=\"686\" data-end=\"707\" style=\"margin: 0px;padding: 0px;border: 0px;background: transparent;font-weight: 700\">wysuwany podn\u00f3\u017cek<\/span>, kt\u00f3ry gwarantuje relaks na najwy\u017cszym poziomie.<\/span><\/p>\n<p data-start=\"760\" data-end=\"877\"><span style=\"margin: 0px;padding: 0px;border: 0px;font-size: 12pt;background: transparent;font-family: verdana, geneva, sans-serif\">Ten model to doskona\u0142y wyb\u00f3r dla ka\u017cdego, kto ceni sobie\u00a0<span data-start=\"817\" data-end=\"854\" style=\"margin: 0px;padding: 0px;border: 0px;background: transparent;font-weight: 700\">komfort, jako\u015b\u0107 i nowoczesny styl<\/span>\u00a0w przyst\u0119pnej cenie.<\/span><\/p>\n<p data-start=\"760\" data-end=\"877\">\u00a0<\/p>\n<h3 data-start=\"927\" data-end=\"981\"><span style=\"margin: 0px;padding: 0px;border: 0px;font-size: 12pt;background: transparent;font-family: verdana, geneva, sans-serif\">Podn\u00f3\u017cek \u2013 komfortowy relaks w ka\u017cdej chwili<\/span><\/h3>\n<p data-start=\"982\" data-end=\"1277\"><span style=\"margin: 0px;padding: 0px;border: 0px;font-size: 12pt;background: transparent;font-family: verdana, geneva, sans-serif\">Wbudowany, wysuwany podn\u00f3\u017cek to ogromna zaleta fotela INFINI Core. Pozwala wygodnie wyprostowa\u0107 nogi podczas przerwy, ogl\u0105dania filmu czy odpoczynku po intensywnej rozgrywce. Dzi\u0119ki temu fotel sprawdza si\u0119 nie tylko jako siedzisko gamingowe, ale tak\u017ce jako\u00a0<span data-start=\"1239\" data-end=\"1274\" style=\"margin: 0px;padding: 0px;border: 0px;background: transparent;font-weight: 700\">wielofunkcyjny fotel do relaksu<\/span>.<\/span><\/p>\n<h3 data-start=\"1279\" data-end=\"1331\"><span style=\"margin: 0px;padding: 0px;border: 0px;font-size: 12pt;background: transparent;font-family: verdana, geneva, sans-serif\">Tkanina Premium \u2013 oddychaj\u0105ca i wytrzyma\u0142a<\/span><\/h3>\n<p data-start=\"1332\" data-end=\"1653\"><span style=\"margin: 0px;padding: 0px;border: 0px;font-size: 12pt;background: transparent;font-family: verdana, geneva, sans-serif\">Tapicerka wykonana zosta\u0142a z\u00a0<span data-start=\"1361\" data-end=\"1399\" style=\"margin: 0px;padding: 0px;border: 0px;background: transparent;font-weight: 700\">wysokiej jako\u015bci tkaniny obiciowej<\/span>, kt\u00f3ra zapewnia znacznie lepsz\u0105 wentylacj\u0119 ni\u017c sk\u00f3ra ekologiczna. Materia\u0142 jest przyjemny w dotyku, odporny na \u015bcieranie i idealny do wielogodzinnego u\u017cytkowania \u2013 zar\u00f3wno latem, jak i zim\u0105. To rozwi\u0105zanie, kt\u00f3re gwarantuje\u00a0<span data-start=\"1624\" data-end=\"1650\" style=\"margin: 0px;padding: 0px;border: 0px;background: transparent;font-weight: 700\">komfort przez ca\u0142y rok<\/span>.<\/span><\/p>\n<h3 data-start=\"1655\" data-end=\"1700\"><span style=\"margin: 0px;padding: 0px;border: 0px;font-size: 12pt;background: transparent;font-family: verdana, geneva, sans-serif\">Ergonomia i wsparcie dla kr\u0119gos\u0142upa<\/span><\/h3>\n<p data-start=\"1701\" data-end=\"1923\"><span style=\"margin: 0px;padding: 0px;border: 0px;font-size: 12pt;background: transparent;font-family: verdana, geneva, sans-serif\">Fotel zosta\u0142 wyposa\u017cony w\u00a0<span data-start=\"1727\" data-end=\"1755\" style=\"margin: 0px;padding: 0px;border: 0px;background: transparent;font-weight: 700\">dwie regulowane poduszki<\/span>\u00a0\u2013 pod kark oraz l\u0119d\u017awiow\u0105. Dzi\u0119ki nim mo\u017cesz zachowa\u0107 prawid\u0142ow\u0105 postaw\u0119 cia\u0142a, zmniejszy\u0107 napi\u0119cie mi\u0119\u015bni i unikn\u0105\u0107 b\u00f3lu plec\u00f3w nawet podczas wielogodzinnych sesji.<\/span><\/p>\n<h3 data-start=\"1925\" data-end=\"1988\"><span style=\"margin: 0px;padding: 0px;border: 0px;font-size: 12pt;background: transparent;font-family: verdana, geneva, sans-serif\">Regulowane oparcie \u2013 dostosuj fotel do swoich potrzeb<\/span><\/h3>\n<p data-start=\"1989\" data-end=\"2189\"><span style=\"margin: 0px;padding: 0px;border: 0px;font-size: 12pt;background: transparent;font-family: verdana, geneva, sans-serif\">INFINI Core posiada mo\u017cliwo\u015b\u0107 regulacji k\u0105ta nachylenia oparcia. Mo\u017cesz przyj\u0105\u0107\u00a0<span data-start=\"2069\" data-end=\"2097\" style=\"margin: 0px;padding: 0px;border: 0px;background: transparent;font-weight: 700\">aktywn\u0105, pionow\u0105 pozycj\u0119<\/span>\u00a0podczas grania lub nauki, albo odchyli\u0107 oparcie i odpocz\u0105\u0107 w wygodnej pozycji p\u00f3\u0142le\u017c\u0105cej.<\/span><\/p>\n<h3 data-start=\"2191\" data-end=\"2244\"><span style=\"margin: 0px;padding: 0px;border: 0px;font-size: 12pt;background: transparent;font-family: verdana, geneva, sans-serif\">Mi\u0119kkie gamingowe k\u00f3\u0142ka<\/span><\/h3>\n<p data-start=\"1989\" data-end=\"2189\"><span style=\"margin: 0px;padding: 0px;border: 0px;font-size: 12pt;background: transparent;font-family: verdana, geneva, sans-serif\">Fotel Gamingowy INFINI Core wyposa\u017cony jest w\u00a0<span style=\"margin: 0px;padding: 0px;border: 0px;background: transparent;font-weight: 700\">kauczukowe gamingowe k\u00f3\u0142ka<\/span>, kt\u00f3re zapewniaj\u0105 cich\u0105 i p\u0142ynn\u0105 prac\u0119. Dzi\u0119ki nim mo\u017cesz swobodnie porusza\u0107 si\u0119 po pomieszczeniu bez ryzyka rysowania pod\u0142ogi. To rozwi\u0105zanie szczeg\u00f3lnie doceni\u0105 osoby posiadaj\u0105ce panele, parkiet lub delikatne powierzchnie \u2013 k\u00f3\u0142ka s\u0105 bezpieczne i nie pozostawiaj\u0105 \u015blad\u00f3w.<\/span><\/p>\n<h3 data-start=\"2191\" data-end=\"2244\"><span style=\"margin: 0px;padding: 0px;border: 0px;font-size: 12pt;background: transparent;font-family: verdana, geneva, sans-serif\">Mi\u0119kkie pod\u0142okietniki i solidna konstrukcja<\/span><\/h3>\n<p data-start=\"2245\" data-end=\"2441\"><span style=\"margin: 0px;padding: 0px;border: 0px;font-size: 12pt;background: transparent;font-family: verdana, geneva, sans-serif\">Profilowane, mi\u0119kkie pod\u0142okietniki odci\u0105\u017caj\u0105 ramiona, a mocna podstawa z wytrzyma\u0142ymi k\u00f3\u0142kami gwarantuje stabilno\u015b\u0107 i swobod\u0119 ruch\u00f3w. To fotel stworzony do intensywnego, codziennego u\u017cytkowania.<\/span><\/p>\n<h3 data-start=\"2443\" data-end=\"2493\"><span style=\"margin: 0px;padding: 0px;border: 0px;font-size: 12pt;background: transparent;font-family: verdana, geneva, sans-serif\">Nowoczesny design, kt\u00f3ry przyci\u0105ga wzrok<\/span><\/h3>\n<p data-start=\"2494\" data-end=\"2766\"><span style=\"margin: 0px;padding: 0px;border: 0px;font-size: 12pt;background: transparent;font-family: verdana, geneva, sans-serif\">Odpowiednie po\u0142\u0105czenie kolor\u00f3w nadaje fotelowi wyj\u0105tkowego, \u015bwie\u017cego charakteru. INFINI Core \u015bwietnie prezentuje si\u0119 zar\u00f3wno w pokoju gracza, jak i w nowoczesnym biurze. To nie tylko wygodny mebel, ale te\u017c element stylowej aran\u017cacji wn\u0119trza.<\/span><span style=\"margin: 0px;padding: 0px;border: 0px;font-size: 12pt;background: transparent;font-family: verdana, geneva, sans-serif\">\u00a0<\/span><\/p>\n<p><span style=\"margin: 0px;padding: 0px;border: 0px;font-size: 12pt;background: transparent;font-family: verdana, geneva, sans-serif\">\u00a0\u00a0<\/span><\/p>\n<h2 data-start=\"2773\" data-end=\"2796\"><span style=\"margin: 0px;padding: 0px;border: 0px;font-size: 12pt;background: transparent;font-family: verdana, geneva, sans-serif\">Dane techniczne i parametry:<\/span><\/h2>\n<ul data-start=\"2798\" data-end=\"3602\">\n<li data-start=\"2798\" data-end=\"2840\" style=\"margin: 0px;padding: 0px;border: 0px;background: transparent;line-height: 20px\">\n<p data-start=\"2800\" data-end=\"2840\" style=\"margin-top: 1em;margin-bottom: 1em;padding: 0px;border: 0px;background: transparent\"><span style=\"margin: 0px;padding: 0px;border: 0px;font-size: 12pt;background: transparent;font-family: verdana, geneva, sans-serif\"><span data-start=\"2800\" data-end=\"2831\" style=\"margin: 0px;padding: 0px;border: 0px;background: transparent;font-weight: 700\">Maksymalna wysoko\u015b\u0107 fotela:<\/span>\u00a0122 cm<\/span><\/p>\n<\/li>\n<li data-start=\"2798\" data-end=\"2840\" style=\"margin: 0px;padding: 0px;border: 0px;background: transparent;line-height: 20px\"><span style=\"margin: 0px;padding: 0px;border: 0px;font-size: 12pt;background: transparent;font-family: verdana, geneva, sans-serif\"><span data-start=\"2843\" data-end=\"2880\" style=\"margin: 0px;padding: 0px;border: 0px;background: transparent;font-weight: 700\">Maksymalna wysoko\u015b\u0107 do siedziska:<\/span>\u00a053 cm<\/span><\/li>\n<li data-start=\"2889\" data-end=\"2935\" style=\"margin: 0px;padding: 0px;border: 0px;background: transparent;line-height: 20px\">\n<p data-start=\"2891\" data-end=\"2935\" style=\"margin-top: 1em;margin-bottom: 1em;padding: 0px;border: 0px;background: transparent\"><span style=\"margin: 0px;padding: 0px;border: 0px;font-size: 12pt;background: transparent;font-family: verdana, geneva, sans-serif\"><span data-start=\"2891\" data-end=\"2927\" style=\"margin: 0px;padding: 0px;border: 0px;background: transparent;font-weight: 700\">Minimalna wysoko\u015b\u0107 do siedziska:<\/span>\u00a043 cm<\/span><\/p>\n<\/li>\n<li data-start=\"2936\" data-end=\"2970\" style=\"margin: 0px;padding: 0px;border: 0px;background: transparent;line-height: 20px\">\n<p data-start=\"2938\" data-end=\"2970\" style=\"margin-top: 1em;margin-bottom: 1em;padding: 0px;border: 0px;background: transparent\"><span style=\"margin: 0px;padding: 0px;border: 0px;font-size: 12pt;background: transparent;font-family: verdana, geneva, sans-serif\"><span data-start=\"2938\" data-end=\"2962\" style=\"margin: 0px;padding: 0px;border: 0px;background: transparent;font-weight: 700\">Regulacja wysoko\u015bci:<\/span>\u00a010 cm<\/span><\/p>\n<\/li>\n<li data-start=\"2971\" data-end=\"3023\" style=\"margin: 0px;padding: 0px;border: 0px;background: transparent;line-height: 20px\">\n<p data-start=\"2973\" data-end=\"3023\" style=\"margin-top: 1em;margin-bottom: 1em;padding: 0px;border: 0px;background: transparent\"><span style=\"margin: 0px;padding: 0px;border: 0px;font-size: 12pt;background: transparent;font-family: verdana, geneva, sans-serif\"><span data-start=\"2973\" data-end=\"3015\" style=\"margin: 0px;padding: 0px;border: 0px;background: transparent;font-weight: 700\">Maksymalna wysoko\u015b\u0107 do pod\u0142okietnik\u00f3w:<\/span>\u00a075 cm<\/span><\/p>\n<\/li>\n<li data-start=\"3024\" data-end=\"3075\" style=\"margin: 0px;padding: 0px;border: 0px;background: transparent;line-height: 20px\">\n<p data-start=\"3026\" data-end=\"3075\" style=\"margin-top: 1em;margin-bottom: 1em;padding: 0px;border: 0px;background: transparent\"><span style=\"margin: 0px;padding: 0px;border: 0px;font-size: 12pt;background: transparent;font-family: verdana, geneva, sans-serif\"><span data-start=\"3026\" data-end=\"3067\" style=\"margin: 0px;padding: 0px;border: 0px;background: transparent;font-weight: 700\">Minimalna wysoko\u015b\u0107 do pod\u0142okietnik\u00f3w:<\/span>\u00a064 cm<\/span><\/p>\n<\/li>\n<li data-start=\"3076\" data-end=\"3118\" style=\"margin: 0px;padding: 0px;border: 0px;background: transparent;line-height: 20px\">\n<p data-start=\"3078\" data-end=\"3118\" style=\"margin-top: 1em;margin-bottom: 1em;padding: 0px;border: 0px;background: transparent\"><span style=\"margin: 0px;padding: 0px;border: 0px;font-size: 12pt;background: transparent;font-family: verdana, geneva, sans-serif\"><span data-start=\"3078\" data-end=\"3110\" style=\"margin: 0px;padding: 0px;border: 0px;background: transparent;font-weight: 700\">Szeroko\u015b\u0107 z pod\u0142okietnikami:<\/span>\u00a065 cm<\/span><\/p>\n<\/li>\n<li data-start=\"3119\" data-end=\"3170\" style=\"margin: 0px;padding: 0px;border: 0px;background: transparent;line-height: 20px\">\n<p data-start=\"3121\" data-end=\"3170\" style=\"margin-top: 1em;margin-bottom: 1em;padding: 0px;border: 0px;background: transparent\"><span style=\"margin: 0px;padding: 0px;border: 0px;font-size: 12pt;background: transparent;font-family: verdana, geneva, sans-serif\"><span data-start=\"3121\" data-end=\"3157\" style=\"margin: 0px;padding: 0px;border: 0px;background: transparent;font-weight: 700\">Szeroko\u015b\u0107 i g\u0142\u0119boko\u015b\u0107 siedziska:<\/span>\u00a048 x\u00a048\u00a0cm<\/span><\/p>\n<\/li>\n<li data-start=\"3119\" data-end=\"3170\" style=\"margin: 0px;padding: 0px;border: 0px;background: transparent;line-height: 20px\"><span style=\"margin: 0px;padding: 0px;border: 0px;font-size: 12pt;background: transparent;font-family: verdana, geneva, sans-serif\"><span style=\"margin: 0px;padding: 0px;border: 0px;background: transparent;font-weight: 700\">K\u00f3\u0142ka:<\/span>\u00a0gamingowe, mi\u0119kkie ( nie rysuj\u0105 pod\u0142ogi )<\/span><\/li>\n<li data-start=\"3171\" data-end=\"3220\" style=\"margin: 0px;padding: 0px;border: 0px;background: transparent;line-height: 20px\">\n<p data-start=\"3173\" data-end=\"3220\" style=\"margin-top: 1em;margin-bottom: 1em;padding: 0px;border: 0px;background: transparent\"><span style=\"margin: 0px;padding: 0px;border: 0px;font-size: 12pt;background: transparent;font-family: verdana, geneva, sans-serif\"><span data-start=\"3173\" data-end=\"3184\" style=\"margin: 0px;padding: 0px;border: 0px;background: transparent;font-weight: 700\">Obicie:<\/span>\u00a0wysokiej jako\u015bci tkanina obiciowa<\/span><\/p>\n<\/li>\n<li data-start=\"3221\" data-end=\"3273\" style=\"margin: 0px;padding: 0px;border: 0px;background: transparent;line-height: 20px\">\n<p data-start=\"3223\" data-end=\"3273\" style=\"margin-top: 1em;margin-bottom: 1em;padding: 0px;border: 0px;background: transparent\"><span style=\"margin: 0px;padding: 0px;border: 0px;font-size: 12pt;background: transparent;font-family: verdana, geneva, sans-serif\"><span data-start=\"3223\" data-end=\"3236\" style=\"margin: 0px;padding: 0px;border: 0px;background: transparent;font-weight: 700\">Poduszki:<\/span>\u00a02 regulowane (karkowa i l\u0119d\u017awiowa)<\/span><\/p>\n<\/li>\n<li data-start=\"3274\" data-end=\"3325\" style=\"margin: 0px;padding: 0px;border: 0px;background: transparent;line-height: 20px\">\n<p data-start=\"3276\" data-end=\"3325\" style=\"margin-top: 1em;margin-bottom: 1em;padding: 0px;border: 0px;background: transparent\"><span style=\"margin: 0px;padding: 0px;border: 0px;font-size: 12pt;background: transparent;font-family: verdana, geneva, sans-serif\"><span data-start=\"3276\" data-end=\"3289\" style=\"margin: 0px;padding: 0px;border: 0px;background: transparent;font-weight: 700\">Podn\u00f3\u017cek:<\/span>\u00a0wysuwany, chowany pod siedziskiem<\/span><\/p>\n<\/li>\n<li data-start=\"3326\" data-end=\"3369\" style=\"margin: 0px;padding: 0px;border: 0px;background: transparent;line-height: 20px\">\n<p data-start=\"3328\" data-end=\"3369\" style=\"margin-top: 1em;margin-bottom: 1em;padding: 0px;border: 0px;background: transparent\"><span style=\"margin: 0px;padding: 0px;border: 0px;font-size: 12pt;background: transparent;font-family: verdana, geneva, sans-serif\"><span data-start=\"3328\" data-end=\"3346\" style=\"margin: 0px;padding: 0px;border: 0px;background: transparent;font-weight: 700\">Pod\u0142okietniki:<\/span>\u00a0mi\u0119kkie, profilowane<\/span><\/p>\n<\/li>\n<li data-start=\"3370\" data-end=\"3438\" style=\"margin: 0px;padding: 0px;border: 0px;background: transparent;line-height: 20px\">\n<p data-start=\"3372\" data-end=\"3438\" style=\"margin-top: 1em;margin-bottom: 1em;padding: 0px;border: 0px;background: transparent\"><span style=\"margin: 0px;padding: 0px;border: 0px;font-size: 12pt;background: transparent;font-family: verdana, geneva, sans-serif\"><span data-start=\"3372\" data-end=\"3384\" style=\"margin: 0px;padding: 0px;border: 0px;background: transparent;font-weight: 700\">Funkcje:<\/span>\u00a0regulowane oparcie, regulacja wysoko\u015bci, obr\u00f3t 360\u00b0<\/span><\/p>\n<\/li>\n<li data-start=\"3439\" data-end=\"3488\" style=\"margin: 0px;padding: 0px;border: 0px;background: transparent;line-height: 20px\">\n<p data-start=\"3441\" data-end=\"3488\" style=\"margin-top: 1em;margin-bottom: 1em;padding: 0px;border: 0px;background: transparent\"><span style=\"margin: 0px;padding: 0px;border: 0px;font-size: 12pt;background: transparent;font-family: verdana, geneva, sans-serif\"><span data-start=\"3441\" data-end=\"3451\" style=\"margin: 0px;padding: 0px;border: 0px;background: transparent;font-weight: 700\">Kolor:<\/span>\u00a0czarno &#8211; zielony<\/span><\/p>\n<\/li>\n<li data-start=\"3489\" data-end=\"3537\" style=\"margin: 0px;padding: 0px;border: 0px;background: transparent;line-height: 20px\">\n<p data-start=\"3491\" data-end=\"3537\" style=\"margin-top: 1em;margin-bottom: 1em;padding: 0px;border: 0px;background: transparent\"><span style=\"margin: 0px;padding: 0px;border: 0px;font-size: 12pt;background: transparent;font-family: verdana, geneva, sans-serif\"><span data-start=\"3491\" data-end=\"3504\" style=\"margin: 0px;padding: 0px;border: 0px;background: transparent;font-weight: 700\">Podstawa:<\/span>\u00a0solidna konstrukcja na k\u00f3\u0142kach<\/span><\/p>\n<\/li>\n<li data-start=\"3538\" data-end=\"3602\" style=\"margin: 0px;padding: 0px;border: 0px;background: transparent;line-height: 20px\">\n<p data-start=\"3540\" data-end=\"3602\" style=\"margin-top: 1em;margin-bottom: 1em;padding: 0px;border: 0px;background: transparent\"><span style=\"margin: 0px;padding: 0px;border: 0px;font-size: 12pt;background: transparent;font-family: verdana, geneva, sans-serif\"><span data-start=\"3540\" data-end=\"3564\" style=\"margin: 0px;padding: 0px;border: 0px;background: transparent;font-weight: 700\">Tolerancja wymiar\u00f3w:<\/span>\u00a01\u20135% (ze wzgl\u0119d\u00f3w technologicznych)<\/span><\/p>\n<\/li>\n<\/ul>\n<p><span style=\"margin: 0px;padding: 0px;border: 0px;font-size: 12pt;background: transparent;font-family: verdana, geneva, sans-serif\">\u00a0 \u00a0<\/span><\/p>\n","protected":false},"excerpt":{"rendered":"<p>Fotel Gamingowy INFINI Core Green z tkaniny, podn\u00f3\u017cek w zestawie \u00a0Fotel Gamingowy\u00a0INFINI Core z tkaniny &#8211; komfort i ergonomia w najlepszym wydaniu. Fotel gamingowy\u00a0INFINI Core\u00a0to idealne po\u0142\u0105czenie\u00a0ergonomii, nowoczesnego designu i praktycznych rozwi\u0105za\u0144, kt\u00f3re sprawiaj\u0105, \u017ce codzienne granie, praca czy nauka staj\u0105 si\u0119 znacznie wygodniejsze. Zaprojektowany z my\u015bl\u0105 o graczach i osobach sp\u0119dzaj\u0105cych wiele godzin przy [&hellip;]<\/p>\n","protected":false},"featured_media":15787,"template":"","meta":[],"product_brand":[68],"product_cat":[66,35],"product_tag":[],"class_list":{"0":"post-15797","1":"product","2":"type-product","3":"status-publish","4":"has-post-thumbnail","6":"product_brand-infini","7":"product_cat-fotele_gamingowe","8":"product_cat-krzesla-i-fotele","10":"first","11":"instock","12":"taxable","13":"shipping-taxable","14":"purchasable","15":"product-type-simple"},"_links":{"self":[{"href":"https:\/\/scandiso.pl\/index.php\/wp-json\/wp\/v2\/product\/15797","targetHints":{"allow":["GET"]}}],"collection":[{"href":"https:\/\/scandiso.pl\/index.php\/wp-json\/wp\/v2\/product"}],"about":[{"href":"https:\/\/scandiso.pl\/index.php\/wp-json\/wp\/v2\/types\/product"}],"wp:featuredmedia":[{"embeddable":true,"href":"https:\/\/scandiso.pl\/index.php\/wp-json\/wp\/v2\/media\/15787"}],"wp:attachment":[{"href":"https:\/\/scandiso.pl\/index.php\/wp-json\/wp\/v2\/media?parent=15797"}],"wp:term":[{"taxonomy":"product_brand","embeddable":true,"href":"https:\/\/scandiso.pl\/index.php\/wp-json\/wp\/v2\/product_brand?post=15797"},{"taxonomy":"product_cat","embeddable":true,"href":"https:\/\/scandiso.pl\/index.php\/wp-json\/wp\/v2\/product_cat?post=15797"},{"taxonomy":"product_tag","embeddable":true,"href":"https:\/\/scandiso.pl\/index.php\/wp-json\/wp\/v2\/product_tag?post=15797"}],"curies":[{"name":"wp","href":"https:\/\/api.w.org\/{rel}","templated":true}]}}