{"id":1679,"date":"2025-10-07T10:04:19","date_gmt":"2025-10-07T08:04:19","guid":{"rendered":"http:\/\/serwer372429.lh.pl\/autoinstalator\/serwer372429.lh.pl\/wordpress128121\/index.php\/product\/komoda-malwa-2d6s-kaszmir-bez\/"},"modified":"2026-04-16T16:48:14","modified_gmt":"2026-04-16T14:48:14","slug":"komoda-malwa-2d6s-kaszmir-bez","status":"publish","type":"product","link":"https:\/\/scandiso.pl\/index.php\/product\/komoda-malwa-2d6s-kaszmir-bez\/","title":{"rendered":"Komoda Malwa 2D6S KASZMIR BE\u017b"},"content":{"rendered":"<p><strong>NOWOCZESNA KOMODA, 2 DRZWI, 6 SZUFLAD<\/strong><\/p>\n<p>\t<strong>MODEL: 2D6S 120CM<\/strong><\/p>\n<p>\t<strong>KOLOR: KASZMIR (Modny i stylowy odcie\u0144 Be\u017cu)<\/strong><\/p>\n<p>\n\t\tWybieraj\u0105c nasz\u0105 nowoczesn\u0105 komod\u0119 2D6S, zyskujesz nie tylko praktyczne rozwi\u0105zanie do przechowywania, ale tak\u017ce elegancki mebel, kt&oacute;ry doskonale wpasuje si\u0119 w ka\u017cde wn\u0119trze.<\/p>\n<p>\n\t\tJest to idealna propozycja dla os&oacute;b ceni\u0105cych funkcjonalno\u015b\u0107 i minimalistyczny, nowoczesny design.<\/p>\n<p>\t<strong>Najwa\u017cniejsze cechy komody:<\/strong><\/p>\n<ul>\n<li>\n\t\t<strong>Przestronno\u015b\u0107 i funkcjonalno\u015b\u0107:<\/strong> Komoda wyposa\u017cona jest w 2 drzwi oraz 6 pojemnych szuflad, kt&oacute;re pomog\u0105 w organizacji Twojej przestrzeni. Idealna do sypialni, salonu, pokoju dzieci\u0119cego czy przedpokoju &ndash; wsz\u0119dzie tam, gdzie potrzebujesz dodatkowego miejsca do przechowywania.<\/li>\n<li>\n\t\t<strong>Uniwersalny design:<\/strong> Stonowany kolor kaszmir wpisuje si\u0119 w najnowsze trendy wn\u0119trzarskie, wprowadzaj\u0105c do pomieszczenia ciep\u0142o i elegancj\u0119. Idealnie komponuje si\u0119 z jasnymi \u015bcianami, naturalnym drewnem czy loftowymi dodatkami. Bezuchwytowe fronty podkre\u015blaj\u0105 minimalistyczny charakter, jednocze\u015bnie zapewniaj\u0105c wygod\u0119 u\u017cytkowania.<\/li>\n<li>\n\t\t<strong>Wygodne u\u017cytkowanie:<\/strong> Szuflady poruszaj\u0105 si\u0119 na prowadnicach rolkowych, co zapewnia p\u0142ynne i bezpieczne otwieranie oraz zamykanie. To rozwi\u0105zanie jest nie tylko wygodne, ale tak\u017ce niezawodne na d\u0142ugie lata.<\/li>\n<li>\n\t\t<strong>\u0141atwy monta\u017c:<\/strong> Komoda jest dostarczana w fabrycznym opakowaniu do samodzielnego monta\u017cu. W zestawie znajdziesz instrukcj\u0119 monta\u017cu oraz wszystkie niezb\u0119dne akcesoria, kt&oacute;re u\u0142atwi\u0105 Ci z\u0142o\u017cenie mebla krok po kroku.<\/li>\n<\/ul>\n<p>\n\t<strong>MATERIA\u0141:<\/strong><\/p>\n<p>\tKorpus i front &#8211; p\u0142yta wi&oacute;rowa laminowana 16 mm.<\/p>\n<p>\tSzuflady &ndash; na prowadnicach rolkowych to gwarancja wygodnego, a przede wszystkim bezpiecznego u\u017cytkowania.<\/p>\n<p>\t<strong>WYMIARY:<\/strong><\/p>\n<p>\tG\u0142\u0119boko\u015b\u0107: 40 cm<\/p>\n<p>\tSzeroko\u015b\u0107: 120 cm<\/p>\n<p>\tWysoko\u015b\u0107: 96,5 cm<\/p>\n<p>\t<strong>U\u017cytkowanie:<\/strong><\/p>\n<p>\tPowierzchni\u0119 mebla czy\u015bci\u0107 przy pomocy mi\u0119kkiej szmatki. Unika\u0107 stosowania silnie dzia\u0142aj\u0105cych \u015brodk&oacute;w chemicznych.<\/p>\n<p>\t<strong>W opakowaniu:<\/strong><\/p>\n<p>\tInstrukcja monta\u017cu wraz ze wszystkimi potrzebnymi akcesoriami monta\u017cowymi.<\/p>\n<p>\tMeble s\u0105 fabrycznie zapakowane do samodzielnego monta\u017cu.<\/p>\n<p>\n\t\t<em><strong data-end=\"82\" data-start=\"67\">Informacja:<\/strong><\/em><\/p>\n<p>\n\t\t<em>Dok\u0142adamy wszelkich stara\u0144, aby kolory mebli prezentowane na zdj\u0119ciach by\u0142y odwzorowane mo\u017cliwie jak najdok\u0142adniej. Nale\u017cy jednak pami\u0119ta\u0107, \u017ce ich odbi&oacute;r mo\u017ce si\u0119 r&oacute;\u017cni\u0107 w zale\u017cno\u015bci od indywidualnych ustawie\u0144 monitora lub ekranu (takich jak jasno\u015b\u0107, kontrast, temperatura barwowa czy technologia wy\u015bwietlania). Rzeczywisty odcie\u0144 produktu mo\u017ce si\u0119 tak\u017ce r&oacute;\u017cni\u0107 w zale\u017cno\u015bci od warunk&oacute;w o\u015bwietleniowych.<br data-end=\"491\" data-is-only-node=\"\" data-start=\"488\" \/><br \/>\n\t\tEwentualne r&oacute;\u017cnice kolorystyczne nie wynikaj\u0105 z wady produktu.<\/em><\/p><\/p>\n","protected":false},"excerpt":{"rendered":"<p>\n\t<strong>MATERIA\u0141:<\/strong><\/p>\n<p>\tKorpus i front &#8211; p\u0142yta wi&oacute;rowa laminowana 16 mm.<\/p>\n<p>\tSzuflady &ndash; na prowadnicach rolkowych to gwarancja wygodnego, a przede wszystkim bezpiecznego u\u017cytkowania.<\/p>\n<p>\t<strong>WYMIARY:<\/strong><\/p>\n<p>\tG\u0142\u0119boko\u015b\u0107: 40 cm<\/p>\n<p>\tSzeroko\u015b\u0107: 120 cm<\/p>\n<p>\tWysoko\u015b\u0107: 96,5 cm<\/p>\n<p>\t<strong>U\u017cytkowanie:<\/strong><\/p>\n<p>\tPowierzchni\u0119 mebla czy\u015bci\u0107 przy pomocy mi\u0119kkiej szmatki. Unika\u0107 stosowania silnie dzia\u0142aj\u0105cych \u015brodk&oacute;w chemicznych.<\/p>\n<p>\t<strong>W opakowaniu:<\/strong><\/p>\n<p>\tInstrukcja monta\u017cu wraz ze wszystkimi potrzebnymi akcesoriami monta\u017cowymi.<\/p>\n<p>\tMeble s\u0105 fabrycznie zapakowane do samodzielnego monta\u017cu.<\/p>\n<p>\n\t\t<em><strong data-end=\"82\" data-start=\"67\">Informacja:<\/strong><\/em><\/p>\n<p>\n\t\t<em>Dok\u0142adamy wszelkich stara\u0144, aby kolory mebli prezentowane na zdj\u0119ciach by\u0142y odwzorowane mo\u017cliwie jak najdok\u0142adniej. Nale\u017cy jednak pami\u0119ta\u0107, \u017ce ich odbi&oacute;r mo\u017ce si\u0119 r&oacute;\u017cni\u0107 w zale\u017cno\u015bci od indywidualnych ustawie\u0144 monitora lub ekranu (takich jak jasno\u015b\u0107, kontrast, temperatura barwowa czy technologia wy\u015bwietlania). Rzeczywisty odcie\u0144 produktu mo\u017ce si\u0119 tak\u017ce r&oacute;\u017cni\u0107 w zale\u017cno\u015bci od warunk&oacute;w o\u015bwietleniowych.<br data-end=\"491\" data-is-only-node=\"\" data-start=\"488\" \/><br \/>\n\t\tEwentualne r&oacute;\u017cnice kolorystyczne nie wynikaj\u0105 z wady produktu.<\/em><\/p><\/p>\n","protected":false},"featured_media":1680,"template":"","meta":[],"product_brand":[64],"product_cat":[40],"product_tag":[],"class_list":{"0":"post-1679","1":"product","2":"type-product","3":"status-publish","4":"has-post-thumbnail","6":"product_brand-topeshop","7":"product_cat-komody","9":"first","10":"instock","11":"taxable","12":"shipping-taxable","13":"purchasable","14":"product-type-simple"},"_links":{"self":[{"href":"https:\/\/scandiso.pl\/index.php\/wp-json\/wp\/v2\/product\/1679","targetHints":{"allow":["GET"]}}],"collection":[{"href":"https:\/\/scandiso.pl\/index.php\/wp-json\/wp\/v2\/product"}],"about":[{"href":"https:\/\/scandiso.pl\/index.php\/wp-json\/wp\/v2\/types\/product"}],"wp:featuredmedia":[{"embeddable":true,"href":"https:\/\/scandiso.pl\/index.php\/wp-json\/wp\/v2\/media\/1680"}],"wp:attachment":[{"href":"https:\/\/scandiso.pl\/index.php\/wp-json\/wp\/v2\/media?parent=1679"}],"wp:term":[{"taxonomy":"product_brand","embeddable":true,"href":"https:\/\/scandiso.pl\/index.php\/wp-json\/wp\/v2\/product_brand?post=1679"},{"taxonomy":"product_cat","embeddable":true,"href":"https:\/\/scandiso.pl\/index.php\/wp-json\/wp\/v2\/product_cat?post=1679"},{"taxonomy":"product_tag","embeddable":true,"href":"https:\/\/scandiso.pl\/index.php\/wp-json\/wp\/v2\/product_tag?post=1679"}],"curies":[{"name":"wp","href":"https:\/\/api.w.org\/{rel}","templated":true}]}}