{"id":2482,"date":"2025-10-07T10:04:49","date_gmt":"2025-10-07T08:04:49","guid":{"rendered":"http:\/\/serwer372429.lh.pl\/autoinstalator\/serwer372429.lh.pl\/wordpress128121\/index.php\/product\/nadstawka-do-biurka-100-cm-biala-regal-na-ksiazki-dokumenty\/"},"modified":"2026-05-13T15:55:30","modified_gmt":"2026-05-13T13:55:30","slug":"nadstawka-do-biurka-100-cm-biala-regal-na-ksiazki-dokumenty","status":"publish","type":"product","link":"https:\/\/scandiso.pl\/index.php\/product\/nadstawka-do-biurka-100-cm-biala-regal-na-ksiazki-dokumenty\/","title":{"rendered":"Nadstawka do Biurka 100 cm BIA\u0141A Rega\u0142 Na Ksi\u0105\u017cki Dokumenty"},"content":{"rendered":"<p><strong>NADSTAWKA DO BIURKA 100 CM &ndash; PRAKTYCZNE UZUPE\u0141NIENIE BIURKA<\/strong><\/p>\n<p>\t\t<strong>MODEL: NADSTAWKA DO BIURKA 100 CM<\/strong><\/p>\n<p>\t\t<strong>KOLOR: BIEL MAT<\/strong><\/p>\n<p>\t\t<b>FUNKCJONALNO\u015a\u0106 I PORZ\u0104DEK W TWOIM MIEJSCU PRACY<\/b><\/p>\n<p data-end=\"637\" data-start=\"351\">\n\t\t\t\tNadstawka do biurka to idealne rozwi\u0105zanie dla os&oacute;b, kt&oacute;re ceni\u0105 porz\u0105dek, wygod\u0119 i funkcjonalno\u015b\u0107 na swoim stanowisku pracy lub nauki. Dzi\u0119ki dobrze przemy\u015blanej konstrukcji zapewnia dodatkow\u0105 przestrze\u0144 do przechowywania ksi\u0105\u017cek, dokument&oacute;w, akcesori&oacute;w biurowych czy dekoracji. Nadstawka przytwierdzana jest do blatu biurka.<\/p>\n<p data-end=\"637\" data-start=\"351\">\n\t\t\t\tNadstawka 100 cm jest dedykowana do nast\u0119puj\u0105cych biurek z naszej oferty: <strong>MIJAS, PORTO, LIMA.<\/strong><\/p>\n<p data-end=\"797\" data-start=\"639\">\n\t\t\t\tKlasyczna, matowa biel nadstawki nadaje wn\u0119trzu lekko\u015bci i \u015bwie\u017co\u015bci, doskonale komponuj\u0105c si\u0119 zar&oacute;wno z nowoczesnymi, jak i bardziej klasycznymi aran\u017cacjami.<\/p>\n<p>\t\t\t<b>G\u0141&Oacute;WNE CECHY MEBLA:<\/b><\/p>\n<ul>\n<li>\n\t\t\tNowoczesna, minimalistyczna forma &ndash; idealna do biurek z naszej ofert: MIJAS, PORTO, LIMA<\/li>\n<li>\n\t\t\tPraktyczne rozmieszczenie przegr&oacute;dek &ndash; u\u0142atwia organizacj\u0119 miejsca pracy<\/li>\n<li>\n\t\t\t4 pojemne p&oacute;\u0142ki<\/li>\n<li>\n\t\t\tWytrzyma\u0142a i solidna konstrukcja &ndash; stabilno\u015b\u0107 i trwa\u0142o\u015b\u0107 na lata<\/li>\n<li>\n\t\t\tKompaktowe wymiary &ndash; funkcjonalne zagospodarowanie przestrzeni nad biurkiem<\/li>\n<li>\n\t\t\tUniwersalna kolorystyka &ndash; bia\u0142y kolor optycznie powi\u0119ksza przestrze\u0144<\/li>\n<\/ul>\n<p><strong>MATERIA\u0141:<\/strong><\/p>\n<ul>\n<li>\n\t\tKorpus oraz fronty &#8211; p\u0142yta wi&oacute;rowa laminowana o grubo\u015bci 16 mm.<\/li>\n<\/ul>\n<p>\t<strong>WYMIARY:<\/strong><\/p>\n<ul>\n<li>\n\t\t\tG\u0142\u0119boko\u015b\u0107: 18 cm<\/li>\n<li>\n\t\t\tSzeroko\u015b\u0107: 96,5 cm<\/li>\n<li>\n\t\t\tWysoko\u015b\u0107: 70 cm<\/li>\n<\/ul>\n<p>\n\t\t<strong data-end=\"1756\" data-start=\"1726\">Nadstawka do biurka 100 cm<\/strong> to \u015bwietne rozwi\u0105zanie, kt&oacute;re pomo\u017ce w organizacji przestrzeni do pracy lub nauki, zwi\u0119kszaj\u0105c funkcjonalno\u015b\u0107 Twojego biurka bez konieczno\u015bci zajmowania dodatkowego miejsca w pomieszczeniu.<\/p>\n<p>\t<strong>U\u017bYTKOWANIE:<\/strong><\/p>\n<p>\tPowierzchni\u0119 mebla czy\u015bci\u0107 przy pomocy mi\u0119kkiej szmatki. Unika\u0107 stosowania silnie dzia\u0142aj\u0105cych \u015brodk&oacute;w chemicznych.<\/p>\n<p>\t<strong>W opakowaniu:<\/strong><\/p>\n<p>\tInstrukcja monta\u017cu wraz ze wszystkimi potrzebnymi akcesoriami monta\u017cowymi.<\/p>\n<p>\tMeble s\u0105 fabrycznie zapakowane do samodzielnego monta\u017cu.<\/p>\n<p>\n\t\t<em><strong data-end=\"82\" data-start=\"67\">Informacja:<\/strong><\/em><\/p>\n<p>\n\t\t<em>Dok\u0142adamy wszelkich stara\u0144, aby kolory mebli prezentowane na zdj\u0119ciach by\u0142y odwzorowane mo\u017cliwie jak najdok\u0142adniej. Nale\u017cy jednak pami\u0119ta\u0107, \u017ce ich odbi&oacute;r mo\u017ce si\u0119 r&oacute;\u017cni\u0107 w zale\u017cno\u015bci od indywidualnych ustawie\u0144 monitora lub ekranu (takich jak jasno\u015b\u0107, kontrast, temperatura barwowa czy technologia wy\u015bwietlania). Rzeczywisty odcie\u0144 produktu mo\u017ce si\u0119 tak\u017ce r&oacute;\u017cni\u0107 w zale\u017cno\u015bci od warunk&oacute;w o\u015bwietleniowych.<br data-end=\"491\" data-is-only-node=\"\" data-start=\"488\" \/><br \/>\n\t\tEwentualne r&oacute;\u017cnice kolorystyczne nie wynikaj\u0105 z wady produktu.<\/em><\/p><\/p>\n","protected":false},"excerpt":{"rendered":"<p><strong>MATERIA\u0141:<\/strong><\/p>\n<ul>\n<li>\n\t\tKorpus oraz fronty &#8211; p\u0142yta wi&oacute;rowa laminowana o grubo\u015bci 16 mm.<\/li>\n<\/ul>\n<p>\t<strong>WYMIARY:<\/strong><\/p>\n<ul>\n<li>\n\t\t\tG\u0142\u0119boko\u015b\u0107: 18 cm<\/li>\n<li>\n\t\t\tSzeroko\u015b\u0107: 96,5 cm<\/li>\n<li>\n\t\t\tWysoko\u015b\u0107: 70 cm<\/li>\n<\/ul>\n<p>\n\t\t<strong data-end=\"1756\" data-start=\"1726\">Nadstawka do biurka 100 cm<\/strong> to \u015bwietne rozwi\u0105zanie, kt&oacute;re pomo\u017ce w organizacji przestrzeni do pracy lub nauki, zwi\u0119kszaj\u0105c funkcjonalno\u015b\u0107 Twojego biurka bez konieczno\u015bci zajmowania dodatkowego miejsca w pomieszczeniu.<\/p>\n<p>\t<strong>U\u017bYTKOWANIE:<\/strong><\/p>\n<p>\tPowierzchni\u0119 mebla czy\u015bci\u0107 przy pomocy mi\u0119kkiej szmatki. Unika\u0107 stosowania silnie dzia\u0142aj\u0105cych \u015brodk&oacute;w chemicznych.<\/p>\n<p>\t<strong>W opakowaniu:<\/strong><\/p>\n<p>\tInstrukcja monta\u017cu wraz ze wszystkimi potrzebnymi akcesoriami monta\u017cowymi.<\/p>\n<p>\tMeble s\u0105 fabrycznie zapakowane do samodzielnego monta\u017cu.<\/p>\n<p>\n\t\t<em><strong data-end=\"82\" data-start=\"67\">Informacja:<\/strong><\/em><\/p>\n<p>\n\t\t<em>Dok\u0142adamy wszelkich stara\u0144, aby kolory mebli prezentowane na zdj\u0119ciach by\u0142y odwzorowane mo\u017cliwie jak najdok\u0142adniej. Nale\u017cy jednak pami\u0119ta\u0107, \u017ce ich odbi&oacute;r mo\u017ce si\u0119 r&oacute;\u017cni\u0107 w zale\u017cno\u015bci od indywidualnych ustawie\u0144 monitora lub ekranu (takich jak jasno\u015b\u0107, kontrast, temperatura barwowa czy technologia wy\u015bwietlania). Rzeczywisty odcie\u0144 produktu mo\u017ce si\u0119 tak\u017ce r&oacute;\u017cni\u0107 w zale\u017cno\u015bci od warunk&oacute;w o\u015bwietleniowych.<br data-end=\"491\" data-is-only-node=\"\" data-start=\"488\" \/><br \/>\n\t\tEwentualne r&oacute;\u017cnice kolorystyczne nie wynikaj\u0105 z wady produktu.<\/em><\/p><\/p>\n","protected":false},"featured_media":2483,"template":"","meta":[],"product_brand":[64],"product_cat":[45],"product_tag":[],"class_list":{"0":"post-2482","1":"product","2":"type-product","3":"status-publish","4":"has-post-thumbnail","6":"product_brand-topeshop","7":"product_cat-regaly","9":"first","10":"instock","11":"taxable","12":"shipping-taxable","13":"purchasable","14":"product-type-simple"},"_links":{"self":[{"href":"https:\/\/scandiso.pl\/index.php\/wp-json\/wp\/v2\/product\/2482","targetHints":{"allow":["GET"]}}],"collection":[{"href":"https:\/\/scandiso.pl\/index.php\/wp-json\/wp\/v2\/product"}],"about":[{"href":"https:\/\/scandiso.pl\/index.php\/wp-json\/wp\/v2\/types\/product"}],"wp:featuredmedia":[{"embeddable":true,"href":"https:\/\/scandiso.pl\/index.php\/wp-json\/wp\/v2\/media\/2483"}],"wp:attachment":[{"href":"https:\/\/scandiso.pl\/index.php\/wp-json\/wp\/v2\/media?parent=2482"}],"wp:term":[{"taxonomy":"product_brand","embeddable":true,"href":"https:\/\/scandiso.pl\/index.php\/wp-json\/wp\/v2\/product_brand?post=2482"},{"taxonomy":"product_cat","embeddable":true,"href":"https:\/\/scandiso.pl\/index.php\/wp-json\/wp\/v2\/product_cat?post=2482"},{"taxonomy":"product_tag","embeddable":true,"href":"https:\/\/scandiso.pl\/index.php\/wp-json\/wp\/v2\/product_tag?post=2482"}],"curies":[{"name":"wp","href":"https:\/\/api.w.org\/{rel}","templated":true}]}}