{"id":2572,"date":"2025-09-26T08:36:55","date_gmt":"2025-09-26T06:36:55","guid":{"rendered":"http:\/\/serwer372429.lh.pl\/autoinstalator\/serwer372429.lh.pl\/wordpress128121\/index.php\/product\/regal-bily-rs-80-bialy\/"},"modified":"2026-05-13T15:58:38","modified_gmt":"2026-05-13T13:58:38","slug":"regal-bily-rs-80-bialy","status":"publish","type":"product","link":"https:\/\/scandiso.pl\/index.php\/product\/regal-bily-rs-80-bialy\/","title":{"rendered":"Rega\u0142 Bily RS-80 BIA\u0141Y"},"content":{"rendered":"<p><strong>REGA\u0141 OTWARTY 7 P&Oacute;\u0141EK &#8211; 2 SZUFLADY, DO SALONU, BIURA, POKOJU<\/strong><\/p>\n<p>\t<strong>MODEL: RS-80 BILY<\/strong><\/p>\n<p>\t<strong>KOLOR: BIEL MAT<\/strong><\/p>\n<p>\tCeni\u0105 sobie pa\u0144stwo nowoczesny design i funkcjonalno\u015b\u0107?<\/p>\n<p>\tRega\u0142 RS-80 to praktyczny mebel, kt&oacute;ry znajdzie swoje miejsce zar&oacute;wno w salonie, gdzie mo\u017cna umie\u015bci\u0107 na nim r&oacute;\u017cne dekoracje, zdj\u0119cia czy te\u017c ksi\u0105\u017cki, ale r&oacute;wnie\u017c w biurze czy pracowni, gdzie dokumenty musza mie\u0107 swoje miejsce.<\/p>\n<p>\tCechy charakterystyczne tego produktu to przede wszystkim solidne wykonanie oraz nowoczesny wygl\u0105d.<\/p>\n<p>\tMebel wykonany z najwy\u017cszej jako\u015bci p\u0142yty laminowanej odpornej na zarysowania i wilgo\u0107 wraz z wzmocnieniami obrze\u017cy ABS.<\/p>\n<p>\tBoki szafki s\u0105 jednolite bez otwor&oacute;w na zewn\u0105trz, podnosi to estetyk\u0119 produktu.<\/p>\n<ul>\n<li>\n\t\tKraw\u0119dzie oklejone obrze\u017cem ABS<\/li>\n<li>\n\t\t7 praktycznych p&oacute;\u0142ek<\/li>\n<li>\n\t\tLekka prosta forma<\/li>\n<li>\n\t\tMinimalistyczna konstrukcja<\/li>\n<li>\n\t\tP\u0142yta laminowana 16 mm<\/li>\n<li>\n\t\tPolski producent<\/li>\n<\/ul>\n<p><strong>WYMIARY:<\/strong><\/p>\n<p>\tG\u0142\u0119boko\u015b\u0107: 35 cm<\/p>\n<p>\tWysoko\u015b\u0107: 180 cm<\/p>\n<p>\tSzeroko\u015b\u0107 80 cm<\/p>\n<p>\t<strong>U\u017cytkowanie:<\/strong><\/p>\n<p>\tPowierzchni\u0119 mebla czy\u015bci\u0107 przy pomocy mi\u0119kkiej szmatki. Unika\u0107 stosowania silnie dzia\u0142aj\u0105cych \u015brodk&oacute;w chemicznych.<\/p>\n<p>\t<strong>W opakowaniu:<\/strong><\/p>\n<p>\tInstrukcja monta\u017cu wraz ze wszystkimi potrzebnymi akcesoriami monta\u017cowymi.<\/p>\n<p>\tMeble s\u0105 fabrycznie zapakowane do samodzielnego monta\u017cu.<\/p>\n<p>\n\t\t<em><strong data-end=\"82\" data-start=\"67\">Informacja:<\/strong><\/em><\/p>\n<p>\n\t\t<em>Dok\u0142adamy wszelkich stara\u0144, aby kolory mebli prezentowane na zdj\u0119ciach by\u0142y odwzorowane mo\u017cliwie jak najdok\u0142adniej. Nale\u017cy jednak pami\u0119ta\u0107, \u017ce ich odbi&oacute;r mo\u017ce si\u0119 r&oacute;\u017cni\u0107 w zale\u017cno\u015bci od indywidualnych ustawie\u0144 monitora lub ekranu (takich jak jasno\u015b\u0107, kontrast, temperatura barwowa czy technologia wy\u015bwietlania). Rzeczywisty odcie\u0144 produktu mo\u017ce si\u0119 tak\u017ce r&oacute;\u017cni\u0107 w zale\u017cno\u015bci od warunk&oacute;w o\u015bwietleniowych.<br data-end=\"491\" data-is-only-node=\"\" data-start=\"488\" \/><br \/>\n\t\tEwentualne r&oacute;\u017cnice kolorystyczne nie wynikaj\u0105 z wady produktu.<\/em><\/p><\/p>\n","protected":false},"excerpt":{"rendered":"<p><strong>WYMIARY:<\/strong><\/p>\n<p>\tG\u0142\u0119boko\u015b\u0107: 35 cm<\/p>\n<p>\tWysoko\u015b\u0107: 180 cm<\/p>\n<p>\tSzeroko\u015b\u0107 80 cm<\/p>\n<p>\t<strong>U\u017cytkowanie:<\/strong><\/p>\n<p>\tPowierzchni\u0119 mebla czy\u015bci\u0107 przy pomocy mi\u0119kkiej szmatki. Unika\u0107 stosowania silnie dzia\u0142aj\u0105cych \u015brodk&oacute;w chemicznych.<\/p>\n<p>\t<strong>W opakowaniu:<\/strong><\/p>\n<p>\tInstrukcja monta\u017cu wraz ze wszystkimi potrzebnymi akcesoriami monta\u017cowymi.<\/p>\n<p>\tMeble s\u0105 fabrycznie zapakowane do samodzielnego monta\u017cu.<\/p>\n<p>\n\t\t<em><strong data-end=\"82\" data-start=\"67\">Informacja:<\/strong><\/em><\/p>\n<p>\n\t\t<em>Dok\u0142adamy wszelkich stara\u0144, aby kolory mebli prezentowane na zdj\u0119ciach by\u0142y odwzorowane mo\u017cliwie jak najdok\u0142adniej. Nale\u017cy jednak pami\u0119ta\u0107, \u017ce ich odbi&oacute;r mo\u017ce si\u0119 r&oacute;\u017cni\u0107 w zale\u017cno\u015bci od indywidualnych ustawie\u0144 monitora lub ekranu (takich jak jasno\u015b\u0107, kontrast, temperatura barwowa czy technologia wy\u015bwietlania). Rzeczywisty odcie\u0144 produktu mo\u017ce si\u0119 tak\u017ce r&oacute;\u017cni\u0107 w zale\u017cno\u015bci od warunk&oacute;w o\u015bwietleniowych.<br data-end=\"491\" data-is-only-node=\"\" data-start=\"488\" \/><br \/>\n\t\tEwentualne r&oacute;\u017cnice kolorystyczne nie wynikaj\u0105 z wady produktu.<\/em><\/p><\/p>\n","protected":false},"featured_media":2573,"template":"","meta":[],"product_brand":[64],"product_cat":[45],"product_tag":[],"class_list":{"0":"post-2572","1":"product","2":"type-product","3":"status-publish","4":"has-post-thumbnail","6":"product_brand-topeshop","7":"product_cat-regaly","9":"first","10":"instock","11":"taxable","12":"shipping-taxable","13":"purchasable","14":"product-type-simple"},"_links":{"self":[{"href":"https:\/\/scandiso.pl\/index.php\/wp-json\/wp\/v2\/product\/2572","targetHints":{"allow":["GET"]}}],"collection":[{"href":"https:\/\/scandiso.pl\/index.php\/wp-json\/wp\/v2\/product"}],"about":[{"href":"https:\/\/scandiso.pl\/index.php\/wp-json\/wp\/v2\/types\/product"}],"wp:featuredmedia":[{"embeddable":true,"href":"https:\/\/scandiso.pl\/index.php\/wp-json\/wp\/v2\/media\/2573"}],"wp:attachment":[{"href":"https:\/\/scandiso.pl\/index.php\/wp-json\/wp\/v2\/media?parent=2572"}],"wp:term":[{"taxonomy":"product_brand","embeddable":true,"href":"https:\/\/scandiso.pl\/index.php\/wp-json\/wp\/v2\/product_brand?post=2572"},{"taxonomy":"product_cat","embeddable":true,"href":"https:\/\/scandiso.pl\/index.php\/wp-json\/wp\/v2\/product_cat?post=2572"},{"taxonomy":"product_tag","embeddable":true,"href":"https:\/\/scandiso.pl\/index.php\/wp-json\/wp\/v2\/product_tag?post=2572"}],"curies":[{"name":"wp","href":"https:\/\/api.w.org\/{rel}","templated":true}]}}