{"id":2580,"date":"2025-10-07T10:04:56","date_gmt":"2025-10-07T08:04:56","guid":{"rendered":"http:\/\/serwer372429.lh.pl\/autoinstalator\/serwer372429.lh.pl\/wordpress128121\/index.php\/product\/regal-fiesta-4p-artisan\/"},"modified":"2026-05-13T13:53:48","modified_gmt":"2026-05-13T11:53:48","slug":"regal-fiesta-4p-artisan","status":"publish","type":"product","link":"https:\/\/scandiso.pl\/index.php\/product\/regal-fiesta-4p-artisan\/","title":{"rendered":"Rega\u0142 Fiesta 4P ARTISAN"},"content":{"rendered":"<p>\n\t<strong>REGA\u0141 OTWARTY<\/strong><\/p>\n<p>\n\t<strong>MODEL: FIESTA 4P<\/strong><\/p>\n<p>\n\t<strong>KOLOR: D\u0104B ARTISAN<\/strong><\/p>\n<p>\n\tNOWOCZESNY OTWARTY, MODU\u0141OWY REGA\u0141<\/p>\n<p>\n\tNA KSI\u0104\u017bKI, SEGREGATORY, ZABAWKI, GAD\u017bETY, OZDOBY<\/p>\n<p>\n\tDu\u017c\u0105 zalet\u0105 rega\u0142u FIESTA 4P jest jego <b>modu\u0142owo\u015b\u0107:<\/b><\/p>\n<ul>\n<li>\n\t\tmo\u017cliwo\u015b\u0107 tworzenia wielu konfiguracji zestawiaj\u0105c ze sob\u0105 kilka sztuk rega\u0142u Fiesta 4P<\/li>\n<li>\n\t\tokleina jest na przedniej jak i tylnej cz\u0119\u015bci mebla<\/li>\n<li>\n\t\tg\u0142\u0119boko\u015b\u0107 p&oacute;\u0142ki to 30 cm<\/li>\n<\/ul>\n<p>\n\tMebel powsta\u0142 w oparciu o zastosowanie mocnej i solidnej p\u0142yty laminowanej.<\/p>\n<p>\n\tObrze\u017ca &ndash; wyko\u0144czone tworzywem ABS (charakteryzuj\u0105cym si\u0119 du\u017c\u0105 wytrzyma\u0142o\u015bci\u0105 mechaniczn\u0105 i chemiczn\u0105).<\/p>\n<\/p>\n<p><strong>MATERIA\u0141:<\/strong><\/p>\n<ul>\n<li>\n\t\tKorpus &#8211; p\u0142yta wi&oacute;rowa laminowana.<\/li>\n<li>\n\t\tObrze\u017ca &ndash; wyko\u0144czone tworzywem ABS<\/li>\n<\/ul>\n<p>\t<strong>WYMIARY:<\/strong><\/p>\n<ul>\n<li>\n\t\tG\u0142\u0119boko\u015b\u0107: 30 cm<\/li>\n<li>\n\t\tSzeroko\u015b\u0107: 59,5 cm<\/li>\n<li>\n\t\tWysoko\u015b\u0107: 140 cm<\/li>\n<\/ul>\n<p>\t<strong>U\u017cytkowanie:<\/strong><\/p>\n<p>\tPowierzchni\u0119 mebla czy\u015bci\u0107 przy pomocy mi\u0119kkiej szmatki. Unika\u0107 stosowania silnie dzia\u0142aj\u0105cych \u015brodk&oacute;w chemicznych.<\/p>\n<p>\t<strong>W opakowaniu:<\/strong><\/p>\n<p>\tInstrukcja monta\u017cu wraz ze wszystkimi potrzebnymi akcesoriami monta\u017cowymi.<\/p>\n<p>\tMeble s\u0105 fabrycznie zapakowane do samodzielnego monta\u017cu.<\/p>\n<p>\n\t\t<em><strong data-end=\"82\" data-start=\"67\">Informacja:<\/strong><\/em><\/p>\n<p>\n\t\t<em>Dok\u0142adamy wszelkich stara\u0144, aby kolory mebli prezentowane na zdj\u0119ciach by\u0142y odwzorowane mo\u017cliwie jak najdok\u0142adniej. Nale\u017cy jednak pami\u0119ta\u0107, \u017ce ich odbi&oacute;r mo\u017ce si\u0119 r&oacute;\u017cni\u0107 w zale\u017cno\u015bci od indywidualnych ustawie\u0144 monitora lub ekranu (takich jak jasno\u015b\u0107, kontrast, temperatura barwowa czy technologia wy\u015bwietlania). Rzeczywisty odcie\u0144 produktu mo\u017ce si\u0119 tak\u017ce r&oacute;\u017cni\u0107 w zale\u017cno\u015bci od warunk&oacute;w o\u015bwietleniowych.<br data-end=\"491\" data-is-only-node=\"\" data-start=\"488\" \/><br \/>\n\t\tEwentualne r&oacute;\u017cnice kolorystyczne nie wynikaj\u0105 z wady produktu.<\/em><\/p><\/p>\n","protected":false},"excerpt":{"rendered":"<p><strong>MATERIA\u0141:<\/strong><\/p>\n<ul>\n<li>\n\t\tKorpus &#8211; p\u0142yta wi&oacute;rowa laminowana.<\/li>\n<li>\n\t\tObrze\u017ca &ndash; wyko\u0144czone tworzywem ABS<\/li>\n<\/ul>\n<p>\t<strong>WYMIARY:<\/strong><\/p>\n<ul>\n<li>\n\t\tG\u0142\u0119boko\u015b\u0107: 30 cm<\/li>\n<li>\n\t\tSzeroko\u015b\u0107: 59,5 cm<\/li>\n<li>\n\t\tWysoko\u015b\u0107: 140 cm<\/li>\n<\/ul>\n<p>\t<strong>U\u017cytkowanie:<\/strong><\/p>\n<p>\tPowierzchni\u0119 mebla czy\u015bci\u0107 przy pomocy mi\u0119kkiej szmatki. Unika\u0107 stosowania silnie dzia\u0142aj\u0105cych \u015brodk&oacute;w chemicznych.<\/p>\n<p>\t<strong>W opakowaniu:<\/strong><\/p>\n<p>\tInstrukcja monta\u017cu wraz ze wszystkimi potrzebnymi akcesoriami monta\u017cowymi.<\/p>\n<p>\tMeble s\u0105 fabrycznie zapakowane do samodzielnego monta\u017cu.<\/p>\n<p>\n\t\t<em><strong data-end=\"82\" data-start=\"67\">Informacja:<\/strong><\/em><\/p>\n<p>\n\t\t<em>Dok\u0142adamy wszelkich stara\u0144, aby kolory mebli prezentowane na zdj\u0119ciach by\u0142y odwzorowane mo\u017cliwie jak najdok\u0142adniej. Nale\u017cy jednak pami\u0119ta\u0107, \u017ce ich odbi&oacute;r mo\u017ce si\u0119 r&oacute;\u017cni\u0107 w zale\u017cno\u015bci od indywidualnych ustawie\u0144 monitora lub ekranu (takich jak jasno\u015b\u0107, kontrast, temperatura barwowa czy technologia wy\u015bwietlania). Rzeczywisty odcie\u0144 produktu mo\u017ce si\u0119 tak\u017ce r&oacute;\u017cni\u0107 w zale\u017cno\u015bci od warunk&oacute;w o\u015bwietleniowych.<br data-end=\"491\" data-is-only-node=\"\" data-start=\"488\" \/><br \/>\n\t\tEwentualne r&oacute;\u017cnice kolorystyczne nie wynikaj\u0105 z wady produktu.<\/em><\/p><\/p>\n","protected":false},"featured_media":2581,"template":"","meta":[],"product_brand":[64],"product_cat":[45],"product_tag":[],"class_list":{"0":"post-2580","1":"product","2":"type-product","3":"status-publish","4":"has-post-thumbnail","6":"product_brand-topeshop","7":"product_cat-regaly","9":"first","10":"instock","11":"taxable","12":"shipping-taxable","13":"purchasable","14":"product-type-simple"},"_links":{"self":[{"href":"https:\/\/scandiso.pl\/index.php\/wp-json\/wp\/v2\/product\/2580","targetHints":{"allow":["GET"]}}],"collection":[{"href":"https:\/\/scandiso.pl\/index.php\/wp-json\/wp\/v2\/product"}],"about":[{"href":"https:\/\/scandiso.pl\/index.php\/wp-json\/wp\/v2\/types\/product"}],"wp:featuredmedia":[{"embeddable":true,"href":"https:\/\/scandiso.pl\/index.php\/wp-json\/wp\/v2\/media\/2581"}],"wp:attachment":[{"href":"https:\/\/scandiso.pl\/index.php\/wp-json\/wp\/v2\/media?parent=2580"}],"wp:term":[{"taxonomy":"product_brand","embeddable":true,"href":"https:\/\/scandiso.pl\/index.php\/wp-json\/wp\/v2\/product_brand?post=2580"},{"taxonomy":"product_cat","embeddable":true,"href":"https:\/\/scandiso.pl\/index.php\/wp-json\/wp\/v2\/product_cat?post=2580"},{"taxonomy":"product_tag","embeddable":true,"href":"https:\/\/scandiso.pl\/index.php\/wp-json\/wp\/v2\/product_tag?post=2580"}],"curies":[{"name":"wp","href":"https:\/\/api.w.org\/{rel}","templated":true}]}}