{"id":2679,"date":"2025-10-07T10:04:59","date_gmt":"2025-10-07T08:04:59","guid":{"rendered":"http:\/\/serwer372429.lh.pl\/autoinstalator\/serwer372429.lh.pl\/wordpress128121\/index.php\/product\/regal-magazynowe-fs004-czarny\/"},"modified":"2026-05-13T13:46:45","modified_gmt":"2026-05-13T11:46:45","slug":"regal-magazynowe-fs004-czarny","status":"publish","type":"product","link":"https:\/\/scandiso.pl\/index.php\/product\/regal-magazynowe-fs004-czarny\/","title":{"rendered":"Rega\u0142 Magazynowe FS004 CZARNY"},"content":{"rendered":"<p><strong>SK\u0141ADANY REGA\u0141 MAGAZYNOWY \/ KUCHENNY NA K&Oacute;\u0141KACH Z 4 P&Oacute;\u0141KAMI<\/strong><\/p>\n<p>\t<strong>MODEL: FS004<\/strong><\/p>\n<p>\tSk\u0142adany, metalowy rega\u0142 w stylu LOFT z 4 p&oacute;\u0142kami to najlepszy spos&oacute;b, aby zwi\u0119kszy\u0107 funkcjonalno\u015b\u0107 ka\u017cdej przestrzeni.<\/p>\n<p>\tSolidne wykonanie i wyko\u0144czenie sprawiaj\u0105, \u017ce nada si\u0119 do ka\u017cdego pomieszczenia &ndash; zar&oacute;wno tego reprezentatywnego, jak np. salon, jak i tego, w kt&oacute;rych panuj\u0105 trudniejsze warunki, jak np. \u0142azienka, kuchnia,  piwnica czy gara\u017c. Bardzo wytrzyma\u0142y, przeno\u015bny mebel wyr&oacute;\u017cnia si\u0119 solidn\u0105 konstrukcj\u0105 i uniwersaln\u0105 stylistyk\u0105.<\/p>\n<ul>\n<li>\n\t\tPosiada 4 k&oacute;\u0142ka, a 2 z nich posiadaj\u0105 specjaln\u0105 blokad\u0119<\/li>\n<li>\n\t\tStylowe wyko\u0144czenie z otworami na p&oacute;\u0142kach<\/li>\n<li>\n\t\tOtwierana g&oacute;ra rega\u0142u<\/li>\n<li>\n\t\tKratka po bokach zapobiegaj\u0105cymi wypadaniu przedmiot&oacute;w<\/li>\n<li>\n\t\tNiewielkie rozmiary po z\u0142o\u017ceniu<\/li>\n<li>\n\t\tZ\u0142o\u017cenie nie wymaga narz\u0119dzi<\/li>\n<li>\n\t\tObrotowe ko\u0142a z blokad\u0105<\/li>\n<li>\n\t\tw stylu LOFT owym<\/li>\n<\/ul>\n<p><strong>SPECYFIKACJA:<\/strong><\/p>\n<p>\tKolor: czarny<\/p>\n<p>\tIlo\u015b\u0107 p&oacute;\u0142ek: 4<\/p>\n<p>\tSk\u0142adana konstrukcja<\/p>\n<p>\tUd\u017awig p&oacute;\u0142ki: 50 kg<\/p>\n<p>\t<strong>WYMIARY:<\/strong><\/p>\n<p>\tWysoko\u015b\u0107: 127 cm<\/p>\n<p>\tSzeroko\u015b\u0107: 72 cm<\/p>\n<p>\tG\u0142\u0119boko\u015b\u0107: 34 cm<\/p>\n<p>\tWysoko\u015b\u0107 p&oacute;\u0142ki: 34,5 cm<\/p>\n<p>\t1. Sk\u0142adany rega\u0142 w stylu LOFTowym<\/p>\n<p>\tWystarczy kr&oacute;tka chwila na z\u0142o\u017cenie, bez u\u017cycia narz\u0119dzi.<\/p>\n<p>\t2. Zawias g&oacute;rny<\/p>\n<p>\tDzi\u0119ki kt&oacute;remu roz\u0142o\u017cysz p&oacute;\u0142ki.<\/p>\n<p>\t3. G\u0142&oacute;wny zatrzask<\/p>\n<p>\tUmo\u017cliwia z\u0142o\u017cenie i roz\u0142o\u017cenie rega\u0142u.<\/p>\n<p>\t4. Nak\u0142adki ochronne<\/p>\n<p>\tZako\u0144czenia element&oacute;w metalowych wyposa\u017cone s\u0105 w plastikowe za\u015blepki.<\/p>\n<p>\t5. K&oacute;\u0142ka z blokad\u0105<\/p>\n<p>\tRega\u0142 posiada 4 k&oacute;\u0142ka obracaj\u0105ce si\u0119 o 360 stopni, a dodatkowo 2 z nich posiadaj\u0105 specjaln\u0105 blokad\u0119, kt&oacute;ra uniemo\u017cliwia samowolne przesuni\u0119cie rega\u0142u.<\/p>\n<p>\t6. Odporno\u015b\u0107<\/p>\n<p>\tRega\u0142 jest odporny na zarysowania i wilgo\u0107.<\/p>\n<p>\t\t<strong>W opakowaniu:<\/strong><\/p>\n<p>\t\tInstrukcja monta\u017cu wraz ze wszystkimi potrzebnymi akcesoriami monta\u017cowymi.<\/p>\n<p>\t\tMeble s\u0105 fabrycznie zapakowane do samodzielnego monta\u017cu.<\/p>\n<p>\n\t\t\t<em><strong data-end=\"82\" data-start=\"67\">Informacja:<\/strong><\/em><\/p>\n<p>\n\t\t\t<em>Dok\u0142adamy wszelkich stara\u0144, aby kolory mebli prezentowane na zdj\u0119ciach by\u0142y odwzorowane mo\u017cliwie jak najdok\u0142adniej. Nale\u017cy jednak pami\u0119ta\u0107, \u017ce ich odbi&oacute;r mo\u017ce si\u0119 r&oacute;\u017cni\u0107 w zale\u017cno\u015bci od indywidualnych ustawie\u0144 monitora lub ekranu (takich jak jasno\u015b\u0107, kontrast, temperatura barwowa czy technologia wy\u015bwietlania). Rzeczywisty odcie\u0144 produktu mo\u017ce si\u0119 tak\u017ce r&oacute;\u017cni\u0107 w zale\u017cno\u015bci od warunk&oacute;w o\u015bwietleniowych.<br data-end=\"491\" data-is-only-node=\"\" data-start=\"488\" \/><br \/>\n\t\t\tEwentualne r&oacute;\u017cnice kolorystyczne nie wynikaj\u0105 z wady produktu.<\/em><\/p><\/p>\n","protected":false},"excerpt":{"rendered":"<p><strong>SPECYFIKACJA:<\/strong><\/p>\n<p>\tKolor: czarny<\/p>\n<p>\tIlo\u015b\u0107 p&oacute;\u0142ek: 4<\/p>\n<p>\tSk\u0142adana konstrukcja<\/p>\n<p>\tUd\u017awig p&oacute;\u0142ki: 50 kg<\/p>\n<p>\t<strong>WYMIARY:<\/strong><\/p>\n<p>\tWysoko\u015b\u0107: 127 cm<\/p>\n<p>\tSzeroko\u015b\u0107: 72 cm<\/p>\n<p>\tG\u0142\u0119boko\u015b\u0107: 34 cm<\/p>\n<p>\tWysoko\u015b\u0107 p&oacute;\u0142ki: 34,5 cm<\/p>\n<p>\t1. Sk\u0142adany rega\u0142 w stylu LOFTowym<\/p>\n<p>\tWystarczy kr&oacute;tka chwila na z\u0142o\u017cenie, bez u\u017cycia narz\u0119dzi.<\/p>\n<p>\t2. Zawias g&oacute;rny<\/p>\n<p>\tDzi\u0119ki kt&oacute;remu roz\u0142o\u017cysz p&oacute;\u0142ki.<\/p>\n<p>\t3. G\u0142&oacute;wny zatrzask<\/p>\n<p>\tUmo\u017cliwia z\u0142o\u017cenie i roz\u0142o\u017cenie rega\u0142u.<\/p>\n<p>\t4. Nak\u0142adki ochronne<\/p>\n<p>\tZako\u0144czenia element&oacute;w metalowych wyposa\u017cone s\u0105 w plastikowe za\u015blepki.<\/p>\n<p>\t5. K&oacute;\u0142ka z blokad\u0105<\/p>\n<p>\tRega\u0142 posiada 4 k&oacute;\u0142ka obracaj\u0105ce si\u0119 o 360 stopni, a dodatkowo 2 z nich posiadaj\u0105 specjaln\u0105 blokad\u0119, kt&oacute;ra uniemo\u017cliwia samowolne przesuni\u0119cie rega\u0142u.<\/p>\n<p>\t6. Odporno\u015b\u0107<\/p>\n<p>\tRega\u0142 jest odporny na zarysowania i wilgo\u0107.<\/p>\n<p>\t\t<strong>W opakowaniu:<\/strong><\/p>\n<p>\t\tInstrukcja monta\u017cu wraz ze wszystkimi potrzebnymi akcesoriami monta\u017cowymi.<\/p>\n<p>\t\tMeble s\u0105 fabrycznie zapakowane do samodzielnego monta\u017cu.<\/p>\n<p>\n\t\t\t<em><strong data-end=\"82\" data-start=\"67\">Informacja:<\/strong><\/em><\/p>\n<p>\n\t\t\t<em>Dok\u0142adamy wszelkich stara\u0144, aby kolory mebli prezentowane na zdj\u0119ciach by\u0142y odwzorowane mo\u017cliwie jak najdok\u0142adniej. Nale\u017cy jednak pami\u0119ta\u0107, \u017ce ich odbi&oacute;r mo\u017ce si\u0119 r&oacute;\u017cni\u0107 w zale\u017cno\u015bci od indywidualnych ustawie\u0144 monitora lub ekranu (takich jak jasno\u015b\u0107, kontrast, temperatura barwowa czy technologia wy\u015bwietlania). Rzeczywisty odcie\u0144 produktu mo\u017ce si\u0119 tak\u017ce r&oacute;\u017cni\u0107 w zale\u017cno\u015bci od warunk&oacute;w o\u015bwietleniowych.<br data-end=\"491\" data-is-only-node=\"\" data-start=\"488\" \/><br \/>\n\t\t\tEwentualne r&oacute;\u017cnice kolorystyczne nie wynikaj\u0105 z wady produktu.<\/em><\/p><\/p>\n","protected":false},"featured_media":2680,"template":"","meta":[],"product_brand":[64],"product_cat":[45],"product_tag":[],"class_list":{"0":"post-2679","1":"product","2":"type-product","3":"status-publish","4":"has-post-thumbnail","6":"product_brand-topeshop","7":"product_cat-regaly","9":"first","10":"instock","11":"taxable","12":"shipping-taxable","13":"purchasable","14":"product-type-simple"},"_links":{"self":[{"href":"https:\/\/scandiso.pl\/index.php\/wp-json\/wp\/v2\/product\/2679","targetHints":{"allow":["GET"]}}],"collection":[{"href":"https:\/\/scandiso.pl\/index.php\/wp-json\/wp\/v2\/product"}],"about":[{"href":"https:\/\/scandiso.pl\/index.php\/wp-json\/wp\/v2\/types\/product"}],"wp:featuredmedia":[{"embeddable":true,"href":"https:\/\/scandiso.pl\/index.php\/wp-json\/wp\/v2\/media\/2680"}],"wp:attachment":[{"href":"https:\/\/scandiso.pl\/index.php\/wp-json\/wp\/v2\/media?parent=2679"}],"wp:term":[{"taxonomy":"product_brand","embeddable":true,"href":"https:\/\/scandiso.pl\/index.php\/wp-json\/wp\/v2\/product_brand?post=2679"},{"taxonomy":"product_cat","embeddable":true,"href":"https:\/\/scandiso.pl\/index.php\/wp-json\/wp\/v2\/product_cat?post=2679"},{"taxonomy":"product_tag","embeddable":true,"href":"https:\/\/scandiso.pl\/index.php\/wp-json\/wp\/v2\/product_tag?post=2679"}],"curies":[{"name":"wp","href":"https:\/\/api.w.org\/{rel}","templated":true}]}}