{"id":2711,"date":"2025-10-01T15:40:53","date_gmt":"2025-10-01T13:40:53","guid":{"rendered":"http:\/\/serwer372429.lh.pl\/autoinstalator\/serwer372429.lh.pl\/wordpress128121\/index.php\/product\/regal-magazynowe-gc9030-metalowe\/"},"modified":"2026-05-13T02:43:53","modified_gmt":"2026-05-13T00:43:53","slug":"regal-magazynowe-gc9030-metalowe","status":"publish","type":"product","link":"https:\/\/scandiso.pl\/index.php\/product\/regal-magazynowe-gc9030-metalowe\/","title":{"rendered":"Rega\u0142 Magazynowe GC9030 METALOWE"},"content":{"rendered":"<p><strong>NARO\u017bNY REGA\u0141 MAGAZYNOWY 5 P&Oacute;\u0141EK 180X90X30CM<\/strong><\/p>\n<p>\tRega\u0142y magazynowe to \u015bwietne rozwi\u0105zanie do utrzymania porz\u0105dku w piwnicach, gara\u017cach, magazynach czy sklepach.<\/p>\n<p>\tZosta\u0142y wykonane z wysokiej jako\u015bci materia\u0142&oacute;w takich jak: ocynkowana stal oraz p\u0142yty MDF.<\/p>\n<p>\tSolidne p&oacute;\u0142ki o maksymalnym obci\u0105\u017ceniu 175 kg ka\u017cda daj\u0105 gwarancj\u0119 stabilno\u015bci i wytrzyma\u0142o\u015bci.<\/p>\n<ul>\n<li>\n\t\tMonta\u017c bez\u015brubowy sprawia, \u017ce z\u0142o\u017cenie rega\u0142u jest proste i nie zajmuje wiele czasu<\/li>\n<li>\n\t\tBy sprawniej z\u0142o\u017cy\u0107 ram\u0119 i u\u0142atwi\u0107 sobie prac\u0119 mo\u017cna u\u017cy\u0107 gumowego m\u0142otka i p\u0142askiego \u015brubokr\u0119ta<\/li>\n<li>\n\t\tRega\u0142 pozwala nam na dowoln\u0105 konfiguracj\u0119 p&oacute;\u0142ek &#8211; otwory rozmieszczone s\u0105 na ca\u0142ej d\u0142ugo\u015bci n&oacute;g<\/li>\n<li>\n\t\tNogi rega\u0142u zabezpieczono nak\u0142adkami z tworzywa<\/li>\n<li>\n\t\tCa\u0142kowite obci\u0105\u017cenie rega\u0142u to a\u017c 875 kg! (przy r&oacute;wnomiernym rozmieszczeniu ci\u0119\u017caru)<\/li>\n<\/ul>\n<p><strong>Specyfikacja:<\/strong><\/p>\n<p>\tmax. obci\u0105\u017cenie na p&oacute;\u0142k\u0119: 175kg (razem 875kg na ca\u0142y rega\u0142 przy r&oacute;wnomiernym rozmieszczeniu ci\u0119\u017caru)<\/p>\n<p>\tilo\u015b\u0107 p&oacute;\u0142ek: 5<\/p>\n<p>\tmateria\u0142y: stal ocynkowana 0.65mm, p\u0142yta MDF 4mm<\/p>\n<p>\tmonta\u017c: bez\u015brubowy (poprzeczki wciskane)<\/p>\n<p>\t<strong>Wymiary:<\/strong><\/p>\n<p>\twymiary (wys\/szer\/g\u0142\u0119b): 180\/90\/30 cm<\/p>\n<p>\t<strong>1. Wzmocniona konstrukcja<\/strong><\/p>\n<p>\tZastosowanie trwa\u0142ej ocynkowanej stali sprawia, \u017ce konstrukcja jest niezwykle wytrzyma\u0142a.<\/p>\n<p>\t<strong>2. Metalowe \u0142\u0105czenia<\/strong><\/p>\n<p>\tStela\u017c rega\u0142u sk\u0142ada si\u0119 z dw&oacute;ch cz\u0119\u015bci mocowanych za pomoc\u0105 metalowych \u0142\u0105cznik&oacute;w<\/p>\n<p>\t<strong>3. Nak\u0142adki ochronne<\/strong><\/p>\n<p>\tW regale zastosowano nak\u0142adki zabezpieczaj\u0105ce metalowe nogi<\/p>\n<p>\t<strong>4. A\u017c 175 kg maksymalnego obci\u0105\u017cenia<\/strong><\/p>\n<p>\tDodatkowe wsporniki i grube p\u0142yty MDF sprawiaj\u0105, \u017ce ka\u017cda p&oacute;\u0142ka posiada a\u017c 175 kg maksymalnego obci\u0105\u017cenia<\/p>\n<p>\t<strong>5. P&oacute;\u0142ki z MDF-u<\/strong><\/p>\n<p>\tWyj\u0105tkowo grube p\u0142yty MDF (4 mm) pozwalaj\u0105 r&oacute;wnomiernie rozmie\u015bci\u0107 obci\u0105\u017cenie na p&oacute;\u0142ce.<\/p>\n<p>\t<strong>6. Praktyczny i uniwersalny<\/strong><\/p>\n<p>\tPozwala zaoszcz\u0119dzi\u0107 miejsce. Wykorzystuj\u0105c naro\u017cny rega\u0142 \u0142atwiej uporz\u0105dkujesz sw&oacute;j gara\u017c czy piwnice.<\/p>\n<p>\t<strong>Uwaga!<\/strong><\/p>\n<p>\trega\u0142 nale\u017cy montowa\u0107 na stabilnym pod\u0142o\u017cu<\/p>\n<p>\trega\u0142 nale\u017cy przytwierdzi\u0107 do \u015bciany<\/p>\n<p>\tprzy maksymalnym obci\u0105\u017ceniu rega\u0142 nale\u017cy przykr\u0119ci\u0107 do \u015bciany<\/p>\n<p>\tobci\u0105\u017cenie powinno by\u0107 rozmieszczone r&oacute;wnomiernie<\/p>\n<p>\tnajci\u0119\u017csze \u0142adunki nale\u017cy umieszcza\u0107 na najni\u017cszych p&oacute;\u0142kach<\/p>\n<p>\tnale\u017cy unika\u0107 przechowywania rega\u0142u w wilgotnych pomieszczeniach.<\/p>\n<p>\t<strong>U\u017cytkowanie:<\/strong><\/p>\n<p>\tPowierzchni\u0119 mebla czy\u015bci\u0107 przy pomocy mi\u0119kkiej szmatki. Unika\u0107 stosowania silnie dzia\u0142aj\u0105cych \u015brodk&oacute;w chemicznych.<\/p>\n<p>\t<strong>W opakowaniu:<\/strong><\/p>\n<p>\tInstrukcja monta\u017cu wraz ze wszystkimi potrzebnymi akcesoriami monta\u017cowymi.<\/p>\n<p>\tMeble s\u0105 fabrycznie zapakowane do samodzielnego monta\u017cu.<\/p>\n<p>\t\t<em><strong data-end=\"82\" data-start=\"67\">Informacja:<\/strong><\/em><\/p>\n<p>\n\t\t<em>Dok\u0142adamy wszelkich stara\u0144, aby kolory mebli prezentowane na zdj\u0119ciach by\u0142y odwzorowane mo\u017cliwie jak najdok\u0142adniej. Nale\u017cy jednak pami\u0119ta\u0107, \u017ce ich odbi&oacute;r mo\u017ce si\u0119 r&oacute;\u017cni\u0107 w zale\u017cno\u015bci od indywidualnych ustawie\u0144 monitora lub ekranu (takich jak jasno\u015b\u0107, kontrast, temperatura barwowa czy technologia wy\u015bwietlania). Rzeczywisty odcie\u0144 produktu mo\u017ce si\u0119 tak\u017ce r&oacute;\u017cni\u0107 w zale\u017cno\u015bci od warunk&oacute;w o\u015bwietleniowych.<br data-end=\"491\" data-is-only-node=\"\" data-start=\"488\" \/><br \/>\n\t\tEwentualne r&oacute;\u017cnice kolorystyczne nie wynikaj\u0105 z wady produktu.<\/em><\/p><\/p>\n","protected":false},"excerpt":{"rendered":"<p><strong>Specyfikacja:<\/strong><\/p>\n<p>\tmax. obci\u0105\u017cenie na p&oacute;\u0142k\u0119: 175kg (razem 875kg na ca\u0142y rega\u0142 przy r&oacute;wnomiernym rozmieszczeniu ci\u0119\u017caru)<\/p>\n<p>\tilo\u015b\u0107 p&oacute;\u0142ek: 5<\/p>\n<p>\tmateria\u0142y: stal ocynkowana 0.65mm, p\u0142yta MDF 4mm<\/p>\n<p>\tmonta\u017c: bez\u015brubowy (poprzeczki wciskane)<\/p>\n<p>\t<strong>Wymiary:<\/strong><\/p>\n<p>\twymiary (wys\/szer\/g\u0142\u0119b): 180\/90\/30 cm<\/p>\n<p>\t<strong>1. Wzmocniona konstrukcja<\/strong><\/p>\n<p>\tZastosowanie trwa\u0142ej ocynkowanej stali sprawia, \u017ce konstrukcja jest niezwykle wytrzyma\u0142a.<\/p>\n<p>\t<strong>2. Metalowe \u0142\u0105czenia<\/strong><\/p>\n<p>\tStela\u017c rega\u0142u sk\u0142ada si\u0119 z dw&oacute;ch cz\u0119\u015bci mocowanych za pomoc\u0105 metalowych \u0142\u0105cznik&oacute;w<\/p>\n<p>\t<strong>3. Nak\u0142adki ochronne<\/strong><\/p>\n<p>\tW regale zastosowano nak\u0142adki zabezpieczaj\u0105ce metalowe nogi<\/p>\n<p>\t<strong>4. A\u017c 175 kg maksymalnego obci\u0105\u017cenia<\/strong><\/p>\n<p>\tDodatkowe wsporniki i grube p\u0142yty MDF sprawiaj\u0105, \u017ce ka\u017cda p&oacute;\u0142ka posiada a\u017c 175 kg maksymalnego obci\u0105\u017cenia<\/p>\n<p>\t<strong>5. P&oacute;\u0142ki z MDF-u<\/strong><\/p>\n<p>\tWyj\u0105tkowo grube p\u0142yty MDF (4 mm) pozwalaj\u0105 r&oacute;wnomiernie rozmie\u015bci\u0107 obci\u0105\u017cenie na p&oacute;\u0142ce.<\/p>\n<p>\t<strong>6. Praktyczny i uniwersalny<\/strong><\/p>\n<p>\tPozwala zaoszcz\u0119dzi\u0107 miejsce. Wykorzystuj\u0105c naro\u017cny rega\u0142 \u0142atwiej uporz\u0105dkujesz sw&oacute;j gara\u017c czy piwnice.<\/p>\n<p>\t<strong>Uwaga!<\/strong><\/p>\n<p>\trega\u0142 nale\u017cy montowa\u0107 na stabilnym pod\u0142o\u017cu<\/p>\n<p>\trega\u0142 nale\u017cy przytwierdzi\u0107 do \u015bciany<\/p>\n<p>\tprzy maksymalnym obci\u0105\u017ceniu rega\u0142 nale\u017cy przykr\u0119ci\u0107 do \u015bciany<\/p>\n<p>\tobci\u0105\u017cenie powinno by\u0107 rozmieszczone r&oacute;wnomiernie<\/p>\n<p>\tnajci\u0119\u017csze \u0142adunki nale\u017cy umieszcza\u0107 na najni\u017cszych p&oacute;\u0142kach<\/p>\n<p>\tnale\u017cy unika\u0107 przechowywania rega\u0142u w wilgotnych pomieszczeniach.<\/p>\n<p>\t<strong>U\u017cytkowanie:<\/strong><\/p>\n<p>\tPowierzchni\u0119 mebla czy\u015bci\u0107 przy pomocy mi\u0119kkiej szmatki. Unika\u0107 stosowania silnie dzia\u0142aj\u0105cych \u015brodk&oacute;w chemicznych.<\/p>\n<p>\t<strong>W opakowaniu:<\/strong><\/p>\n<p>\tInstrukcja monta\u017cu wraz ze wszystkimi potrzebnymi akcesoriami monta\u017cowymi.<\/p>\n<p>\tMeble s\u0105 fabrycznie zapakowane do samodzielnego monta\u017cu.<\/p>\n<p>\t\t<em><strong data-end=\"82\" data-start=\"67\">Informacja:<\/strong><\/em><\/p>\n<p>\n\t\t<em>Dok\u0142adamy wszelkich stara\u0144, aby kolory mebli prezentowane na zdj\u0119ciach by\u0142y odwzorowane mo\u017cliwie jak najdok\u0142adniej. Nale\u017cy jednak pami\u0119ta\u0107, \u017ce ich odbi&oacute;r mo\u017ce si\u0119 r&oacute;\u017cni\u0107 w zale\u017cno\u015bci od indywidualnych ustawie\u0144 monitora lub ekranu (takich jak jasno\u015b\u0107, kontrast, temperatura barwowa czy technologia wy\u015bwietlania). Rzeczywisty odcie\u0144 produktu mo\u017ce si\u0119 tak\u017ce r&oacute;\u017cni\u0107 w zale\u017cno\u015bci od warunk&oacute;w o\u015bwietleniowych.<br data-end=\"491\" data-is-only-node=\"\" data-start=\"488\" \/><br \/>\n\t\tEwentualne r&oacute;\u017cnice kolorystyczne nie wynikaj\u0105 z wady produktu.<\/em><\/p><\/p>\n","protected":false},"featured_media":2712,"template":"","meta":[],"product_brand":[64],"product_cat":[45],"product_tag":[],"class_list":{"0":"post-2711","1":"product","2":"type-product","3":"status-publish","4":"has-post-thumbnail","6":"product_brand-topeshop","7":"product_cat-regaly","9":"first","10":"instock","11":"taxable","12":"shipping-taxable","13":"purchasable","14":"product-type-simple"},"_links":{"self":[{"href":"https:\/\/scandiso.pl\/index.php\/wp-json\/wp\/v2\/product\/2711","targetHints":{"allow":["GET"]}}],"collection":[{"href":"https:\/\/scandiso.pl\/index.php\/wp-json\/wp\/v2\/product"}],"about":[{"href":"https:\/\/scandiso.pl\/index.php\/wp-json\/wp\/v2\/types\/product"}],"wp:featuredmedia":[{"embeddable":true,"href":"https:\/\/scandiso.pl\/index.php\/wp-json\/wp\/v2\/media\/2712"}],"wp:attachment":[{"href":"https:\/\/scandiso.pl\/index.php\/wp-json\/wp\/v2\/media?parent=2711"}],"wp:term":[{"taxonomy":"product_brand","embeddable":true,"href":"https:\/\/scandiso.pl\/index.php\/wp-json\/wp\/v2\/product_brand?post=2711"},{"taxonomy":"product_cat","embeddable":true,"href":"https:\/\/scandiso.pl\/index.php\/wp-json\/wp\/v2\/product_cat?post=2711"},{"taxonomy":"product_tag","embeddable":true,"href":"https:\/\/scandiso.pl\/index.php\/wp-json\/wp\/v2\/product_tag?post=2711"}],"curies":[{"name":"wp","href":"https:\/\/api.w.org\/{rel}","templated":true}]}}