{"id":2739,"date":"2025-10-07T10:05:01","date_gmt":"2025-10-07T08:05:01","guid":{"rendered":"http:\/\/serwer372429.lh.pl\/autoinstalator\/serwer372429.lh.pl\/wordpress128121\/index.php\/product\/regal-magazynowy-g7030-metalowe\/"},"modified":"2026-05-13T20:41:12","modified_gmt":"2026-05-13T18:41:12","slug":"regal-magazynowy-g7030-metalowe","status":"publish","type":"product","link":"https:\/\/scandiso.pl\/index.php\/product\/regal-magazynowy-g7030-metalowe\/","title":{"rendered":"Rega\u0142 Magazynowy G7030 METALOWE"},"content":{"rendered":"<p><strong>REGA\u0141 MAGAZYNOWY 5 P&Oacute;\u0141EK 150X70X30CM<\/strong><\/p>\n<p>\t<strong>MODEL: G7030<\/strong><\/p>\n<p>\tRega\u0142y magazynowe to \u015bwietne rozwi\u0105zanie do utrzymania porz\u0105dku w piwnicach, gara\u017cach, magazynach czy sklepach.<\/p>\n<p>\tZosta\u0142y wykonane z wysokiej jako\u015bci materia\u0142&oacute;w takich jak ocynkowana stal oraz p\u0142yty MDF.<\/p>\n<p>\tSolidne p&oacute;\u0142ki daj\u0105 gwarancj\u0119 stabilno\u015bci i wytrzyma\u0142o\u015bci.<\/p>\n<p>\tMonta\u017c bez\u015brubowy sprawia, \u017ce z\u0142o\u017cenie rega\u0142u jest proste i nie zajmuje wiele czasu. By sprawniej z\u0142o\u017cy\u0107 ram\u0119 i u\u0142atwi\u0107 sobie prac\u0119 mo\u017cna u\u017cy\u0107 gumowego m\u0142otka i p\u0142askiego \u015brubokr\u0119ta.<\/p>\n<ul>\n<li>\n\t\tRega\u0142 pozwala nam na dowoln\u0105 konfiguracj\u0119 p&oacute;\u0142ek &#8211; otwory rozmieszczone s\u0105 na ca\u0142ej d\u0142ugo\u015bci n&oacute;g <\/li>\n<li>\n\t\tMo\u017cna go tak\u017ce np. podzieli\u0107 na dwa mniejsze rega\u0142y lub sto\u0142y warsztatowe<\/li>\n<li>\n\t\tNogi rega\u0142u zabezpieczono nak\u0142adkami z tworzywa<\/li>\n<\/ul>\n<p><strong>Specyfikacja:<\/strong><\/p>\n<p>\tIlo\u015b\u0107 p&oacute;\u0142ek: 5<\/p>\n<p>\tMateria\u0142y: stal ocynkowana 0.65mm, p\u0142yta MDF 4mm<\/p>\n<p>\tMonta\u017c: bez\u015brubowy (poprzeczki wciskane)<\/p>\n<p>\tWaga: 8,5 kg<\/p>\n<p>\t<strong>Wymiary:<\/strong><\/p>\n<p>\tWysoko\u015b\u0107: 150 cm<br \/>\n\tSzeroko\u015b\u0107: 70 cm<br \/>\n\tG\u0142\u0119boko\u015b\u0107: 30 cm<\/p>\n<p>\t<strong>1. Wzmocniona konstrukcja<\/strong><\/p>\n<p>\tZastosowanie trwa\u0142ej ocynkowanej stali sprawia, \u017ce konstrukcja jest niezwykle wytrzyma\u0142a.<\/p>\n<p>\t<strong>2. Metalowe \u0142\u0105czenia<\/strong><\/p>\n<p>\tStela\u017c rega\u0142u sk\u0142ada si\u0119 z dw&oacute;ch cz\u0119\u015bci mocowanych za pomoc\u0105 metalowych \u0142\u0105cznik&oacute;w<\/p>\n<p>\t<strong>3. Nak\u0142adki ochronne<\/strong><\/p>\n<p>\tW regale zastosowano nak\u0142adki zabezpieczaj\u0105ce metalowe nogi<\/p>\n<p>\t<strong>4. A\u017c 175 kg maksymalnego obci\u0105\u017cenia<\/strong><\/p>\n<p>\tDodatkowe wsporniki i grube p\u0142yty MDF sprawiaj\u0105, \u017ce ka\u017cda p&oacute;\u0142ka posiada a\u017c 175 kg maksymalnego obci\u0105\u017cenia<\/p>\n<p>\t<strong>5. P&oacute;\u0142ki z MDF-u<\/strong><\/p>\n<p>\tWyj\u0105tkowo grube p\u0142yty MDF (4 mm) pozwalaj\u0105 r&oacute;wnomiernie rozmie\u015bci\u0107 obci\u0105\u017cenie na p&oacute;\u0142ce.<\/p>\n<p>\t<strong>6. Praktyczny i uniwersalny<\/strong><\/p>\n<p>\tRega\u0142 mo\u017cna podzieli\u0107 na dwa mniejsze lub zrobi\u0107 z niego sto\u0142y warsztatowe.<\/p>\n<p>\t<strong>Uwaga!<\/strong><\/p>\n<p>\tRega\u0142 nale\u017cy montowa\u0107 na stabilnym pod\u0142o\u017cu<\/p>\n<p>\tRega\u0142 nale\u017cy przytwierdzi\u0107 do \u015bciany<\/p>\n<p>\tPrzy maksymalnym obci\u0105\u017ceniu rega\u0142 nale\u017cy przykr\u0119ci\u0107 do \u015bciany<\/p>\n<p>\tObci\u0105\u017cenie powinno by\u0107 rozmieszczone r&oacute;wnomiernie<\/p>\n<p>\tNajci\u0119\u017csze \u0142adunki nale\u017cy umieszcza\u0107 na najni\u017cszych p&oacute;\u0142kach<\/p>\n<p>\tNale\u017cy unika\u0107 przechowywania rega\u0142u w wilgotnych pomieszczeniach.<\/p>\n<p>\t<strong>U\u017cytkowanie:<\/strong><\/p>\n<p>\tPowierzchni\u0119 mebla czy\u015bci\u0107 przy pomocy mi\u0119kkiej szmatki. Unika\u0107 stosowania silnie dzia\u0142aj\u0105cych \u015brodk&oacute;w chemicznych.<\/p>\n<p>\t<strong>W opakowaniu:<\/strong><\/p>\n<p>\tInstrukcja monta\u017cu wraz ze wszystkimi potrzebnymi akcesoriami monta\u017cowymi.<\/p>\n<p>\tMeble s\u0105 fabrycznie zapakowane do samodzielnego monta\u017cu.<\/p>\n<p>\t\t<em><strong data-end=\"82\" data-start=\"67\">Informacja:<\/strong><\/em><\/p>\n<p>\n\t\t<em>Dok\u0142adamy wszelkich stara\u0144, aby kolory mebli prezentowane na zdj\u0119ciach by\u0142y odwzorowane mo\u017cliwie jak najdok\u0142adniej. Nale\u017cy jednak pami\u0119ta\u0107, \u017ce ich odbi&oacute;r mo\u017ce si\u0119 r&oacute;\u017cni\u0107 w zale\u017cno\u015bci od indywidualnych ustawie\u0144 monitora lub ekranu (takich jak jasno\u015b\u0107, kontrast, temperatura barwowa czy technologia wy\u015bwietlania). Rzeczywisty odcie\u0144 produktu mo\u017ce si\u0119 tak\u017ce r&oacute;\u017cni\u0107 w zale\u017cno\u015bci od warunk&oacute;w o\u015bwietleniowych.<br data-end=\"491\" data-is-only-node=\"\" data-start=\"488\" \/><br \/>\n\t\tEwentualne r&oacute;\u017cnice kolorystyczne nie wynikaj\u0105 z wady produktu.<\/em><\/p><\/p>\n","protected":false},"excerpt":{"rendered":"<p><strong>Specyfikacja:<\/strong><\/p>\n<p>\tIlo\u015b\u0107 p&oacute;\u0142ek: 5<\/p>\n<p>\tMateria\u0142y: stal ocynkowana 0.65mm, p\u0142yta MDF 4mm<\/p>\n<p>\tMonta\u017c: bez\u015brubowy (poprzeczki wciskane)<\/p>\n<p>\tWaga: 8,5 kg<\/p>\n<p>\t<strong>Wymiary:<\/strong><\/p>\n<p>\tWysoko\u015b\u0107: 150 cm<br \/>\n\tSzeroko\u015b\u0107: 70 cm<br \/>\n\tG\u0142\u0119boko\u015b\u0107: 30 cm<\/p>\n<p>\t<strong>1. Wzmocniona konstrukcja<\/strong><\/p>\n<p>\tZastosowanie trwa\u0142ej ocynkowanej stali sprawia, \u017ce konstrukcja jest niezwykle wytrzyma\u0142a.<\/p>\n<p>\t<strong>2. Metalowe \u0142\u0105czenia<\/strong><\/p>\n<p>\tStela\u017c rega\u0142u sk\u0142ada si\u0119 z dw&oacute;ch cz\u0119\u015bci mocowanych za pomoc\u0105 metalowych \u0142\u0105cznik&oacute;w<\/p>\n<p>\t<strong>3. Nak\u0142adki ochronne<\/strong><\/p>\n<p>\tW regale zastosowano nak\u0142adki zabezpieczaj\u0105ce metalowe nogi<\/p>\n<p>\t<strong>4. A\u017c 175 kg maksymalnego obci\u0105\u017cenia<\/strong><\/p>\n<p>\tDodatkowe wsporniki i grube p\u0142yty MDF sprawiaj\u0105, \u017ce ka\u017cda p&oacute;\u0142ka posiada a\u017c 175 kg maksymalnego obci\u0105\u017cenia<\/p>\n<p>\t<strong>5. P&oacute;\u0142ki z MDF-u<\/strong><\/p>\n<p>\tWyj\u0105tkowo grube p\u0142yty MDF (4 mm) pozwalaj\u0105 r&oacute;wnomiernie rozmie\u015bci\u0107 obci\u0105\u017cenie na p&oacute;\u0142ce.<\/p>\n<p>\t<strong>6. Praktyczny i uniwersalny<\/strong><\/p>\n<p>\tRega\u0142 mo\u017cna podzieli\u0107 na dwa mniejsze lub zrobi\u0107 z niego sto\u0142y warsztatowe.<\/p>\n<p>\t<strong>Uwaga!<\/strong><\/p>\n<p>\tRega\u0142 nale\u017cy montowa\u0107 na stabilnym pod\u0142o\u017cu<\/p>\n<p>\tRega\u0142 nale\u017cy przytwierdzi\u0107 do \u015bciany<\/p>\n<p>\tPrzy maksymalnym obci\u0105\u017ceniu rega\u0142 nale\u017cy przykr\u0119ci\u0107 do \u015bciany<\/p>\n<p>\tObci\u0105\u017cenie powinno by\u0107 rozmieszczone r&oacute;wnomiernie<\/p>\n<p>\tNajci\u0119\u017csze \u0142adunki nale\u017cy umieszcza\u0107 na najni\u017cszych p&oacute;\u0142kach<\/p>\n<p>\tNale\u017cy unika\u0107 przechowywania rega\u0142u w wilgotnych pomieszczeniach.<\/p>\n<p>\t<strong>U\u017cytkowanie:<\/strong><\/p>\n<p>\tPowierzchni\u0119 mebla czy\u015bci\u0107 przy pomocy mi\u0119kkiej szmatki. Unika\u0107 stosowania silnie dzia\u0142aj\u0105cych \u015brodk&oacute;w chemicznych.<\/p>\n<p>\t<strong>W opakowaniu:<\/strong><\/p>\n<p>\tInstrukcja monta\u017cu wraz ze wszystkimi potrzebnymi akcesoriami monta\u017cowymi.<\/p>\n<p>\tMeble s\u0105 fabrycznie zapakowane do samodzielnego monta\u017cu.<\/p>\n<p>\t\t<em><strong data-end=\"82\" data-start=\"67\">Informacja:<\/strong><\/em><\/p>\n<p>\n\t\t<em>Dok\u0142adamy wszelkich stara\u0144, aby kolory mebli prezentowane na zdj\u0119ciach by\u0142y odwzorowane mo\u017cliwie jak najdok\u0142adniej. Nale\u017cy jednak pami\u0119ta\u0107, \u017ce ich odbi&oacute;r mo\u017ce si\u0119 r&oacute;\u017cni\u0107 w zale\u017cno\u015bci od indywidualnych ustawie\u0144 monitora lub ekranu (takich jak jasno\u015b\u0107, kontrast, temperatura barwowa czy technologia wy\u015bwietlania). Rzeczywisty odcie\u0144 produktu mo\u017ce si\u0119 tak\u017ce r&oacute;\u017cni\u0107 w zale\u017cno\u015bci od warunk&oacute;w o\u015bwietleniowych.<br data-end=\"491\" data-is-only-node=\"\" data-start=\"488\" \/><br \/>\n\t\tEwentualne r&oacute;\u017cnice kolorystyczne nie wynikaj\u0105 z wady produktu.<\/em><\/p><\/p>\n","protected":false},"featured_media":2740,"template":"","meta":[],"product_brand":[64],"product_cat":[45],"product_tag":[],"class_list":{"0":"post-2739","1":"product","2":"type-product","3":"status-publish","4":"has-post-thumbnail","6":"product_brand-topeshop","7":"product_cat-regaly","9":"first","10":"instock","11":"taxable","12":"shipping-taxable","13":"purchasable","14":"product-type-simple"},"_links":{"self":[{"href":"https:\/\/scandiso.pl\/index.php\/wp-json\/wp\/v2\/product\/2739","targetHints":{"allow":["GET"]}}],"collection":[{"href":"https:\/\/scandiso.pl\/index.php\/wp-json\/wp\/v2\/product"}],"about":[{"href":"https:\/\/scandiso.pl\/index.php\/wp-json\/wp\/v2\/types\/product"}],"wp:featuredmedia":[{"embeddable":true,"href":"https:\/\/scandiso.pl\/index.php\/wp-json\/wp\/v2\/media\/2740"}],"wp:attachment":[{"href":"https:\/\/scandiso.pl\/index.php\/wp-json\/wp\/v2\/media?parent=2739"}],"wp:term":[{"taxonomy":"product_brand","embeddable":true,"href":"https:\/\/scandiso.pl\/index.php\/wp-json\/wp\/v2\/product_brand?post=2739"},{"taxonomy":"product_cat","embeddable":true,"href":"https:\/\/scandiso.pl\/index.php\/wp-json\/wp\/v2\/product_cat?post=2739"},{"taxonomy":"product_tag","embeddable":true,"href":"https:\/\/scandiso.pl\/index.php\/wp-json\/wp\/v2\/product_tag?post=2739"}],"curies":[{"name":"wp","href":"https:\/\/api.w.org\/{rel}","templated":true}]}}