{"id":2768,"date":"2025-10-07T10:05:03","date_gmt":"2025-10-07T08:05:03","guid":{"rendered":"http:\/\/serwer372429.lh.pl\/autoinstalator\/serwer372429.lh.pl\/wordpress128121\/index.php\/product\/regal-malax-2x2-glina\/"},"modified":"2026-05-05T02:45:46","modified_gmt":"2026-05-05T00:45:46","slug":"regal-malax-2x2-glina","status":"publish","type":"product","link":"https:\/\/scandiso.pl\/index.php\/product\/regal-malax-2x2-glina\/","title":{"rendered":"Rega\u0142 Malax 2&#215;2 GLINA"},"content":{"rendered":"<p><strong>FUNKCJONALNY REGA\u0141 KOMOROWY NA KSI\u0104\u017bKI \/ DOKUMENTY<\/strong><\/p>\n<p>\t<strong>Model: MALAX 2X2<\/strong><\/p>\n<p>\t<strong>Kolor: GLINA<br \/>\n\t(Elegancki i stylowy odcie\u0144 szaro\u015bci)<\/strong><\/p>\n<p>\tTen funkcjonalny rega\u0142 komorowy to idealne rozwi\u0105zanie dla wszystkich, kt&oacute;rzy ceni\u0105 sobie estetyk\u0119 i funkcjonalno\u015b\u0107 w jednym. Dzi\u0119ki eleganckiemu i stylowemu odcieniowi szaro\u015bci, kolor GLINA doskonale wpasuje si\u0119 w ka\u017cde wn\u0119trze, dodaj\u0105c mu nowoczesnego charakteru.<\/p>\n<p>\n\t<b>G\u0142&oacute;wne Cechy:<\/b><\/p>\n<\/p>\n<ul>\n<li>\n\t\t<b>4 Funkcjonalne P&oacute;\u0142ki<\/b>: Doskona\u0142e do przechowywania ksi\u0105\u017cek, dokument&oacute;w oraz innych przedmiot&oacute;w codziennego u\u017cytku.<\/li>\n<li>\n\t\t<b>Prosta i Nowoczesna Konstrukcja<\/b>: Zapewnia komfortow\u0105 przestrze\u0144 do organizacji.<\/li>\n<li>\n\t\t<b>Idealny do Pokoju Dziecka lub Salonu<\/b>: Dzi\u0119ki uniwersalnemu designowi i zastosowaniu rega\u0142 \u015bwietnie sprawdzi si\u0119 zar&oacute;wno w pokoju dzieci\u0119cym, jak i w salonie.<\/li>\n<li>\n\t\t<b>\u0141atwy Monta\u017c<\/b>: Rega\u0142 jest prosty w monta\u017cu, co umo\u017cliwia szybkie i bezproblemowe z\u0142o\u017cenie mebla.<\/li>\n<\/ul>\n<p><strong>MATERIA\u0141:<\/strong><\/p>\n<p>\tKorpus i fronty &#8211; p\u0142yta wi&oacute;rowa laminowana 16 mm.<\/p>\n<p>\tObrze\u017ca &ndash; wyko\u0144czone tworzywem ABS (charakteryzuj\u0105cym si\u0119 du\u017c\u0105 wytrzyma\u0142o\u015bci\u0105 mechaniczn\u0105 i chemiczn\u0105).<\/p>\n<p>\t<strong>WYMIARY:<\/strong><\/p>\n<p>\tG\u0142\u0119boko\u015b\u0107: 30 cm<\/p>\n<p>\tSzeroko\u015b\u0107: 74 cm<\/p>\n<p>\tWysoko\u015b\u0107: 75 cm<\/p>\n<p>\tWymiar okienka: 34,5 cm x 34,5 cm<\/p>\n<p>\t<strong>U\u017cytkowanie:<\/strong><\/p>\n<p>\tPowierzchni\u0119 mebla czy\u015bci\u0107 przy pomocy mi\u0119kkiej szmatki. Unika\u0107 stosowania silnie dzia\u0142aj\u0105cych \u015brodk&oacute;w chemicznych.<\/p>\n<p>\t<strong>W opakowaniu:<\/strong><\/p>\n<p>\tInstrukcja monta\u017cu wraz ze wszystkimi potrzebnymi akcesoriami monta\u017cowymi.<\/p>\n<p>\tMeble s\u0105 fabrycznie zapakowane do samodzielnego monta\u017cu.<\/p>\n<p>\t\t<em><strong data-end=\"82\" data-start=\"67\">Informacja:<\/strong><\/em><\/p>\n<p>\n\t\t<em>Dok\u0142adamy wszelkich stara\u0144, aby kolory mebli prezentowane na zdj\u0119ciach by\u0142y odwzorowane mo\u017cliwie jak najdok\u0142adniej. Nale\u017cy jednak pami\u0119ta\u0107, \u017ce ich odbi&oacute;r mo\u017ce si\u0119 r&oacute;\u017cni\u0107 w zale\u017cno\u015bci od indywidualnych ustawie\u0144 monitora lub ekranu (takich jak jasno\u015b\u0107, kontrast, temperatura barwowa czy technologia wy\u015bwietlania). Rzeczywisty odcie\u0144 produktu mo\u017ce si\u0119 tak\u017ce r&oacute;\u017cni\u0107 w zale\u017cno\u015bci od warunk&oacute;w o\u015bwietleniowych.<br data-end=\"491\" data-is-only-node=\"\" data-start=\"488\" \/><br \/>\n\t\tEwentualne r&oacute;\u017cnice kolorystyczne nie wynikaj\u0105 z wady produktu.<\/em><\/p><\/p>\n","protected":false},"excerpt":{"rendered":"<p><strong>MATERIA\u0141:<\/strong><\/p>\n<p>\tKorpus i fronty &#8211; p\u0142yta wi&oacute;rowa laminowana 16 mm.<\/p>\n<p>\tObrze\u017ca &ndash; wyko\u0144czone tworzywem ABS (charakteryzuj\u0105cym si\u0119 du\u017c\u0105 wytrzyma\u0142o\u015bci\u0105 mechaniczn\u0105 i chemiczn\u0105).<\/p>\n<p>\t<strong>WYMIARY:<\/strong><\/p>\n<p>\tG\u0142\u0119boko\u015b\u0107: 30 cm<\/p>\n<p>\tSzeroko\u015b\u0107: 74 cm<\/p>\n<p>\tWysoko\u015b\u0107: 75 cm<\/p>\n<p>\tWymiar okienka: 34,5 cm x 34,5 cm<\/p>\n<p>\t<strong>U\u017cytkowanie:<\/strong><\/p>\n<p>\tPowierzchni\u0119 mebla czy\u015bci\u0107 przy pomocy mi\u0119kkiej szmatki. Unika\u0107 stosowania silnie dzia\u0142aj\u0105cych \u015brodk&oacute;w chemicznych.<\/p>\n<p>\t<strong>W opakowaniu:<\/strong><\/p>\n<p>\tInstrukcja monta\u017cu wraz ze wszystkimi potrzebnymi akcesoriami monta\u017cowymi.<\/p>\n<p>\tMeble s\u0105 fabrycznie zapakowane do samodzielnego monta\u017cu.<\/p>\n<p>\t\t<em><strong data-end=\"82\" data-start=\"67\">Informacja:<\/strong><\/em><\/p>\n<p>\n\t\t<em>Dok\u0142adamy wszelkich stara\u0144, aby kolory mebli prezentowane na zdj\u0119ciach by\u0142y odwzorowane mo\u017cliwie jak najdok\u0142adniej. Nale\u017cy jednak pami\u0119ta\u0107, \u017ce ich odbi&oacute;r mo\u017ce si\u0119 r&oacute;\u017cni\u0107 w zale\u017cno\u015bci od indywidualnych ustawie\u0144 monitora lub ekranu (takich jak jasno\u015b\u0107, kontrast, temperatura barwowa czy technologia wy\u015bwietlania). Rzeczywisty odcie\u0144 produktu mo\u017ce si\u0119 tak\u017ce r&oacute;\u017cni\u0107 w zale\u017cno\u015bci od warunk&oacute;w o\u015bwietleniowych.<br data-end=\"491\" data-is-only-node=\"\" data-start=\"488\" \/><br \/>\n\t\tEwentualne r&oacute;\u017cnice kolorystyczne nie wynikaj\u0105 z wady produktu.<\/em><\/p><\/p>\n","protected":false},"featured_media":2769,"template":"","meta":[],"product_brand":[64],"product_cat":[45],"product_tag":[],"class_list":{"0":"post-2768","1":"product","2":"type-product","3":"status-publish","4":"has-post-thumbnail","6":"product_brand-topeshop","7":"product_cat-regaly","9":"first","10":"instock","11":"taxable","12":"shipping-taxable","13":"purchasable","14":"product-type-simple"},"_links":{"self":[{"href":"https:\/\/scandiso.pl\/index.php\/wp-json\/wp\/v2\/product\/2768","targetHints":{"allow":["GET"]}}],"collection":[{"href":"https:\/\/scandiso.pl\/index.php\/wp-json\/wp\/v2\/product"}],"about":[{"href":"https:\/\/scandiso.pl\/index.php\/wp-json\/wp\/v2\/types\/product"}],"wp:featuredmedia":[{"embeddable":true,"href":"https:\/\/scandiso.pl\/index.php\/wp-json\/wp\/v2\/media\/2769"}],"wp:attachment":[{"href":"https:\/\/scandiso.pl\/index.php\/wp-json\/wp\/v2\/media?parent=2768"}],"wp:term":[{"taxonomy":"product_brand","embeddable":true,"href":"https:\/\/scandiso.pl\/index.php\/wp-json\/wp\/v2\/product_brand?post=2768"},{"taxonomy":"product_cat","embeddable":true,"href":"https:\/\/scandiso.pl\/index.php\/wp-json\/wp\/v2\/product_cat?post=2768"},{"taxonomy":"product_tag","embeddable":true,"href":"https:\/\/scandiso.pl\/index.php\/wp-json\/wp\/v2\/product_tag?post=2768"}],"curies":[{"name":"wp","href":"https:\/\/api.w.org\/{rel}","templated":true}]}}