{"id":2813,"date":"2025-10-07T10:05:03","date_gmt":"2025-10-07T08:05:03","guid":{"rendered":"http:\/\/serwer372429.lh.pl\/autoinstalator\/serwer372429.lh.pl\/wordpress128121\/index.php\/product\/regal-malax-2x3-glina\/"},"modified":"2026-05-11T19:50:14","modified_gmt":"2026-05-11T17:50:14","slug":"regal-malax-2x3-glina","status":"publish","type":"product","link":"https:\/\/scandiso.pl\/index.php\/product\/regal-malax-2x3-glina\/","title":{"rendered":"Rega\u0142 Malax 2X3 GLINA"},"content":{"rendered":"<p><strong>REGA\u0141 KOMOROWY NA KSI\u0104\u017bKI \/ ZABAWKI<\/strong><\/p>\n<p>\t<strong>Model: MALAX 2X3<\/strong><\/p>\n<p>\t<strong>Kolor: GLINA<br \/>\n\t(Elegancki i stylowy odcie\u0144 szaro\u015bci)<\/strong><\/p>\n<p>\tRega\u0142 komorowy MALAX 2X3 to po\u0142\u0105czenie nowoczesnego designu i funkcjonalno\u015bci, idealnie wpasowuj\u0105cy si\u0119 w r&oacute;\u017cnorodne wn\u0119trza. Jego prostota i elegancja sprawiaj\u0105, \u017ce jest to nie tylko praktyczny, ale r&oacute;wnie\u017c estetyczny element wyposa\u017cenia.<\/p>\n<p>\t<strong>G\u0141&Oacute;WNE CECHY:<\/strong><\/p>\n<ul>\n<li>\n\t\t\t<b>Uniwersalno\u015b\u0107:<\/b> Otwarty rega\u0142 komorowy, kt&oacute;ry doskonale sprawdzi si\u0119 jako miejsce na ksi\u0105\u017cki, zabawki, dokumenty oraz inne przedmioty.<\/li>\n<li>\n\t\t\t<b>Zastosowanie:<\/b> Idealny do biura, salonu, pokoju dziecka lub nastolatka. Posiada a\u017c 6 p&oacute;\u0142ek.<\/li>\n<li>\n\t\t\t<b>\u0141atwy monta\u017c:<\/b> Prosta i szybka samodzielna instalacja dzi\u0119ki do\u0142\u0105czonej instrukcji oraz akcesoriom monta\u017cowym.<\/li>\n<li>\n\t\t\t<b>Polska produkcja:<\/b> Wysokiej jako\u015bci wykonanie przez polskiego producenta.<\/li>\n<li>\n\t\t\t<b>Personalizacja:<\/b> Mo\u017cliwo\u015b\u0107 zakupu dodatkowych wk\u0142adek w r&oacute;\u017cnych kolorach dost\u0119pnych w naszej ofercie, co pozwala na dopasowanie rega\u0142u do indywidualnych potrzeb i stylu wn\u0119trza.<\/li>\n<\/ul>\n<p>\t<strong>Do rega\u0142u MALAX 2X3 mo\u017cna dodatkowo dokupi\u0107 wk\u0142adki w r&oacute;\u017cnych kolorach dost\u0119pne w naszej pozosta\u0142ej ofercie.<\/strong><\/p>\n<p><strong>MATERIA\u0141:<\/strong><\/p>\n<p>\tKorpus i fronty &#8211; p\u0142yta wi&oacute;rowa laminowana 16 mm.<\/p>\n<p>\t<strong>WYMIARY:<\/strong><\/p>\n<p>\tG\u0142\u0119boko\u015b\u0107: 30 cm<\/p>\n<p>\tSzeroko\u015b\u0107: 110 cm<\/p>\n<p>\tWysoko\u015b\u0107: 75 cm<\/p>\n<p>\tWymiar okienka: 34,5 cm x 34,5 cm<\/p>\n<p>\t<strong>Na naszych pozosta\u0142ych aukcjach do rega\u0142u MALAX 2X3 mo\u017cna dodatkowo dokupi\u0107 wk\u0142adki w r&oacute;\u017cnych kolorach dost\u0119pne w naszej pozosta\u0142ej ofercie.<\/strong><\/p>\n<p>\t<strong>W opakowaniu:<\/strong><\/p>\n<p>\tInstrukcja monta\u017cu wraz ze wszystkimi potrzebnymi akcesoriami monta\u017cowymi.<\/p>\n<p>\t<strong>U\u017cytkowanie:<\/strong><\/p>\n<p>\tPowierzchni\u0119 mebla czy\u015bci\u0107 przy pomocy mi\u0119kkiej szmatki. Unika\u0107 stosowania silnie dzia\u0142aj\u0105cych \u015brodk&oacute;w chemicznych.<\/p>\n<p>\tMeble s\u0105 fabrycznie zapakowane do samodzielnego monta\u017cu.<\/p>\n<p>\t\t<em><strong data-end=\"82\" data-start=\"67\">Informacja:<\/strong><\/em><\/p>\n<p>\n\t\t<em>Dok\u0142adamy wszelkich stara\u0144, aby kolory mebli prezentowane na zdj\u0119ciach by\u0142y odwzorowane mo\u017cliwie jak najdok\u0142adniej. Nale\u017cy jednak pami\u0119ta\u0107, \u017ce ich odbi&oacute;r mo\u017ce si\u0119 r&oacute;\u017cni\u0107 w zale\u017cno\u015bci od indywidualnych ustawie\u0144 monitora lub ekranu (takich jak jasno\u015b\u0107, kontrast, temperatura barwowa czy technologia wy\u015bwietlania). Rzeczywisty odcie\u0144 produktu mo\u017ce si\u0119 tak\u017ce r&oacute;\u017cni\u0107 w zale\u017cno\u015bci od warunk&oacute;w o\u015bwietleniowych.<br data-end=\"491\" data-is-only-node=\"\" data-start=\"488\" \/><br \/>\n\t\tEwentualne r&oacute;\u017cnice kolorystyczne nie wynikaj\u0105 z wady produktu.<\/em><\/p><\/p>\n","protected":false},"excerpt":{"rendered":"<p><strong>MATERIA\u0141:<\/strong><\/p>\n<p>\tKorpus i fronty &#8211; p\u0142yta wi&oacute;rowa laminowana 16 mm.<\/p>\n<p>\t<strong>WYMIARY:<\/strong><\/p>\n<p>\tG\u0142\u0119boko\u015b\u0107: 30 cm<\/p>\n<p>\tSzeroko\u015b\u0107: 110 cm<\/p>\n<p>\tWysoko\u015b\u0107: 75 cm<\/p>\n<p>\tWymiar okienka: 34,5 cm x 34,5 cm<\/p>\n<p>\t<strong>Na naszych pozosta\u0142ych aukcjach do rega\u0142u MALAX 2X3 mo\u017cna dodatkowo dokupi\u0107 wk\u0142adki w r&oacute;\u017cnych kolorach dost\u0119pne w naszej pozosta\u0142ej ofercie.<\/strong><\/p>\n<p>\t<strong>W opakowaniu:<\/strong><\/p>\n<p>\tInstrukcja monta\u017cu wraz ze wszystkimi potrzebnymi akcesoriami monta\u017cowymi.<\/p>\n<p>\t<strong>U\u017cytkowanie:<\/strong><\/p>\n<p>\tPowierzchni\u0119 mebla czy\u015bci\u0107 przy pomocy mi\u0119kkiej szmatki. Unika\u0107 stosowania silnie dzia\u0142aj\u0105cych \u015brodk&oacute;w chemicznych.<\/p>\n<p>\tMeble s\u0105 fabrycznie zapakowane do samodzielnego monta\u017cu.<\/p>\n<p>\t\t<em><strong data-end=\"82\" data-start=\"67\">Informacja:<\/strong><\/em><\/p>\n<p>\n\t\t<em>Dok\u0142adamy wszelkich stara\u0144, aby kolory mebli prezentowane na zdj\u0119ciach by\u0142y odwzorowane mo\u017cliwie jak najdok\u0142adniej. Nale\u017cy jednak pami\u0119ta\u0107, \u017ce ich odbi&oacute;r mo\u017ce si\u0119 r&oacute;\u017cni\u0107 w zale\u017cno\u015bci od indywidualnych ustawie\u0144 monitora lub ekranu (takich jak jasno\u015b\u0107, kontrast, temperatura barwowa czy technologia wy\u015bwietlania). Rzeczywisty odcie\u0144 produktu mo\u017ce si\u0119 tak\u017ce r&oacute;\u017cni\u0107 w zale\u017cno\u015bci od warunk&oacute;w o\u015bwietleniowych.<br data-end=\"491\" data-is-only-node=\"\" data-start=\"488\" \/><br \/>\n\t\tEwentualne r&oacute;\u017cnice kolorystyczne nie wynikaj\u0105 z wady produktu.<\/em><\/p><\/p>\n","protected":false},"featured_media":2814,"template":"","meta":[],"product_brand":[64],"product_cat":[45],"product_tag":[],"class_list":{"0":"post-2813","1":"product","2":"type-product","3":"status-publish","4":"has-post-thumbnail","6":"product_brand-topeshop","7":"product_cat-regaly","9":"first","10":"instock","11":"taxable","12":"shipping-taxable","13":"purchasable","14":"product-type-simple"},"_links":{"self":[{"href":"https:\/\/scandiso.pl\/index.php\/wp-json\/wp\/v2\/product\/2813","targetHints":{"allow":["GET"]}}],"collection":[{"href":"https:\/\/scandiso.pl\/index.php\/wp-json\/wp\/v2\/product"}],"about":[{"href":"https:\/\/scandiso.pl\/index.php\/wp-json\/wp\/v2\/types\/product"}],"wp:featuredmedia":[{"embeddable":true,"href":"https:\/\/scandiso.pl\/index.php\/wp-json\/wp\/v2\/media\/2814"}],"wp:attachment":[{"href":"https:\/\/scandiso.pl\/index.php\/wp-json\/wp\/v2\/media?parent=2813"}],"wp:term":[{"taxonomy":"product_brand","embeddable":true,"href":"https:\/\/scandiso.pl\/index.php\/wp-json\/wp\/v2\/product_brand?post=2813"},{"taxonomy":"product_cat","embeddable":true,"href":"https:\/\/scandiso.pl\/index.php\/wp-json\/wp\/v2\/product_cat?post=2813"},{"taxonomy":"product_tag","embeddable":true,"href":"https:\/\/scandiso.pl\/index.php\/wp-json\/wp\/v2\/product_tag?post=2813"}],"curies":[{"name":"wp","href":"https:\/\/api.w.org\/{rel}","templated":true}]}}