{"id":2837,"date":"2025-10-07T10:05:05","date_gmt":"2025-10-07T08:05:05","guid":{"rendered":"http:\/\/serwer372429.lh.pl\/autoinstalator\/serwer372429.lh.pl\/wordpress128121\/index.php\/product\/regal-malax-2x4-antracyt-bialy\/"},"modified":"2026-05-13T02:42:14","modified_gmt":"2026-05-13T00:42:14","slug":"regal-malax-2x4-antracyt-bialy","status":"publish","type":"product","link":"https:\/\/scandiso.pl\/index.php\/product\/regal-malax-2x4-antracyt-bialy\/","title":{"rendered":"Rega\u0142 Malax 2X4 ANTRACYT BIA\u0141Y"},"content":{"rendered":"<p><strong>REGA\u0141 KOMOROWY NA KSI\u0104\u017bKI \/ ZABAWKI<\/strong><\/p>\n<p>\t<strong>Model: MALAX 2X4<\/strong><\/p>\n<p>\t<strong>Kolor: ANTRACYT \/ BIA\u0141Y<\/strong><\/p>\n<p>\tRega\u0142 komorowy MALAX 2X4 to po\u0142\u0105czenie nowoczesnego designu i funkcjonalno\u015bci, idealnie wpasowuj\u0105cy si\u0119 w r&oacute;\u017cnorodne wn\u0119trza. Jego prostota i elegancja sprawiaj\u0105, \u017ce jest to nie tylko praktyczny, ale r&oacute;wnie\u017c estetyczny element wyposa\u017cenia.<\/p>\n<p>\t<strong>G\u0141&Oacute;WNE CECHY:<\/strong><\/p>\n<ul>\n<li>\n\t\t\t<b>Uniwersalno\u015b\u0107:<\/b> Otwarty rega\u0142 komorowy, kt&oacute;ry doskonale sprawdzi si\u0119 jako miejsce na ksi\u0105\u017cki, zabawki, dokumenty oraz inne przedmioty.<\/li>\n<li>\n\t\t\t<b>Zastosowanie:<\/b> Idealny do biura, salonu, pokoju dziecka lub nastolatka. Posiada a\u017c 8 p&oacute;\u0142ek.<\/li>\n<li>\n\t\t\t<strong>Nowoczesny design<\/strong>: po\u0142\u0105czenie antracytu i bieli wpisuje si\u0119 w aktualne trendy wn\u0119trzarskie.<\/li>\n<li>\n\t\t\t<b>\u0141atwy monta\u017c:<\/b> Prosta i szybka samodzielna instalacja dzi\u0119ki do\u0142\u0105czonej instrukcji oraz akcesoriom monta\u017cowym.<\/li>\n<li>\n\t\t\t<b>Polska produkcja:<\/b> Wysokiej jako\u015bci wykonanie przez polskiego producenta.<\/li>\n<li>\n\t\t\t<b>Personalizacja:<\/b> Mo\u017cliwo\u015b\u0107 zakupu dodatkowych wk\u0142adek w r&oacute;\u017cnych kolorach dost\u0119pnych w naszej ofercie, co pozwala na dopasowanie rega\u0142u do indywidualnych potrzeb i stylu wn\u0119trza.<\/li>\n<\/ul>\n<p><strong>MATERIA\u0141:<\/strong><\/p>\n<p>\tKorpus i fronty &#8211; p\u0142yta wi&oacute;rowa laminowana 16 mm.<\/p>\n<p>\t<strong>WYMIARY:<\/strong><\/p>\n<p>\tG\u0142\u0119boko\u015b\u0107: 30 cm<\/p>\n<p>\tSzeroko\u015b\u0107: 147 cm<\/p>\n<p>\tWysoko\u015b\u0107: 75 cm<\/p>\n<p>\tWymiar okienka: 34,5 cm x 34,5 cm<\/p>\n<p>\t\t<strong>MONTA\u017b I PIEL\u0118GNACJA:<\/strong><\/p>\n<ul>\n<li>\n\t\t\t\tMebel dostarczany w paczkach do samodzielnego monta\u017cu<\/li>\n<li>\n\t\t\t\tW zestawie znajduje si\u0119 instrukcja oraz komplet akcesori&oacute;w monta\u017cowych<\/li>\n<li>\n\t\t\t\tCzy\u015bci\u0107 mi\u0119kk\u0105, lekko wilgotn\u0105 \u015bciereczk\u0105 &ndash; unika\u0107 silnych detergent&oacute;w.<\/li>\n<\/ul>\n<p>\n\t\t\t<em><strong data-end=\"82\" data-start=\"67\">Informacja:<\/strong><\/em><\/p>\n<p>\t\t<em>Dok\u0142adamy wszelkich stara\u0144, aby kolory mebli prezentowane na zdj\u0119ciach by\u0142y odwzorowane mo\u017cliwie jak najdok\u0142adniej. Nale\u017cy jednak pami\u0119ta\u0107, \u017ce ich odbi&oacute;r mo\u017ce si\u0119 r&oacute;\u017cni\u0107 w zale\u017cno\u015bci od indywidualnych ustawie\u0144 monitora lub ekranu (takich jak jasno\u015b\u0107, kontrast, temperatura barwowa czy technologia wy\u015bwietlania). Rzeczywisty odcie\u0144 produktu mo\u017ce si\u0119 tak\u017ce r&oacute;\u017cni\u0107 w zale\u017cno\u015bci od warunk&oacute;w o\u015bwietleniowych.<br data-end=\"491\" data-is-only-node=\"\" data-start=\"488\" \/><br \/>\n\t\tEwentualne r&oacute;\u017cnice kolorystyczne nie wynikaj\u0105 z wady produktu.<\/em><\/p>\n","protected":false},"excerpt":{"rendered":"<p><strong>MATERIA\u0141:<\/strong><\/p>\n<p>\tKorpus i fronty &#8211; p\u0142yta wi&oacute;rowa laminowana 16 mm.<\/p>\n<p>\t<strong>WYMIARY:<\/strong><\/p>\n<p>\tG\u0142\u0119boko\u015b\u0107: 30 cm<\/p>\n<p>\tSzeroko\u015b\u0107: 147 cm<\/p>\n<p>\tWysoko\u015b\u0107: 75 cm<\/p>\n<p>\tWymiar okienka: 34,5 cm x 34,5 cm<\/p>\n<p>\t\t<strong>MONTA\u017b I PIEL\u0118GNACJA:<\/strong><\/p>\n<ul>\n<li>\n\t\t\t\tMebel dostarczany w paczkach do samodzielnego monta\u017cu<\/li>\n<li>\n\t\t\t\tW zestawie znajduje si\u0119 instrukcja oraz komplet akcesori&oacute;w monta\u017cowych<\/li>\n<li>\n\t\t\t\tCzy\u015bci\u0107 mi\u0119kk\u0105, lekko wilgotn\u0105 \u015bciereczk\u0105 &ndash; unika\u0107 silnych detergent&oacute;w.<\/li>\n<\/ul>\n<p>\n\t\t\t<em><strong data-end=\"82\" data-start=\"67\">Informacja:<\/strong><\/em><\/p>\n<p>\t\t<em>Dok\u0142adamy wszelkich stara\u0144, aby kolory mebli prezentowane na zdj\u0119ciach by\u0142y odwzorowane mo\u017cliwie jak najdok\u0142adniej. Nale\u017cy jednak pami\u0119ta\u0107, \u017ce ich odbi&oacute;r mo\u017ce si\u0119 r&oacute;\u017cni\u0107 w zale\u017cno\u015bci od indywidualnych ustawie\u0144 monitora lub ekranu (takich jak jasno\u015b\u0107, kontrast, temperatura barwowa czy technologia wy\u015bwietlania). Rzeczywisty odcie\u0144 produktu mo\u017ce si\u0119 tak\u017ce r&oacute;\u017cni\u0107 w zale\u017cno\u015bci od warunk&oacute;w o\u015bwietleniowych.<br data-end=\"491\" data-is-only-node=\"\" data-start=\"488\" \/><br \/>\n\t\tEwentualne r&oacute;\u017cnice kolorystyczne nie wynikaj\u0105 z wady produktu.<\/em><\/p>\n","protected":false},"featured_media":2838,"template":"","meta":[],"product_brand":[64],"product_cat":[45],"product_tag":[],"class_list":{"0":"post-2837","1":"product","2":"type-product","3":"status-publish","4":"has-post-thumbnail","6":"product_brand-topeshop","7":"product_cat-regaly","9":"first","10":"instock","11":"taxable","12":"shipping-taxable","13":"purchasable","14":"product-type-simple"},"_links":{"self":[{"href":"https:\/\/scandiso.pl\/index.php\/wp-json\/wp\/v2\/product\/2837","targetHints":{"allow":["GET"]}}],"collection":[{"href":"https:\/\/scandiso.pl\/index.php\/wp-json\/wp\/v2\/product"}],"about":[{"href":"https:\/\/scandiso.pl\/index.php\/wp-json\/wp\/v2\/types\/product"}],"wp:featuredmedia":[{"embeddable":true,"href":"https:\/\/scandiso.pl\/index.php\/wp-json\/wp\/v2\/media\/2838"}],"wp:attachment":[{"href":"https:\/\/scandiso.pl\/index.php\/wp-json\/wp\/v2\/media?parent=2837"}],"wp:term":[{"taxonomy":"product_brand","embeddable":true,"href":"https:\/\/scandiso.pl\/index.php\/wp-json\/wp\/v2\/product_brand?post=2837"},{"taxonomy":"product_cat","embeddable":true,"href":"https:\/\/scandiso.pl\/index.php\/wp-json\/wp\/v2\/product_cat?post=2837"},{"taxonomy":"product_tag","embeddable":true,"href":"https:\/\/scandiso.pl\/index.php\/wp-json\/wp\/v2\/product_tag?post=2837"}],"curies":[{"name":"wp","href":"https:\/\/api.w.org\/{rel}","templated":true}]}}