{"id":2881,"date":"2025-10-07T10:05:08","date_gmt":"2025-10-07T08:05:08","guid":{"rendered":"http:\/\/serwer372429.lh.pl\/autoinstalator\/serwer372429.lh.pl\/wordpress128121\/index.php\/product\/regal-malax-3x3-h-bialy\/"},"modified":"2026-05-13T18:47:07","modified_gmt":"2026-05-13T16:47:07","slug":"regal-malax-3x3-h-bialy","status":"publish","type":"product","link":"https:\/\/scandiso.pl\/index.php\/product\/regal-malax-3x3-h-bialy\/","title":{"rendered":"Rega\u0142 Malax 3X3 H BIA\u0141Y"},"content":{"rendered":"<p><strong>REGA\u0141 KOMOROWY MALAX 3X3 H NA KSI\u0104\u017bKI \/ ZABAWKI<\/strong><\/p>\n<p>\t<b>ZABUDOWANY TY\u0141<\/b><\/p>\n<p>\t<strong>Model: MALAX 3X3<\/strong><\/p>\n<p>\t<strong>Kolor: BIEL MAT<\/strong><\/p>\n<p>\tRega\u0142 MALAX 3&#215;3 H to nowoczesna propozycja do salonu, biura, pokoju dziecka lub garderoby. Wyposa\u017cony w dziewi\u0119\u0107 przestronnych kom&oacute;r i zabudowany ty\u0142 (model &bdquo;H&rdquo;) stanowi nie tylko praktyczne, ale i estetyczne rozwi\u0105zanie do przechowywania. Dzi\u0119ki pe\u0142nej p\u0142ycie HDF z ty\u0142u, mebel lepiej stabilizuje zawarto\u015b\u0107 oraz prezentuje si\u0119 bardziej elegancko &#8211; r&oacute;wnie\u017c jako rega\u0142 wolnostoj\u0105cy.<\/p>\n<p>\t<strong>G\u0141&Oacute;WNE CECHY MEBLA:<\/strong><\/p>\n<ul>\n<li>\n\t\t\t9 r&oacute;wnych kom&oacute;r: idealne na ksi\u0105\u017cki, kosze, segregatory, dekoracje<\/li>\n<li>\n\t\t\tZabudowany ty\u0142 z p\u0142yty HDF: wi\u0119ksza estetyka i stabilno\u015b\u0107<\/li>\n<li>\n\t\t\tProsta forma: \u0142atwa do zestawienia z innymi meblami<\/li>\n<li>\n\t\t\tStabilna konstrukcja: wykonana z p\u0142yty laminowanej 16 mm<\/li>\n<\/ul>\n<p><strong>MATERIA\u0141:<\/strong><\/p>\n<ul>\n<li>\n\t\t\t\tKorpus i p&oacute;\u0142ki: p\u0142yta wi&oacute;rowa laminowana (grubo\u015b\u0107 16 mm)<\/li>\n<li>\n\t\t\t\tTy\u0142: p\u0142yta HDF (pe\u0142ne zabudowanie)<\/li>\n<\/ul>\n<p>\t\t<strong>WYMIARY:<\/strong><\/p>\n<ul>\n<li>\n\t\t\t\tWysoko\u015b\u0107: 110,5 cm<\/li>\n<li>\n\t\t\t\tSzeroko\u015b\u0107: 110,5 cm<\/li>\n<li>\n\t\t\t\tG\u0142\u0119boko\u015b\u0107: 30 cm<\/li>\n<li>\n\t\t\t\tWymiar wewn\u0119trzny pojedynczej komory: ok. 34,5 cm x 34,5 cm<\/li>\n<\/ul>\n<p>\t\t\t<strong>MONTA\u017b I PIEL\u0118GNACJA:<\/strong><\/p>\n<ul>\n<li>\n\t\t\t\t\t\tMebel dostarczany w paczkach do samodzielnego monta\u017cu<\/li>\n<li>\n\t\t\t\t\t\tW zestawie znajduje si\u0119 instrukcja oraz komplet akcesori&oacute;w monta\u017cowych<\/li>\n<li>\n\t\t\t\t\t\tCzy\u015bci\u0107 mi\u0119kk\u0105, lekko wilgotn\u0105 \u015bciereczk\u0105 &ndash; unika\u0107 silnych detergent&oacute;w.<\/li>\n<\/ul>\n<p>\n\t\t\t\t\t<em><strong data-end=\"82\" data-start=\"67\">Informacja:<\/strong><\/em><\/p>\n<p>\t\t\t\t<em>Dok\u0142adamy wszelkich stara\u0144, aby kolory mebli prezentowane na zdj\u0119ciach by\u0142y odwzorowane mo\u017cliwie jak najdok\u0142adniej. Nale\u017cy jednak pami\u0119ta\u0107, \u017ce ich odbi&oacute;r mo\u017ce si\u0119 r&oacute;\u017cni\u0107 w zale\u017cno\u015bci od indywidualnych ustawie\u0144 monitora lub ekranu (takich jak jasno\u015b\u0107, kontrast, temperatura barwowa czy technologia wy\u015bwietlania). Rzeczywisty odcie\u0144 produktu mo\u017ce si\u0119 tak\u017ce r&oacute;\u017cni\u0107 w zale\u017cno\u015bci od warunk&oacute;w o\u015bwietleniowych.<br data-end=\"491\" data-is-only-node=\"\" data-start=\"488\" \/><br \/>\n\t\t\t\tEwentualne r&oacute;\u017cnice kolorystyczne nie wynikaj\u0105 z wady produktu.<\/em><\/p>\n","protected":false},"excerpt":{"rendered":"<p><strong>MATERIA\u0141:<\/strong><\/p>\n<ul>\n<li>\n\t\t\t\tKorpus i p&oacute;\u0142ki: p\u0142yta wi&oacute;rowa laminowana (grubo\u015b\u0107 16 mm)<\/li>\n<li>\n\t\t\t\tTy\u0142: p\u0142yta HDF (pe\u0142ne zabudowanie)<\/li>\n<\/ul>\n<p>\t\t<strong>WYMIARY:<\/strong><\/p>\n<ul>\n<li>\n\t\t\t\tWysoko\u015b\u0107: 110,5 cm<\/li>\n<li>\n\t\t\t\tSzeroko\u015b\u0107: 110,5 cm<\/li>\n<li>\n\t\t\t\tG\u0142\u0119boko\u015b\u0107: 30 cm<\/li>\n<li>\n\t\t\t\tWymiar wewn\u0119trzny pojedynczej komory: ok. 34,5 cm x 34,5 cm<\/li>\n<\/ul>\n<p>\t\t\t<strong>MONTA\u017b I PIEL\u0118GNACJA:<\/strong><\/p>\n<ul>\n<li>\n\t\t\t\t\t\tMebel dostarczany w paczkach do samodzielnego monta\u017cu<\/li>\n<li>\n\t\t\t\t\t\tW zestawie znajduje si\u0119 instrukcja oraz komplet akcesori&oacute;w monta\u017cowych<\/li>\n<li>\n\t\t\t\t\t\tCzy\u015bci\u0107 mi\u0119kk\u0105, lekko wilgotn\u0105 \u015bciereczk\u0105 &ndash; unika\u0107 silnych detergent&oacute;w.<\/li>\n<\/ul>\n<p>\n\t\t\t\t\t<em><strong data-end=\"82\" data-start=\"67\">Informacja:<\/strong><\/em><\/p>\n<p>\t\t\t\t<em>Dok\u0142adamy wszelkich stara\u0144, aby kolory mebli prezentowane na zdj\u0119ciach by\u0142y odwzorowane mo\u017cliwie jak najdok\u0142adniej. Nale\u017cy jednak pami\u0119ta\u0107, \u017ce ich odbi&oacute;r mo\u017ce si\u0119 r&oacute;\u017cni\u0107 w zale\u017cno\u015bci od indywidualnych ustawie\u0144 monitora lub ekranu (takich jak jasno\u015b\u0107, kontrast, temperatura barwowa czy technologia wy\u015bwietlania). Rzeczywisty odcie\u0144 produktu mo\u017ce si\u0119 tak\u017ce r&oacute;\u017cni\u0107 w zale\u017cno\u015bci od warunk&oacute;w o\u015bwietleniowych.<br data-end=\"491\" data-is-only-node=\"\" data-start=\"488\" \/><br \/>\n\t\t\t\tEwentualne r&oacute;\u017cnice kolorystyczne nie wynikaj\u0105 z wady produktu.<\/em><\/p>\n","protected":false},"featured_media":2882,"template":"","meta":[],"product_brand":[64],"product_cat":[45],"product_tag":[],"class_list":{"0":"post-2881","1":"product","2":"type-product","3":"status-publish","4":"has-post-thumbnail","6":"product_brand-topeshop","7":"product_cat-regaly","9":"first","10":"instock","11":"taxable","12":"shipping-taxable","13":"purchasable","14":"product-type-simple"},"_links":{"self":[{"href":"https:\/\/scandiso.pl\/index.php\/wp-json\/wp\/v2\/product\/2881","targetHints":{"allow":["GET"]}}],"collection":[{"href":"https:\/\/scandiso.pl\/index.php\/wp-json\/wp\/v2\/product"}],"about":[{"href":"https:\/\/scandiso.pl\/index.php\/wp-json\/wp\/v2\/types\/product"}],"wp:featuredmedia":[{"embeddable":true,"href":"https:\/\/scandiso.pl\/index.php\/wp-json\/wp\/v2\/media\/2882"}],"wp:attachment":[{"href":"https:\/\/scandiso.pl\/index.php\/wp-json\/wp\/v2\/media?parent=2881"}],"wp:term":[{"taxonomy":"product_brand","embeddable":true,"href":"https:\/\/scandiso.pl\/index.php\/wp-json\/wp\/v2\/product_brand?post=2881"},{"taxonomy":"product_cat","embeddable":true,"href":"https:\/\/scandiso.pl\/index.php\/wp-json\/wp\/v2\/product_cat?post=2881"},{"taxonomy":"product_tag","embeddable":true,"href":"https:\/\/scandiso.pl\/index.php\/wp-json\/wp\/v2\/product_tag?post=2881"}],"curies":[{"name":"wp","href":"https:\/\/api.w.org\/{rel}","templated":true}]}}