{"id":2890,"date":"2025-10-01T15:41:01","date_gmt":"2025-10-01T13:41:01","guid":{"rendered":"http:\/\/serwer372429.lh.pl\/autoinstalator\/serwer372429.lh.pl\/wordpress128121\/index.php\/product\/regal-malax-mini-2x3-bialy\/"},"modified":"2026-05-13T02:48:01","modified_gmt":"2026-05-13T00:48:01","slug":"regal-malax-mini-2x3-bialy","status":"publish","type":"product","link":"https:\/\/scandiso.pl\/index.php\/product\/regal-malax-mini-2x3-bialy\/","title":{"rendered":"Rega\u0142 Malax MINI 2X3 BIA\u0141Y"},"content":{"rendered":"<p><strong>REGA\u0141 KOMOROWY NA KSI\u0104\u017bKI \/ ZABAWKI<\/strong><\/p>\n<p>\t<strong>Model: MALAX MINI 2X3<\/strong><\/p>\n<p>\t<strong>Kolor: BIEL MAT<\/strong><\/p>\n<p>\tRega\u0142 MALAX MINI 2X3 to eleganckie i funkcjonalne rozwi\u0105zanie do przechowywania ksi\u0105\u017cek, zabawek, dokument&oacute;w oraz dekoracji. Dzi\u0119ki otwartej konstrukcji pozwala na \u0142atwy dost\u0119p do przechowywanych przedmiot&oacute;w, a jego nowoczesny styl doskonale komponuje si\u0119 z wn\u0119trzami biura, salonu czy pokoju m\u0142odzie\u017cowego.<\/p>\n<p>\t<strong>G\u0141&Oacute;WNE CECHY MEBLA:<\/strong><\/p>\n<ul>\n<li>\n\t\tNowoczesna i prosta konstrukcja &ndash; tworzy komfortow\u0105 przestrze\u0144 do organizacji<\/li>\n<li>\n\t\tFunkcjonalny uk\u0142ad komorowy &ndash; idealny na ksi\u0105\u017cki, zabawki, segregatory i dekoracje<\/li>\n<li>\n\t\tModny, ponadczasowy bia\u0142y kolor &ndash; nowoczesny design pasuj\u0105cy do ka\u017cdego wn\u0119trza<\/li>\n<li>\n\t\t\u0141atwy monta\u017c &ndash; intuicyjna instrukcja i wszystkie akcesoria w zestawie<\/li>\n<li>\n\t\tPolski producent &ndash; gwarancja jako\u015bci i solidnego wykonania<\/li>\n<\/ul>\n<p><strong>MATERIA\u0141:<\/strong><\/p>\n<p>\tKorpus i fronty &#8211; p\u0142yta wi&oacute;rowa laminowana 16 mm.<\/p>\n<p>\t<strong>WYMIARY:<\/strong><\/p>\n<p>\tG\u0142\u0119boko\u015b\u0107: 30 cm<\/p>\n<p>\tSzeroko\u015b\u0107: 90 cm<\/p>\n<p>\tWysoko\u015b\u0107: 60 cm<\/p>\n<p>\tWymiar okienka: 27,8 cm x 27,6 cm<\/p>\n<p>\t<strong>W opakowaniu:<\/strong><\/p>\n<p>\tInstrukcja monta\u017cu wraz ze wszystkimi potrzebnymi akcesoriami monta\u017cowymi.<\/p>\n<p>\t<strong>U\u017cytkowanie:<\/strong><\/p>\n<p>\tPowierzchni\u0119 mebla czy\u015bci\u0107 przy pomocy mi\u0119kkiej szmatki. Unika\u0107 stosowania silnie dzia\u0142aj\u0105cych \u015brodk&oacute;w chemicznych.<\/p>\n<p>\tMeble s\u0105 fabrycznie zapakowane do samodzielnego monta\u017cu.<\/p>\n<p>\t<em><strong data-end=\"82\" data-start=\"67\">Informacja:<\/strong><\/em><\/p>\n<p>\n\t<em>Dok\u0142adamy wszelkich stara\u0144, aby kolory mebli prezentowane na zdj\u0119ciach by\u0142y odwzorowane mo\u017cliwie jak najdok\u0142adniej. Nale\u017cy jednak pami\u0119ta\u0107, \u017ce ich odbi&oacute;r mo\u017ce si\u0119 r&oacute;\u017cni\u0107 w zale\u017cno\u015bci od indywidualnych ustawie\u0144 monitora lub ekranu (takich jak jasno\u015b\u0107, kontrast, temperatura barwowa czy technologia wy\u015bwietlania). Rzeczywisty odcie\u0144 produktu mo\u017ce si\u0119 tak\u017ce r&oacute;\u017cni\u0107 w zale\u017cno\u015bci od warunk&oacute;w o\u015bwietleniowych.<br data-end=\"491\" data-is-only-node=\"\" data-start=\"488\" \/><br \/>\n\tEwentualne r&oacute;\u017cnice kolorystyczne nie wynikaj\u0105 z wady produktu.<\/em><\/p>\n","protected":false},"excerpt":{"rendered":"<p><strong>MATERIA\u0141:<\/strong><\/p>\n<p>\tKorpus i fronty &#8211; p\u0142yta wi&oacute;rowa laminowana 16 mm.<\/p>\n<p>\t<strong>WYMIARY:<\/strong><\/p>\n<p>\tG\u0142\u0119boko\u015b\u0107: 30 cm<\/p>\n<p>\tSzeroko\u015b\u0107: 90 cm<\/p>\n<p>\tWysoko\u015b\u0107: 60 cm<\/p>\n<p>\tWymiar okienka: 27,8 cm x 27,6 cm<\/p>\n<p>\t<strong>W opakowaniu:<\/strong><\/p>\n<p>\tInstrukcja monta\u017cu wraz ze wszystkimi potrzebnymi akcesoriami monta\u017cowymi.<\/p>\n<p>\t<strong>U\u017cytkowanie:<\/strong><\/p>\n<p>\tPowierzchni\u0119 mebla czy\u015bci\u0107 przy pomocy mi\u0119kkiej szmatki. Unika\u0107 stosowania silnie dzia\u0142aj\u0105cych \u015brodk&oacute;w chemicznych.<\/p>\n<p>\tMeble s\u0105 fabrycznie zapakowane do samodzielnego monta\u017cu.<\/p>\n<p>\t<em><strong data-end=\"82\" data-start=\"67\">Informacja:<\/strong><\/em><\/p>\n<p>\n\t<em>Dok\u0142adamy wszelkich stara\u0144, aby kolory mebli prezentowane na zdj\u0119ciach by\u0142y odwzorowane mo\u017cliwie jak najdok\u0142adniej. Nale\u017cy jednak pami\u0119ta\u0107, \u017ce ich odbi&oacute;r mo\u017ce si\u0119 r&oacute;\u017cni\u0107 w zale\u017cno\u015bci od indywidualnych ustawie\u0144 monitora lub ekranu (takich jak jasno\u015b\u0107, kontrast, temperatura barwowa czy technologia wy\u015bwietlania). Rzeczywisty odcie\u0144 produktu mo\u017ce si\u0119 tak\u017ce r&oacute;\u017cni\u0107 w zale\u017cno\u015bci od warunk&oacute;w o\u015bwietleniowych.<br data-end=\"491\" data-is-only-node=\"\" data-start=\"488\" \/><br \/>\n\tEwentualne r&oacute;\u017cnice kolorystyczne nie wynikaj\u0105 z wady produktu.<\/em><\/p>\n","protected":false},"featured_media":2891,"template":"","meta":[],"product_brand":[64],"product_cat":[45],"product_tag":[],"class_list":{"0":"post-2890","1":"product","2":"type-product","3":"status-publish","4":"has-post-thumbnail","6":"product_brand-topeshop","7":"product_cat-regaly","9":"first","10":"instock","11":"taxable","12":"shipping-taxable","13":"purchasable","14":"product-type-simple"},"_links":{"self":[{"href":"https:\/\/scandiso.pl\/index.php\/wp-json\/wp\/v2\/product\/2890","targetHints":{"allow":["GET"]}}],"collection":[{"href":"https:\/\/scandiso.pl\/index.php\/wp-json\/wp\/v2\/product"}],"about":[{"href":"https:\/\/scandiso.pl\/index.php\/wp-json\/wp\/v2\/types\/product"}],"wp:featuredmedia":[{"embeddable":true,"href":"https:\/\/scandiso.pl\/index.php\/wp-json\/wp\/v2\/media\/2891"}],"wp:attachment":[{"href":"https:\/\/scandiso.pl\/index.php\/wp-json\/wp\/v2\/media?parent=2890"}],"wp:term":[{"taxonomy":"product_brand","embeddable":true,"href":"https:\/\/scandiso.pl\/index.php\/wp-json\/wp\/v2\/product_brand?post=2890"},{"taxonomy":"product_cat","embeddable":true,"href":"https:\/\/scandiso.pl\/index.php\/wp-json\/wp\/v2\/product_cat?post=2890"},{"taxonomy":"product_tag","embeddable":true,"href":"https:\/\/scandiso.pl\/index.php\/wp-json\/wp\/v2\/product_tag?post=2890"}],"curies":[{"name":"wp","href":"https:\/\/api.w.org\/{rel}","templated":true}]}}