{"id":3556,"date":"2025-10-07T10:05:34","date_gmt":"2025-10-07T08:05:34","guid":{"rendered":"http:\/\/serwer372429.lh.pl\/autoinstalator\/serwer372429.lh.pl\/wordpress128121\/index.php\/product\/slupek-lazienkowy-nel-2k-dd-bialy\/"},"modified":"2026-04-17T13:45:50","modified_gmt":"2026-04-17T11:45:50","slug":"slupek-lazienkowy-nel-2k-dd-bialy","status":"publish","type":"product","link":"https:\/\/scandiso.pl\/index.php\/product\/slupek-lazienkowy-nel-2k-dd-bialy\/","title":{"rendered":"S\u0142upek \u0142azienkowy Nel 2K\/DD BIA\u0141Y"},"content":{"rendered":"<p><strong>SZAFKA \u0141AZIENKOWA, REGA\u0141, S\u0141UPEK<\/strong><\/p>\n<p>\t<strong>MODEL: NEL DD 2K<\/strong><\/p>\n<p>\t<strong>KOLOR: BIEL MAT<\/strong><\/p>\n<p>\t<strong>WERSJA Z D\u0141UGIMI DRZWIAMI ORAZ DWOMA KOSZAMI<\/strong><\/p>\n<p>\tW ka\u017cdej \u0142azience znajd\u0105 si\u0119 rzeczy, kt&oacute;re potrzebuj\u0105 swojego miejsca. Dzi\u0119ki praktycznym s\u0142upkom, skutecznie zapanujesz nad ba\u0142aganem, nie zajmuj\u0105c zbyt wiele przestrzeni.<\/p>\n<ul>\n<li>\n\t\tUniwersalny wygl\u0105d sprosta oczekiwaniom wszystkich, kt&oacute;rzy ceni\u0105 po\u0142\u0105czenie prostoty i elegancji<\/li>\n<li>\n\t\tMinimalistyczne uchwyty zapewniaj\u0105 wygodny dost\u0119p do zawarto\u015bci mebla<\/li>\n<li>\n\t\tStaranna jako\u015b\u0107 wykonania<\/li>\n<li>\n\t\tSzafka posiada 3 praktyczne p&oacute;\u0142ki oraz 3 kosze<\/li>\n<li>\n\t\tW ofercie r&oacute;wnie\u017c szafki z otwartymi p&oacute;\u0142kami oraz jednym koszem<\/li>\n<li>\n\t\tPolski producent<\/li>\n<\/ul>\n<p><strong>MATERIA\u0141:<\/strong><\/p>\n<p>\tKorpus i fronty &#8211; p\u0142yta wi&oacute;rowa laminowana 16mm<\/p>\n<p>\tObrze\u017ca &ndash; wyko\u0144czone tworzywem ABS (charakteryzuj\u0105cym si\u0119 du\u017c\u0105 wytrzyma\u0142o\u015bci\u0105 mechaniczn\u0105 i chemiczn\u0105)<\/p>\n<p>\tUchwyty &#8211; plastikowe w kolorze srebrnym<\/p>\n<p>\t<strong>WYMIARY:<\/strong><\/p>\n<p>\tG\u0142\u0119boko\u015b\u0107: 30 cm<\/p>\n<p>\tSzeroko\u015b\u0107: 60 cm<\/p>\n<p>\tWysoko\u015b\u0107: 174 cm<\/p>\n<p>\t<strong>U\u017cytkowanie:<\/strong><\/p>\n<p>\tPowierzchni\u0119 mebla czy\u015bci\u0107 przy pomocy mi\u0119kkiej szmatki. Unika\u0107 stosowania silnie dzia\u0142aj\u0105cych \u015brodk&oacute;w chemicznych.<\/p>\n<p>\t<strong>W opakowaniu:<\/strong><\/p>\n<p>\tInstrukcja monta\u017cu wraz ze wszystkimi potrzebnymi akcesoriami monta\u017cowymi.<\/p>\n<p>\tMeble s\u0105 fabrycznie zapakowane do samodzielnego monta\u017cu.<\/p>\n<p>\n\t\t<em><strong data-end=\"82\" data-start=\"67\">Informacja:<\/strong><\/em><\/p>\n<p>\n\t\t<em>Dok\u0142adamy wszelkich stara\u0144, aby kolory mebli prezentowane na zdj\u0119ciach by\u0142y odwzorowane mo\u017cliwie jak najdok\u0142adniej. Nale\u017cy jednak pami\u0119ta\u0107, \u017ce ich odbi&oacute;r mo\u017ce si\u0119 r&oacute;\u017cni\u0107 w zale\u017cno\u015bci od indywidualnych ustawie\u0144 monitora lub ekranu (takich jak jasno\u015b\u0107, kontrast, temperatura barwowa czy technologia wy\u015bwietlania). Rzeczywisty odcie\u0144 produktu mo\u017ce si\u0119 tak\u017ce r&oacute;\u017cni\u0107 w zale\u017cno\u015bci od warunk&oacute;w o\u015bwietleniowych.<br data-end=\"491\" data-is-only-node=\"\" data-start=\"488\" \/><br \/>\n\t\tEwentualne r&oacute;\u017cnice kolorystyczne nie wynikaj\u0105 z wady produktu.<\/em><\/p><\/p>\n","protected":false},"excerpt":{"rendered":"<p><strong>MATERIA\u0141:<\/strong><\/p>\n<p>\tKorpus i fronty &#8211; p\u0142yta wi&oacute;rowa laminowana 16mm<\/p>\n<p>\tObrze\u017ca &ndash; wyko\u0144czone tworzywem ABS (charakteryzuj\u0105cym si\u0119 du\u017c\u0105 wytrzyma\u0142o\u015bci\u0105 mechaniczn\u0105 i chemiczn\u0105)<\/p>\n<p>\tUchwyty &#8211; plastikowe w kolorze srebrnym<\/p>\n<p>\t<strong>WYMIARY:<\/strong><\/p>\n<p>\tG\u0142\u0119boko\u015b\u0107: 30 cm<\/p>\n<p>\tSzeroko\u015b\u0107: 60 cm<\/p>\n<p>\tWysoko\u015b\u0107: 174 cm<\/p>\n<p>\t<strong>U\u017cytkowanie:<\/strong><\/p>\n<p>\tPowierzchni\u0119 mebla czy\u015bci\u0107 przy pomocy mi\u0119kkiej szmatki. Unika\u0107 stosowania silnie dzia\u0142aj\u0105cych \u015brodk&oacute;w chemicznych.<\/p>\n<p>\t<strong>W opakowaniu:<\/strong><\/p>\n<p>\tInstrukcja monta\u017cu wraz ze wszystkimi potrzebnymi akcesoriami monta\u017cowymi.<\/p>\n<p>\tMeble s\u0105 fabrycznie zapakowane do samodzielnego monta\u017cu.<\/p>\n<p>\n\t\t<em><strong data-end=\"82\" data-start=\"67\">Informacja:<\/strong><\/em><\/p>\n<p>\n\t\t<em>Dok\u0142adamy wszelkich stara\u0144, aby kolory mebli prezentowane na zdj\u0119ciach by\u0142y odwzorowane mo\u017cliwie jak najdok\u0142adniej. Nale\u017cy jednak pami\u0119ta\u0107, \u017ce ich odbi&oacute;r mo\u017ce si\u0119 r&oacute;\u017cni\u0107 w zale\u017cno\u015bci od indywidualnych ustawie\u0144 monitora lub ekranu (takich jak jasno\u015b\u0107, kontrast, temperatura barwowa czy technologia wy\u015bwietlania). Rzeczywisty odcie\u0144 produktu mo\u017ce si\u0119 tak\u017ce r&oacute;\u017cni\u0107 w zale\u017cno\u015bci od warunk&oacute;w o\u015bwietleniowych.<br data-end=\"491\" data-is-only-node=\"\" data-start=\"488\" \/><br \/>\n\t\tEwentualne r&oacute;\u017cnice kolorystyczne nie wynikaj\u0105 z wady produktu.<\/em><\/p><\/p>\n","protected":false},"featured_media":3557,"template":"","meta":[],"product_brand":[64],"product_cat":[48],"product_tag":[],"class_list":{"0":"post-3556","1":"product","2":"type-product","3":"status-publish","4":"has-post-thumbnail","6":"product_brand-topeshop","7":"product_cat-szafki-lazienkowe","9":"first","10":"instock","11":"taxable","12":"shipping-taxable","13":"purchasable","14":"product-type-simple"},"_links":{"self":[{"href":"https:\/\/scandiso.pl\/index.php\/wp-json\/wp\/v2\/product\/3556","targetHints":{"allow":["GET"]}}],"collection":[{"href":"https:\/\/scandiso.pl\/index.php\/wp-json\/wp\/v2\/product"}],"about":[{"href":"https:\/\/scandiso.pl\/index.php\/wp-json\/wp\/v2\/types\/product"}],"wp:featuredmedia":[{"embeddable":true,"href":"https:\/\/scandiso.pl\/index.php\/wp-json\/wp\/v2\/media\/3557"}],"wp:attachment":[{"href":"https:\/\/scandiso.pl\/index.php\/wp-json\/wp\/v2\/media?parent=3556"}],"wp:term":[{"taxonomy":"product_brand","embeddable":true,"href":"https:\/\/scandiso.pl\/index.php\/wp-json\/wp\/v2\/product_brand?post=3556"},{"taxonomy":"product_cat","embeddable":true,"href":"https:\/\/scandiso.pl\/index.php\/wp-json\/wp\/v2\/product_cat?post=3556"},{"taxonomy":"product_tag","embeddable":true,"href":"https:\/\/scandiso.pl\/index.php\/wp-json\/wp\/v2\/product_tag?post=3556"}],"curies":[{"name":"wp","href":"https:\/\/api.w.org\/{rel}","templated":true}]}}