{"id":4039,"date":"2025-10-07T10:05:55","date_gmt":"2025-10-07T08:05:55","guid":{"rendered":"http:\/\/serwer372429.lh.pl\/autoinstalator\/serwer372429.lh.pl\/wordpress128121\/index.php\/product\/szafa-duo-bialy\/"},"modified":"2026-04-21T09:52:48","modified_gmt":"2026-04-21T07:52:48","slug":"szafa-duo-bialy","status":"publish","type":"product","link":"https:\/\/scandiso.pl\/index.php\/product\/szafa-duo-bialy\/","title":{"rendered":"Szafa DUO BIA\u0141Y"},"content":{"rendered":"<p><strong>SZAFA DO PRZEDPOKOJU<\/strong><\/p>\n<p>\t<strong>MODEL: &quot;DUO&quot;<\/strong><\/p>\n<p>\t<strong>SZAFA Z LUSTREM<\/strong><\/p>\n<p>\t<strong>KOLOR: BIEL MAT<\/strong><\/p>\n<p>\tElegancka i funkcjonalna szafa do przedpokoju <b>DUO<\/b> to doskona\u0142e rozwi\u0105zanie dla os&oacute;b ceni\u0105cych po\u0142\u0105czenie nowoczesnego designu z praktyczno\u015bci\u0105. Jej smuk\u0142a forma sprawia, \u017ce idealnie sprawdzi si\u0119 nawet w niewielkich przestrzeniach, zapewniaj\u0105c wygodne miejsce do przechowywania<\/p>\n<ul>\n<li>\n\t\t<b>Przemy\u015blane wn\u0119trze<\/b> &ndash; szafa wyposa\u017cona w <b>dwie praktyczne p&oacute;\u0142ki<\/b> oraz <b>dr\u0105\u017cek na wieszaki<\/b>, umo\u017cliwiaj\u0105ce przechowywanie zar&oacute;wno ubra\u0144 wisz\u0105cych, jak i posk\u0142adanych.<\/li>\n<li>\n\t\t<b>Uniwersalny monta\u017c drzwi<\/b> &ndash; mo\u017cliwo\u015b\u0107 zamontowania drzwi na <b>lew\u0105 lub praw\u0105 stron\u0119<\/b>, dopasowuj\u0105c mebel do uk\u0142adu wn\u0119trza.<\/li>\n<li>\n\t\t<b>Stabilno\u015b\u0107 i bezpiecze\u0144stwo<\/b> &ndash; dla zwi\u0119kszenia bezpiecze\u0144stwa szafa <b>powinna zosta\u0107 przymocowana do \u015bciany<\/b>.<\/li>\n<li>\n\t\t<b>W zestawie akcesoria do przymocowania szafy do \u015bciany<\/b>, co chroni przed przypadkowym przewr&oacute;ceniem si\u0119 mebla.<\/li>\n<li>\n\t\tIstnieje opcja zakupu pe\u0142nej <b>garderoby DUO<\/b>, obejmuj\u0105cej szaf\u0119 DUO oraz <b>dodatkow\u0105 dostawk\u0119 z szafk\u0105 i wieszakami<\/b>.<\/li>\n<li>\n\t\tIdealne rozwi\u0105zanie dla tych, kt&oacute;rzy potrzebuj\u0105 jeszcze wi\u0119cej miejsca do <b>przechowywania i organizacji<\/b>.<\/li>\n<\/ul>\n<p><strong>WYMIARY:<\/strong><\/p>\n<p>\tG\u0142\u0119boko\u015b\u0107: 35 cm<\/p>\n<p>\tSzeroko\u015b\u0107: 50 cm<\/p>\n<p>\tWysoko\u015b\u0107: 180 cm<\/p>\n<p>\t<strong>MATERIA\u0141:<\/strong><\/p>\n<ul>\n<li>\n\t\tKorpus i fronty &#8211; p\u0142yta wi&oacute;rowa laminowana o grubo\u015bci 16 mm.<\/li>\n<li>\n\t\tUchwyt &#8211; plastikowy w kolorze srebrnym<\/li>\n<\/ul>\n<p>\t<strong>U\u017cytkowanie:<\/strong><\/p>\n<p>\tPowierzchni\u0119 mebla czy\u015bci\u0107 przy pomocy mi\u0119kkiej szmatki. Unika\u0107 stosowania silnie dzia\u0142aj\u0105cych \u015brodk&oacute;w chemicznych.<\/p>\n<p>\t<strong>W opakowaniu:<\/strong><\/p>\n<p>\tInstrukcja monta\u017cu wraz ze wszystkimi potrzebnymi akcesoriami monta\u017cowymi.<\/p>\n<p>\tMeble s\u0105 fabrycznie zapakowane do samodzielnego monta\u017cu.<\/p>\n<p>\n\t\t<em><strong data-end=\"82\" data-start=\"67\">Informacja:<\/strong><\/em><\/p>\n<p>\n\t\t<em>Dok\u0142adamy wszelkich stara\u0144, aby kolory mebli prezentowane na zdj\u0119ciach by\u0142y odwzorowane mo\u017cliwie jak najdok\u0142adniej. Nale\u017cy jednak pami\u0119ta\u0107, \u017ce ich odbi&oacute;r mo\u017ce si\u0119 r&oacute;\u017cni\u0107 w zale\u017cno\u015bci od indywidualnych ustawie\u0144 monitora lub ekranu (takich jak jasno\u015b\u0107, kontrast, temperatura barwowa czy technologia wy\u015bwietlania). Rzeczywisty odcie\u0144 produktu mo\u017ce si\u0119 tak\u017ce r&oacute;\u017cni\u0107 w zale\u017cno\u015bci od warunk&oacute;w o\u015bwietleniowych.<br data-end=\"491\" data-is-only-node=\"\" data-start=\"488\" \/><br \/>\n\t\tEwentualne r&oacute;\u017cnice kolorystyczne nie wynikaj\u0105 z wady produktu.<\/em><\/p><\/p>\n","protected":false},"excerpt":{"rendered":"<p><strong>WYMIARY:<\/strong><\/p>\n<p>\tG\u0142\u0119boko\u015b\u0107: 35 cm<\/p>\n<p>\tSzeroko\u015b\u0107: 50 cm<\/p>\n<p>\tWysoko\u015b\u0107: 180 cm<\/p>\n<p>\t<strong>MATERIA\u0141:<\/strong><\/p>\n<ul>\n<li>\n\t\tKorpus i fronty &#8211; p\u0142yta wi&oacute;rowa laminowana o grubo\u015bci 16 mm.<\/li>\n<li>\n\t\tUchwyt &#8211; plastikowy w kolorze srebrnym<\/li>\n<\/ul>\n<p>\t<strong>U\u017cytkowanie:<\/strong><\/p>\n<p>\tPowierzchni\u0119 mebla czy\u015bci\u0107 przy pomocy mi\u0119kkiej szmatki. Unika\u0107 stosowania silnie dzia\u0142aj\u0105cych \u015brodk&oacute;w chemicznych.<\/p>\n<p>\t<strong>W opakowaniu:<\/strong><\/p>\n<p>\tInstrukcja monta\u017cu wraz ze wszystkimi potrzebnymi akcesoriami monta\u017cowymi.<\/p>\n<p>\tMeble s\u0105 fabrycznie zapakowane do samodzielnego monta\u017cu.<\/p>\n<p>\n\t\t<em><strong data-end=\"82\" data-start=\"67\">Informacja:<\/strong><\/em><\/p>\n<p>\n\t\t<em>Dok\u0142adamy wszelkich stara\u0144, aby kolory mebli prezentowane na zdj\u0119ciach by\u0142y odwzorowane mo\u017cliwie jak najdok\u0142adniej. Nale\u017cy jednak pami\u0119ta\u0107, \u017ce ich odbi&oacute;r mo\u017ce si\u0119 r&oacute;\u017cni\u0107 w zale\u017cno\u015bci od indywidualnych ustawie\u0144 monitora lub ekranu (takich jak jasno\u015b\u0107, kontrast, temperatura barwowa czy technologia wy\u015bwietlania). Rzeczywisty odcie\u0144 produktu mo\u017ce si\u0119 tak\u017ce r&oacute;\u017cni\u0107 w zale\u017cno\u015bci od warunk&oacute;w o\u015bwietleniowych.<br data-end=\"491\" data-is-only-node=\"\" data-start=\"488\" \/><br \/>\n\t\tEwentualne r&oacute;\u017cnice kolorystyczne nie wynikaj\u0105 z wady produktu.<\/em><\/p><\/p>\n","protected":false},"featured_media":4040,"template":"","meta":[],"product_brand":[64],"product_cat":[38],"product_tag":[],"class_list":{"0":"post-4039","1":"product","2":"type-product","3":"status-publish","4":"has-post-thumbnail","6":"product_brand-topeshop","7":"product_cat-garderoby","9":"first","10":"instock","11":"taxable","12":"shipping-taxable","13":"purchasable","14":"product-type-simple"},"_links":{"self":[{"href":"https:\/\/scandiso.pl\/index.php\/wp-json\/wp\/v2\/product\/4039","targetHints":{"allow":["GET"]}}],"collection":[{"href":"https:\/\/scandiso.pl\/index.php\/wp-json\/wp\/v2\/product"}],"about":[{"href":"https:\/\/scandiso.pl\/index.php\/wp-json\/wp\/v2\/types\/product"}],"wp:featuredmedia":[{"embeddable":true,"href":"https:\/\/scandiso.pl\/index.php\/wp-json\/wp\/v2\/media\/4040"}],"wp:attachment":[{"href":"https:\/\/scandiso.pl\/index.php\/wp-json\/wp\/v2\/media?parent=4039"}],"wp:term":[{"taxonomy":"product_brand","embeddable":true,"href":"https:\/\/scandiso.pl\/index.php\/wp-json\/wp\/v2\/product_brand?post=4039"},{"taxonomy":"product_cat","embeddable":true,"href":"https:\/\/scandiso.pl\/index.php\/wp-json\/wp\/v2\/product_cat?post=4039"},{"taxonomy":"product_tag","embeddable":true,"href":"https:\/\/scandiso.pl\/index.php\/wp-json\/wp\/v2\/product_tag?post=4039"}],"curies":[{"name":"wp","href":"https:\/\/api.w.org\/{rel}","templated":true}]}}