{"id":4086,"date":"2025-09-27T15:06:26","date_gmt":"2025-09-27T13:06:26","guid":{"rendered":"http:\/\/serwer372429.lh.pl\/autoinstalator\/serwer372429.lh.pl\/wordpress128121\/index.php\/product\/szafa-duo-kaszmir\/"},"modified":"2026-04-18T02:43:59","modified_gmt":"2026-04-18T00:43:59","slug":"szafa-duo-kaszmir","status":"publish","type":"product","link":"https:\/\/scandiso.pl\/index.php\/product\/szafa-duo-kaszmir\/","title":{"rendered":"Szafa DUO KASZMIR"},"content":{"rendered":"<p><strong>SZAFA DO PRZEDPOKOJU<\/strong><\/p>\n<p>\t<strong>MODEL: &quot;DUO&quot;<\/strong><\/p>\n<p>\t<strong>SZAFA Z LUSTREM<\/strong><\/p>\n<p>\t<strong>KOLOR: KASZMIR<br \/>\n\t(ELEGANCKI I STYLOWY ODCIE\u0143 BE\u017bU)<\/strong><\/p>\n<p>\t\tIdealna propozycja dla os&oacute;b, kt&oacute;re ceni\u0105 pi\u0119kne i funkcjonalne meble w swoim mieszkaniu.<\/p>\n<p>\t\tSzafa &quot;DUO&quot; charakteryzuje si\u0119 nowoczesnym designem, kt&oacute;ry \u0142\u0105czy prostot\u0119 i elegancj\u0119, spe\u0142niaj\u0105c oczekiwania nawet najbardziej wymagaj\u0105cych u\u017cytkownik&oacute;w.<\/p>\n<p>\t<strong>FUNKCJE I ZALETY:<\/strong><\/p>\n<ul>\n<li>\n\t\t<strong>Wielofunkcyjno\u015b\u0107<\/strong>: Szafa idealnie sprawdzi si\u0119 zar&oacute;wno w przedpokoju, sypialni, jak i pokoju dziecka.<\/li>\n<li>\n\t\t<strong>Praktyczne Wn\u0119trze: <\/strong>Wyposa\u017cona w dwie pojemne p&oacute;\u0142ki oraz uchwyt na wieszaki, co pozwala na wygodne przechowywanie ubra\u0144 i akcesori&oacute;w.<\/li>\n<li>\n\t\t<strong>Drzwi z Lustrem:<\/strong> Drzwi szafy pokryte lustrem, co optycznie powi\u0119ksza przestrze\u0144 i dodaje wn\u0119trzu elegancji.<\/li>\n<li>\n\t\t<strong>Monta\u017c Uniwersalny: <\/strong>Mo\u017cliwo\u015b\u0107 monta\u017cu drzwi na lew\u0105 lub praw\u0105 stron\u0119 wed\u0142ug w\u0142asnych potrzeb.<\/li>\n<li>\n\t\t<strong>Jako\u015b\u0107:<\/strong> Produkt od polskiego producenta, gwarantuj\u0105cy wysok\u0105 jako\u015b\u0107 wykonania.<\/li>\n<li>\n\t\t<strong>Opcja Rozbudowy:<\/strong> Mo\u017cliwo\u015b\u0107 zakupu garderoby DUO &#8211; szafa DUO + dodatkowa dostawka z szafk\u0105 oraz wieszakami.<\/li>\n<\/ul>\n<p><strong>WYMIARY:<\/strong><\/p>\n<p>\tG\u0142\u0119boko\u015b\u0107: 35 cm<\/p>\n<p>\tSzeroko\u015b\u0107: 50 cm<\/p>\n<p>\tWysoko\u015b\u0107: 180 cm<\/p>\n<p>\t<strong>MATERIA\u0141:<\/strong><\/p>\n<p>\tKorpus i fronty &#8211; p\u0142yta wi&oacute;rowa laminowana o grubo\u015bci 16 mm.<\/p>\n<p>\tObrze\u017ca &ndash; wyko\u0144czone tworzywem ABS (charakteryzuj\u0105cym si\u0119 du\u017c\u0105 wytrzyma\u0142o\u015bci\u0105 mechaniczn\u0105 i chemiczn\u0105)<\/p>\n<p>\t<strong>U\u017cytkowanie:<\/strong><\/p>\n<p>\tPowierzchni\u0119 mebla czy\u015bci\u0107 przy pomocy mi\u0119kkiej szmatki. Unika\u0107 stosowania silnie dzia\u0142aj\u0105cych \u015brodk&oacute;w chemicznych.<\/p>\n<p>\t<strong>W opakowaniu:<\/strong><\/p>\n<p>\tInstrukcja monta\u017cu wraz ze wszystkimi potrzebnymi akcesoriami monta\u017cowymi.<\/p>\n<p>\tMeble s\u0105 fabrycznie zapakowane do samodzielnego monta\u017cu.<\/p>\n<p>\t<strong>Pozosta\u0142e szczeg&oacute;\u0142owe wymiary znajduj\u0105 si\u0119 poni\u017cej w zak\u0142adce &quot;Pliki&quot; w postaci arkusza kalkulacyjnego.<\/strong><\/p>\n","protected":false},"excerpt":{"rendered":"<p><strong>WYMIARY:<\/strong><\/p>\n<p>\tG\u0142\u0119boko\u015b\u0107: 35 cm<\/p>\n<p>\tSzeroko\u015b\u0107: 50 cm<\/p>\n<p>\tWysoko\u015b\u0107: 180 cm<\/p>\n<p>\t<strong>MATERIA\u0141:<\/strong><\/p>\n<p>\tKorpus i fronty &#8211; p\u0142yta wi&oacute;rowa laminowana o grubo\u015bci 16 mm.<\/p>\n<p>\tObrze\u017ca &ndash; wyko\u0144czone tworzywem ABS (charakteryzuj\u0105cym si\u0119 du\u017c\u0105 wytrzyma\u0142o\u015bci\u0105 mechaniczn\u0105 i chemiczn\u0105)<\/p>\n<p>\t<strong>U\u017cytkowanie:<\/strong><\/p>\n<p>\tPowierzchni\u0119 mebla czy\u015bci\u0107 przy pomocy mi\u0119kkiej szmatki. Unika\u0107 stosowania silnie dzia\u0142aj\u0105cych \u015brodk&oacute;w chemicznych.<\/p>\n<p>\t<strong>W opakowaniu:<\/strong><\/p>\n<p>\tInstrukcja monta\u017cu wraz ze wszystkimi potrzebnymi akcesoriami monta\u017cowymi.<\/p>\n<p>\tMeble s\u0105 fabrycznie zapakowane do samodzielnego monta\u017cu.<\/p>\n<p>\t<strong>Pozosta\u0142e szczeg&oacute;\u0142owe wymiary znajduj\u0105 si\u0119 poni\u017cej w zak\u0142adce &quot;Pliki&quot; w postaci arkusza kalkulacyjnego.<\/strong><\/p>\n","protected":false},"featured_media":4087,"template":"","meta":[],"product_brand":[64],"product_cat":[38],"product_tag":[],"class_list":{"0":"post-4086","1":"product","2":"type-product","3":"status-publish","4":"has-post-thumbnail","6":"product_brand-topeshop","7":"product_cat-garderoby","9":"first","10":"instock","11":"taxable","12":"shipping-taxable","13":"purchasable","14":"product-type-simple"},"_links":{"self":[{"href":"https:\/\/scandiso.pl\/index.php\/wp-json\/wp\/v2\/product\/4086","targetHints":{"allow":["GET"]}}],"collection":[{"href":"https:\/\/scandiso.pl\/index.php\/wp-json\/wp\/v2\/product"}],"about":[{"href":"https:\/\/scandiso.pl\/index.php\/wp-json\/wp\/v2\/types\/product"}],"wp:featuredmedia":[{"embeddable":true,"href":"https:\/\/scandiso.pl\/index.php\/wp-json\/wp\/v2\/media\/4087"}],"wp:attachment":[{"href":"https:\/\/scandiso.pl\/index.php\/wp-json\/wp\/v2\/media?parent=4086"}],"wp:term":[{"taxonomy":"product_brand","embeddable":true,"href":"https:\/\/scandiso.pl\/index.php\/wp-json\/wp\/v2\/product_brand?post=4086"},{"taxonomy":"product_cat","embeddable":true,"href":"https:\/\/scandiso.pl\/index.php\/wp-json\/wp\/v2\/product_cat?post=4086"},{"taxonomy":"product_tag","embeddable":true,"href":"https:\/\/scandiso.pl\/index.php\/wp-json\/wp\/v2\/product_tag?post=4086"}],"curies":[{"name":"wp","href":"https:\/\/api.w.org\/{rel}","templated":true}]}}