{"id":5196,"date":"2025-09-26T08:40:37","date_gmt":"2025-09-26T06:40:37","guid":{"rendered":"http:\/\/serwer372429.lh.pl\/autoinstalator\/serwer372429.lh.pl\/wordpress128121\/index.php\/product\/wieszak-duo-kaszmir\/"},"modified":"2026-04-17T16:56:15","modified_gmt":"2026-04-17T14:56:15","slug":"wieszak-duo-kaszmir","status":"publish","type":"product","link":"https:\/\/scandiso.pl\/index.php\/product\/wieszak-duo-kaszmir\/","title":{"rendered":"Wieszak DUO KASZMIR"},"content":{"rendered":"<p><strong>SZAFKA NA BUTY + WIESZAK<\/strong><\/p>\n<p>\t<strong>MODEL: &quot;DUO&quot;<\/strong><\/p>\n<p>\t<strong>KOLOR: KASZMIR<br \/>\n\t(Elegancki i stylowy odcie\u0144 be\u017cu)<\/strong><\/p>\n<p>\tIdealna propozycja dla os&oacute;b, kt&oacute;re doceniaj\u0105 posiadanie pi\u0119knych mebli w swoim mieszkaniu<\/p>\n<p>\tMebel w stylu nowoczesnym, sprosta oczekiwaniom wszystkich, kt&oacute;rzy ceni\u0105 po\u0142\u0105czenie prostoty i elegancji.<\/p>\n<ul>\n<li>\n\t\tIdealna propozycja dla os&oacute;b, kt&oacute;re doceniaj\u0105 pi\u0119kne i funkcjonalne meble w swoim mieszkaniu<\/li>\n<li>\n\t\tNowoczesny design, kt&oacute;ry \u0142\u0105czy prostot\u0119 z elegancj\u0105<\/li>\n<li>\n\t\tPraktyczna szuflada oraz mniejsza szafka na buty<\/li>\n<li>\n\t\tWisz\u0105cy wieszak z 5 haczykami oraz p&oacute;\u0142k\u0105 na dodatkowe akcesoria<\/li>\n<li>\n\t\tMo\u017cliwo\u015b\u0107 dokupienia szafy z lustrem dost\u0119pnej na oddzielnej aukcji<\/li>\n<li>\n\t\tPolski producent gwarantuj\u0105cy wysok\u0105 jako\u015b\u0107 wykonania<\/li>\n<\/ul>\n<p><strong>WYMIARY SZAFKI:<\/strong><\/p>\n<p>\tG\u0142\u0119boko\u015b\u0107: 35 cm<\/p>\n<p>\tSzeroko\u015b\u0107: 50 cm<\/p>\n<p>\tWysoko\u015b\u0107: 57 cm<\/p>\n<p>\t<strong>WYMIARY WIESZAKA Z P&Oacute;\u0141K\u0104:<\/strong><\/p>\n<p>\tG\u0142\u0119boko\u015b\u0107: 27 cm<\/p>\n<p>\tSzeroko\u015b\u0107: 50 cm<\/p>\n<p>\tWysoko\u015b\u0107: 124 cm<\/p>\n<p>\t<strong>MATERIA\u0141:<\/strong><\/p>\n<p>\tKorpus i front &#8211; p\u0142yta wi&oacute;rowa laminowana o grubo\u015bci 16 mm.<\/p>\n<p>\tUchwyty i wieszaki &#8211; plasitkowe w kolorze z\u0142otym<\/p>\n<p>\t<strong>U\u017cytkowanie:<\/strong><\/p>\n<p>\tPowierzchni\u0119 mebla czy\u015bci\u0107 przy pomocy mi\u0119kkiej szmatki. Unika\u0107 stosowania silnie dzia\u0142aj\u0105cych \u015brodk&oacute;w chemicznych.<\/p>\n<p>\t<strong>W opakowaniu:<\/strong><\/p>\n<p>\tInstrukcja monta\u017cu wraz ze wszystkimi potrzebnymi akcesoriami monta\u017cowymi.<\/p>\n<p>\tMeble s\u0105 fabrycznie zapakowane do samodzielnego monta\u017cu.<\/p>\n<p>\n\t\t<em><strong data-end=\"82\" data-start=\"67\">Informacja:<\/strong><\/em><\/p>\n<p>\n\t\t<em>Dok\u0142adamy wszelkich stara\u0144, aby kolory mebli prezentowane na zdj\u0119ciach by\u0142y odwzorowane mo\u017cliwie jak najdok\u0142adniej. Nale\u017cy jednak pami\u0119ta\u0107, \u017ce ich odbi&oacute;r mo\u017ce si\u0119 r&oacute;\u017cni\u0107 w zale\u017cno\u015bci od indywidualnych ustawie\u0144 monitora lub ekranu (takich jak jasno\u015b\u0107, kontrast, temperatura barwowa czy technologia wy\u015bwietlania). Rzeczywisty odcie\u0144 produktu mo\u017ce si\u0119 tak\u017ce r&oacute;\u017cni\u0107 w zale\u017cno\u015bci od warunk&oacute;w o\u015bwietleniowych.<br data-end=\"491\" data-is-only-node=\"\" data-start=\"488\" \/><br \/>\n\t\tEwentualne r&oacute;\u017cnice kolorystyczne nie wynikaj\u0105 z wady produktu.<\/em><\/p><\/p>\n","protected":false},"excerpt":{"rendered":"<p><strong>WYMIARY SZAFKI:<\/strong><\/p>\n<p>\tG\u0142\u0119boko\u015b\u0107: 35 cm<\/p>\n<p>\tSzeroko\u015b\u0107: 50 cm<\/p>\n<p>\tWysoko\u015b\u0107: 57 cm<\/p>\n<p>\t<strong>WYMIARY WIESZAKA Z P&Oacute;\u0141K\u0104:<\/strong><\/p>\n<p>\tG\u0142\u0119boko\u015b\u0107: 27 cm<\/p>\n<p>\tSzeroko\u015b\u0107: 50 cm<\/p>\n<p>\tWysoko\u015b\u0107: 124 cm<\/p>\n<p>\t<strong>MATERIA\u0141:<\/strong><\/p>\n<p>\tKorpus i front &#8211; p\u0142yta wi&oacute;rowa laminowana o grubo\u015bci 16 mm.<\/p>\n<p>\tUchwyty i wieszaki &#8211; plasitkowe w kolorze z\u0142otym<\/p>\n<p>\t<strong>U\u017cytkowanie:<\/strong><\/p>\n<p>\tPowierzchni\u0119 mebla czy\u015bci\u0107 przy pomocy mi\u0119kkiej szmatki. Unika\u0107 stosowania silnie dzia\u0142aj\u0105cych \u015brodk&oacute;w chemicznych.<\/p>\n<p>\t<strong>W opakowaniu:<\/strong><\/p>\n<p>\tInstrukcja monta\u017cu wraz ze wszystkimi potrzebnymi akcesoriami monta\u017cowymi.<\/p>\n<p>\tMeble s\u0105 fabrycznie zapakowane do samodzielnego monta\u017cu.<\/p>\n<p>\n\t\t<em><strong data-end=\"82\" data-start=\"67\">Informacja:<\/strong><\/em><\/p>\n<p>\n\t\t<em>Dok\u0142adamy wszelkich stara\u0144, aby kolory mebli prezentowane na zdj\u0119ciach by\u0142y odwzorowane mo\u017cliwie jak najdok\u0142adniej. Nale\u017cy jednak pami\u0119ta\u0107, \u017ce ich odbi&oacute;r mo\u017ce si\u0119 r&oacute;\u017cni\u0107 w zale\u017cno\u015bci od indywidualnych ustawie\u0144 monitora lub ekranu (takich jak jasno\u015b\u0107, kontrast, temperatura barwowa czy technologia wy\u015bwietlania). Rzeczywisty odcie\u0144 produktu mo\u017ce si\u0119 tak\u017ce r&oacute;\u017cni\u0107 w zale\u017cno\u015bci od warunk&oacute;w o\u015bwietleniowych.<br data-end=\"491\" data-is-only-node=\"\" data-start=\"488\" \/><br \/>\n\t\tEwentualne r&oacute;\u017cnice kolorystyczne nie wynikaj\u0105 z wady produktu.<\/em><\/p><\/p>\n","protected":false},"featured_media":5197,"template":"","meta":[],"product_brand":[64],"product_cat":[38],"product_tag":[],"class_list":{"0":"post-5196","1":"product","2":"type-product","3":"status-publish","4":"has-post-thumbnail","6":"product_brand-topeshop","7":"product_cat-garderoby","9":"first","10":"instock","11":"taxable","12":"shipping-taxable","13":"purchasable","14":"product-type-simple"},"_links":{"self":[{"href":"https:\/\/scandiso.pl\/index.php\/wp-json\/wp\/v2\/product\/5196","targetHints":{"allow":["GET"]}}],"collection":[{"href":"https:\/\/scandiso.pl\/index.php\/wp-json\/wp\/v2\/product"}],"about":[{"href":"https:\/\/scandiso.pl\/index.php\/wp-json\/wp\/v2\/types\/product"}],"wp:featuredmedia":[{"embeddable":true,"href":"https:\/\/scandiso.pl\/index.php\/wp-json\/wp\/v2\/media\/5197"}],"wp:attachment":[{"href":"https:\/\/scandiso.pl\/index.php\/wp-json\/wp\/v2\/media?parent=5196"}],"wp:term":[{"taxonomy":"product_brand","embeddable":true,"href":"https:\/\/scandiso.pl\/index.php\/wp-json\/wp\/v2\/product_brand?post=5196"},{"taxonomy":"product_cat","embeddable":true,"href":"https:\/\/scandiso.pl\/index.php\/wp-json\/wp\/v2\/product_cat?post=5196"},{"taxonomy":"product_tag","embeddable":true,"href":"https:\/\/scandiso.pl\/index.php\/wp-json\/wp\/v2\/product_tag?post=5196"}],"curies":[{"name":"wp","href":"https:\/\/api.w.org\/{rel}","templated":true}]}}