{"id":5381,"date":"2025-10-07T10:06:59","date_gmt":"2025-10-07T08:06:59","guid":{"rendered":"http:\/\/serwer372429.lh.pl\/autoinstalator\/serwer372429.lh.pl\/wordpress128121\/index.php\/product\/zestaw-biuro-onyx-r50-bialy\/"},"modified":"2026-04-15T02:46:24","modified_gmt":"2026-04-15T00:46:24","slug":"zestaw-biuro-onyx-r50-bialy","status":"publish","type":"product","link":"https:\/\/scandiso.pl\/index.php\/product\/zestaw-biuro-onyx-r50-bialy\/","title":{"rendered":"Zestaw biuro Onyx R50 BIA\u0141Y"},"content":{"rendered":"<p><strong>KOMPLET BIURKO Z REGA\u0141EM R50<\/strong><\/p>\n<p>\t<strong>Kolor: BIEL MAT<\/strong><\/p>\n<p>\tZestaw ten \u015bwietnie sprawdzi si\u0119 w domowych pokojach jak i w biurze. Biurko mo\u017cna zamontowa\u0107 na praw\u0105 lub na lew\u0105 stron\u0119. Wybieraj\u0105c po\u0142\u0105czenie rega\u0142u z biurkiem zyskujesz 4 p&oacute;\u0142ki na dokumenty, ksi\u0105\u017cki czy inne drobne rzeczy oraz komfortowe miejsce do pracy.<\/p>\n<ul>\n<li>\n\t\tidealne miejsce na laptopa<\/li>\n<li>\n\t\tdu\u017ce i funkcjonalne p&oacute;\u0142ki<\/li>\n<li>\n\t\tmo\u017cliwo\u015b\u0107 monta\u017cu biurka na lew\u0105 b\u0105d\u017a praw\u0105 stron\u0119<\/li>\n<li>\n\t\tprosta i nowoczesna konstrukcja tworzy komfortow\u0105 przestrze\u0144 do pracy<\/li>\n<li>\n\t\tg\u0142adkie boki bez za\u015blepek<\/li>\n<li>\n\t\t\u0142atwy monta\u017c<\/li>\n<li>\n\t\tinstrukcja monta\u017cu w opakowaniu<\/li>\n<li>\n\t\tpolski producent<\/li>\n<\/ul>\n<p><strong>MATERIA\u0141:<\/strong><\/p>\n<p>\tKorpus, front &#8211; p\u0142yta wi&oacute;rowa laminowana 16 mm.<\/p>\n<p>\tObrze\u017ca &ndash; wyko\u0144czone tworzywem ABS (charakteryzuj\u0105cym si\u0119 du\u017c\u0105 wytrzyma\u0142o\u015bci\u0105 mechaniczn\u0105 i chemiczn\u0105)<\/p>\n<p>\t<strong>WYMIARY:<\/strong><\/p>\n<p>\tG\u0142\u0119boko\u015b\u0107: 125 cm<\/p>\n<p>\tSzeroko\u015b\u0107: 50 cm<\/p>\n<p>\tWysoko\u015b\u0107: 182 cm<\/p>\n<p>\t<strong>WYMIARY BLATU:<\/strong><\/p>\n<p>\tSzeroko\u015b\u0107: 125 cm<\/p>\n<p>\tD\u0142ugo\u015b\u0107: 46,5 cm<\/p>\n<p>\tWysoko\u015b\u0107 do blatu: 79 cm<\/p>\n<p>\t<strong>U\u017cytkowanie:<\/strong><\/p>\n<p>\tPowierzchni\u0119 mebla czy\u015bci\u0107 przy pomocy mi\u0119kkiej szmatki. Unika\u0107 stosowania silnie dzia\u0142aj\u0105cych \u015brodk&oacute;w chemicznych.<\/p>\n<p>\t<strong>W opakowaniu:<\/strong><\/p>\n<p>\tInstrukcja monta\u017cu wraz ze wszystkimi potrzebnymi akcesoriami monta\u017cowymi.<\/p>\n<p>\tMeble s\u0105 fabrycznie zapakowane do samodzielnego monta\u017cu.<\/p>\n<p>\n\t\t<em><strong data-end=\"82\" data-start=\"67\">Informacja:<\/strong><\/em><\/p>\n<p>\n\t\t<em>Dok\u0142adamy wszelkich stara\u0144, aby kolory mebli prezentowane na zdj\u0119ciach by\u0142y odwzorowane mo\u017cliwie jak najdok\u0142adniej. Nale\u017cy jednak pami\u0119ta\u0107, \u017ce ich odbi&oacute;r mo\u017ce si\u0119 r&oacute;\u017cni\u0107 w zale\u017cno\u015bci od indywidualnych ustawie\u0144 monitora lub ekranu (takich jak jasno\u015b\u0107, kontrast, temperatura barwowa czy technologia wy\u015bwietlania). Rzeczywisty odcie\u0144 produktu mo\u017ce si\u0119 tak\u017ce r&oacute;\u017cni\u0107 w zale\u017cno\u015bci od warunk&oacute;w o\u015bwietleniowych.<br data-end=\"491\" data-is-only-node=\"\" data-start=\"488\" \/><br \/>\n\t\tEwentualne r&oacute;\u017cnice kolorystyczne nie wynikaj\u0105 z wady produktu.<\/em><\/p><\/p>\n","protected":false},"excerpt":{"rendered":"<p><strong>MATERIA\u0141:<\/strong><\/p>\n<p>\tKorpus, front &#8211; p\u0142yta wi&oacute;rowa laminowana 16 mm.<\/p>\n<p>\tObrze\u017ca &ndash; wyko\u0144czone tworzywem ABS (charakteryzuj\u0105cym si\u0119 du\u017c\u0105 wytrzyma\u0142o\u015bci\u0105 mechaniczn\u0105 i chemiczn\u0105)<\/p>\n<p>\t<strong>WYMIARY:<\/strong><\/p>\n<p>\tG\u0142\u0119boko\u015b\u0107: 125 cm<\/p>\n<p>\tSzeroko\u015b\u0107: 50 cm<\/p>\n<p>\tWysoko\u015b\u0107: 182 cm<\/p>\n<p>\t<strong>WYMIARY BLATU:<\/strong><\/p>\n<p>\tSzeroko\u015b\u0107: 125 cm<\/p>\n<p>\tD\u0142ugo\u015b\u0107: 46,5 cm<\/p>\n<p>\tWysoko\u015b\u0107 do blatu: 79 cm<\/p>\n<p>\t<strong>U\u017cytkowanie:<\/strong><\/p>\n<p>\tPowierzchni\u0119 mebla czy\u015bci\u0107 przy pomocy mi\u0119kkiej szmatki. Unika\u0107 stosowania silnie dzia\u0142aj\u0105cych \u015brodk&oacute;w chemicznych.<\/p>\n<p>\t<strong>W opakowaniu:<\/strong><\/p>\n<p>\tInstrukcja monta\u017cu wraz ze wszystkimi potrzebnymi akcesoriami monta\u017cowymi.<\/p>\n<p>\tMeble s\u0105 fabrycznie zapakowane do samodzielnego monta\u017cu.<\/p>\n<p>\n\t\t<em><strong data-end=\"82\" data-start=\"67\">Informacja:<\/strong><\/em><\/p>\n<p>\n\t\t<em>Dok\u0142adamy wszelkich stara\u0144, aby kolory mebli prezentowane na zdj\u0119ciach by\u0142y odwzorowane mo\u017cliwie jak najdok\u0142adniej. Nale\u017cy jednak pami\u0119ta\u0107, \u017ce ich odbi&oacute;r mo\u017ce si\u0119 r&oacute;\u017cni\u0107 w zale\u017cno\u015bci od indywidualnych ustawie\u0144 monitora lub ekranu (takich jak jasno\u015b\u0107, kontrast, temperatura barwowa czy technologia wy\u015bwietlania). Rzeczywisty odcie\u0144 produktu mo\u017ce si\u0119 tak\u017ce r&oacute;\u017cni\u0107 w zale\u017cno\u015bci od warunk&oacute;w o\u015bwietleniowych.<br data-end=\"491\" data-is-only-node=\"\" data-start=\"488\" \/><br \/>\n\t\tEwentualne r&oacute;\u017cnice kolorystyczne nie wynikaj\u0105 z wady produktu.<\/em><\/p><\/p>\n","protected":false},"featured_media":5382,"template":"","meta":[],"product_brand":[64],"product_cat":[36],"product_tag":[],"class_list":{"0":"post-5381","1":"product","2":"type-product","3":"status-publish","4":"has-post-thumbnail","6":"product_brand-topeshop","7":"product_cat-biurka","9":"first","10":"instock","11":"taxable","12":"shipping-taxable","13":"purchasable","14":"product-type-simple"},"_links":{"self":[{"href":"https:\/\/scandiso.pl\/index.php\/wp-json\/wp\/v2\/product\/5381","targetHints":{"allow":["GET"]}}],"collection":[{"href":"https:\/\/scandiso.pl\/index.php\/wp-json\/wp\/v2\/product"}],"about":[{"href":"https:\/\/scandiso.pl\/index.php\/wp-json\/wp\/v2\/types\/product"}],"wp:featuredmedia":[{"embeddable":true,"href":"https:\/\/scandiso.pl\/index.php\/wp-json\/wp\/v2\/media\/5382"}],"wp:attachment":[{"href":"https:\/\/scandiso.pl\/index.php\/wp-json\/wp\/v2\/media?parent=5381"}],"wp:term":[{"taxonomy":"product_brand","embeddable":true,"href":"https:\/\/scandiso.pl\/index.php\/wp-json\/wp\/v2\/product_brand?post=5381"},{"taxonomy":"product_cat","embeddable":true,"href":"https:\/\/scandiso.pl\/index.php\/wp-json\/wp\/v2\/product_cat?post=5381"},{"taxonomy":"product_tag","embeddable":true,"href":"https:\/\/scandiso.pl\/index.php\/wp-json\/wp\/v2\/product_tag?post=5381"}],"curies":[{"name":"wp","href":"https:\/\/api.w.org\/{rel}","templated":true}]}}