{"id":5942,"date":"2025-10-07T10:06:12","date_gmt":"2025-10-07T08:06:12","guid":{"rendered":"https:\/\/scandiso.pl\/index.php\/product\/szafka-lazienkowa-na-pralke-i-suszarke-pola-twin-regal-slupek-dab-artisan\/"},"modified":"2026-04-17T16:55:51","modified_gmt":"2026-04-17T14:55:51","slug":"szafka-lazienkowa-na-pralke-i-suszarke-pola-twin-regal-slupek-dab-artisan","status":"publish","type":"product","link":"https:\/\/scandiso.pl\/index.php\/product\/szafka-lazienkowa-na-pralke-i-suszarke-pola-twin-regal-slupek-dab-artisan\/","title":{"rendered":"Szafka \u0141azienkowa na Pralk\u0119 i Suszark\u0119 POLA TWIN Rega\u0142 S\u0142upek D\u0104B ARTISAN"},"content":{"rendered":"<p>\n\t<strong>SZAFKA \/ S\u0141UPEK \u0141AZIENKOWY NA PRALK\u0118 I SUSZARK\u0118<\/strong><\/p>\n<p>\t<strong>MODEL: POLA TWIN<\/strong><\/p>\n<p>\t<strong>KOLOR: D\u0104B ARTISAN<\/strong><\/p>\n<p>\tFunkcjonalna, stabilna i nowoczesna szafka POLA TWIN to praktyczne rozwi\u0105zanie do ka\u017cdej \u0142azienki. Pozwala na ustawienie pralki i suszarki w pionie, oszcz\u0119dzaj\u0105c tym samym cenn\u0105 przestrze\u0144. Uniwersalna kolorystyka wpasuje si\u0119 w ka\u017cd\u0105 aran\u017cacj\u0119 &ndash; zar&oacute;wno nowoczesn\u0105, jak i klasyczn\u0105.<\/p>\n<p>\t<strong>G\u0141&Oacute;WNE CECHY MEBLA:<\/strong><\/p>\n<ul>\n<li>\n\t\tUmo\u017cliwia stabilne i bezpieczne ustawienie pralki i suszarki jedna na drugiej<\/li>\n<li>\n\t\tIdealna do ma\u0142ych \u0142azienek &ndash; pozwala maksymalnie wykorzysta\u0107 przestrze\u0144<\/li>\n<li>\n\t\tWzmocniona p&oacute;\u0142ka z dodatkowym oparciem pod g&oacute;rne urz\u0105dzenie<\/li>\n<li>\n\t\tMinimalistyczny design &ndash; \u0142atwe dopasowanie do ka\u017cdego wn\u0119trza<\/li>\n<li>\n\t\tOtwarta konstrukcja zapewniaj\u0105ca \u0142atwy dost\u0119p i wentylacj\u0119<\/li>\n<li>\n\t\t<strong>Wa\u017cne:<\/strong> Suszark\u0119 zawsze nale\u017cy ustawia\u0107 na pralce , poniewa\u017c suszarki s\u0105 z regu\u0142y l\u017cejsze od pralek, szczeg&oacute;lnie gdy s\u0105 nape\u0142nione wod\u0105.<\/li>\n<\/ul>\n<p><strong>WYMIARY:<\/strong><\/p>\n<ul>\n<li>\n\t\t\tWysoko\u015b\u0107: 180 cm<\/li>\n<li>\n\t\t\tSzeroko\u015b\u0107: 64 cm<\/li>\n<li>\n\t\t\tG\u0142\u0119boko\u015b\u0107: 64 cm<\/li>\n<li>\n\t\t\tSzeroko\u015b\u0107 wn\u0119ki na urz\u0105dzenia: 60,8 cm<\/li>\n<\/ul>\n<p>\n\t\t<strong>MATERIA\u0141:<\/strong><\/p>\n<ul data-end=\"1486\" data-start=\"1371\">\n<li data-end=\"1414\" data-start=\"1371\">\n<p data-end=\"1414\" data-start=\"1373\">\n\t\t\t\tKorpus i fronty: p\u0142yta laminowana 16 mm<\/p>\n<\/li>\n<\/ul>\n<p>\n\t\t<strong>MONTA\u017b I PIEL\u0118GNACJA:<\/strong><\/p>\n<ul>\n<li>\n\t\t\t\t\t\t\tMebel dostarczany w paczkach do samodzielnego monta\u017cu<\/li>\n<li>\n\t\t\t\t\t\t\tW zestawie znajduje si\u0119 instrukcja oraz komplet akcesori&oacute;w monta\u017cowych<\/li>\n<li>\n\t\t\t\t\t\t\tCzy\u015bci\u0107 mi\u0119kk\u0105, lekko wilgotn\u0105 \u015bciereczk\u0105 &ndash; unika\u0107 silnych detergent&oacute;w.<\/li>\n<\/ul>\n<p>\n\t\t\t\t\t\t<em><strong data-end=\"82\" data-start=\"67\">Informacja:<\/strong><\/em><\/p>\n<p>\t\t\t\t\t<em>Dok\u0142adamy wszelkich stara\u0144, aby kolory mebli prezentowane na zdj\u0119ciach by\u0142y odwzorowane mo\u017cliwie jak najdok\u0142adniej. Nale\u017cy jednak pami\u0119ta\u0107, \u017ce ich odbi&oacute;r mo\u017ce si\u0119 r&oacute;\u017cni\u0107 w zale\u017cno\u015bci od indywidualnych ustawie\u0144 monitora lub ekranu (takich jak jasno\u015b\u0107, kontrast, temperatura barwowa czy technologia wy\u015bwietlania). Rzeczywisty odcie\u0144 produktu mo\u017ce si\u0119 tak\u017ce r&oacute;\u017cni\u0107 w zale\u017cno\u015bci od warunk&oacute;w o\u015bwietleniowych. Ewentualne r&oacute;\u017cnice kolorystyczne nie wynikaj\u0105 z wady produktu.<\/em><\/p>\n","protected":false},"excerpt":{"rendered":"<p><strong>WYMIARY:<\/strong><\/p>\n<ul>\n<li>\n\t\t\tWysoko\u015b\u0107: 180 cm<\/li>\n<li>\n\t\t\tSzeroko\u015b\u0107: 64 cm<\/li>\n<li>\n\t\t\tG\u0142\u0119boko\u015b\u0107: 64 cm<\/li>\n<li>\n\t\t\tSzeroko\u015b\u0107 wn\u0119ki na urz\u0105dzenia: 60,8 cm<\/li>\n<\/ul>\n<p>\n\t\t<strong>MATERIA\u0141:<\/strong><\/p>\n<ul data-end=\"1486\" data-start=\"1371\">\n<li data-end=\"1414\" data-start=\"1371\">\n<p data-end=\"1414\" data-start=\"1373\">\n\t\t\t\tKorpus i fronty: p\u0142yta laminowana 16 mm<\/p>\n<\/li>\n<\/ul>\n<p>\n\t\t<strong>MONTA\u017b I PIEL\u0118GNACJA:<\/strong><\/p>\n<ul>\n<li>\n\t\t\t\t\t\t\tMebel dostarczany w paczkach do samodzielnego monta\u017cu<\/li>\n<li>\n\t\t\t\t\t\t\tW zestawie znajduje si\u0119 instrukcja oraz komplet akcesori&oacute;w monta\u017cowych<\/li>\n<li>\n\t\t\t\t\t\t\tCzy\u015bci\u0107 mi\u0119kk\u0105, lekko wilgotn\u0105 \u015bciereczk\u0105 &ndash; unika\u0107 silnych detergent&oacute;w.<\/li>\n<\/ul>\n<p>\n\t\t\t\t\t\t<em><strong data-end=\"82\" data-start=\"67\">Informacja:<\/strong><\/em><\/p>\n<p>\t\t\t\t\t<em>Dok\u0142adamy wszelkich stara\u0144, aby kolory mebli prezentowane na zdj\u0119ciach by\u0142y odwzorowane mo\u017cliwie jak najdok\u0142adniej. Nale\u017cy jednak pami\u0119ta\u0107, \u017ce ich odbi&oacute;r mo\u017ce si\u0119 r&oacute;\u017cni\u0107 w zale\u017cno\u015bci od indywidualnych ustawie\u0144 monitora lub ekranu (takich jak jasno\u015b\u0107, kontrast, temperatura barwowa czy technologia wy\u015bwietlania). Rzeczywisty odcie\u0144 produktu mo\u017ce si\u0119 tak\u017ce r&oacute;\u017cni\u0107 w zale\u017cno\u015bci od warunk&oacute;w o\u015bwietleniowych. Ewentualne r&oacute;\u017cnice kolorystyczne nie wynikaj\u0105 z wady produktu.<\/em><\/p>\n","protected":false},"featured_media":5943,"template":"","meta":[],"product_brand":[64],"product_cat":[48],"product_tag":[],"class_list":{"0":"post-5942","1":"product","2":"type-product","3":"status-publish","4":"has-post-thumbnail","6":"product_brand-topeshop","7":"product_cat-szafki-lazienkowe","9":"first","10":"instock","11":"taxable","12":"shipping-taxable","13":"purchasable","14":"product-type-simple"},"_links":{"self":[{"href":"https:\/\/scandiso.pl\/index.php\/wp-json\/wp\/v2\/product\/5942","targetHints":{"allow":["GET"]}}],"collection":[{"href":"https:\/\/scandiso.pl\/index.php\/wp-json\/wp\/v2\/product"}],"about":[{"href":"https:\/\/scandiso.pl\/index.php\/wp-json\/wp\/v2\/types\/product"}],"wp:featuredmedia":[{"embeddable":true,"href":"https:\/\/scandiso.pl\/index.php\/wp-json\/wp\/v2\/media\/5943"}],"wp:attachment":[{"href":"https:\/\/scandiso.pl\/index.php\/wp-json\/wp\/v2\/media?parent=5942"}],"wp:term":[{"taxonomy":"product_brand","embeddable":true,"href":"https:\/\/scandiso.pl\/index.php\/wp-json\/wp\/v2\/product_brand?post=5942"},{"taxonomy":"product_cat","embeddable":true,"href":"https:\/\/scandiso.pl\/index.php\/wp-json\/wp\/v2\/product_cat?post=5942"},{"taxonomy":"product_tag","embeddable":true,"href":"https:\/\/scandiso.pl\/index.php\/wp-json\/wp\/v2\/product_tag?post=5942"}],"curies":[{"name":"wp","href":"https:\/\/api.w.org\/{rel}","templated":true}]}}