{"id":633,"date":"2025-10-01T15:39:22","date_gmt":"2025-10-01T13:39:22","guid":{"rendered":"http:\/\/serwer372429.lh.pl\/autoinstalator\/serwer372429.lh.pl\/wordpress128121\/index.php\/product\/akcesoria-gumowe-kolkagum-bialy-czern\/"},"modified":"2026-04-17T16:47:37","modified_gmt":"2026-04-17T14:47:37","slug":"akcesoria-gumowe-kolkagum-bialy-czern","status":"publish","type":"product","link":"https:\/\/scandiso.pl\/index.php\/product\/akcesoria-gumowe-kolkagum-bialy-czern\/","title":{"rendered":"Akcesoria Gumowe K\u00d3\u0141KAGUM BIA\u0141Y CZER\u0143"},"content":{"rendered":"<p><strong>K&Oacute;\u0141KA GUMOWE KAUCZUKOWE DO FOTELA OBROTOWEGO<\/strong><\/p>\n<p>\tK&oacute;\u0142ka s\u0105 przeznaczone do foteli biurowych. Pasuj\u0105 do wi\u0119kszo\u015bci foteli gabinetowych oraz krzese\u0142 biurowych. Produkt fabrycznie nowy.<\/p>\n<p>\tWykonane s\u0105 z kauczuku, dzi\u0119ki czemu pod\u0142oga nie jest nara\u017cona na zarysowania.<\/p>\n<p>\tW por&oacute;wnaniu do zwyk\u0142ych k&oacute;\u0142ek te s\u0105 ciche, a dodatkowo nie \u015blizgaj\u0105 si\u0119.<\/p>\n<p>\tW zestawie znajduje si\u0119 5 k&oacute;\u0142ek.<\/p>\n<p><strong>Specyfikacja:<\/strong><\/p>\n<p>\tkolor: czarno &#8211; bia\u0142y<\/p>\n<p>\tmateria\u0142: kauczuk &#8211; PU<\/p>\n<p>\t\u015brednica k&oacute;\u0142ek: 5cm<\/p>\n<p>\twaga zestawu: 0,45kg<\/p>\n<p>\tmocowanie fi 11mm<\/p>\n<p>\t<em><strong data-end=\"82\" data-start=\"67\">Informacja:<\/strong><\/em><\/p>\n<p>\n\t<em>Dok\u0142adamy wszelkich stara\u0144, aby kolory mebli prezentowane na zdj\u0119ciach by\u0142y odwzorowane mo\u017cliwie jak najdok\u0142adniej. Nale\u017cy jednak pami\u0119ta\u0107, \u017ce ich odbi&oacute;r mo\u017ce si\u0119 r&oacute;\u017cni\u0107 w zale\u017cno\u015bci od indywidualnych ustawie\u0144 monitora lub ekranu (takich jak jasno\u015b\u0107, kontrast, temperatura barwowa czy technologia wy\u015bwietlania). Rzeczywisty odcie\u0144 produktu mo\u017ce si\u0119 tak\u017ce r&oacute;\u017cni\u0107 w zale\u017cno\u015bci od warunk&oacute;w o\u015bwietleniowych.<br data-end=\"491\" data-is-only-node=\"\" data-start=\"488\" \/><br \/>\n\tEwentualne r&oacute;\u017cnice kolorystyczne nie wynikaj\u0105 z wady produktu.<\/em><\/p>\n","protected":false},"excerpt":{"rendered":"<p><strong>Specyfikacja:<\/strong><\/p>\n<p>\tkolor: czarno &#8211; bia\u0142y<\/p>\n<p>\tmateria\u0142: kauczuk &#8211; PU<\/p>\n<p>\t\u015brednica k&oacute;\u0142ek: 5cm<\/p>\n<p>\twaga zestawu: 0,45kg<\/p>\n<p>\tmocowanie fi 11mm<\/p>\n<p>\t<em><strong data-end=\"82\" data-start=\"67\">Informacja:<\/strong><\/em><\/p>\n<p>\n\t<em>Dok\u0142adamy wszelkich stara\u0144, aby kolory mebli prezentowane na zdj\u0119ciach by\u0142y odwzorowane mo\u017cliwie jak najdok\u0142adniej. Nale\u017cy jednak pami\u0119ta\u0107, \u017ce ich odbi&oacute;r mo\u017ce si\u0119 r&oacute;\u017cni\u0107 w zale\u017cno\u015bci od indywidualnych ustawie\u0144 monitora lub ekranu (takich jak jasno\u015b\u0107, kontrast, temperatura barwowa czy technologia wy\u015bwietlania). Rzeczywisty odcie\u0144 produktu mo\u017ce si\u0119 tak\u017ce r&oacute;\u017cni\u0107 w zale\u017cno\u015bci od warunk&oacute;w o\u015bwietleniowych.<br data-end=\"491\" data-is-only-node=\"\" data-start=\"488\" \/><br \/>\n\tEwentualne r&oacute;\u017cnice kolorystyczne nie wynikaj\u0105 z wady produktu.<\/em><\/p>\n","protected":false},"featured_media":634,"template":"","meta":[],"product_brand":[64],"product_cat":[35],"product_tag":[],"class_list":{"0":"post-633","1":"product","2":"type-product","3":"status-publish","4":"has-post-thumbnail","6":"product_brand-topeshop","7":"product_cat-krzesla-i-fotele","9":"first","10":"instock","11":"taxable","12":"shipping-taxable","13":"purchasable","14":"product-type-simple"},"_links":{"self":[{"href":"https:\/\/scandiso.pl\/index.php\/wp-json\/wp\/v2\/product\/633","targetHints":{"allow":["GET"]}}],"collection":[{"href":"https:\/\/scandiso.pl\/index.php\/wp-json\/wp\/v2\/product"}],"about":[{"href":"https:\/\/scandiso.pl\/index.php\/wp-json\/wp\/v2\/types\/product"}],"wp:featuredmedia":[{"embeddable":true,"href":"https:\/\/scandiso.pl\/index.php\/wp-json\/wp\/v2\/media\/634"}],"wp:attachment":[{"href":"https:\/\/scandiso.pl\/index.php\/wp-json\/wp\/v2\/media?parent=633"}],"wp:term":[{"taxonomy":"product_brand","embeddable":true,"href":"https:\/\/scandiso.pl\/index.php\/wp-json\/wp\/v2\/product_brand?post=633"},{"taxonomy":"product_cat","embeddable":true,"href":"https:\/\/scandiso.pl\/index.php\/wp-json\/wp\/v2\/product_cat?post=633"},{"taxonomy":"product_tag","embeddable":true,"href":"https:\/\/scandiso.pl\/index.php\/wp-json\/wp\/v2\/product_tag?post=633"}],"curies":[{"name":"wp","href":"https:\/\/api.w.org\/{rel}","templated":true}]}}