{"id":649,"date":"2025-09-03T11:34:41","date_gmt":"2025-09-03T09:34:41","guid":{"rendered":"http:\/\/serwer372429.lh.pl\/autoinstalator\/serwer372429.lh.pl\/wordpress128121\/index.php\/product\/biurko-dany-dany-antracyt-artisan\/"},"modified":"2025-11-16T11:48:27","modified_gmt":"2025-11-16T10:48:27","slug":"biurko-dany-dany-antracyt-artisan","status":"publish","type":"product","link":"https:\/\/scandiso.pl\/index.php\/product\/biurko-dany-dany-antracyt-artisan\/","title":{"rendered":"Biurko DANY DANY ANTRACYT ARTISAN"},"content":{"rendered":"<p><strong>FUNKCJONALNE NARO\u017bNE BIURKO Z 3 SZUFLADAMI<\/strong><\/p>\n<p>\t<strong>MODEL: DANY<\/strong><\/p>\n<p>\t<strong>Kolor:<\/strong><\/p>\n<p>\t<strong>Korpus: ANTRACYT<\/strong><\/p>\n<p>\t<strong>Front: D\u0104B ARTISAN<\/strong><\/p>\n<p>\tDu\u017ce naro\u017cne biurko z 3 szufladami to mebel, kt&oacute;ry doskonale sprawdzi si\u0119 w biurze lub w domu, gdzie potrzebujemy miejsca do pracy albo nauki.<\/p>\n<p>\tBiurko DANY jest w kszta\u0142cie litery L, dzi\u0119ki czemu \u0142atwo wykorzysta\u0107 wolne przestrzenie w pokoju, jednocze\u015bnie zapewniaj\u0105c du\u017c\u0105 powierzchni\u0119 robocz\u0105.<\/p>\n<p>\tDo dyspozycji u\u017cytkownika s\u0105 trzy szuflady, kt&oacute;re mog\u0105 s\u0142u\u017cy\u0107 do przechowywania dokument&oacute;w, narz\u0119dzi potrzebnych do pracy i artyku\u0142&oacute;w biurowych.<\/p>\n<p>\tNaro\u017cne biurko z 3 szufladami to funkcjonalne rozwi\u0105zanie dla os&oacute;b, kt&oacute;re potrzebuj\u0105 du\u017co miejsca do pracy oraz rozmieszczania najwa\u017cniejszych narz\u0119dzi pracy w wygodny spos&oacute;b.<\/p>\n<ul>\n<li>\n\t\t3 pojemne szuflady<\/li>\n<li>\n\t\tnowoczesny mix modnych kolor&oacute;w<\/li>\n<li>\n\t\tbiurko idealne do pracowni lub pokoju dziecka<\/li>\n<li>\n\t\tfunkcjonalno\u015b\u0107<\/li>\n<li>\n\t\tprosta i nowoczesna konstrukcja tworzy komfortow\u0105 przestrze\u0144 do pracy<\/li>\n<li>\n\t\tg\u0142adkie boki bez za\u015blepek<\/li>\n<li>\n\t\t\u0142atwy monta\u017c<\/li>\n<li>\n\t\tinstrukcja monta\u017cu w opakowaniu<\/li>\n<li>\n\t\tpolski producent<\/li>\n<\/ul>\n<p><strong>MATERIA\u0141:<\/strong><\/p>\n<p>\tKorpus i fronty &#8211; p\u0142yta wi&oacute;rowa laminowana 16mm.<\/p>\n<p>\tObrze\u017ca &ndash; wyko\u0144czone tworzywem ABS (charakteryzuj\u0105cym si\u0119 du\u017c\u0105 wytrzyma\u0142o\u015bci\u0105 mechaniczn\u0105 i chemiczn\u0105)<\/p>\n<p>\tSzuflady &ndash; na prowadnicach rolkowych to gwarancja wygodnego, a przede wszystkim bezpiecznego u\u017cytkowania.<\/p>\n<p>\t<strong>WYMIARY:<\/strong><\/p>\n<p>\tG\u0142\u0119boko\u015b\u0107: 50 cm<\/p>\n<p>\tSzeroko\u015b\u0107: 120 cm<\/p>\n<p>\tWysoko\u015b\u0107: 76 cm<\/p>\n<p>\t\t<strong>U\u017cytkowanie:<\/strong><\/p>\n<p>\t\tPowierzchni\u0119 mebla czy\u015bci\u0107 przy pomocy mi\u0119kkiej szmatki. Unika\u0107 stosowania silnie dzia\u0142aj\u0105cych \u015brodk&oacute;w chemicznych.<\/p>\n<p>\t\t<strong>W opakowaniu:<\/strong><\/p>\n<p>\t\tInstrukcja monta\u017cu wraz ze wszystkimi potrzebnymi akcesoriami monta\u017cowymi.<\/p>\n<p>\t\tMeble s\u0105 fabrycznie zapakowane do samodzielnego monta\u017cu.<\/p>\n<p>\n\t<em><strong data-end=\"82\" data-start=\"67\">Informacja:<\/strong><\/em><\/p>\n<p>\n\t<em>Dok\u0142adamy wszelkich stara\u0144, aby kolory mebli prezentowane na zdj\u0119ciach by\u0142y odwzorowane mo\u017cliwie jak najdok\u0142adniej. Nale\u017cy jednak pami\u0119ta\u0107, \u017ce ich odbi&oacute;r mo\u017ce si\u0119 r&oacute;\u017cni\u0107 w zale\u017cno\u015bci od indywidualnych ustawie\u0144 monitora lub ekranu (takich jak jasno\u015b\u0107, kontrast, temperatura barwowa czy technologia wy\u015bwietlania). Rzeczywisty odcie\u0144 produktu mo\u017ce si\u0119 tak\u017ce r&oacute;\u017cni\u0107 w zale\u017cno\u015bci od warunk&oacute;w o\u015bwietleniowych.<br data-end=\"491\" data-is-only-node=\"\" data-start=\"488\" \/><br \/>\n\tEwentualne r&oacute;\u017cnice kolorystyczne nie wynikaj\u0105 z wady produktu.<\/em><\/p>\n","protected":false},"excerpt":{"rendered":"<p><strong>MATERIA\u0141:<\/strong><\/p>\n<p>\tKorpus i fronty &#8211; p\u0142yta wi&oacute;rowa laminowana 16mm.<\/p>\n<p>\tObrze\u017ca &ndash; wyko\u0144czone tworzywem ABS (charakteryzuj\u0105cym si\u0119 du\u017c\u0105 wytrzyma\u0142o\u015bci\u0105 mechaniczn\u0105 i chemiczn\u0105)<\/p>\n<p>\tSzuflady &ndash; na prowadnicach rolkowych to gwarancja wygodnego, a przede wszystkim bezpiecznego u\u017cytkowania.<\/p>\n<p>\t<strong>WYMIARY:<\/strong><\/p>\n<p>\tG\u0142\u0119boko\u015b\u0107: 50 cm<\/p>\n<p>\tSzeroko\u015b\u0107: 120 cm<\/p>\n<p>\tWysoko\u015b\u0107: 76 cm<\/p>\n<p>\t\t<strong>U\u017cytkowanie:<\/strong><\/p>\n<p>\t\tPowierzchni\u0119 mebla czy\u015bci\u0107 przy pomocy mi\u0119kkiej szmatki. Unika\u0107 stosowania silnie dzia\u0142aj\u0105cych \u015brodk&oacute;w chemicznych.<\/p>\n<p>\t\t<strong>W opakowaniu:<\/strong><\/p>\n<p>\t\tInstrukcja monta\u017cu wraz ze wszystkimi potrzebnymi akcesoriami monta\u017cowymi.<\/p>\n<p>\t\tMeble s\u0105 fabrycznie zapakowane do samodzielnego monta\u017cu.<\/p>\n<p>\n\t<em><strong data-end=\"82\" data-start=\"67\">Informacja:<\/strong><\/em><\/p>\n<p>\n\t<em>Dok\u0142adamy wszelkich stara\u0144, aby kolory mebli prezentowane na zdj\u0119ciach by\u0142y odwzorowane mo\u017cliwie jak najdok\u0142adniej. Nale\u017cy jednak pami\u0119ta\u0107, \u017ce ich odbi&oacute;r mo\u017ce si\u0119 r&oacute;\u017cni\u0107 w zale\u017cno\u015bci od indywidualnych ustawie\u0144 monitora lub ekranu (takich jak jasno\u015b\u0107, kontrast, temperatura barwowa czy technologia wy\u015bwietlania). Rzeczywisty odcie\u0144 produktu mo\u017ce si\u0119 tak\u017ce r&oacute;\u017cni\u0107 w zale\u017cno\u015bci od warunk&oacute;w o\u015bwietleniowych.<br data-end=\"491\" data-is-only-node=\"\" data-start=\"488\" \/><br \/>\n\tEwentualne r&oacute;\u017cnice kolorystyczne nie wynikaj\u0105 z wady produktu.<\/em><\/p>\n","protected":false},"featured_media":650,"template":"","meta":[],"product_brand":[64],"product_cat":[36],"product_tag":[],"class_list":{"0":"post-649","1":"product","2":"type-product","3":"status-publish","4":"has-post-thumbnail","6":"product_brand-topeshop","7":"product_cat-biurka","9":"first","10":"instock","11":"taxable","12":"shipping-taxable","13":"purchasable","14":"product-type-simple"},"_links":{"self":[{"href":"https:\/\/scandiso.pl\/index.php\/wp-json\/wp\/v2\/product\/649","targetHints":{"allow":["GET"]}}],"collection":[{"href":"https:\/\/scandiso.pl\/index.php\/wp-json\/wp\/v2\/product"}],"about":[{"href":"https:\/\/scandiso.pl\/index.php\/wp-json\/wp\/v2\/types\/product"}],"wp:featuredmedia":[{"embeddable":true,"href":"https:\/\/scandiso.pl\/index.php\/wp-json\/wp\/v2\/media\/650"}],"wp:attachment":[{"href":"https:\/\/scandiso.pl\/index.php\/wp-json\/wp\/v2\/media?parent=649"}],"wp:term":[{"taxonomy":"product_brand","embeddable":true,"href":"https:\/\/scandiso.pl\/index.php\/wp-json\/wp\/v2\/product_brand?post=649"},{"taxonomy":"product_cat","embeddable":true,"href":"https:\/\/scandiso.pl\/index.php\/wp-json\/wp\/v2\/product_cat?post=649"},{"taxonomy":"product_tag","embeddable":true,"href":"https:\/\/scandiso.pl\/index.php\/wp-json\/wp\/v2\/product_tag?post=649"}],"curies":[{"name":"wp","href":"https:\/\/api.w.org\/{rel}","templated":true}]}}