{"id":6956,"date":"2025-11-14T23:57:24","date_gmt":"2025-11-14T22:57:24","guid":{"rendered":"https:\/\/scandiso.pl\/index.php\/product\/biurko-a-6-clp-biale-lewostronne\/"},"modified":"2026-04-17T17:48:52","modified_gmt":"2026-04-17T15:48:52","slug":"biurko-a-6-clp-biale-lewostronne","status":"publish","type":"product","link":"https:\/\/scandiso.pl\/index.php\/product\/biurko-a-6-clp-biale-lewostronne\/","title":{"rendered":"BIURKO A-6 CLP BIA\u0141E LEWOSTRONNE"},"content":{"rendered":"<\/p>\n<p style=\"text-align:justify\">Mebel niewielkich rozmiar\u00f3w idealnie sprawdzi si\u0119 w ma\u0142ych pomieszczeniach lub w biurach, gdzie powinno si\u0119 zmie\u015bci\u0107 wi\u0119cej stanowisk komputerowych. Takie w\u0142a\u015bnie jest biurko komputerowe A-6 bia\u0142e lewe, kt\u00f3re posiada 90 cm d\u0142ugo\u015bci, 77 cm wysoko\u015bci i 50 cm d\u0142ugo\u015bci. Jest nieskomplikowane w formie i bardzo funkcjonalne. Jego waga wynosi 30 kg. Biurko stworzone zosta\u0142o z wysokojako\u015bciowej p\u0142yty laminowanej, co zapewnia du\u017c\u0105 odporno\u015b\u0107 na \u015bcieranie. Z kolei obrze\u017ce ABS, kt\u00f3rym zosta\u0142y okreloje widoczne kraw\u0119dzie, chroni je przed uszkodzeniami.<br \/>Mebel oferuje wiele wolnej przestrzeni w postaci trzech szuflad i p\u00f3\u0142ki pod klawiatur\u0119. Ich u\u017cytkowanie jest bardzo wygodne za spraw\u0105 metalowych prowadnicach rolkowych, kt\u00f3re umo\u017cliwiaj\u0105 \u0142atwe ich wsuwanie i wysuwanie.<\/p>\n<p style=\"text-align:justify\">\n<p style=\"text-align:justify\">Biurko jest eleganckie i proste w formie, ma bia\u0142\u0105 barw\u0119. \u015awietnie sprawdzi si\u0119 wi\u0119c we wn\u0119trzach o minimalistycznym wystroju. Jest idealne zar\u00f3wno do biura, jak i u\u017cytku domowego. Mebel przeznaczony jest do samodzielnego monta\u017cu. Dzi\u0119ki do\u0142\u0105czonej do zam\u00f3wienia instrukcji jest to \u0142atwe do zrobienia. Poniewa\u017c biurko zosta\u0142o wykonane z materia\u0142u wysokiej jako\u015bci, cechuje si\u0119 du\u017c\u0105 trwa\u0142o\u015bci\u0105 i z pewno\u015bci\u0105 zachowa sw\u00f3j idealny stan na d\u0142ugo. Mimo to, oferujemy naszym klientom gwarancj\u0119 na okres 24 miesi\u0119cy. Biurko jest idealnym wyborem dla os\u00f3b, kt\u00f3re ceni\u0105 sobie prostot\u0119 i funkcjonalno\u015b\u0107, a jednocze\u015bnie wa\u017cny jest dla nich komfort pracy. Bia\u0142y kolor mebla sprawia, \u017ce prezentuje si\u0119 ono nowocze\u015bnie i z klas\u0105, idealnie dopasowuj\u0105c si\u0119 do r\u00f3\u017cnych aran\u017cacji.<\/p>\n<p style=\"text-align:justify\"><img fetchpriority=\"high\" decoding=\"async\" src=\"https:\/\/sklep.akord.net.pl\/img\/cms\/biurko%20a6%20lewe%20wymiary.jpg\" alt=\"\" width=\"2010\" height=\"1950\" \/><\/p>\n<p style=\"text-align:justify\">&#8211; Biurko wykonane z p\u0142yty laminowanej odpornej na \u015bcieranie <br \/>&#8211; Posiada wiele przestrzeni do dowolnego zagospodarowania<br \/>&#8211; Fronty szuflad wykonane z p\u0142yty laminowanej<br \/>&#8211; Szuflady i p\u00f3\u0142ka pod klawiatur\u0119 poruszaj\u0105 si\u0119 na metalowych prowadnicach rolkowych<br \/>&#8211; Widoczne kraw\u0119dzie oklejone obrze\u017cem ABS gwarantuj\u0105cy wy\u017csz\u0105 odporno\u015b\u0107 na uszkodzenia<br \/>&#8211; Biurko do samodzielnego monta\u017cu <br \/>&#8211; Instrukcja w dostawie <br \/>&#8211; Gwarancja 24 miesi\u0105ce<\/p>\n<p style=\"text-align:justify\">\n","protected":false},"excerpt":{"rendered":"<p>Kolor Bia\u0142y<\/p>\n<p>Biurko z p\u0142yty laminowanej 16mm odpornej na \u015bcieranie. <br \/>Widoczne kraw\u0119dzie oklejone obrze\u017cem ABS o zwi\u0119kszonej wytrzyma\u0142o\u015bci na uszkodzenia. Biurko z systemu CLP<\/p>\n<p>Wymiary:<br \/>D\u0142ugo\u015b\u0107 &#8211; 90cm<br \/>Wysoko\u015b\u0107 &#8211; 77cm<br \/>G\u0142\u0119boko\u015b\u0107 &#8211; 50cm<\/p>\n","protected":false},"featured_media":6950,"template":"","meta":[],"product_brand":[57],"product_cat":[36],"product_tag":[],"class_list":{"0":"post-6956","1":"product","2":"type-product","3":"status-publish","4":"has-post-thumbnail","6":"product_brand-akord-furniture-factory","7":"product_cat-biurka","9":"first","10":"instock","11":"taxable","12":"shipping-taxable","13":"purchasable","14":"product-type-simple"},"_links":{"self":[{"href":"https:\/\/scandiso.pl\/index.php\/wp-json\/wp\/v2\/product\/6956","targetHints":{"allow":["GET"]}}],"collection":[{"href":"https:\/\/scandiso.pl\/index.php\/wp-json\/wp\/v2\/product"}],"about":[{"href":"https:\/\/scandiso.pl\/index.php\/wp-json\/wp\/v2\/types\/product"}],"wp:featuredmedia":[{"embeddable":true,"href":"https:\/\/scandiso.pl\/index.php\/wp-json\/wp\/v2\/media\/6950"}],"wp:attachment":[{"href":"https:\/\/scandiso.pl\/index.php\/wp-json\/wp\/v2\/media?parent=6956"}],"wp:term":[{"taxonomy":"product_brand","embeddable":true,"href":"https:\/\/scandiso.pl\/index.php\/wp-json\/wp\/v2\/product_brand?post=6956"},{"taxonomy":"product_cat","embeddable":true,"href":"https:\/\/scandiso.pl\/index.php\/wp-json\/wp\/v2\/product_cat?post=6956"},{"taxonomy":"product_tag","embeddable":true,"href":"https:\/\/scandiso.pl\/index.php\/wp-json\/wp\/v2\/product_tag?post=6956"}],"curies":[{"name":"wp","href":"https:\/\/api.w.org\/{rel}","templated":true}]}}