{"id":7017,"date":"2025-11-14T23:58:27","date_gmt":"2025-11-14T22:58:27","guid":{"rendered":"https:\/\/scandiso.pl\/index.php\/product\/biurko-a-11-clp-6sz-olcha\/"},"modified":"2026-04-16T11:53:03","modified_gmt":"2026-04-16T09:53:03","slug":"biurko-a-11-clp-6sz-olcha","status":"publish","type":"product","link":"https:\/\/scandiso.pl\/index.php\/product\/biurko-a-11-clp-6sz-olcha\/","title":{"rendered":"BIURKO A-11 CLP 6SZ OLCHA"},"content":{"rendered":"<p style=\"text-align:justify\">Wygodne biurko komputerowe to podstawa w organizacji stanowiska pracy lub nauki w domu oraz biurze. Du\u017cy blat, na kt\u00f3rym mo\u017cna swobodnie umie\u015bci\u0107 ekran komputera stacjonarnego lub laptop oraz roz\u0142o\u017cy\u0107 dodatkowe materia\u0142y lub dokumenty to podstawa mebla przeznaczonego do pracy biurowej. Do tego obowi\u0105zkowe s\u0105 r\u00f3wnie\u017c pojemne szuflady, kt\u00f3re pomog\u0105 utrzyma\u0107 porz\u0105dek w dokumentacji i u\u0142atwi\u0105 codzienn\u0105 prac\u0119. Doskona\u0142ym wyborem spe\u0142niaj\u0105cym wymienione kryteria jest br\u0105zowe biurko komputerowe A-11. Jest ono wykonane z p\u0142yty laminowanej o grubo\u015bci 16 mm odpornej na \u015bcieranie, dzi\u0119ki czemu biurko doskonale sprawdzi si\u0119 tak\u017ce dla dzieci i nastolatk\u00f3w. Dzi\u0119ki licznym szufladom, kt\u00f3rych fronty tak\u017ce s\u0105 z p\u0142yty laminowanej, zyskuje si\u0119 du\u017co przestrzeni do zagospodarowania, przetrzymywania dokument\u00f3w lub akcesori\u00f3w potrzebnych do pracy biurowej lub odrabiania lekcji. P\u00f3\u0142ka pod klawiatur\u0119 oraz szuflady zamontowane s\u0105 na prowadnicach metalowych rolkowych, dzi\u0119ki czemu \u0142atwiej si\u0119 wysuwaj\u0105. Widoczne kraw\u0119dzie biurka s\u0105 oklejone obrze\u017cem ABS, co zwi\u0119ksza ich wytrzyma\u0142o\u015b\u0107 na uszkodzenia. Biurko zostaje przys\u0142ane z\u0142o\u017cone, nale\u017cy zmontowa\u0107 je samodzielnie wed\u0142ug instrukcji za\u0142\u0105czonej w dostawie. Producent daje 24 miesi\u0105ce gwarancji.<\/p>\n<p style=\"text-align:justify\">Biurko posiada nast\u0119puj\u0105ce wymiary:<br \/>&#8211; d\u0142ugo\u015b\u0107 &#8211; 135 cm,<br \/>&#8211; wysoko\u015b\u0107 &#8211; 77 cm,<br \/>&#8211; g\u0142\u0119boko\u015b\u0107 &#8211; 50 cm.<\/p>\n<p style=\"text-align:justify\">Wyst\u0119puje w Systemie Mebli CLP. Dzi\u0119ki sze\u015bciu szufladom pomie\u015bci wszystkie potrzebne artyku\u0142y w jednym miejscu. Waga ca\u0142kowita mebla to 60 kg, jest zatem ci\u0119\u017ckie, solidne oraz wytrzyma\u0142e.<\/p>\n<p style=\"text-align:justify\"><img fetchpriority=\"high\" decoding=\"async\" src=\"https:\/\/sklep.akord.net.pl\/img\/cms\/biurko%20a11%20wymiary.jpg\" alt=\"\" width=\"3119\" height=\"2543\" \/><\/p>\n<p style=\"text-align:justify\">&#8211; Biurko wykonane z p\u0142yty laminowanej odpornej na \u015bcieranie <br \/>&#8211; Posiada wiele przestrzeni do dowolnego zagospodarowania<br \/>&#8211; Fronty szuflad wykonane z p\u0142yty laminowanej<br \/>&#8211; Szuflady i p\u00f3\u0142ka pod klawiatur\u0119 poruszaj\u0105 si\u0119 na metalowych prowadnicach rolkowych<br \/>&#8211; Widoczne kraw\u0119dzie oklejone obrze\u017cem ABS o zwi\u0119kszonej wytrzyma\u0142o\u015bci na uszkodzenia<br \/>&#8211; Biurko do samodzielnego monta\u017cu <br \/>&#8211; Instrukcja w dostawie <br \/>&#8211; Gwarancja producenta 24 miesi\u0105ce<\/p><\/p>\n","protected":false},"excerpt":{"rendered":"<p>Kolor olcha<\/p>\n<p>Biurko z p\u0142yty laminowanej 16mm odpornej na \u015bcieranie. <br \/>Widoczne kraw\u0119dzie oklejone obrze\u017cem ABS o zwi\u0119kszonej wytrzyma\u0142o\u015bci na uszkodzenia<\/p>\n<p>Wymiary:<br \/>D\u0142ugo\u015b\u0107 &#8211; 135cm<br \/>Wysoko\u015b\u0107 &#8211; 77cm<br \/>G\u0142\u0119boko\u015b\u0107 &#8211; 50cm<\/p>\n","protected":false},"featured_media":7011,"template":"","meta":[],"product_brand":[57],"product_cat":[36],"product_tag":[],"class_list":{"0":"post-7017","1":"product","2":"type-product","3":"status-publish","4":"has-post-thumbnail","6":"product_brand-akord-furniture-factory","7":"product_cat-biurka","9":"first","10":"instock","11":"taxable","12":"shipping-taxable","13":"purchasable","14":"product-type-simple"},"_links":{"self":[{"href":"https:\/\/scandiso.pl\/index.php\/wp-json\/wp\/v2\/product\/7017","targetHints":{"allow":["GET"]}}],"collection":[{"href":"https:\/\/scandiso.pl\/index.php\/wp-json\/wp\/v2\/product"}],"about":[{"href":"https:\/\/scandiso.pl\/index.php\/wp-json\/wp\/v2\/types\/product"}],"wp:featuredmedia":[{"embeddable":true,"href":"https:\/\/scandiso.pl\/index.php\/wp-json\/wp\/v2\/media\/7011"}],"wp:attachment":[{"href":"https:\/\/scandiso.pl\/index.php\/wp-json\/wp\/v2\/media?parent=7017"}],"wp:term":[{"taxonomy":"product_brand","embeddable":true,"href":"https:\/\/scandiso.pl\/index.php\/wp-json\/wp\/v2\/product_brand?post=7017"},{"taxonomy":"product_cat","embeddable":true,"href":"https:\/\/scandiso.pl\/index.php\/wp-json\/wp\/v2\/product_cat?post=7017"},{"taxonomy":"product_tag","embeddable":true,"href":"https:\/\/scandiso.pl\/index.php\/wp-json\/wp\/v2\/product_tag?post=7017"}],"curies":[{"name":"wp","href":"https:\/\/api.w.org\/{rel}","templated":true}]}}