{"id":7235,"date":"2025-11-15T00:02:38","date_gmt":"2025-11-14T23:02:38","guid":{"rendered":"https:\/\/scandiso.pl\/index.php\/product\/biurko-a-6-clp-capucino-lewostronne\/"},"modified":"2026-03-04T11:00:32","modified_gmt":"2026-03-04T10:00:32","slug":"biurko-a-6-clp-capucino-lewostronne","status":"publish","type":"product","link":"https:\/\/scandiso.pl\/index.php\/product\/biurko-a-6-clp-capucino-lewostronne\/","title":{"rendered":"BIURKO A-6 CLP CAPUCINO LEWOSTRONNE"},"content":{"rendered":"<\/p>\n<p style=\"text-align:justify\">&#8211; Biurko wykonane z p\u0142yty laminowanej odpornej na \u015bcieranie <br \/>&#8211; Posiada wiele przestrzeni do dowolnego zagospodarowania<br \/>&#8211; Fronty szuflad wykonane z p\u0142yty laminowanej<br \/>&#8211; Szuflady i p\u00f3\u0142ka pod klawiatur\u0119 poruszaj\u0105 si\u0119 na metalowych prowadnicach rolkowych<br \/>&#8211; Widoczne kraw\u0119dzie oklejone obrze\u017cem ABS gwarantuj\u0105cy wy\u017csz\u0105 odporno\u015b\u0107 na uszkodzenia<br \/>&#8211; Biurko do samodzielnego monta\u017cu <br \/>&#8211; Instrukcja w dostawie <br \/>&#8211; Gwarancja 24 miesi\u0105ce<\/p>\n<p style=\"text-align:justify\"><img fetchpriority=\"high\" decoding=\"async\" src=\"https:\/\/sklep.akord.net.pl\/img\/cms\/biurko%20a6%20lewe%20wymiary.jpg\" alt=\"\" width=\"2010\" height=\"1950\" \/><\/p>\n","protected":false},"excerpt":{"rendered":"<p>Kolor: Korpus Bia\u0142y | Fronty Cappuccino po\u0142ysk<\/p>\n<p>Biurko z p\u0142yty laminowanej 16mm odpornej na \u015bcieranie.\u00a0<br \/>Widoczne kraw\u0119dzie\u00a0oklejone obrze\u017cem ABS o zwi\u0119kszonej wytrzyma\u0142o\u015bci na uszkodzenia. <br \/>Biurko z systemu CLP<\/p>\n<p>Wymiary:<br \/>Szeroko\u015b\u0107\u00a0&#8211; 90cm<br \/>Wysoko\u015b\u0107 &#8211; 77cm<br \/>G\u0142\u0119boko\u015b\u0107 &#8211; 50cm<\/p>\n","protected":false},"featured_media":7230,"template":"","meta":[],"product_brand":[57],"product_cat":[36],"product_tag":[],"class_list":{"0":"post-7235","1":"product","2":"type-product","3":"status-publish","4":"has-post-thumbnail","6":"product_brand-akord-furniture-factory","7":"product_cat-biurka","9":"first","10":"instock","11":"taxable","12":"shipping-taxable","13":"purchasable","14":"product-type-simple"},"_links":{"self":[{"href":"https:\/\/scandiso.pl\/index.php\/wp-json\/wp\/v2\/product\/7235","targetHints":{"allow":["GET"]}}],"collection":[{"href":"https:\/\/scandiso.pl\/index.php\/wp-json\/wp\/v2\/product"}],"about":[{"href":"https:\/\/scandiso.pl\/index.php\/wp-json\/wp\/v2\/types\/product"}],"wp:featuredmedia":[{"embeddable":true,"href":"https:\/\/scandiso.pl\/index.php\/wp-json\/wp\/v2\/media\/7230"}],"wp:attachment":[{"href":"https:\/\/scandiso.pl\/index.php\/wp-json\/wp\/v2\/media?parent=7235"}],"wp:term":[{"taxonomy":"product_brand","embeddable":true,"href":"https:\/\/scandiso.pl\/index.php\/wp-json\/wp\/v2\/product_brand?post=7235"},{"taxonomy":"product_cat","embeddable":true,"href":"https:\/\/scandiso.pl\/index.php\/wp-json\/wp\/v2\/product_cat?post=7235"},{"taxonomy":"product_tag","embeddable":true,"href":"https:\/\/scandiso.pl\/index.php\/wp-json\/wp\/v2\/product_tag?post=7235"}],"curies":[{"name":"wp","href":"https:\/\/api.w.org\/{rel}","templated":true}]}}