{"id":7325,"date":"2025-11-15T00:04:26","date_gmt":"2025-11-14T23:04:26","guid":{"rendered":"https:\/\/scandiso.pl\/index.php\/product\/biurko-a-6-clp-dab-artisan-prawostronne\/"},"modified":"2026-04-16T14:02:35","modified_gmt":"2026-04-16T12:02:35","slug":"biurko-a-6-clp-dab-artisan-prawostronne","status":"publish","type":"product","link":"https:\/\/scandiso.pl\/index.php\/product\/biurko-a-6-clp-dab-artisan-prawostronne\/","title":{"rendered":"BIURKO A-6 CLP D\u0104B ARTISAN PRAWOSTRONNE"},"content":{"rendered":"<p>Wykonane z p\u0142yty laminowanej biurko to produkt charakteryzuj\u0105cy si\u0119 du\u017c\u0105 odporno\u015bci\u0105 na \u015bcieranie, dzi\u0119ki czemu b\u0119dzie w stanie s\u0142u\u017cy\u0107 w idealnym stanie przez d\u0142ugi czas. Jego uniwersalny wygl\u0105d sprawia, \u017ce bardzo dobrze b\u0119dzie prezentowa\u0142o si\u0119 w ka\u017cdym pomieszczeniu. Mebel zosta\u0142 wyposa\u017cony w blat, wysuwan\u0105 p\u00f3\u0142k\u0119 oraz trzy pojemne szuflady, kt\u00f3re mo\u017cna zagospodarowa\u0107 wed\u0142ug indywidualnych potrzeb.<\/p>\n<ul style=\"list-style-type:disc\">\n<li>Mebel w kolorze d\u0105b artisan;<\/li>\n<li>Produkt cechuje si\u0119 minimalistycznym designem;<\/li>\n<li>Dobrze sprawdzi si\u0119 w pokoju dzieci\u0119cym, m\u0142odzie\u017cowym, domowym gabinecie lub biurze;<\/li>\n<li>Fronty szuflad zosta\u0142y wykonane z p\u0142yty laminowanej;<\/li>\n<li>Szuflady oraz p\u00f3\u0142ka pod klawiatur\u0119 poruszaj\u0105 si\u0119 na metalowych prowadnicach rolkowych;<\/li>\n<li>Widoczne kraw\u0119dzie oklejono obrze\u017cem ABS, kt\u00f3re jest gwarantem wy\u017cszej odporno\u015bci na uszkodzenia;<\/li>\n<li>Produkt przeznaczony jest do samodzielnego monta\u017cu;<\/li>\n<li>Instrukcja jest do\u0142\u0105czona do zestawu;<\/li>\n<li>Mebel posiada 24-miesi\u0119czn\u0105 gwarancj\u0119.<\/li>\n<\/ul>\n<p><img fetchpriority=\"high\" decoding=\"async\" src=\"https:\/\/sklep.akord.net.pl\/img\/cms\/biurko%20a6%20prawe%20wymiary.jpg\" alt=\"\" width=\"1773\" height=\"2128\" \/><\/p>\n<p>Biurko komputerowe A-6 90 cm prawe to produkt, kt\u00f3ry \u0142\u0105czy w sobie funkcjonalno\u015b\u0107, wysok\u0105 jako\u015b\u0107 oraz ponadczasowy wygl\u0105d. Produkt mo\u017cna dowolnie \u0142\u0105czy\u0107 z innymi elementami wyposa\u017cenia dost\u0119pnymi w ramach tej samej kolekcji. Biurka komputerowe w kolorze d\u0105b artisan doskonale b\u0119d\u0105 prezentowa\u0142y si\u0119 zar\u00f3wno we wn\u0119trzach urz\u0105dzonych w stylu klasycznym, jak i w nowoczesnych aran\u017cacjach. \u0141atwe w u\u017cytkowaniu oraz utrzymaniu czysto\u015bci, bez w\u0105tpienia spe\u0142ni oczekiwania klient\u00f3w, kt\u00f3rzy oczekuj\u0105 od wybieranych przez siebie mebli praktycznego zastosowania, prostoty oraz elegancji.<\/p>\n","protected":false},"excerpt":{"rendered":"<p>Kolor: Korpus D\u0105b artisan<\/p>\n<p>Biurko z p\u0142yty laminowanej 16mm odpornej na \u015bcieranie.\u00a0<br \/>Widoczne kraw\u0119dzie\u00a0oklejone obrze\u017cem ABS o zwi\u0119kszonej wytrzyma\u0142o\u015bci na uszkodzenia. <br \/>Biurko z systemu CLP<\/p>\n<p>Wymiary:<br \/>D\u0142ugo\u015b\u0107 &#8211; 90cm<br \/>Wysoko\u015b\u0107 &#8211; 77cm<br \/>G\u0142\u0119boko\u015b\u0107 &#8211; 50cm<\/p>\n","protected":false},"featured_media":7321,"template":"","meta":[],"product_brand":[57],"product_cat":[36],"product_tag":[],"class_list":{"0":"post-7325","1":"product","2":"type-product","3":"status-publish","4":"has-post-thumbnail","6":"product_brand-akord-furniture-factory","7":"product_cat-biurka","9":"first","10":"instock","11":"taxable","12":"shipping-taxable","13":"purchasable","14":"product-type-simple"},"_links":{"self":[{"href":"https:\/\/scandiso.pl\/index.php\/wp-json\/wp\/v2\/product\/7325","targetHints":{"allow":["GET"]}}],"collection":[{"href":"https:\/\/scandiso.pl\/index.php\/wp-json\/wp\/v2\/product"}],"about":[{"href":"https:\/\/scandiso.pl\/index.php\/wp-json\/wp\/v2\/types\/product"}],"wp:featuredmedia":[{"embeddable":true,"href":"https:\/\/scandiso.pl\/index.php\/wp-json\/wp\/v2\/media\/7321"}],"wp:attachment":[{"href":"https:\/\/scandiso.pl\/index.php\/wp-json\/wp\/v2\/media?parent=7325"}],"wp:term":[{"taxonomy":"product_brand","embeddable":true,"href":"https:\/\/scandiso.pl\/index.php\/wp-json\/wp\/v2\/product_brand?post=7325"},{"taxonomy":"product_cat","embeddable":true,"href":"https:\/\/scandiso.pl\/index.php\/wp-json\/wp\/v2\/product_cat?post=7325"},{"taxonomy":"product_tag","embeddable":true,"href":"https:\/\/scandiso.pl\/index.php\/wp-json\/wp\/v2\/product_tag?post=7325"}],"curies":[{"name":"wp","href":"https:\/\/api.w.org\/{rel}","templated":true}]}}