{"id":7377,"date":"2025-11-15T00:05:26","date_gmt":"2025-11-14T23:05:26","guid":{"rendered":"https:\/\/scandiso.pl\/index.php\/product\/biurko-a-6-clp-dab-artisan-biale-lewostronne\/"},"modified":"2026-04-06T20:36:48","modified_gmt":"2026-04-06T18:36:48","slug":"biurko-a-6-clp-dab-artisan-biale-lewostronne","status":"publish","type":"product","link":"https:\/\/scandiso.pl\/index.php\/product\/biurko-a-6-clp-dab-artisan-biale-lewostronne\/","title":{"rendered":"BIURKO A-6 CLP D\u0104B ARTISAN \/ BIA\u0141E LEWOSTRONNE"},"content":{"rendered":"<p>Biurko komputerowe A-6 wykonano z laminowanej p\u0142yty meblowej. Korpus mebla, blat utrzymane zosta\u0142y w kolorze d\u0105b artisan, natomiast fronty w kolorze bia\u0142ym. Elementy posiadaj\u0105 matowe wyko\u0144czenie. Prawa strona biurka przeznaczona jest do pracy \u2013 tu pod blatem zainstalowano p\u00f3\u0142k\u0119 na klawiatur\u0119 wysuwan\u0105 na metalowych prowadnicach rolkowych. Lewa strona mebla zosta\u0142a ca\u0142kowicie zabudowana w formie szafki. Mie\u015bci usytuowane jedna pod drug\u0105 3 szuflady na przybory biurowe. Szuflady wysuwane s\u0105 za pomoc\u0105 metalowych prowadnic, tak jak p\u00f3\u0142ka na klawiatur\u0119.<\/p>\n<p>Do atut\u00f3w biurka komputerowego A-6 nale\u017cy zaliczy\u0107 m. in.:<\/p>\n<ul style=\"list-style-type:disc\">\n<li>komfortowe rozmiary mebla (77 cm wysoko\u015bci, 90 cm szeroko\u015bci i 50 cm g\u0142\u0119boko\u015bci);<\/li>\n<li>wygodne szuflady do przechowywania przybor\u00f3w biurowych;<\/li>\n<li>dwukolorowy design zwi\u0119kszaj\u0105cy mo\u017cliwo\u015bci aran\u017cacyjne;<\/li>\n<li>ochron\u0119 kraw\u0119dzi za pomoc\u0105 tworzywa ABS;<\/li>\n<li>wykonanie w systemie meblowym producenta (CLP), co pozwala na zestawianie prezentowanego biurka komputerowego A-6 z innymi meblami w tym systemie;<\/li>\n<li>24-miesi\u0119czn\u0105 gwarancj\u0119 producenta.<\/li>\n<\/ul>\n<p><img fetchpriority=\"high\" decoding=\"async\" src=\"https:\/\/sklep.akord.net.pl\/img\/cms\/biurko%20a6%20lewe%20wymiary.jpg\" alt=\"\" width=\"2010\" height=\"1950\" \/><\/p>\n<p>Biurko komputerowe A-6 d\u0105b artisan \/ bia\u0142y \u015bwietnie sprawdzi si\u0119 w pokoju dzieci\u0119cym i m\u0142odzie\u017cowym, a tak\u017ce przeznaczonym do pracy. Jego niewielkie wymiary pozwol\u0105 r\u00f3wnie\u017c na zaaran\u017cowanie przestrzeni do nauki lub pracy zdalnej w sypialni albo salonie. Biurko doskonale nadaje si\u0119 tak\u017ce do zagospodarowania ma\u0142ego, kameralnego biura. Z uwagi na kolor d\u0105b artisan mebel komponuje si\u0119 zar\u00f3wno z meblami nowoczesnymi, jak i bardziej klasycznymi.<\/p>\n","protected":false},"excerpt":{"rendered":"<p>Kolor: Korpus D\u0105b artisan| Fronty Bia\u0142e<\/p>\n<p>Biurko z p\u0142yty laminowanej 16mm odpornej na \u015bcieranie.\u00a0<br \/>Widoczne kraw\u0119dzie\u00a0oklejone obrze\u017cem ABS o zwi\u0119kszonej wytrzyma\u0142o\u015bci na uszkodzenia. <br \/>Biurko z systemu CLP<\/p>\n<p>Wymiary:<br \/>D\u0142ugo\u015b\u0107 &#8211; 90cm<br \/>Wysoko\u015b\u0107 &#8211; 77cm<br \/>G\u0142\u0119boko\u015b\u0107 &#8211; 50cm<\/p>\n","protected":false},"featured_media":7373,"template":"","meta":[],"product_brand":[57],"product_cat":[36],"product_tag":[],"class_list":{"0":"post-7377","1":"product","2":"type-product","3":"status-publish","4":"has-post-thumbnail","6":"product_brand-akord-furniture-factory","7":"product_cat-biurka","9":"first","10":"instock","11":"taxable","12":"shipping-taxable","13":"purchasable","14":"product-type-simple"},"_links":{"self":[{"href":"https:\/\/scandiso.pl\/index.php\/wp-json\/wp\/v2\/product\/7377","targetHints":{"allow":["GET"]}}],"collection":[{"href":"https:\/\/scandiso.pl\/index.php\/wp-json\/wp\/v2\/product"}],"about":[{"href":"https:\/\/scandiso.pl\/index.php\/wp-json\/wp\/v2\/types\/product"}],"wp:featuredmedia":[{"embeddable":true,"href":"https:\/\/scandiso.pl\/index.php\/wp-json\/wp\/v2\/media\/7373"}],"wp:attachment":[{"href":"https:\/\/scandiso.pl\/index.php\/wp-json\/wp\/v2\/media?parent=7377"}],"wp:term":[{"taxonomy":"product_brand","embeddable":true,"href":"https:\/\/scandiso.pl\/index.php\/wp-json\/wp\/v2\/product_brand?post=7377"},{"taxonomy":"product_cat","embeddable":true,"href":"https:\/\/scandiso.pl\/index.php\/wp-json\/wp\/v2\/product_cat?post=7377"},{"taxonomy":"product_tag","embeddable":true,"href":"https:\/\/scandiso.pl\/index.php\/wp-json\/wp\/v2\/product_tag?post=7377"}],"curies":[{"name":"wp","href":"https:\/\/api.w.org\/{rel}","templated":true}]}}