{"id":7455,"date":"2025-11-15T00:18:32","date_gmt":"2025-11-14T23:18:32","guid":{"rendered":"https:\/\/scandiso.pl\/index.php\/product\/fotel-biurowy-ocf-30-czarny\/"},"modified":"2026-04-03T11:03:21","modified_gmt":"2026-04-03T09:03:21","slug":"fotel-biurowy-ocf-30-czarny","status":"publish","type":"product","link":"https:\/\/scandiso.pl\/index.php\/product\/fotel-biurowy-ocf-30-czarny\/","title":{"rendered":"Fotel Biurowy OCF-30 CZARNY"},"content":{"rendered":"<p>Fotel obrotowy OCF-30 z ekologicznej sk\u00f3ry i podstaw\u0105 metalow\u0105 w kolorze srebrnym. Poszukujesz atrakcyjnego wizualnie i wygodnego fotela? W takim razie mamy idealne rozwi\u0105zanie w postaci stylowego fotela obrotowego.<\/p>\n","protected":false},"excerpt":{"rendered":"<p>Fotel biurowy z czarnej ekologicznej sk\u00f3ry do gabinetu<\/p>\n","protected":false},"featured_media":7450,"template":"","meta":[],"product_brand":[57],"product_cat":[35],"product_tag":[],"class_list":{"0":"post-7455","1":"product","2":"type-product","3":"status-publish","4":"has-post-thumbnail","6":"product_brand-akord-furniture-factory","7":"product_cat-krzesla-i-fotele","9":"first","10":"instock","11":"taxable","12":"shipping-taxable","13":"purchasable","14":"product-type-simple"},"_links":{"self":[{"href":"https:\/\/scandiso.pl\/index.php\/wp-json\/wp\/v2\/product\/7455","targetHints":{"allow":["GET"]}}],"collection":[{"href":"https:\/\/scandiso.pl\/index.php\/wp-json\/wp\/v2\/product"}],"about":[{"href":"https:\/\/scandiso.pl\/index.php\/wp-json\/wp\/v2\/types\/product"}],"wp:featuredmedia":[{"embeddable":true,"href":"https:\/\/scandiso.pl\/index.php\/wp-json\/wp\/v2\/media\/7450"}],"wp:attachment":[{"href":"https:\/\/scandiso.pl\/index.php\/wp-json\/wp\/v2\/media?parent=7455"}],"wp:term":[{"taxonomy":"product_brand","embeddable":true,"href":"https:\/\/scandiso.pl\/index.php\/wp-json\/wp\/v2\/product_brand?post=7455"},{"taxonomy":"product_cat","embeddable":true,"href":"https:\/\/scandiso.pl\/index.php\/wp-json\/wp\/v2\/product_cat?post=7455"},{"taxonomy":"product_tag","embeddable":true,"href":"https:\/\/scandiso.pl\/index.php\/wp-json\/wp\/v2\/product_tag?post=7455"}],"curies":[{"name":"wp","href":"https:\/\/api.w.org\/{rel}","templated":true}]}}