{"id":7467,"date":"2025-11-15T00:19:08","date_gmt":"2025-11-14T23:19:08","guid":{"rendered":"https:\/\/scandiso.pl\/index.php\/product\/fotel-biurowy-ocf-9-czerwony\/"},"modified":"2026-04-14T16:17:04","modified_gmt":"2026-04-14T14:17:04","slug":"fotel-biurowy-ocf-9-czerwony","status":"publish","type":"product","link":"https:\/\/scandiso.pl\/index.php\/product\/fotel-biurowy-ocf-9-czerwony\/","title":{"rendered":"FOTEL BIUROWY OCF-9 CZERWONY"},"content":{"rendered":"<p>Fotel do zastosowa\u0144 biurowych. Model OCF-9 to krzes\u0142o obrotowe z mechanizmem TILT oraz regulacj\u0105 wysoko\u015bci siedziska. Ergonomia fotela ma tutaj wysokie znaczenie. Fotel na oparciu ma zastosowan\u0105 mikro-siatk\u0119 kt\u00f3ra dodatnie wp\u0142ywa na cyrkulacje powietrza w obr\u0119bie plec\u00f3w. Dodatkowo mi\u0119kka pianka na siedzisku powoduje \u017ce d\u0142u\u017cysz czas siedzenia nie powoduje dyskomfortu i r\u00f3\u017cnego rodzaju dolegliwo\u015bci b\u00f3lowych.<\/p>\n","protected":false},"excerpt":{"rendered":"<p>Fotel biurowy do biurka &#8211; ergonomiczny fotel do pracy przy komputerze oraz dla m\u0142odzie\u017cy<\/p>\n","protected":false},"featured_media":7462,"template":"","meta":[],"product_brand":[57],"product_cat":[35],"product_tag":[],"class_list":{"0":"post-7467","1":"product","2":"type-product","3":"status-publish","4":"has-post-thumbnail","6":"product_brand-akord-furniture-factory","7":"product_cat-krzesla-i-fotele","9":"first","10":"instock","11":"taxable","12":"shipping-taxable","13":"purchasable","14":"product-type-simple"},"_links":{"self":[{"href":"https:\/\/scandiso.pl\/index.php\/wp-json\/wp\/v2\/product\/7467","targetHints":{"allow":["GET"]}}],"collection":[{"href":"https:\/\/scandiso.pl\/index.php\/wp-json\/wp\/v2\/product"}],"about":[{"href":"https:\/\/scandiso.pl\/index.php\/wp-json\/wp\/v2\/types\/product"}],"wp:featuredmedia":[{"embeddable":true,"href":"https:\/\/scandiso.pl\/index.php\/wp-json\/wp\/v2\/media\/7462"}],"wp:attachment":[{"href":"https:\/\/scandiso.pl\/index.php\/wp-json\/wp\/v2\/media?parent=7467"}],"wp:term":[{"taxonomy":"product_brand","embeddable":true,"href":"https:\/\/scandiso.pl\/index.php\/wp-json\/wp\/v2\/product_brand?post=7467"},{"taxonomy":"product_cat","embeddable":true,"href":"https:\/\/scandiso.pl\/index.php\/wp-json\/wp\/v2\/product_cat?post=7467"},{"taxonomy":"product_tag","embeddable":true,"href":"https:\/\/scandiso.pl\/index.php\/wp-json\/wp\/v2\/product_tag?post=7467"}],"curies":[{"name":"wp","href":"https:\/\/api.w.org\/{rel}","templated":true}]}}