{"id":750,"date":"2025-10-07T10:03:46","date_gmt":"2025-10-07T08:03:46","guid":{"rendered":"http:\/\/serwer372429.lh.pl\/autoinstalator\/serwer372429.lh.pl\/wordpress128121\/index.php\/product\/biurko-marina-2s-bialy\/"},"modified":"2026-04-17T12:48:48","modified_gmt":"2026-04-17T10:48:48","slug":"biurko-marina-2s-bialy","status":"publish","type":"product","link":"https:\/\/scandiso.pl\/index.php\/product\/biurko-marina-2s-bialy\/","title":{"rendered":"Biurko Marina 2S BIA\u0141Y"},"content":{"rendered":"<p><strong>BIURKO Z 2 SZUFLADAMI MARINA 2S <\/strong><\/p>\n<p>\t<strong>SERIA: MARINA<\/strong><\/p>\n<p>\t<strong>MODEL: MARINA 2S<\/strong><\/p>\n<p>\t<strong>KOLOR: BIA\u0141Y<\/strong><\/p>\n<p>\tPrzedstawiamy <strong>eleganckie biurko Marina 2S<\/strong>, kt&oacute;re wyr&oacute;\u017cnia si\u0119 nowoczesnym designem i funkcjonalno\u015bci\u0105. To praktyczne biurko i wyj\u0105tkowy mebel kt&oacute;ry dodaje wn\u0119trzu elegancji i ponadczasowego stylu.<\/p>\n<p>\t\t<strong>CECHY BIURKA:<\/strong><\/p>\n<ul>\n<li>\n\t\t\t<strong data-end=\"1178\" data-start=\"1139\">P\u0142ynnie wysuwane dwie szuflady z blokad\u0105<\/strong> &ndash; bezpieczne i komfortowe u\u017cytkowanie<\/li>\n<li>\n\t\t\t<strong>Bezuchwytowe fronty<\/strong> &ndash; zapewniaj\u0105 wygodne u\u017cytkowanie i minimalistyczny wygl\u0105d.<\/li>\n<li>\n\t\t\t<strong>Funkcjonalno\u015b\u0107<\/strong> &ndash; dwie pojemne szuflady umo\u017cliwiaj\u0105 przechowywanie drobnych przedmiot&oacute;w, dokument&oacute;w lub akcesori&oacute;w biurowych.<\/li>\n<li>\n\t\t\t<strong>Uniwersalny design<\/strong> &ndash; idealnie pasuje zar&oacute;wno do sypialni, jak i biura czy m\u0142odzie\u017cowego pokoju.<\/li>\n<\/ul>\n<p><strong>WYMIARY BIURKA MARINA 2S:<\/strong><\/p>\n<ul>\n<li>\n\t\t\t<strong>G\u0142\u0119boko\u015b\u0107:<\/strong> 50 cm<\/li>\n<li>\n\t\t\t<strong>Szeroko\u015b\u0107:<\/strong> 81 cm<\/li>\n<li>\n\t\t\t<strong>Wysoko\u015b\u0107:<\/strong> 80 cm<\/li>\n<\/ul>\n<p>\t\t<strong>MATERIA\u0141Y WYKONANIA:<\/strong><\/p>\n<ul>\n<li>\n\t\t\t<strong>Korpus i fronty:<\/strong> Laminowana p\u0142yta wi&oacute;rowa o grubo\u015bci 16 mm.<\/li>\n<li>\n\t\t\t<strong>Szuflady:<\/strong> Wyposa\u017cone w prowadnice rolkowe, co gwarantuje p\u0142ynne i bezpieczne u\u017cytkowanie.<\/li>\n<\/ul>\n<p>\t\t<strong>DLA KOGO JEST TO BIURKO?<\/strong><\/p>\n<p>\n\t\tBiurko Marina 2S to doskona\u0142e rozwi\u0105zanie zar&oacute;wno dla os&oacute;b poszukuj\u0105cych funkcjonalnego miejsca do pracy, jak i tych, kt&oacute;rzy ceni\u0105 estetyk\u0119 w ka\u017cdym detalu. To minimalistyczny, ale elegancki mebel, kt&oacute;ry dopasuje si\u0119 do wielu aran\u017cacji wn\u0119trz.<\/p>\n<p>\t\t<strong>Inne mo\u017cliwo\u015bci:<\/strong><\/p>\n<p>\n\t\tW ofercie dost\u0119pne biurko wraz z Lustrem i o\u015bwietleniem LED (pe\u0142na toaletka).<\/p>\n<p>\t<strong>U\u017bYTKOWANIE:<\/strong><\/p>\n<ul>\n<li>\n\t\tPowierzchni\u0119 mebla czy\u015bci\u0107 przy pomocy mi\u0119kkiej szmatki.<\/li>\n<li>\n\t\tUnika\u0107 stosowania silnie dzia\u0142aj\u0105cych \u015brodk&oacute;w chemicznych.<\/li>\n<\/ul>\n<p>\t<strong>W OPAKOWANIU:<\/strong><\/p>\n<ul>\n<li>\n\t\tInstrukcja monta\u017cu.<\/li>\n<li>\n\t\tKomplet akcesori&oacute;w monta\u017cowych.<\/li>\n<\/ul>\n<p>\n\t<strong>Biurko jest fabrycznie zapakowane do samodzielnego monta\u017cu<\/strong>, co umo\u017cliwia szybkie i wygodne przygotowanie mebla do u\u017cytku. To idealny wyb&oacute;r dla mi\u0142o\u015bnik&oacute;w elegancji i praktycznych rozwi\u0105za\u0144!<\/p>\n<p>\n\t<em><strong data-end=\"82\" data-start=\"67\">Informacja:<\/strong><\/em><\/p>\n<p>\n\t<em>Dok\u0142adamy wszelkich stara\u0144, aby kolory mebli prezentowane na zdj\u0119ciach by\u0142y odwzorowane mo\u017cliwie jak najdok\u0142adniej. Nale\u017cy jednak pami\u0119ta\u0107, \u017ce ich odbi&oacute;r mo\u017ce si\u0119 r&oacute;\u017cni\u0107 w zale\u017cno\u015bci od indywidualnych ustawie\u0144 monitora lub ekranu (takich jak jasno\u015b\u0107, kontrast, temperatura barwowa czy technologia wy\u015bwietlania). Rzeczywisty odcie\u0144 produktu mo\u017ce si\u0119 tak\u017ce r&oacute;\u017cni\u0107 w zale\u017cno\u015bci od warunk&oacute;w o\u015bwietleniowych.<br data-end=\"491\" data-is-only-node=\"\" data-start=\"488\" \/><br \/>\n\tEwentualne r&oacute;\u017cnice kolorystyczne nie wynikaj\u0105 z wady produktu.<\/em><\/p>\n","protected":false},"excerpt":{"rendered":"<p><strong>WYMIARY BIURKA MARINA 2S:<\/strong><\/p>\n<ul>\n<li>\n\t\t\t<strong>G\u0142\u0119boko\u015b\u0107:<\/strong> 50 cm<\/li>\n<li>\n\t\t\t<strong>Szeroko\u015b\u0107:<\/strong> 81 cm<\/li>\n<li>\n\t\t\t<strong>Wysoko\u015b\u0107:<\/strong> 80 cm<\/li>\n<\/ul>\n<p>\t\t<strong>MATERIA\u0141Y WYKONANIA:<\/strong><\/p>\n<ul>\n<li>\n\t\t\t<strong>Korpus i fronty:<\/strong> Laminowana p\u0142yta wi&oacute;rowa o grubo\u015bci 16 mm.<\/li>\n<li>\n\t\t\t<strong>Szuflady:<\/strong> Wyposa\u017cone w prowadnice rolkowe, co gwarantuje p\u0142ynne i bezpieczne u\u017cytkowanie.<\/li>\n<\/ul>\n<p>\t\t<strong>DLA KOGO JEST TO BIURKO?<\/strong><\/p>\n<p>\n\t\tBiurko Marina 2S to doskona\u0142e rozwi\u0105zanie zar&oacute;wno dla os&oacute;b poszukuj\u0105cych funkcjonalnego miejsca do pracy, jak i tych, kt&oacute;rzy ceni\u0105 estetyk\u0119 w ka\u017cdym detalu. To minimalistyczny, ale elegancki mebel, kt&oacute;ry dopasuje si\u0119 do wielu aran\u017cacji wn\u0119trz.<\/p>\n<p>\t\t<strong>Inne mo\u017cliwo\u015bci:<\/strong><\/p>\n<p>\n\t\tW ofercie dost\u0119pne biurko wraz z Lustrem i o\u015bwietleniem LED (pe\u0142na toaletka).<\/p>\n<p>\t<strong>U\u017bYTKOWANIE:<\/strong><\/p>\n<ul>\n<li>\n\t\tPowierzchni\u0119 mebla czy\u015bci\u0107 przy pomocy mi\u0119kkiej szmatki.<\/li>\n<li>\n\t\tUnika\u0107 stosowania silnie dzia\u0142aj\u0105cych \u015brodk&oacute;w chemicznych.<\/li>\n<\/ul>\n<p>\t<strong>W OPAKOWANIU:<\/strong><\/p>\n<ul>\n<li>\n\t\tInstrukcja monta\u017cu.<\/li>\n<li>\n\t\tKomplet akcesori&oacute;w monta\u017cowych.<\/li>\n<\/ul>\n<p>\n\t<strong>Biurko jest fabrycznie zapakowane do samodzielnego monta\u017cu<\/strong>, co umo\u017cliwia szybkie i wygodne przygotowanie mebla do u\u017cytku. To idealny wyb&oacute;r dla mi\u0142o\u015bnik&oacute;w elegancji i praktycznych rozwi\u0105za\u0144!<\/p>\n<p>\n\t<em><strong data-end=\"82\" data-start=\"67\">Informacja:<\/strong><\/em><\/p>\n<p>\n\t<em>Dok\u0142adamy wszelkich stara\u0144, aby kolory mebli prezentowane na zdj\u0119ciach by\u0142y odwzorowane mo\u017cliwie jak najdok\u0142adniej. Nale\u017cy jednak pami\u0119ta\u0107, \u017ce ich odbi&oacute;r mo\u017ce si\u0119 r&oacute;\u017cni\u0107 w zale\u017cno\u015bci od indywidualnych ustawie\u0144 monitora lub ekranu (takich jak jasno\u015b\u0107, kontrast, temperatura barwowa czy technologia wy\u015bwietlania). Rzeczywisty odcie\u0144 produktu mo\u017ce si\u0119 tak\u017ce r&oacute;\u017cni\u0107 w zale\u017cno\u015bci od warunk&oacute;w o\u015bwietleniowych.<br data-end=\"491\" data-is-only-node=\"\" data-start=\"488\" \/><br \/>\n\tEwentualne r&oacute;\u017cnice kolorystyczne nie wynikaj\u0105 z wady produktu.<\/em><\/p>\n","protected":false},"featured_media":751,"template":"","meta":[],"product_brand":[64],"product_cat":[36],"product_tag":[],"class_list":{"0":"post-750","1":"product","2":"type-product","3":"status-publish","4":"has-post-thumbnail","6":"product_brand-topeshop","7":"product_cat-biurka","9":"first","10":"instock","11":"taxable","12":"shipping-taxable","13":"purchasable","14":"product-type-simple"},"_links":{"self":[{"href":"https:\/\/scandiso.pl\/index.php\/wp-json\/wp\/v2\/product\/750","targetHints":{"allow":["GET"]}}],"collection":[{"href":"https:\/\/scandiso.pl\/index.php\/wp-json\/wp\/v2\/product"}],"about":[{"href":"https:\/\/scandiso.pl\/index.php\/wp-json\/wp\/v2\/types\/product"}],"wp:featuredmedia":[{"embeddable":true,"href":"https:\/\/scandiso.pl\/index.php\/wp-json\/wp\/v2\/media\/751"}],"wp:attachment":[{"href":"https:\/\/scandiso.pl\/index.php\/wp-json\/wp\/v2\/media?parent=750"}],"wp:term":[{"taxonomy":"product_brand","embeddable":true,"href":"https:\/\/scandiso.pl\/index.php\/wp-json\/wp\/v2\/product_brand?post=750"},{"taxonomy":"product_cat","embeddable":true,"href":"https:\/\/scandiso.pl\/index.php\/wp-json\/wp\/v2\/product_cat?post=750"},{"taxonomy":"product_tag","embeddable":true,"href":"https:\/\/scandiso.pl\/index.php\/wp-json\/wp\/v2\/product_tag?post=750"}],"curies":[{"name":"wp","href":"https:\/\/api.w.org\/{rel}","templated":true}]}}