{"id":7508,"date":"2025-11-15T00:19:38","date_gmt":"2025-11-14T23:19:38","guid":{"rendered":"https:\/\/scandiso.pl\/index.php\/product\/fotel-obrotowy-fd-24-rozowy\/"},"modified":"2026-04-17T09:01:47","modified_gmt":"2026-04-17T07:01:47","slug":"fotel-obrotowy-fd-24-rozowy","status":"publish","type":"product","link":"https:\/\/scandiso.pl\/index.php\/product\/fotel-obrotowy-fd-24-rozowy\/","title":{"rendered":"FOTEL OBROTOWY FD-24 R\u00d3\u017bOWY"},"content":{"rendered":"<p>Reprezentacyjna rola biura sk\u0142ania nas do urz\u0105dzenia pomieszczenia tak aby ka\u017cdy kto do nas przychodzi chcia\u0142 posiada\u0107 takie samo wn\u0119trze. Tak samo jest z naszym fotelem biurowym FD-24 kt\u00f3ry \u0142\u0105czy w sobie pi\u0119kno metalu oraz delikatno\u015b\u0107 tkaniny welurowej. Takie po\u0142\u0105czenie nadaje elegancji i prezencji dla krzes\u0142a a krzes\u0142o dodaje nowoczesno\u015bci pomieszczeniu.<\/p>\n","protected":false},"excerpt":{"rendered":"<p>Fotel \u0142\u0105cz\u0105cy mi\u0119kki i wygodny welur oraz pi\u0119kny i szlachetny metal. Biurowy fotel wykonany z weluru.<\/p>\n","protected":false},"featured_media":7499,"template":"","meta":[],"product_brand":[57],"product_cat":[35],"product_tag":[],"class_list":{"0":"post-7508","1":"product","2":"type-product","3":"status-publish","4":"has-post-thumbnail","6":"product_brand-akord-furniture-factory","7":"product_cat-krzesla-i-fotele","9":"first","10":"instock","11":"taxable","12":"shipping-taxable","13":"purchasable","14":"product-type-simple"},"_links":{"self":[{"href":"https:\/\/scandiso.pl\/index.php\/wp-json\/wp\/v2\/product\/7508","targetHints":{"allow":["GET"]}}],"collection":[{"href":"https:\/\/scandiso.pl\/index.php\/wp-json\/wp\/v2\/product"}],"about":[{"href":"https:\/\/scandiso.pl\/index.php\/wp-json\/wp\/v2\/types\/product"}],"wp:featuredmedia":[{"embeddable":true,"href":"https:\/\/scandiso.pl\/index.php\/wp-json\/wp\/v2\/media\/7499"}],"wp:attachment":[{"href":"https:\/\/scandiso.pl\/index.php\/wp-json\/wp\/v2\/media?parent=7508"}],"wp:term":[{"taxonomy":"product_brand","embeddable":true,"href":"https:\/\/scandiso.pl\/index.php\/wp-json\/wp\/v2\/product_brand?post=7508"},{"taxonomy":"product_cat","embeddable":true,"href":"https:\/\/scandiso.pl\/index.php\/wp-json\/wp\/v2\/product_cat?post=7508"},{"taxonomy":"product_tag","embeddable":true,"href":"https:\/\/scandiso.pl\/index.php\/wp-json\/wp\/v2\/product_tag?post=7508"}],"curies":[{"name":"wp","href":"https:\/\/api.w.org\/{rel}","templated":true}]}}